{"id":53,"date":"2015-11-17T20:25:08","date_gmt":"2015-11-17T22:25:08","guid":{"rendered":"http:\/\/localhost:8888\/flatsome-next\/?page_id=3049"},"modified":"2021-08-04T10:49:08","modified_gmt":"2021-08-04T13:49:08","slug":"agency","status":"publish","type":"page","link":"https:\/\/cnr.org.br\/biblioteca\/","title":{"rendered":"Agency"},"content":{"rendered":"\n\n  <div class=\"banner has-hover is-full-height has-parallax\" id=\"banner-405196309\">\n          <div class=\"banner-inner fill\">\n        <div class=\"banner-bg fill\" data-parallax=\"-4\" data-parallax-container=\".banner\" data-parallax-background>\n            <div class=\"bg fill bg-fill \"><\/div>\n                        <div class=\"overlay\"><\/div>            \n                    <\/div>\n        <div class=\"banner-layers container\">\n            <div class=\"fill banner-link\"><\/div>            \n\n   <div id=\"text-box-1614753258\" class=\"text-box banner-layer x50 md-x50 lg-x50 y50 md-y50 lg-y50 res-text\">\n              <div data-parallax=\"-3\" data-parallax-fade=\"true\">       <div data-animate=\"fadeInUp\">           <div class=\"text-box-content text dark text-shadow-1\">\n              \n              <div class=\"text-inner text-center\">\n                  \n\n<div class=\"searchform-wrapper ux-search-box relative form-flat is-xlarge\"><form method=\"get\" class=\"searchform\" action=\"https:\/\/cnr.org.br\/biblioteca\/\" role=\"search\">\n\t\t<div class=\"flex-row relative\">\n\t\t\t<div class=\"flex-col flex-grow\">\n\t   \t   <input type=\"search\" class=\"search-field mb-0\" name=\"s\" value=\"\" id=\"s\" placeholder=\"PESQUISE AQUI!\" \/>\n\t\t\t<\/div>\n\t\t\t<div class=\"flex-col\">\n\t\t\t\t<button type=\"submit\" class=\"ux-search-submit submit-button secondary button icon mb-0\" aria-label=\"Enviar\">\n\t\t\t\t\t<i class=\"icon-search\" ><\/i>\t\t\t\t<\/button>\n\t\t\t<\/div>\n\t\t<\/div>\n    <div class=\"live-search-results text-left z-top\"><\/div>\n<\/form>\n<\/div>\n\n<h1 class=\"uppercase\"><strong>Biblioteca Virtual<br \/><\/strong><\/h1>\n<p class=\"lead\">Agora a CNR possui sua biblioteca virtual <\/p>\n\n              <\/div>\n           <\/div>\n       <\/div>       <\/div>              \n<style>\n#text-box-1614753258 {\n  width: 100%;\n}\n#text-box-1614753258 .text-box-content {\n  font-size: 131%;\n}\n@media (min-width:550px) {\n  #text-box-1614753258 {\n    width: 59%;\n  }\n  #text-box-1614753258 .text-box-content {\n    font-size: 100%;\n  }\n}\n<\/style>\n    <\/div>\n \n\n        <\/div>\n      <\/div>\n\n            \n<style>\n#banner-405196309 {\n  padding-top: 100%;\n}\n#banner-405196309 .bg.bg-loaded {\n  background-image: url(https:\/\/cnr.org.br\/biblioteca\/wp-content\/uploads\/2021\/07\/laptop-computer-and-book-on-workplace-in-library-room1-1199x800.jpg);\n}\n#banner-405196309 .overlay {\n  background-color: rgba(172, 186, 209, 0.663);\n}\n#banner-405196309 .bg {\n  background-position: 49% 43%;\n}\n<\/style>\n  <\/div>\n\n\n  <div class=\"banner-grid-wrapper\">\n  <div id=\"banner-grid-1116763125\" class=\"banner-grid row row-grid row-collapse row-full-width\" data-packery-options=\"\">\n                      \n\n<div class=\"col grid-col large-6 grid-col-2-3\" ><div class=\"col-inner\">\n\n\n  <div class=\"banner has-hover bg-blur\" id=\"banner-70954532\">\n          <div class=\"banner-inner fill\">\n        <div class=\"banner-bg fill\" >\n            <div class=\"bg fill bg-fill \"><\/div>\n                        <div class=\"overlay\"><\/div>            \n                    <\/div>\n        <div class=\"banner-layers container\">\n            <div class=\"fill banner-link\"><\/div>            \n\n   <div id=\"text-box-703352416\" class=\"text-box banner-layer x10 md-x10 lg-x10 y80 md-y80 lg-y80 res-text\">\n                     <div data-animate=\"fadeInRight\">           <div class=\"text-box-content text dark\">\n              \n              <div class=\"text-inner text-left\">\n                  \n\n<h1 class=\"article_heading entry_title check_slabtext\">A mente que se abre a uma nova ideia jamais voltar\u00e1 ao seu tamanho original.<\/h1>\n<h3 class=\"uppercase\"><strong>\u00a0<\/strong><\/h3>\n<p class=\"lead\">Albert Einstein<\/p>\n\n              <\/div>\n           <\/div>\n       <\/div>                     \n<style>\n#text-box-703352416 {\n  width: 51%;\n}\n#text-box-703352416 .text-box-content {\n  font-size: 100%;\n}\n<\/style>\n    <\/div>\n \n\n        <\/div>\n      <\/div>\n\n            \n<style>\n#banner-70954532 {\n  padding-top: 500px;\n}\n#banner-70954532 .bg.bg-loaded {\n  background-image: url(https:\/\/cnr.org.br\/biblioteca\/wp-content\/uploads\/2021\/07\/person-holding-a-light-bulb-with-graduation-cap-1200x800.jpg);\n}\n#banner-70954532 .overlay {\n  background-color: rgba(0, 0, 0, 0.2);\n}\n#banner-70954532 .bg {\n  background-position: 53% 69%;\n}\n<\/style>\n  <\/div>\n\n\n\n<\/div><\/div>\n<div class=\"col grid-col large-6 grid-col-1-2\" ><div class=\"col-inner\">\n\n\n  <div class=\"banner has-hover bg-blur\" id=\"banner-1091676457\">\n          <div class=\"banner-inner fill\">\n        <div class=\"banner-bg fill\" >\n            <div class=\"bg fill bg-fill \"><\/div>\n                        <div class=\"overlay\"><\/div>            \n                    <\/div>\n        <div class=\"banner-layers container\">\n            <div class=\"fill banner-link\"><\/div>            \n\n   <div id=\"text-box-230644332\" class=\"text-box banner-layer x90 md-x90 lg-x90 y50 md-y50 lg-y50 res-text\">\n                     <div data-animate=\"fadeInLeft\">           <div class=\"text-box-content text dark\">\n              \n              <div class=\"text-inner text-right\">\n                  \n\n<h3 class=\"uppercase\"><strong>Nossa maior fraqueza \u00e9 desistir. O caminho mais certo para o sucesso \u00e9 sempre tentar apenas uma vez mais.<\/strong><\/h3>\n<p class=\"lead\">Thomas A. Edison<\/p>\n\n              <\/div>\n           <\/div>\n       <\/div>                     \n<style>\n#text-box-230644332 {\n  width: 66%;\n}\n#text-box-230644332 .text-box-content {\n  font-size: 100%;\n}\n<\/style>\n    <\/div>\n \n\n        <\/div>\n      <\/div>\n\n            \n<style>\n#banner-1091676457 {\n  padding-top: 500px;\n}\n#banner-1091676457 .bg.bg-loaded {\n  background-image: url(https:\/\/cnr.org.br\/biblioteca\/wp-content\/uploads\/2021\/07\/boy-studying-in-the-university-library-1200x800.jpg);\n}\n#banner-1091676457 .overlay {\n  background-color: rgba(0, 0, 0, 0.19);\n}\n#banner-1091676457 .bg {\n  background-position: 53% 69%;\n}\n<\/style>\n  <\/div>\n\n\n\n<\/div><\/div>\n<div class=\"col grid-col large-3 grid-col-1-2\" ><div class=\"col-inner\">\n\n\n  <div class=\"banner has-hover bg-blur\" id=\"banner-1965966338\">\n          <div class=\"banner-inner fill\">\n        <div class=\"banner-bg fill\" >\n            <div class=\"bg fill bg-fill \"><\/div>\n                        <div class=\"overlay\"><\/div>            \n                    <\/div>\n        <div class=\"banner-layers container\">\n            <div class=\"fill banner-link\"><\/div>            \n\n   <div id=\"text-box-1846957959\" class=\"text-box banner-layer x50 md-x50 lg-x50 y50 md-y50 lg-y50 res-text\">\n                                <div class=\"text-box-content text dark\">\n              \n              <div class=\"text-inner text-center\">\n                  \n\n<h3 class=\"uppercase\"><strong>Sucesso \u00e9 o ac\u00famulo de pequenos esfor\u00e7os, repetidos dia e noite.<\/strong><\/h3>\n<p class=\"lead\">Robert Collier<\/p>\n\n              <\/div>\n           <\/div>\n                            \n<style>\n#text-box-1846957959 {\n  width: 60%;\n}\n#text-box-1846957959 .text-box-content {\n  font-size: 100%;\n}\n<\/style>\n    <\/div>\n \n\n        <\/div>\n      <\/div>\n\n            \n<style>\n#banner-1965966338 {\n  padding-top: 500px;\n}\n#banner-1965966338 .bg.bg-loaded {\n  background-image: url(https:\/\/cnr.org.br\/biblioteca\/wp-content\/uploads\/2021\/07\/man-reading-a-book-education-academic-learning-and-exam-concept-600x400.jpg);\n}\n#banner-1965966338 .overlay {\n  background-color: rgba(0, 0, 0, 0.21);\n}\n<\/style>\n  <\/div>\n\n\n\n<\/div><\/div>\n<div class=\"col grid-col large-3 grid-col-1-2\" ><div class=\"col-inner\">\n\n\n  <div class=\"banner has-hover bg-blur\" id=\"banner-518274716\">\n          <div class=\"banner-inner fill\">\n        <div class=\"banner-bg fill\" >\n            <div class=\"bg fill bg-fill \"><\/div>\n                        <div class=\"overlay\"><\/div>            \n                    <\/div>\n        <div class=\"banner-layers container\">\n            <div class=\"fill banner-link\"><\/div>            \n\n   <div id=\"text-box-1175352149\" class=\"text-box banner-layer x20 md-x20 lg-x20 y70 md-y70 lg-y70 res-text\">\n       <div class=\"hover-fade-out\">                         <div class=\"text-box-content text dark\">\n              \n              <div class=\"text-inner text-center\">\n                  \n\n<h3 class=\"uppercase\"><strong>Comece de onde voc\u00ea est\u00e1. Use o que voc\u00ea tiver. Fa\u00e7a o que voc\u00ea puder.<\/strong><\/h3>\n<p class=\"lead\">Arthur Ashe<\/p>\n\n              <\/div>\n           <\/div>\n                     <\/div>       \n<style>\n#text-box-1175352149 {\n  width: 60%;\n}\n#text-box-1175352149 .text-box-content {\n  font-size: 100%;\n}\n<\/style>\n    <\/div>\n \n\n        <\/div>\n      <\/div>\n\n            \n<style>\n#banner-518274716 {\n  padding-top: 500px;\n}\n#banner-518274716 .bg.bg-loaded {\n  background-image: url(https:\/\/cnr.org.br\/biblioteca\/wp-content\/uploads\/2021\/07\/education-concept-books-and-laptop-at-library1-1199x800.jpg);\n}\n#banner-518274716 .overlay {\n  background-color: rgba(0, 0, 0, 0.47);\n}\n#banner-518274716 .bg {\n  background-position: 34% 46%;\n}\n<\/style>\n  <\/div>\n\n\n\n<\/div><\/div>\n<div class=\"col grid-col large-6 grid-col-1-3\" ><div class=\"col-inner\">\n\n\n  <div class=\"banner has-hover bg-blur\" id=\"banner-977633477\">\n          <div class=\"banner-inner fill\">\n        <div class=\"banner-bg fill\" >\n            <div class=\"bg fill bg-fill \"><\/div>\n                                    \n                    <\/div>\n        <div class=\"banner-layers container\">\n            <div class=\"fill banner-link\"><\/div>            \n\n   <div id=\"text-box-498978299\" class=\"text-box banner-layer x10 md-x10 lg-x10 y70 md-y70 lg-y70 res-text\">\n                                <div class=\"text-box-content text \">\n              \n              <div class=\"text-inner text-left\">\n                  \n\n\t<div id=\"text-1007513421\" class=\"text\">\n\t\t\n\n<h3 class=\"uppercase\"><strong>A melhor forma de prever o futuro \u00e9 cri\u00e1-lo.<\/strong><\/h3>\n<p class=\"lead\">Abraham Lincoln<\/p>\n\t\t\n<style>\n#text-1007513421 {\n  color: rgb(255, 255, 255);\n}\n#text-1007513421 > * {\n  color: rgb(255, 255, 255);\n}\n<\/style>\n\t<\/div>\n\t\n\n              <\/div>\n           <\/div>\n                            \n<style>\n#text-box-498978299 {\n  width: 39%;\n}\n#text-box-498978299 .text-box-content {\n  font-size: 100%;\n}\n<\/style>\n    <\/div>\n \n\n        <\/div>\n      <\/div>\n\n            \n<style>\n#banner-977633477 {\n  padding-top: 500px;\n}\n#banner-977633477 .bg.bg-loaded {\n  background-image: url(https:\/\/cnr.org.br\/biblioteca\/wp-content\/uploads\/2021\/07\/close-up-hand-taking-notes-1400x787.jpg);\n}\n<\/style>\n  <\/div>\n\n\n\n<\/div><\/div>\n\n            <\/div>\n    <style>\n    #banner-grid-1116763125 .grid-col-1{height: 885px}\n    #banner-grid-1116763125 .grid-col-1-2{height: 442.5px}\n    #banner-grid-1116763125 .grid-col-1-3{height:295px}\n    #banner-grid-1116763125 .grid-col-2-3{height: 590px}\n    #banner-grid-1116763125 .grid-col-1-4{height: 221.25px}\n    #banner-grid-1116763125 .grid-col-3-4{height: 663.75px}\n\n\n    \n    \n\n  <\/style>\n    <\/div>\n  \n\n","protected":false},"excerpt":{"rendered":"","protected":false},"author":1,"featured_media":48,"parent":0,"menu_order":3,"comment_status":"closed","ping_status":"closed","template":"page-transparent-header-light.php","meta":{"footnotes":""},"class_list":["post-53","page","type-page","status-publish","has-post-thumbnail","hentry"],"_links":{"self":[{"href":"https:\/\/cnr.org.br\/biblioteca\/wp-json\/wp\/v2\/pages\/53","targetHints":{"allow":["GET"]}}],"collection":[{"href":"https:\/\/cnr.org.br\/biblioteca\/wp-json\/wp\/v2\/pages"}],"about":[{"href":"https:\/\/cnr.org.br\/biblioteca\/wp-json\/wp\/v2\/types\/page"}],"author":[{"embeddable":true,"href":"https:\/\/cnr.org.br\/biblioteca\/wp-json\/wp\/v2\/users\/1"}],"replies":[{"embeddable":true,"href":"https:\/\/cnr.org.br\/biblioteca\/wp-json\/wp\/v2\/comments?post=53"}],"version-history":[{"count":11,"href":"https:\/\/cnr.org.br\/biblioteca\/wp-json\/wp\/v2\/pages\/53\/revisions"}],"predecessor-version":[{"id":337,"href":"https:\/\/cnr.org.br\/biblioteca\/wp-json\/wp\/v2\/pages\/53\/revisions\/337"}],"wp:featuredmedia":[{"embeddable":true,"href":"https:\/\/cnr.org.br\/biblioteca\/wp-json\/"}],"wp:attachment":[{"href":"https:\/\/cnr.org.br\/biblioteca\/wp-json\/wp\/v2\/media?parent=53"}],"curies":[{"name":"wp","href":"https:\/\/api.w.org\/{rel}","templated":true}]}}