{"id":135,"date":"2022-06-28T10:28:46","date_gmt":"2022-06-28T13:28:46","guid":{"rendered":"https:\/\/cnr.org.br\/concart2022\/site\/?page_id=135"},"modified":"2022-08-24T10:40:27","modified_gmt":"2022-08-24T13:40:27","slug":"programacao","status":"publish","type":"page","link":"https:\/\/cnr.org.br\/concart2022\/site\/index.php\/programacao\/","title":{"rendered":"programa\u00e7\u00e3o"},"content":{"rendered":"\n\t<section class=\"section\" id=\"section_509377519\">\n\t\t<div class=\"bg section-bg fill bg-fill  bg-loaded\" >\n\n\t\t\t\n\t\t\t\n\t\t\t\n\n\t\t<\/div>\n\n\t\t<div class=\"section-content relative\">\n\t\t\t\n\n\t<div id=\"gap-333366752\" class=\"gap-element clearfix\" style=\"display:block; height:auto;\">\n\t\t\n<style>\n#gap-333366752 {\n  padding-top: 50px;\n}\n<\/style>\n\t<\/div>\n\t\n\n<div class=\"row\"  id=\"row-1649497240\">\n\n\n\t<div id=\"col-1885015016\" class=\"col small-12 large-12\"  data-animate=\"fadeInUp\">\n\t\t\t\t<div class=\"col-inner\"  >\n\t\t\t\n\t\t\t\n\n\t<div id=\"text-2131548901\" class=\"text\">\n\t\t\n\n<h2>PROGRAMA\u00c7\u00c3O PROVIS\u00d3RIA<\/h2>\n\t\t\n<style>\n#text-2131548901 {\n  font-size: 1.9rem;\n  text-align: center;\n}\n<\/style>\n\t<\/div>\n\t\n\n\t\t<div class=\"tabbed-content\">\n\t\t\t\n\t\t\t<ul class=\"nav nav-tabs nav-uppercase nav-size-xlarge nav-center\"><li class=\"tab active has-icon\"><a href=\"#tab_31\/08-(quarta-feira)\"><span>31\/08 (Quarta-feira)<\/span><\/a><\/li>\n<li class=\"tab has-icon\"><a href=\"#tab_1\u00ba\/09-(quinta-feira)\"><span>1\u00ba\/09 (Quinta-feira)<\/span><\/a><\/li>\n<li class=\"tab has-icon\"><a href=\"#tab_02\/09-(sexta-feira)\"><span>02\/09 (Sexta-feira)<\/span><\/a><\/li><\/ul><div class=\"tab-panels\"><div class=\"panel active entry-content\" id=\"tab_31\/08-(quarta-feira)\">\n\n<table width=\"690\">\n<tbody>\n<tr>\n<td width=\"104\">\u00a0<\/td>\n<td width=\"586\">\u00a0<\/td>\n<\/tr>\n<tr>\n<td width=\"104\">\n<p>17h<\/p>\n<\/td>\n<td width=\"586\">\n<p><strong>Credenciamento<\/strong><\/p>\n<\/td>\n<\/tr>\n<tr>\n<td width=\"104\">\n<p>18h<\/p>\n<\/td>\n<td width=\"586\">\n<p><strong>Abertura Solene com a Presen\u00e7a de Autoridades<\/strong><\/p>\n<\/td>\n<\/tr>\n<tr>\n<td width=\"104\">\n<p>20h<\/p>\n<\/td>\n<td width=\"586\">\n<p><strong>Coquetel de Abertura<\/strong><\/p>\n<\/td>\n<\/tr>\n<\/tbody>\n<\/table>\n<p>\u00a0<\/p>\n\n<\/div>\n<div class=\"panel entry-content\" id=\"tab_1\u00ba\/09-(quinta-feira)\">\n\n<table width=\"690\">\n<tbody>\n<tr>\n<td width=\"104\">\n<p><strong>1\u00ba\/09<\/strong><\/p>\n<p><strong>(Quinta-feira)<\/strong><\/p>\n<\/td>\n<td width=\"180\">\n<p><strong>Programa\u00e7\u00e3o<\/strong><\/p>\n<\/td>\n<td width=\"406\">\n<p><strong>Palestrantes<\/strong><\/p>\n<\/td>\n<\/tr>\n<tr>\n<td width=\"104\">\n<p>10h\/13h<\/p>\n<\/td>\n<td width=\"180\">\n<p><strong>Os Registros P\u00fablicos da Era Digital <\/strong><\/p>\n<\/td>\n<td width=\"406\">\n<p>Jordan Fabricio Martins \u2013 Registrador de Im\u00f3veis\/SC<\/p>\n<p>Flaviano Galhardo \u2013 Registrador de Im\u00f3veis\/SP<\/p>\n<p>Rainey Alves Marinho \u2013 Registrador de TDPJ\/AL<\/p>\n<p>Gustavo Fiscarelli \u2013 Registrador Civil\/SP<\/p>\n<p>Devanir Garcia \u2013 Registrador Civil\/MA<\/p>\n<\/td>\n<\/tr>\n<tr>\n<td width=\"104\">\n<p>13h\/14h<\/p>\n<\/td>\n<td colspan=\"2\" width=\"586\">\n<p><strong>BRUNCH<\/strong><\/p>\n<\/td>\n<\/tr>\n<tr>\n<td width=\"104\">\n<p>14h\/15h<\/p>\n<\/td>\n<td width=\"180\">\n<p><strong>LGPD e os Cart\u00f3rios<\/strong><\/p>\n<\/td>\n<td width=\"406\">\n<p>Cesar Asfor Rocha \u2013 Professor e Advogado*<\/p>\n<p>Mario Camargo \u2013 Tabeli\u00e3o de protesto\/SP<\/p>\n<p>Dixmer Vallini Netto \u2013 Professor e Advogado<\/p>\n<\/td>\n<\/tr>\n<tr>\n<td width=\"104\">\n<p>15h\/16h<\/p>\n<\/td>\n<td width=\"180\">\n<p><strong>Apostilamento<\/strong><\/p>\n<\/td>\n<td width=\"406\">\n<p><strong>Ministro Raul Ara\u00fajo Filho \u2013 STJ*<\/strong><\/p>\n<p>H\u00e9rcules Ben\u00edcio \u2013 Tabeli\u00e3o e Registrador\/DF<\/p>\n<p>Karine Boselli \u2013 Registradora Civil\/SP<\/p>\n<\/td>\n<\/tr>\n<\/tbody>\n<\/table>\n\n<\/div>\n<div class=\"panel entry-content\" id=\"tab_02\/09-(sexta-feira)\">\n\n<table width=\"690\">\n<tbody>\n<tr>\n<td width=\"104\">\n<p><strong>02\/09<\/strong><\/p>\n<p><strong>(Sexta-feira)<\/strong><\/p>\n<\/td>\n<td width=\"180\">\n<p><strong>Programa\u00e7\u00e3o<\/strong><\/p>\n<\/td>\n<td width=\"406\">\n<p><strong>Palestrantes<\/strong><\/p>\n<\/td>\n<\/tr>\n<tr>\n<td width=\"104\">\n<p>9h\/10h<\/p>\n<\/td>\n<td width=\"180\">\n<p><strong>Workshop: Previd\u00eancia Social e Inexigibilidade do \u201csal\u00e1rio educa\u00e7\u00e3o\u201d para Not\u00e1rios e Registradores<\/strong><\/p>\n<\/td>\n<td width=\"406\">\n<p>Renaldo Bussi\u00e8re \u2013 Tabeli\u00e3o de Protesto\/RJ\u00a0<\/p>\n<p>Vicente Paula Santos \u2013 Advogado<\/p>\n<p>Othon Accioly\u00a0Rodrigues da Costa Neto \u2013 Advogado<\/p>\n<p>\u00a0<\/p>\n<\/td>\n<\/tr>\n<tr>\n<td width=\"104\">\n<p>10h\/12h<\/p>\n<\/td>\n<td width=\"180\">\n<p><strong>Os Tabelionatos de Notas e Protesto da Era Digital<\/strong><\/p>\n<\/td>\n<td width=\"406\">\n<p>Giselle Barros \u2013 Tabeli\u00e3 de Notas\/SP<\/p>\n<p>Maur\u00edcio Leonardo \u2013 Tabeli\u00e3o de Notas\/MG<\/p>\n<p>Jo\u00e3o Norberto \u2013 Tabeli\u00e3o de Protesto\/PR<\/p>\n<p>Airene Jos\u00e9 Amaral de Paiva \u2013 Tabeli\u00e3o de Notas e Protesto\/RN<\/p>\n<\/td>\n<\/tr>\n<tr>\n<td width=\"104\">\n<p>12h\/13h<\/p>\n<\/td>\n<td colspan=\"2\" width=\"586\">\n<p><strong>BRUNCH<\/strong><\/p>\n<\/td>\n<\/tr>\n<tr>\n<td width=\"104\">\n<p>13h\/14h<\/p>\n<\/td>\n<td width=\"180\">\n<p><strong>Empreendedorismo e Gest\u00e3o de Pessoas<\/strong><\/p>\n<\/td>\n<td width=\"406\">\n<p>Marcelo Lima Filho \u2013 Tabeli\u00e3o de Notas\/AM<\/p>\n<p>Jos\u00e9 Elias Albuquerque \u2013 Registrador Civil\/CE<\/p>\n<p>Marco Ant\u00f4nio de Souza Martins \u2013 Consultor Empresarial<\/p>\n<\/td>\n<\/tr>\n<tr>\n<td colspan=\"3\" width=\"690\">\n<p><strong>TARDE LIVRE<\/strong><\/p>\n<\/td>\n<\/tr>\n<tr>\n<td width=\"104\">\n<p>19h<\/p>\n<\/td>\n<td colspan=\"2\" width=\"586\">\n<p><strong>Palestra com Ministro Luiz Fux \u2013 Presidente do STF e CNJ<\/strong><strong> | <\/strong><strong>Premia\u00e7\u00f5es | <\/strong><strong>Jantar de <\/strong><strong>Encerramento<\/strong><\/p>\n<\/td>\n<\/tr>\n<\/tbody>\n<\/table>\n\n<\/div><\/div><\/div>\n\n\t\t<\/div>\n\t\t\t\t\t<\/div>\n\n\t\n\n<\/div>\n\t<div id=\"gap-1600053605\" class=\"gap-element clearfix\" style=\"display:block; height:auto;\">\n\t\t\n<style>\n#gap-1600053605 {\n  padding-top: 96px;\n}\n<\/style>\n\t<\/div>\n\t\n\n\n\t\t<\/div>\n\n\t\t\n<style>\n#section_509377519 {\n  padding-top: 30px;\n  padding-bottom: 30px;\n  background-color: rgb(240, 244, 245);\n}\n<\/style>\n\t<\/section>\n\t\n\n","protected":false},"excerpt":{"rendered":"","protected":false},"author":1,"featured_media":0,"parent":0,"menu_order":0,"comment_status":"closed","ping_status":"closed","template":"page-blank.php","meta":{"footnotes":""},"class_list":["post-135","page","type-page","status-publish","hentry"],"_links":{"self":[{"href":"https:\/\/cnr.org.br\/concart2022\/site\/index.php\/wp-json\/wp\/v2\/pages\/135","targetHints":{"allow":["GET"]}}],"collection":[{"href":"https:\/\/cnr.org.br\/concart2022\/site\/index.php\/wp-json\/wp\/v2\/pages"}],"about":[{"href":"https:\/\/cnr.org.br\/concart2022\/site\/index.php\/wp-json\/wp\/v2\/types\/page"}],"author":[{"embeddable":true,"href":"https:\/\/cnr.org.br\/concart2022\/site\/index.php\/wp-json\/wp\/v2\/users\/1"}],"replies":[{"embeddable":true,"href":"https:\/\/cnr.org.br\/concart2022\/site\/index.php\/wp-json\/wp\/v2\/comments?post=135"}],"version-history":[{"count":14,"href":"https:\/\/cnr.org.br\/concart2022\/site\/index.php\/wp-json\/wp\/v2\/pages\/135\/revisions"}],"predecessor-version":[{"id":473,"href":"https:\/\/cnr.org.br\/concart2022\/site\/index.php\/wp-json\/wp\/v2\/pages\/135\/revisions\/473"}],"wp:attachment":[{"href":"https:\/\/cnr.org.br\/concart2022\/site\/index.php\/wp-json\/wp\/v2\/media?parent=135"}],"curies":[{"name":"wp","href":"https:\/\/api.w.org\/{rel}","templated":true}]}}