{"id":153,"date":"2022-07-11T13:58:21","date_gmt":"2022-07-11T16:58:21","guid":{"rendered":"https:\/\/cnr.org.br\/concart2022\/site\/?page_id=153"},"modified":"2022-07-18T16:53:19","modified_gmt":"2022-07-18T19:53:19","slug":"local","status":"publish","type":"page","link":"https:\/\/cnr.org.br\/concart2022\/site\/index.php\/local\/","title":{"rendered":"local"},"content":{"rendered":"\n\t<section class=\"section dark\" id=\"section_700243255\">\n\t\t<div class=\"bg section-bg fill bg-fill  bg-loaded\" >\n\n\t\t\t\t<div class=\"video-overlay no-click fill visible\"><\/div>\n\t<video class=\"video-bg fill visible\" preload playsinline autoplay\n\t\tmuted\t\tloop>\n\t\t<source src=\"http:\/\/cnr.org.br\/concart2022\/video-fortaleza.mp4\" type=\"video\/mp4\">\t<\/video>\n\n\t\t\t<div class=\"loading-spin centered\"><\/div><button class=\"scroll-for-more z-5 icon absolute bottom h-center\" aria-label=\"Scroll for more\"><i class=\"icon-angle-down\" style=\"font-size:42px;\"><\/i><\/button>\n\t\t\t\n\n\t\t<\/div>\n\n\t\t<div class=\"section-content relative\">\n\t\t\t\n\n<div class=\"row\" style=\"max-width:1300px\" id=\"row-1278422747\">\n\n\n\t<div id=\"col-1420511421\" class=\"col medium-12 small-12 large-8\"  data-animate=\"fadeInLeft\">\n\t\t\t\t<div class=\"col-inner\"  >\n\t\t\t\n\t\t\t\n\n<h6>Imagens a\u00e9reas <\/h6>\n\t<div id=\"text-2371574995\" class=\"text\">\n\t\t\n\n<h2>Fortaleza no Cear\u00e1<\/h2>\n\t\t\n<style>\n#text-2371574995 {\n  font-size: 2.75rem;\n}\n<\/style>\n\t<\/div>\n\t\n<a rel=\"noopener noreferrer\" href=\"https:\/\/www.youtube.com\/watch?v=jLAaDzRsKhs\" target=\"_blank\" class=\"button secondary\"  style=\"border-radius:10px;\">\n    <span>Cr\u00e9ditos do v\u00eddeo<\/span>\n  <i class=\"icon-youtube\" ><\/i><\/a>\n\n\n\n\t\t<\/div>\n\t\t\t\t\t<\/div>\n\n\t\n\n<\/div>\n\n\t\t<\/div>\n\n\t\t\n<style>\n#section_700243255 {\n  padding-top: 30px;\n  padding-bottom: 30px;\n  min-height: 400px;\n}\n@media (min-width:550px) {\n  #section_700243255 {\n    min-height: 400px;\n  }\n}\n@media (min-width:850px) {\n  #section_700243255 {\n    min-height: 600px;\n  }\n}\n<\/style>\n\t<\/section>\n\t\n\t<section class=\"section\" id=\"section_1403748461\">\n\t\t<div class=\"bg section-bg fill bg-fill  bg-loaded\" >\n\n\t\t\t\n\t\t\t\n\t\t\t\n\n\t\t<\/div>\n\n\t\t<div class=\"section-content relative\">\n\t\t\t\n\n<div class=\"row row-large align-equal align-right\" style=\"max-width:1300px\" id=\"row-1008605948\">\n\n\n\t<div id=\"col-1164612165\" class=\"col medium-12 small-12 large-9\"  data-animate=\"fadeInLeft\">\n\t\t\t\t<div class=\"col-inner\"  >\n\t\t\t\n\t\t\t\n\n<h6>Nordeste brasileiro<\/h6>\n\t<div id=\"text-1779367514\" class=\"text\">\n\t\t\n\n<h2>Fortaleza<\/h2>\n\t\t\n<style>\n#text-1779367514 {\n  font-size: 2.5rem;\n}\n<\/style>\n\t<\/div>\n\t\n\t<div id=\"text-3121605645\" class=\"text\">\n\t\t\n\n<p class=\"lead\" style=\"text-align: justify;\"><strong>Fortaleza<\/strong> \u00e9 uma das cidades mais visitadas do Brasil e porta de entrada para as praias mais bonitas do Cear\u00e1. Apesar de cada vez mais ser usada apenas como conex\u00e3o a outros destinos, tem muito o que fazer em Fortaleza e vale a pena dedicar alguns dias \u00e0 capital cearense. Por aqui voc\u00ea vai se deparar com famosos pontos tur\u00edsticos, praias paradis\u00edacas, restaurantes magn\u00edficos e muitos atrativos que v\u00e3o al\u00e9m da bela paisagem local. Uma sele\u00e7\u00e3o de programas ao ar livre, centros culturais, passeios e hist\u00f3rias repletas de charme por toda parte. Descubra a arquitetura, as belezas naturais e o estilo de vida que transformam a cidade numa experi\u00eancia inesquec\u00edvel. O Hotel Oficial do evento ser\u00e1 o GRAN MARQUISE, que al\u00e9m de sofisticado, conta com localiza\u00e7\u00e3o privilegiada de frente para o mar que possibilita curtir o sol na piscina ao ar livre enquanto contempla a bela vista de Mucuripe. A acomoda\u00e7\u00e3o tamb\u00e9m oferece bar \u00e0 beira da piscina e no sagu\u00e3o. O Hotel cinco estrelas possui uma estrutura moderna, segura e conta com um atendimento diferenciado e \u00e9 o destino ideal para suas viagens a lazer ou a trabalho. Desfrute de uma hospedagem fant\u00e1stica admirando um dos mais belos cen\u00e1rios do Cear\u00e1. O bairro tamb\u00e9m \u00e9 conhecido pelas diversas op\u00e7\u00f5es de lazer a c\u00e9u aberto, casas de shows, reservas naturais e gastronomia diferenciada.<\/p>\n\t\t\n<style>\n#text-3121605645 {\n  font-size: 0.9rem;\n}\n<\/style>\n\t<\/div>\n\t\n\n\t\t<\/div>\n\t\t\t\t\n<style>\n#col-1164612165 > .col-inner {\n  padding: 0px 30px 0px 0px;\n}\n<\/style>\n\t<\/div>\n\n\t\n\n\t<div id=\"col-223112437\" class=\"col medium-6 small-12 large-3\"  data-animate=\"fadeInRight\">\n\t\t\t\t<div class=\"col-inner\"  >\n\t\t\t\n\t\t\t\n\n\n\t\t<div class=\"icon-box featured-box icon-box-top text-left\"  >\n\t\t\t\t<div class=\"icon-box-text last-reset\">\n\t\t\t\t\t\t\t\t\t\n\n<h2>Pontos tur\u00edsticos nas proximidades:<\/h2>\n<p>Praia do Futuro<br \/>P\u00f4r do sol no Espig\u00e3o da Avenida Rui Barbosa<br \/>Feirinha de artesanato da Avenida Beira Mar<br \/>Praia de Iracema<br \/>Centro de Fortaleza<br \/>Cumbuco<br \/>\u00c1guas Belas<br \/>Beach Park<br \/>Morro Branco<br \/>Lagoinha<br \/>Munda\u00fa e Flecheiras<br \/>Ipark<\/p>\n\n\t\t<\/div>\n\t<\/div>\n\t\n\t\n\t<div id=\"gap-770870855\" class=\"gap-element clearfix\" style=\"display:block; height:auto;\">\n\t\t\n<style>\n#gap-770870855 {\n  padding-top: 30px;\n}\n<\/style>\n\t<\/div>\n\t\n\n\n\t\t<\/div>\n\t\t\t\t\t<\/div>\n\n\t\n\n<\/div>\n\n\t\t<\/div>\n\n\t\t\n<style>\n#section_1403748461 {\n  padding-top: 30px;\n  padding-bottom: 30px;\n}\n@media (min-width:550px) {\n  #section_1403748461 {\n    padding-top: 70px;\n    padding-bottom: 70px;\n  }\n}\n<\/style>\n\t<\/section>\n\t\n\t<section class=\"section dark\" id=\"section_523494739\">\n\t\t<div class=\"bg section-bg fill bg-fill  bg-loaded\" >\n\n\t\t\t\n\t\t\t\n\t\t\t\n\n\t\t<\/div>\n\n\t\t<div class=\"section-content relative\">\n\t\t\t\n\n\t<div id=\"gap-834512713\" class=\"gap-element clearfix\" style=\"display:block; height:auto;\">\n\t\t\n<style>\n#gap-834512713 {\n  padding-top: 30px;\n}\n<\/style>\n\t<\/div>\n\t\n\n\t<div id=\"text-1627063734\" class=\"text\">\n\t\t\n\n<h6>galeria<\/h6>\n\t\t\n<style>\n#text-1627063734 {\n  text-align: center;\n}\n<\/style>\n\t<\/div>\n\t\n<div class=\"row align-center\" style=\"max-width:1300px\" id=\"row-1998989439\">\n\n\n\t<div id=\"col-200448061\" class=\"col medium-6 small-12 large-6\"  data-animate=\"fadeInDown\">\n\t\t\t\t<div class=\"col-inner\"  >\n\t\t\t\n\t\t\t\n\n\t<div id=\"text-2280399906\" class=\"text\">\n\t\t\n\n<h2>Fotos de Fortaleza<\/h2>\n\t\t\n<style>\n#text-2280399906 {\n  font-size: 2.25rem;\n  text-align: center;\n}\n<\/style>\n\t<\/div>\n\t\n\n\t\t<\/div>\n\t\t\t\t\t<\/div>\n\n\t\n\n<\/div>\n<div class=\"row row-small\" style=\"max-width:1300px\" id=\"row-1649529569\">\n\n\n\t<div id=\"col-1025081712\" class=\"col medium-12 small-12 large-12\"  data-animate=\"bounceIn\">\n\t\t\t\t<div class=\"col-inner\"  >\n\t\t\t\n\t\t\t\n\n  <div class=\"banner-grid-wrapper\">\n  <div id=\"banner-grid-957849887\" class=\"banner-grid row row-grid row-xsmall row-full-width\" data-packery-options=\"\">\n                      \n\n<div class=\"col grid-col medium-6 small-12 large-3 grid-col-2-3\" ><div class=\"col-inner\">\n\n\n  <div class=\"banner has-hover bg-zoom\" id=\"banner-328657096\">\n          <div class=\"banner-inner fill\">\n        <div class=\"banner-bg fill\" >\n            <div class=\"bg fill bg-fill \"><\/div>\n                                    \n                    <\/div>\n        <div class=\"banner-layers container\">\n            <a class=\"fill\" href=\"#\"  ><div class=\"fill banner-link\"><\/div><\/a>            \n\n\n        <\/div>\n      <\/div>\n\n            \n<style>\n#banner-328657096 {\n  padding-top: 500px;\n  background-color: rgb(37, 97, 97);\n}\n#banner-328657096 .bg.bg-loaded {\n  background-image: url(https:\/\/cnr.org.br\/concart2022\/site\/wp-content\/uploads\/2022\/07\/04dd57fde25da60d671de67716a0ba47.jpg);\n}\n<\/style>\n  <\/div>\n\n\n\n<\/div><\/div>\n<div class=\"col grid-col medium-6 small-12 large-3 grid-col-2-3\" ><div class=\"col-inner\">\n\n\n  <div class=\"banner has-hover bg-zoom\" id=\"banner-1192829764\">\n          <div class=\"banner-inner fill\">\n        <div class=\"banner-bg fill\" >\n            <div class=\"bg fill bg-fill \"><\/div>\n                                    \n                    <\/div>\n        <div class=\"banner-layers container\">\n            <a class=\"fill\" href=\"#\"  ><div class=\"fill banner-link\"><\/div><\/a>            \n\n\n        <\/div>\n      <\/div>\n\n            \n<style>\n#banner-1192829764 {\n  padding-top: 500px;\n  background-color: rgb(37, 97, 97);\n}\n#banner-1192829764 .bg.bg-loaded {\n  background-image: url(https:\/\/cnr.org.br\/concart2022\/site\/wp-content\/uploads\/2022\/07\/foto5.jpg);\n}\n#banner-1192829764 .bg {\n  background-position: 0% 85%;\n}\n<\/style>\n  <\/div>\n\n\n\n<\/div><\/div>\n<div class=\"col grid-col medium-12 large-6 grid-col-1\" ><div class=\"col-inner\">\n\n\n  <div class=\"banner has-hover bg-zoom\" id=\"banner-1700121466\">\n          <div class=\"banner-inner fill\">\n        <div class=\"banner-bg fill\" >\n            <div class=\"bg fill bg-fill \"><\/div>\n                                    \n                    <\/div>\n        <div class=\"banner-layers container\">\n            <a class=\"fill\" href=\"#\"  ><div class=\"fill banner-link\"><\/div><\/a>            \n\n\n        <\/div>\n      <\/div>\n\n            \n<style>\n#banner-1700121466 {\n  padding-top: 300px;\n  background-color: rgb(37, 97, 97);\n}\n#banner-1700121466 .bg.bg-loaded {\n  background-image: url(https:\/\/cnr.org.br\/concart2022\/site\/wp-content\/uploads\/2022\/07\/foto3-1024x576.jpg);\n}\n#banner-1700121466 .bg {\n  background-position: 20% 100%;\n}\n@media (min-width:850px) {\n  #banner-1700121466 {\n    padding-top: 500px;\n  }\n}\n<\/style>\n  <\/div>\n\n\n\n<\/div><\/div>\n<div class=\"col grid-col medium-12 large-6 grid-col-2-3\" ><div class=\"col-inner\">\n\n\n  <div class=\"banner has-hover bg-zoom\" id=\"banner-391332207\">\n          <div class=\"banner-inner fill\">\n        <div class=\"banner-bg fill\" >\n            <div class=\"bg fill bg-fill \"><\/div>\n                                    \n                    <\/div>\n        <div class=\"banner-layers container\">\n            <a class=\"fill\" href=\"#\"  ><div class=\"fill banner-link\"><\/div><\/a>            \n\n\n        <\/div>\n      <\/div>\n\n            \n<style>\n#banner-391332207 {\n  padding-top: 500px;\n  background-color: rgb(37, 97, 97);\n}\n#banner-391332207 .bg.bg-loaded {\n  background-image: url(https:\/\/cnr.org.br\/concart2022\/site\/wp-content\/uploads\/2022\/07\/foto4.jpg);\n}\n<\/style>\n  <\/div>\n\n\n\n<\/div><\/div>\n<div class=\"col grid-col medium-6 small-12 large-3 grid-col-1-3\" ><div class=\"col-inner\">\n\n\n  <div class=\"banner has-hover bg-zoom\" id=\"banner-776651028\">\n          <div class=\"banner-inner fill\">\n        <div class=\"banner-bg fill\" >\n            <div class=\"bg fill bg-fill \"><\/div>\n                                    \n                    <\/div>\n        <div class=\"banner-layers container\">\n            <a class=\"fill\" href=\"#\"  ><div class=\"fill banner-link\"><\/div><\/a>            \n\n\n        <\/div>\n      <\/div>\n\n            \n<style>\n#banner-776651028 {\n  padding-top: 500px;\n  background-color: rgb(37, 97, 97);\n}\n#banner-776651028 .bg.bg-loaded {\n  background-image: url(https:\/\/cnr.org.br\/concart2022\/site\/wp-content\/uploads\/2022\/07\/foto6.jpg);\n}\n<\/style>\n  <\/div>\n\n\n\n<\/div><\/div>\n<div class=\"col grid-col medium-6 small-12 large-3 grid-col-1-3\" ><div class=\"col-inner\">\n\n\n  <div class=\"banner has-hover bg-zoom\" id=\"banner-220994303\">\n          <div class=\"banner-inner fill\">\n        <div class=\"banner-bg fill\" >\n            <div class=\"bg fill bg-fill \"><\/div>\n                                    \n                    <\/div>\n        <div class=\"banner-layers container\">\n            <a class=\"fill\" href=\"#\"  ><div class=\"fill banner-link\"><\/div><\/a>            \n\n\n        <\/div>\n      <\/div>\n\n            \n<style>\n#banner-220994303 {\n  padding-top: 500px;\n  background-color: rgb(37, 97, 97);\n}\n#banner-220994303 .bg.bg-loaded {\n  background-image: url(https:\/\/cnr.org.br\/concart2022\/site\/wp-content\/uploads\/2022\/07\/foto2.jpg);\n}\n#banner-220994303 .bg {\n  background-position: 1% 100%;\n}\n<\/style>\n  <\/div>\n\n\n\n<\/div><\/div>\n\n            <\/div>\n    <style>\n    #banner-grid-957849887 .grid-col-1{height: 625px}\n    #banner-grid-957849887 .grid-col-1-2{height: 312.5px}\n    #banner-grid-957849887 .grid-col-1-3{height:208.33333333333px}\n    #banner-grid-957849887 .grid-col-2-3{height: 416.66666666667px}\n    #banner-grid-957849887 .grid-col-1-4{height: 156.25px}\n    #banner-grid-957849887 .grid-col-3-4{height: 468.75px}\n\n\n    \n    \n\n  <\/style>\n    <\/div>\n  \n\n\t\t<\/div>\n\t\t\t\t\t<\/div>\n\n\t\n\n<\/div>\n\t<div id=\"gap-456530582\" class=\"gap-element clearfix\" style=\"display:block; height:auto;\">\n\t\t\n<style>\n#gap-456530582 {\n  padding-top: 20px;\n}\n<\/style>\n\t<\/div>\n\t\n\n<div class=\"row align-center\" style=\"max-width:1300px\" id=\"row-832306545\">\n\n\n\t<div id=\"col-1970578423\" class=\"col medium-4 small-12 large-6\"  data-animate=\"fadeInUp\">\n\t\t\t\t<div class=\"col-inner\"  >\n\t\t\t\n\t\t\t\n\n<a href=\"https:\/\/cnr.org.br\/concart2022\/site\/index.php\/programacao\/\" target=\"_self\" class=\"button white is-outline is-xlarge expand\"  style=\"border-radius:9px;\">\n    <span>Veja a program\u00e7\u00e3o do evento<\/span>\n  <\/a>\n\n\n\n\t\t<\/div>\n\t\t\t\t\t<\/div>\n\n\t\n\n<\/div>\n\n\t\t<\/div>\n\n\t\t\n<style>\n#section_523494739 {\n  padding-top: 55px;\n  padding-bottom: 55px;\n  background-color: rgb(37, 97, 97);\n}\n<\/style>\n\t<\/section>\n\t\n\t<section class=\"section\" id=\"section_393973307\">\n\t\t<div class=\"bg section-bg fill bg-fill  bg-loaded\" >\n\n\t\t\t\n\t\t\t\n\t\t\t\n\n\t\t<\/div>\n\n\t\t<div class=\"section-content relative\">\n\t\t\t\n\n\t<div id=\"gap-1528735324\" class=\"gap-element clearfix\" style=\"display:block; height:auto;\">\n\t\t\n<style>\n#gap-1528735324 {\n  padding-top: 30px;\n}\n<\/style>\n\t<\/div>\n\t\n\n\t<div id=\"text-2615405170\" class=\"text\">\n\t\t\n\n<h6>galeria<\/h6>\n\t\t\n<style>\n#text-2615405170 {\n  text-align: center;\n}\n<\/style>\n\t<\/div>\n\t\n<div class=\"row align-center\" style=\"max-width:1300px\" id=\"row-1407916906\">\n\n\n\t<div id=\"col-2139074237\" class=\"col medium-10 small-12 large-10\"  data-animate=\"fadeInDown\">\n\t\t\t\t<div class=\"col-inner\"  >\n\t\t\t\n\t\t\t\n\n\t<div id=\"text-882049449\" class=\"text\">\n\t\t\n\n<h2>Fotos do hotel GRAN MARQUISE<\/h2>\n\t\t\n<style>\n#text-882049449 {\n  font-size: 2.25rem;\n  text-align: center;\n}\n<\/style>\n\t<\/div>\n\t\n\n\t\t<\/div>\n\t\t\t\t\t<\/div>\n\n\t\n\n<\/div>\n<div class=\"row row-small\" style=\"max-width:1300px\" id=\"row-407762897\">\n\n\n\t<div id=\"col-1858064304\" class=\"col medium-12 small-12 large-12\"  data-animate=\"bounceIn\">\n\t\t\t\t<div class=\"col-inner\"  >\n\t\t\t\n\t\t\t\n\n  <div class=\"banner-grid-wrapper\">\n  <div id=\"banner-grid-1005079633\" class=\"banner-grid row row-grid row-xsmall row-full-width\" data-packery-options=\"\">\n                      \n\n<div class=\"col grid-col medium-6 small-12 large-3 grid-col-2-3\" ><div class=\"col-inner\">\n\n\n  <div class=\"banner has-hover bg-zoom\" id=\"banner-901305987\">\n          <div class=\"banner-inner fill\">\n        <div class=\"banner-bg fill\" >\n            <div class=\"bg fill bg-fill \"><\/div>\n                                    \n                    <\/div>\n        <div class=\"banner-layers container\">\n            <a class=\"fill\" href=\"#\"  ><div class=\"fill banner-link\"><\/div><\/a>            \n\n\n        <\/div>\n      <\/div>\n\n            \n<style>\n#banner-901305987 {\n  padding-top: 500px;\n  background-color: rgb(37, 97, 97);\n}\n#banner-901305987 .bg.bg-loaded {\n  background-image: url(https:\/\/cnr.org.br\/concart2022\/site\/wp-content\/uploads\/2022\/07\/lobby2-1024x684-1.jpg);\n}\n<\/style>\n  <\/div>\n\n\n\n<\/div><\/div>\n<div class=\"col grid-col medium-6 small-12 large-3 grid-col-2-3\" ><div class=\"col-inner\">\n\n\n  <div class=\"banner has-hover bg-zoom\" id=\"banner-320551331\">\n          <div class=\"banner-inner fill\">\n        <div class=\"banner-bg fill\" >\n            <div class=\"bg fill bg-fill \"><\/div>\n                                    \n                    <\/div>\n        <div class=\"banner-layers container\">\n            <a class=\"fill\" href=\"#\"  ><div class=\"fill banner-link\"><\/div><\/a>            \n\n\n        <\/div>\n      <\/div>\n\n            \n<style>\n#banner-320551331 {\n  padding-top: 500px;\n  background-color: rgb(37, 97, 97);\n}\n#banner-320551331 .bg.bg-loaded {\n  background-image: url(https:\/\/cnr.org.br\/concart2022\/site\/wp-content\/uploads\/2022\/07\/gran-spa-3-1180x558-1024x484-1.jpg);\n}\n#banner-320551331 .bg {\n  background-position: 35% 58%;\n}\n<\/style>\n  <\/div>\n\n\n\n<\/div><\/div>\n<div class=\"col grid-col medium-12 large-6 grid-col-1\" ><div class=\"col-inner\">\n\n\n  <div class=\"banner has-hover bg-zoom\" id=\"banner-1164847574\">\n          <div class=\"banner-inner fill\">\n        <div class=\"banner-bg fill\" >\n            <div class=\"bg fill bg-fill \"><\/div>\n                                    \n                    <\/div>\n        <div class=\"banner-layers container\">\n            <a class=\"fill\" href=\"#\"  ><div class=\"fill banner-link\"><\/div><\/a>            \n\n\n        <\/div>\n      <\/div>\n\n            \n<style>\n#banner-1164847574 {\n  padding-top: 300px;\n  background-color: rgb(37, 97, 97);\n}\n#banner-1164847574 .bg.bg-loaded {\n  background-image: url(https:\/\/cnr.org.br\/concart2022\/site\/wp-content\/uploads\/2022\/07\/Piscina_Vista_Spa-1024x723-1.jpg);\n}\n#banner-1164847574 .bg {\n  background-position: 20% 100%;\n}\n@media (min-width:850px) {\n  #banner-1164847574 {\n    padding-top: 500px;\n  }\n}\n<\/style>\n  <\/div>\n\n\n\n<\/div><\/div>\n<div class=\"col grid-col medium-12 large-6 grid-col-2-3\" ><div class=\"col-inner\">\n\n\n  <div class=\"banner has-hover bg-zoom\" id=\"banner-977643943\">\n          <div class=\"banner-inner fill\">\n        <div class=\"banner-bg fill\" >\n            <div class=\"bg fill bg-fill \"><\/div>\n                                    \n                    <\/div>\n        <div class=\"banner-layers container\">\n            <a class=\"fill\" href=\"#\"  ><div class=\"fill banner-link\"><\/div><\/a>            \n\n\n        <\/div>\n      <\/div>\n\n            \n<style>\n#banner-977643943 {\n  padding-top: 500px;\n  background-color: rgb(37, 97, 97);\n}\n#banner-977643943 .bg.bg-loaded {\n  background-image: url(https:\/\/cnr.org.br\/concart2022\/site\/wp-content\/uploads\/2022\/07\/Mucuripe-7-1024x682-1.jpg);\n}\n<\/style>\n  <\/div>\n\n\n\n<\/div><\/div>\n<div class=\"col grid-col medium-6 small-12 large-3 grid-col-1-3\" ><div class=\"col-inner\">\n\n\n  <div class=\"banner has-hover bg-zoom\" id=\"banner-1213229773\">\n          <div class=\"banner-inner fill\">\n        <div class=\"banner-bg fill\" >\n            <div class=\"bg fill bg-fill \"><\/div>\n                                    \n                    <\/div>\n        <div class=\"banner-layers container\">\n            <a class=\"fill\" href=\"#\"  ><div class=\"fill banner-link\"><\/div><\/a>            \n\n\n        <\/div>\n      <\/div>\n\n            \n<style>\n#banner-1213229773 {\n  padding-top: 500px;\n  background-color: rgb(37, 97, 97);\n}\n#banner-1213229773 .bg.bg-loaded {\n  background-image: url(https:\/\/cnr.org.br\/concart2022\/site\/wp-content\/uploads\/2022\/07\/WhatsApp-Image-2020-07-03-at-17.21.19-1024x683-1.jpeg);\n}\n<\/style>\n  <\/div>\n\n\n\n<\/div><\/div>\n<div class=\"col grid-col medium-6 small-12 large-3 grid-col-1-3\" ><div class=\"col-inner\">\n\n\n  <div class=\"banner has-hover bg-zoom\" id=\"banner-1379521576\">\n          <div class=\"banner-inner fill\">\n        <div class=\"banner-bg fill\" >\n            <div class=\"bg fill bg-fill \"><\/div>\n                                    \n                    <\/div>\n        <div class=\"banner-layers container\">\n            <a class=\"fill\" href=\"#\"  ><div class=\"fill banner-link\"><\/div><\/a>            \n\n\n        <\/div>\n      <\/div>\n\n            \n<style>\n#banner-1379521576 {\n  padding-top: 500px;\n  background-color: rgb(37, 97, 97);\n}\n#banner-1379521576 .bg.bg-loaded {\n  background-image: url(https:\/\/cnr.org.br\/concart2022\/site\/wp-content\/uploads\/2022\/07\/gran-spa-23-1180x558-1-1024x484-1.jpg);\n}\n#banner-1379521576 .bg {\n  background-position: 0% 96%;\n}\n<\/style>\n  <\/div>\n\n\n\n<\/div><\/div>\n\n            <\/div>\n    <style>\n    #banner-grid-1005079633 .grid-col-1{height: 625px}\n    #banner-grid-1005079633 .grid-col-1-2{height: 312.5px}\n    #banner-grid-1005079633 .grid-col-1-3{height:208.33333333333px}\n    #banner-grid-1005079633 .grid-col-2-3{height: 416.66666666667px}\n    #banner-grid-1005079633 .grid-col-1-4{height: 156.25px}\n    #banner-grid-1005079633 .grid-col-3-4{height: 468.75px}\n\n\n    \n    \n\n  <\/style>\n    <\/div>\n  \n\n\t\t<\/div>\n\t\t\t\t\t<\/div>\n\n\t\n\n<\/div>\n\t<div id=\"gap-1823654824\" class=\"gap-element clearfix\" style=\"display:block; height:auto;\">\n\t\t\n<style>\n#gap-1823654824 {\n  padding-top: 20px;\n}\n<\/style>\n\t<\/div>\n\t\n\n<div class=\"row align-center\" style=\"max-width:1300px\" id=\"row-227825615\">\n\n\n\t<div id=\"col-154023986\" class=\"col medium-4 small-12 large-6\"  data-animate=\"fadeInUp\">\n\t\t\t\t<div class=\"col-inner\"  >\n\t\t\t\n\t\t\t\n\n<a href=\"https:\/\/cnr.org.br\/concart2022\/site\/index.php\/programacao\/\" target=\"_self\" class=\"button white is-outline is-xlarge expand\"  style=\"border-radius:9px;\">\n    <span>Veja a program\u00e7\u00e3o do evento<\/span>\n  <\/a>\n\n\n\n\t\t<\/div>\n\t\t\t\t\t<\/div>\n\n\t\n\n<\/div>\n\n\t\t<\/div>\n\n\t\t\n<style>\n#section_393973307 {\n  padding-top: 55px;\n  padding-bottom: 55px;\n  background-color: rgba(255, 255, 255, 0);\n}\n<\/style>\n\t<\/section>\n\t\n<div class=\"row align-center\" style=\"max-width:1300px\" id=\"row-1287636392\">\n\n\n\t<div id=\"col-262209641\" class=\"col medium-8 small-12 large-8\"  data-animate=\"fadeInDown\">\n\t\t\t\t<div class=\"col-inner\"  >\n\t\t\t\n\t\t\t\n\n\t<div id=\"text-431421321\" class=\"text\">\n\t\t\n\n<h2>popula\u00e7\u00e3o de Fortaleza<\/h2>\n\t\t\n<style>\n#text-431421321 {\n  font-size: 2.25rem;\n  text-align: center;\n}\n<\/style>\n\t<\/div>\n\t\n\n\t\t<\/div>\n\t\t\t\t\t<\/div>\n\n\t\n\n<\/div>\n\t<section class=\"section\" id=\"section_2122943149\">\n\t\t<div class=\"bg section-bg fill bg-fill  bg-loaded\" >\n\n\t\t\t\n\t\t\t\n\t\t\t\n\n\t\t<\/div>\n\n\t\t<div class=\"section-content relative\">\n\t\t\t\n\n\t<div id=\"gap-1961154421\" class=\"gap-element clearfix\" style=\"display:block; height:auto;\">\n\t\t\n<style>\n#gap-1961154421 {\n  padding-top: 20px;\n}\n<\/style>\n\t<\/div>\n\t\n\n<div class=\"row\" style=\"max-width:1300px\" id=\"row-1405422476\">\n\n\n\t<div id=\"col-96248270\" class=\"col medium-6 small-12 large-6\"  data-animate=\"fadeInLeft\">\n\t\t\t\t<div class=\"col-inner\"  >\n\t\t\t\n\t\t\t\n\n\t<div id=\"text-3800937615\" class=\"text\">\n\t\t\n\n<h2><span class=\"count-up\">+2<\/span>,<\/h2>\n\t\t\n<style>\n#text-3800937615 {\n  font-size: 3.25rem;\n  text-align: right;\n}\n<\/style>\n\t<\/div>\n\t\n\n\t\t<\/div>\n\t\t\t\t\t<\/div>\n\n\t\n\n\t<div id=\"col-1415840535\" class=\"col medium-6 small-12 large-6\"  data-animate=\"fadeInRight\">\n\t\t\t\t<div class=\"col-inner\"  >\n\t\t\t\n\t\t\t\n\n\t<div id=\"text-2577796459\" class=\"text\">\n\t\t\n\n<h2><span class=\"count-up\">+687<\/span><\/h2>\n\t\t\n<style>\n#text-2577796459 {\n  font-size: 3.25rem;\n  text-align: left;\n}\n<\/style>\n\t<\/div>\n\t\n\n\t\t<\/div>\n\t\t\t\t\t<\/div>\n\n\t\n\n\t<div id=\"col-366613452\" class=\"col medium-6 small-12 large-12\"  data-animate=\"fadeInUp\">\n\t\t\t\t<div class=\"col-inner\"  >\n\t\t\t\n\t\t\t\n\n\t<div id=\"text-221576961\" class=\"text\">\n\t\t\n\n<h6>milh\u00f5es de habitantes<\/h6>\n\t\t\n<style>\n#text-221576961 {\n  text-align: center;\n}\n<\/style>\n\t<\/div>\n\t\n\n\t\t<\/div>\n\t\t\t\t\t<\/div>\n\n\t\n\n<\/div>\n\n\t\t<\/div>\n\n\t\t\n<style>\n#section_2122943149 {\n  padding-top: 80px;\n  padding-bottom: 80px;\n}\n<\/style>\n\t<\/section>\n\t\n\n","protected":false},"excerpt":{"rendered":"","protected":false},"author":1,"featured_media":0,"parent":0,"menu_order":0,"comment_status":"closed","ping_status":"closed","template":"page-blank.php","meta":{"footnotes":""},"class_list":["post-153","page","type-page","status-publish","hentry"],"_links":{"self":[{"href":"https:\/\/cnr.org.br\/concart2022\/site\/index.php\/wp-json\/wp\/v2\/pages\/153","targetHints":{"allow":["GET"]}}],"collection":[{"href":"https:\/\/cnr.org.br\/concart2022\/site\/index.php\/wp-json\/wp\/v2\/pages"}],"about":[{"href":"https:\/\/cnr.org.br\/concart2022\/site\/index.php\/wp-json\/wp\/v2\/types\/page"}],"author":[{"embeddable":true,"href":"https:\/\/cnr.org.br\/concart2022\/site\/index.php\/wp-json\/wp\/v2\/users\/1"}],"replies":[{"embeddable":true,"href":"https:\/\/cnr.org.br\/concart2022\/site\/index.php\/wp-json\/wp\/v2\/comments?post=153"}],"version-history":[{"count":23,"href":"https:\/\/cnr.org.br\/concart2022\/site\/index.php\/wp-json\/wp\/v2\/pages\/153\/revisions"}],"predecessor-version":[{"id":310,"href":"https:\/\/cnr.org.br\/concart2022\/site\/index.php\/wp-json\/wp\/v2\/pages\/153\/revisions\/310"}],"wp:attachment":[{"href":"https:\/\/cnr.org.br\/concart2022\/site\/index.php\/wp-json\/wp\/v2\/media?parent=153"}],"curies":[{"name":"wp","href":"https:\/\/api.w.org\/{rel}","templated":true}]}}