{"id":48,"date":"2022-05-25T15:04:20","date_gmt":"2022-05-25T18:04:20","guid":{"rendered":"https:\/\/cnr.org.br\/concart2022\/site\/?page_id=48"},"modified":"2022-07-15T11:26:23","modified_gmt":"2022-07-15T14:26:23","slug":"apresentacao","status":"publish","type":"page","link":"https:\/\/cnr.org.br\/concart2022\/site\/index.php\/apresentacao\/","title":{"rendered":"Apresenta\u00e7\u00e3o"},"content":{"rendered":"\n\t<section class=\"section home-hero\" id=\"section_556149065\">\n\t\t<div class=\"bg section-bg fill bg-fill  bg-loaded\" >\n\n\t\t\t\n\t\t\t\n\t\t\t\n\n\t\t<\/div>\n\n\t\t<div class=\"section-content relative\">\n\t\t\t\n\n<div class=\"row row-collapse row-full-width align-middle\"  id=\"row-1450555776\">\n\n\n\t<div id=\"col-302295893\" class=\"col medium-4 small-12 large-6\"  >\n\t\t\t\t<div class=\"col-inner\"  >\n\t\t\t\n\t\t\t\n\n\t<div class=\"img has-hover x md-x lg-x y md-y lg-y\" id=\"image_95823249\">\n\t\t\t\t\t\t\t\t<div class=\"img-inner image-cover dark\" style=\"padding-top:100%;\">\n\t\t\t<img loading=\"lazy\" decoding=\"async\" width=\"1280\" height=\"852\" src=\"https:\/\/cnr.org.br\/concart2022\/site\/wp-content\/uploads\/2022\/05\/1b9214e7-b449-44d5-ab84-7d06194a3058.jpg\" class=\"attachment-original size-original\" alt=\"\" srcset=\"https:\/\/cnr.org.br\/concart2022\/site\/wp-content\/uploads\/2022\/05\/1b9214e7-b449-44d5-ab84-7d06194a3058.jpg 1280w, https:\/\/cnr.org.br\/concart2022\/site\/wp-content\/uploads\/2022\/05\/1b9214e7-b449-44d5-ab84-7d06194a3058-300x200.jpg 300w, https:\/\/cnr.org.br\/concart2022\/site\/wp-content\/uploads\/2022\/05\/1b9214e7-b449-44d5-ab84-7d06194a3058-1024x682.jpg 1024w, https:\/\/cnr.org.br\/concart2022\/site\/wp-content\/uploads\/2022\/05\/1b9214e7-b449-44d5-ab84-7d06194a3058-768x511.jpg 768w, https:\/\/cnr.org.br\/concart2022\/site\/wp-content\/uploads\/2022\/05\/1b9214e7-b449-44d5-ab84-7d06194a3058-600x399.jpg 600w\" sizes=\"auto, (max-width: 1280px) 100vw, 1280px\" \/>\t\t\t\t\t\t\n\t\t\t\t\t<\/div>\n\t\t\t\t\t\t\t\t\n<style>\n#image_95823249 {\n  width: 100%;\n}\n<\/style>\n\t<\/div>\n\t\n\n\n\t\t<\/div>\n\t\t\t\t\t<\/div>\n\n\t\n\n\t<div id=\"col-1978037531\" class=\"col medium-8 small-12 large-6\"  >\n\t\t\t\t<div class=\"col-inner\"  >\n\t\t\t\n\t\t\t\n\n<div class=\"row align-center\"  id=\"row-441869240\">\n\n\n\t<div id=\"col-1216443142\" class=\"col medium-10 small-10 large-10\"  >\n\t\t\t\t<div class=\"col-inner\"  >\n\t\t\t\n\t\t\t\n\n\t<div id=\"gap-1695727712\" class=\"gap-element clearfix\" style=\"display:block; height:auto;\">\n\t\t\n<style>\n#gap-1695727712 {\n  padding-top: 64px;\n}\n<\/style>\n\t<\/div>\n\t\n\n\t<div id=\"text-515547372\" class=\"text\">\n\t\t\n\n<h1><strong>Confer\u00eancia Nacional dos Cart\u00f3rios<\/strong><\/h1>\n\t\t\n<style>\n#text-515547372 {\n  font-size: 1.5rem;\n}\n<\/style>\n\t<\/div>\n\t\n<p style=\"text-align: justify;\">A\u00a0<strong>Confedera\u00e7\u00e3o Nacional de Not\u00e1rios e Registradores<\/strong>\u00a0(CNR), entidade com legitimidade constitucional para representar os not\u00e1rios e registradores de todo territ\u00f3rio nacional, apresenta a\u00a0<strong>V Confer\u00eancia Nacional dos Cart\u00f3rios \u2013 CONCART 2022<\/strong>.<\/p>\n<p style=\"text-align: justify;\">A CONCART 2022 acontecer\u00e1 entre os dias 31 de agosto e 02 de setembro de 2022, no Centro de Conven\u00e7\u00f5es do Hotel Gran Marquise, em Fortaleza no Cear\u00e1.<\/p>\n<p style=\"text-align: justify;\">A programa\u00e7\u00e3o contar\u00e1 com a presen\u00e7a de especialistas e autoridades de renome para focar temas atuais e relevantes, assim como os avan\u00e7os na atua\u00e7\u00e3o dos not\u00e1rios e registradores.<\/p>\n<p style=\"text-align: justify;\">Durante a Confer\u00eancia tamb\u00e9m ocorrer\u00e1 a Exposi\u00e7\u00e3o de Produtos e Servi\u00e7os voltados \u00e0 atividade notarial e de registro, uma das maiores exposi\u00e7\u00f5es do segmento. A exposi\u00e7\u00e3o tem como objetivo proporcionar intera\u00e7\u00e3o direta entre os expositores e o p\u00fablico-alvo (not\u00e1rios, registradores, magistrados, membros do Minist\u00e9rio P\u00fablico, advogados, estudantes e trabalhadores dos cart\u00f3rios). Essa inten\u00e7\u00e3o fortalece parcerias e fomenta o crescimento do segmento.<\/p>\n<p style=\"text-align: justify;\">Cear\u00e1, \u00e9 um dos maiores destinos tur\u00edsticos internacional do pa\u00eds. Cobi\u00e7ado destino tur\u00edstico por conta do clima ensolarado e pelas belas praias, Fortaleza \u00e9 a quinta capital mais populosa do pa\u00eds com mais de 2,6 milh\u00f5es de habitantes.<\/p>\n<p style=\"text-align: justify;\">Entre as principais atra\u00e7\u00f5es tur\u00edsticas da cidade est\u00e3o o\u00a0Beach Park, o Parque do Coc\u00f3, a Lagoa da Messejana, o Centro Cultural Drag\u00e3o do Mar, a Escola de M\u00fasica do Ancuri, al\u00e9m das praias da Barra do Cear\u00e1, do Futuro e do Mucuripe, e muitos atrativos que v\u00e3o al\u00e9m da bela paisagem local especialmente preparada para dias inesquec\u00edveis.<\/p>\n<p style=\"text-align: justify;\">Venha desfrutar de um dos maiores encontros de cart\u00f3rios brasileiros, repleto de inova\u00e7\u00f5es e de enriquecedores momentos!<\/p>\n<p style=\"text-align: center;\">Ser\u00e1 um prazer receber todos os convidados!<\/p>\n<p style=\"text-align: center;\">Sejam todos bem-vindos!<\/p>\n<p style=\"text-align: center;\"><strong>Rog\u00e9rio Portugal Bacellar<\/strong><br \/>Presidente<\/p>\n\n\t\t<\/div>\n\t\t\t\t\t<\/div>\n\n\t\n\n\n<style>\n#row-441869240 > .col > .col-inner {\n  padding: 40px 0px 20px 0px;\n}\n@media (min-width:550px) {\n  #row-441869240 > .col > .col-inner {\n    padding: 0px 0px 0px 0px;\n  }\n}\n<\/style>\n<\/div>\n\n\t\t<\/div>\n\t\t\t\t\t<\/div>\n\n\t\n\n<\/div>\n\n\t\t<\/div>\n\n\t\t\n<style>\n#section_556149065 {\n  padding-top: 0px;\n  padding-bottom: 0px;\n  background-color: rgb(240, 244, 245);\n}\n<\/style>\n\t<\/section>\n\t\n\t<section class=\"section\" id=\"section_468439772\">\n\t\t<div class=\"bg section-bg fill bg-fill  bg-loaded\" >\n\n\t\t\t\n\t\t\t\n\t\t\t\n\n\t\t<\/div>\n\n\t\t<div class=\"section-content relative\">\n\t\t\t\n\n<div class=\"row align-center\"  id=\"row-1783564649\">\n\n\n\t<div id=\"col-254400374\" class=\"col medium-7 small-12 large-7\"  >\n\t\t\t\t<div class=\"col-inner text-center\"  >\n\t\t\t\n\t\t\t\n\n\t<div id=\"text-509314596\" class=\"text\">\n\t\t\n\n<h2>Apoiadores<\/h2>\n\t\t\n<style>\n#text-509314596 {\n  font-size: 1.25rem;\n}\n<\/style>\n\t<\/div>\n\t\n\n\t\t<\/div>\n\t\t\t\t\t<\/div>\n\n\t\n\n<\/div>\n<div class=\"row row-large row-full-width align-middle align-center\"  id=\"row-1404074632\">\n\n\n\t<div id=\"col-1601456800\" class=\"col medium-2 small-4 large-2\"  >\n\t\t\t\t<div class=\"col-inner\"  >\n\t\t\t\n\t\t\t\n\n\t<div class=\"img has-hover x md-x lg-x y md-y lg-y\" id=\"image_880349000\">\n\t\t\t\t\t\t\t\t<div class=\"img-inner dark\" >\n\t\t\t<img loading=\"lazy\" decoding=\"async\" width=\"300\" height=\"300\" src=\"https:\/\/cnr.org.br\/concart2022\/site\/wp-content\/uploads\/2022\/05\/apoio-febranor-300x300-1.png\" class=\"attachment-large size-large\" alt=\"\" srcset=\"https:\/\/cnr.org.br\/concart2022\/site\/wp-content\/uploads\/2022\/05\/apoio-febranor-300x300-1.png 300w, https:\/\/cnr.org.br\/concart2022\/site\/wp-content\/uploads\/2022\/05\/apoio-febranor-300x300-1-150x150.png 150w, https:\/\/cnr.org.br\/concart2022\/site\/wp-content\/uploads\/2022\/05\/apoio-febranor-300x300-1-100x100.png 100w\" sizes=\"auto, (max-width: 300px) 100vw, 300px\" \/>\t\t\t\t\t\t\n\t\t\t\t\t<\/div>\n\t\t\t\t\t\t\t\t\n<style>\n#image_880349000 {\n  width: 100%;\n}\n<\/style>\n\t<\/div>\n\t\n\n\n\t\t<\/div>\n\t\t\t\t\t<\/div>\n\n\t\n\n\t<div id=\"col-1435306438\" class=\"col medium-2 small-4 large-2\"  >\n\t\t\t\t<div class=\"col-inner\"  >\n\t\t\t\n\t\t\t\n\n\t<div class=\"img has-hover x md-x lg-x y md-y lg-y\" id=\"image_410527156\">\n\t\t\t\t\t\t\t\t<div class=\"img-inner dark\" >\n\t\t\t<img loading=\"lazy\" decoding=\"async\" width=\"300\" height=\"300\" src=\"https:\/\/cnr.org.br\/concart2022\/site\/wp-content\/uploads\/2022\/05\/apoio-finosc-300x300-1.png\" class=\"attachment-large size-large\" alt=\"\" srcset=\"https:\/\/cnr.org.br\/concart2022\/site\/wp-content\/uploads\/2022\/05\/apoio-finosc-300x300-1.png 300w, https:\/\/cnr.org.br\/concart2022\/site\/wp-content\/uploads\/2022\/05\/apoio-finosc-300x300-1-150x150.png 150w, https:\/\/cnr.org.br\/concart2022\/site\/wp-content\/uploads\/2022\/05\/apoio-finosc-300x300-1-100x100.png 100w\" sizes=\"auto, (max-width: 300px) 100vw, 300px\" \/>\t\t\t\t\t\t\n\t\t\t\t\t<\/div>\n\t\t\t\t\t\t\t\t\n<style>\n#image_410527156 {\n  width: 100%;\n}\n<\/style>\n\t<\/div>\n\t\n\n\n\t\t<\/div>\n\t\t\t\t\t<\/div>\n\n\t\n\n\t<div id=\"col-1483974308\" class=\"col medium-2 small-4 large-2\"  >\n\t\t\t\t<div class=\"col-inner\"  >\n\t\t\t\n\t\t\t\n\n\t<div class=\"img has-hover x md-x lg-x y md-y lg-y\" id=\"image_461706937\">\n\t\t\t\t\t\t\t\t<div class=\"img-inner dark\" >\n\t\t\t<img loading=\"lazy\" decoding=\"async\" width=\"300\" height=\"300\" src=\"https:\/\/cnr.org.br\/concart2022\/site\/wp-content\/uploads\/2022\/05\/apoio-finnotar-300x300-1.png\" class=\"attachment-large size-large\" alt=\"\" srcset=\"https:\/\/cnr.org.br\/concart2022\/site\/wp-content\/uploads\/2022\/05\/apoio-finnotar-300x300-1.png 300w, https:\/\/cnr.org.br\/concart2022\/site\/wp-content\/uploads\/2022\/05\/apoio-finnotar-300x300-1-150x150.png 150w, https:\/\/cnr.org.br\/concart2022\/site\/wp-content\/uploads\/2022\/05\/apoio-finnotar-300x300-1-100x100.png 100w\" sizes=\"auto, (max-width: 300px) 100vw, 300px\" \/>\t\t\t\t\t\t\n\t\t\t\t\t<\/div>\n\t\t\t\t\t\t\t\t\n<style>\n#image_461706937 {\n  width: 100%;\n}\n<\/style>\n\t<\/div>\n\t\n\n\n\t\t<\/div>\n\t\t\t\t\t<\/div>\n\n\t\n\n\t<div id=\"col-1488426740\" class=\"col medium-2 small-4 large-2\"  >\n\t\t\t\t<div class=\"col-inner\"  >\n\t\t\t\n\t\t\t\n\n\t<div class=\"img has-hover x md-x lg-x y md-y lg-y\" id=\"image_1132032367\">\n\t\t\t\t\t\t\t\t<div class=\"img-inner dark\" style=\"margin:0px 0px 0px 0px;\">\n\t\t\t<img loading=\"lazy\" decoding=\"async\" width=\"229\" height=\"64\" src=\"https:\/\/cnr.org.br\/concart2022\/site\/wp-content\/uploads\/2022\/05\/logo-sinoredi.png\" class=\"attachment-original size-original\" alt=\"\" \/>\t\t\t\t\t\t\n\t\t\t\t\t<\/div>\n\t\t\t\t\t\t\t\t\n<style>\n#image_1132032367 {\n  width: 100%;\n}\n<\/style>\n\t<\/div>\n\t\n\n\n\t\t<\/div>\n\t\t\t\t\t<\/div>\n\n\t\n\n<\/div>\n\n\t\t<\/div>\n\n\t\t\n<style>\n#section_468439772 {\n  padding-top: 93px;\n  padding-bottom: 93px;\n}\n<\/style>\n\t<\/section>\n\t\n\n","protected":false},"excerpt":{"rendered":"","protected":false},"author":1,"featured_media":0,"parent":0,"menu_order":0,"comment_status":"closed","ping_status":"closed","template":"page-blank.php","meta":{"footnotes":""},"class_list":["post-48","page","type-page","status-publish","hentry"],"_links":{"self":[{"href":"https:\/\/cnr.org.br\/concart2022\/site\/index.php\/wp-json\/wp\/v2\/pages\/48","targetHints":{"allow":["GET"]}}],"collection":[{"href":"https:\/\/cnr.org.br\/concart2022\/site\/index.php\/wp-json\/wp\/v2\/pages"}],"about":[{"href":"https:\/\/cnr.org.br\/concart2022\/site\/index.php\/wp-json\/wp\/v2\/types\/page"}],"author":[{"embeddable":true,"href":"https:\/\/cnr.org.br\/concart2022\/site\/index.php\/wp-json\/wp\/v2\/users\/1"}],"replies":[{"embeddable":true,"href":"https:\/\/cnr.org.br\/concart2022\/site\/index.php\/wp-json\/wp\/v2\/comments?post=48"}],"version-history":[{"count":11,"href":"https:\/\/cnr.org.br\/concart2022\/site\/index.php\/wp-json\/wp\/v2\/pages\/48\/revisions"}],"predecessor-version":[{"id":264,"href":"https:\/\/cnr.org.br\/concart2022\/site\/index.php\/wp-json\/wp\/v2\/pages\/48\/revisions\/264"}],"wp:attachment":[{"href":"https:\/\/cnr.org.br\/concart2022\/site\/index.php\/wp-json\/wp\/v2\/media?parent=48"}],"curies":[{"name":"wp","href":"https:\/\/api.w.org\/{rel}","templated":true}]}}