{"id":88694,"date":"2025-04-27T18:34:26","date_gmt":"2025-04-27T21:34:26","guid":{"rendered":"https:\/\/cnr.org.br\/novoportal\/?page_id=88694"},"modified":"2025-04-27T19:50:27","modified_gmt":"2025-04-27T22:50:27","slug":"a-cnr","status":"publish","type":"page","link":"https:\/\/cnr.org.br\/novoportal\/a-cnr\/","title":{"rendered":"A CNR"},"content":{"rendered":"<div id=\"dslc-theme-content\"><div id=\"dslc-theme-content-inner\"><div id=\"dslc-main\">\n<div  class=\"dslc-modules-section  dslc-valign-  dslc-halign- \" style=\"padding-bottom:15px;padding-top:15px;background-color:#eef3f9;background-repeat:no-repeat;background-position:center center;background-size:cover;\" data-section-id=\"4bee118d53d\">\n<div class=\"dslc-modules-section-wrapper dslc-clearfix\">\n<style type=\"text\/css\" id=\"dslca-modules-area-c4988c08618\">.dslc-modules-area[data-modules-area-id=\"c4988c08618\"] {:px;margin-bottom:0px;:px;border-width:0px;border-style:solid;border-top-style: hidden; border-right-style: hidden; border-bottom-style: hidden; border-left-style: hidden; }<\/style>\n<div  class=\"dslc-modules-area dslc-col dslc-12-col dslc-last-col dslc-valign-  dslc-halign- \" data-size=\"12\" data-valign=\"\" data-modules-area-id=\"c4988c08618\" >\n<div id=\"dslc-module-ef3da360efd\" class=\"dslc-module-front dslc-module-DSLC_Separator dslc-in-viewport-check dslc-in-viewport-anim-none  dslc-col dslc-12-col dslc-last-col  dslc-module-handle-like-regular \" data-module-id=\"ef3da360efd\" data-module=\"DSLC_Separator\" data-dslc-module-size=\"12\" data-dslc-anim=\"none\" data-dslc-anim-delay=\"0\" data-dslc-anim-duration=\"650\"  data-dslc-anim-easing=\"ease\" data-dslc-preset=\"none\" >\n<div class=\"dslc-separator-wrapper\">\n<div class=\"dslc-separator dslc-separator-style-invisible\">\n\t\t\t\t\t\t\t\t\t<\/div>\n<div><\/div>\n<\/p><\/div>\n<p><!-- .dslc-separator-wrapper --><\/p><\/div>\n<p><!-- .dslc-module --><\/p>\n<div id=\"dslc-module-7a18fbaf008\" class=\"dslc-module-front dslc-module-DSLC_Text_Simple dslc-in-viewport-check dslc-in-viewport-anim-none  dslc-col dslc-12-col dslc-last-col  dslc-module-handle-like-regular \" data-module-id=\"7a18fbaf008\" data-module=\"DSLC_Text_Simple\" data-dslc-module-size=\"12\" data-dslc-anim=\"none\" data-dslc-anim-delay=\"0\" data-dslc-anim-duration=\"650\"  data-dslc-anim-easing=\"ease\" data-dslc-preset=\"none\" >\n<div class=\"dslc-text-module-content\">\n<p><span style=\"color: #000000;\">INSTITUCIONAL<\/span> - A CNR<\/p>\n<\/p><\/div>\n<\/p><\/div>\n<p><!-- .dslc-module -->\n\t\t<\/div>\n<\/div>\n<\/div>\n<div  class=\"dslc-modules-section  dslc-valign-  dslc-halign- \" style=\"\" data-section-id=\"4bee118d53d\">\n<div class=\"dslc-modules-section-wrapper dslc-clearfix\">\n<style type=\"text\/css\" id=\"dslca-modules-area-021d0a5fe8a\">.dslc-modules-area[data-modules-area-id=\"021d0a5fe8a\"] {:px;margin-bottom:0px;:px;border-width:0px;border-style:solid;border-top-style: hidden; border-right-style: hidden; border-bottom-style: hidden; border-left-style: hidden; }<\/style>\n<div  class=\"dslc-modules-area dslc-col dslc-12-col dslc-last-col dslc-valign-  dslc-halign- \" data-size=\"12\" data-valign=\"\" data-modules-area-id=\"021d0a5fe8a\" >\n<div id=\"dslc-module-54402fbc270\" class=\"dslc-module-front dslc-module-DSLC_Text_Simple dslc-in-viewport-check dslc-in-viewport-anim-none  dslc-col dslc-12-col dslc-last-col  dslc-module-handle-like-regular \" data-module-id=\"54402fbc270\" data-module=\"DSLC_Text_Simple\" data-dslc-module-size=\"12\" data-dslc-anim=\"none\" data-dslc-anim-delay=\"0\" data-dslc-anim-duration=\"650\"  data-dslc-anim-easing=\"ease\" data-dslc-preset=\"none\" >\n<div class=\"dslc-text-module-content\">\n\t\t\tMais do que uma entidade de representa\u00e7\u00e3o, a CNR \u00e9 a voz de quem sustenta a seguran\u00e7a jur\u00eddica do Brasil. Nascemos do compromisso com Not\u00e1rios e Registradores, e crescemos com a convic\u00e7\u00e3o de que uma categoria unida transforma realidades, e estrutura na\u00e7\u00f5es.<\/p>\n<p>Nossa ambi\u00e7\u00e3o \u00e9 clara: ser reconhecida como for\u00e7a viva na defesa dos interesses da categoria, atuando como instrumento real de justi\u00e7a, equidade e organiza\u00e7\u00e3o social. Para isso, conectamos estados, mobilizamos sindicatos filiados e constru\u00edmos, juntos, uma categoria mais forte, moderna e presente.\t\t<\/p><\/div>\n<\/p><\/div>\n<p><!-- .dslc-module --><\/p>\n<div id=\"dslc-module-f845895d8b2\" class=\"dslc-module-front dslc-module-DSLC_Info_Box dslc-in-viewport-check dslc-in-viewport-anim-none  dslc-col dslc-4-col  dslc-module-handle-like-regular \" data-module-id=\"f845895d8b2\" data-module=\"DSLC_Info_Box\" data-dslc-module-size=\"4\" data-dslc-anim=\"none\" data-dslc-anim-delay=\"0\" data-dslc-anim-duration=\"650\"  data-dslc-anim-easing=\"ease\" data-dslc-preset=\"none\" >\n<div class=\"dslc-info-box dslc-info-box-icon-pos-above dslc-info-box-image-pos-above\">\n<div class=\"dslc-info-box-wrapper\">\n<div class=\"dslc-info-box-main-wrap dslc-clearfix\">\n<div class=\"dslc-info-box-image\">\n<div class=\"dslc-info-box-image-inner\">\n\t\t\t\t\t\t\t\t\t\t\t\t\t\t\t\t\t\t\t<span class=\"dslc-icon dslc-icon-check-circle-o\"><\/span>\n\t\t\t\t\t\t\t\t\t\t\t\t\t\t\t\t\t\t\t\t\t\t\t\t\t\t<\/div>\n<p><!-- .dslc-info-box-image-inner -->\n\t\t\t\t\t\t\t<\/div>\n<p><!-- .dslc-info-box-image --><\/p>\n<div class=\"dslc-info-box-main\">\n<div class=\"dslc-info-box-title\">\n<h4 >Miss\u00e3o<\/h4>\n<\/p><\/div>\n<p><!-- .dslc-info-box-title --><\/p>\n<div class=\"dslc-info-box-content\">\n\t\t\t\t\t\t\t\t\t\t\t\t\t\t\t\t\t\t\tFortalecer os la\u00e7os entre os sindicatos filiados, tornando-os mais preparados, mais articulados e mais efetivos nas frentes sindical, pol\u00edtica e social. Representar Not\u00e1rios e Registradores com excel\u00eancia, defender seus direitos com firmeza e garantir que cada membro se sinta amparado, respeitado e protagonista da pr\u00f3pria hist\u00f3ria.\t\t\t\t\t\t\t\t\t\t\t\t\t\t\t\t\t<\/div>\n<p><!-- .dslc-info-box-content --><\/p><\/div>\n<p><!-- .dslc-info-box-main --><\/p><\/div>\n<p><!-- .dslc-info-box-main-wrap --><\/p><\/div>\n<p><!-- .dslc-info-box-wrapper --><\/p><\/div>\n<p><!-- .dslc-info-box --><\/p><\/div>\n<p><!-- .dslc-module --><\/p>\n<div id=\"dslc-module-08h5k72ntk4\" class=\"dslc-module-front dslc-module-DSLC_Info_Box dslc-in-viewport-check dslc-in-viewport-anim-none  dslc-col dslc-4-col  dslc-module-handle-like-regular \" data-module-id=\"08h5k72ntk4\" data-module=\"DSLC_Info_Box\" data-dslc-module-size=\"4\" data-dslc-anim=\"none\" data-dslc-anim-delay=\"0\" data-dslc-anim-duration=\"650\"  data-dslc-anim-easing=\"ease\" data-dslc-preset=\"none\" >\n<div class=\"dslc-info-box dslc-info-box-icon-pos-above dslc-info-box-image-pos-above\">\n<div class=\"dslc-info-box-wrapper\">\n<div class=\"dslc-info-box-main-wrap dslc-clearfix\">\n<div class=\"dslc-info-box-image\">\n<div class=\"dslc-info-box-image-inner\">\n\t\t\t\t\t\t\t\t\t\t\t\t\t\t\t\t\t\t\t<span class=\"dslc-icon dslc-icon-check-circle-o\"><\/span>\n\t\t\t\t\t\t\t\t\t\t\t\t\t\t\t\t\t\t\t\t\t\t\t\t\t\t<\/div>\n<p><!-- .dslc-info-box-image-inner -->\n\t\t\t\t\t\t\t<\/div>\n<p><!-- .dslc-info-box-image --><\/p>\n<div class=\"dslc-info-box-main\">\n<div class=\"dslc-info-box-title\">\n<h4 >Valores<\/h4>\n<\/p><\/div>\n<p><!-- .dslc-info-box-title --><\/p>\n<div class=\"dslc-info-box-content\">\n\t\t\t\t\t\t\t\t\t\t\t\t\t\t\t\t\t\t\tA CNR se guia por princ\u00edpios que n\u00e3o se negociam:<\/p>\n<p><strong>Credibilidade<\/strong> \u00b7 <strong>\u00c9tica<\/strong> \u00b7 <strong>Imparcialidade<\/strong> \u00b7 <strong>Acessibilidade<\/strong> \u00b7 <strong>Modernidade<\/strong> \u00b7 <strong>Igualdade de g\u00eaneros<\/strong> \u00b7 <strong>Responsabilidade social<\/strong><\/p>\n<p>Esses valores n\u00e3o s\u00e3o ornamentos institucionais, s\u00e3o o alicerce de cada decis\u00e3o, cada posicionamento e cada conquista que constru\u00edmos ao lado da categoria.<\/p>\n<p><em>CNR \u2014 Representatividade que transforma.<\/em>\t\t\t\t\t\t\t\t\t\t\t\t\t\t\t\t\t<\/div>\n<p><!-- .dslc-info-box-content --><\/p><\/div>\n<p><!-- .dslc-info-box-main --><\/p><\/div>\n<p><!-- .dslc-info-box-main-wrap --><\/p><\/div>\n<p><!-- .dslc-info-box-wrapper --><\/p><\/div>\n<p><!-- .dslc-info-box --><\/p><\/div>\n<p><!-- .dslc-module --><\/p>\n<div id=\"dslc-module-1pf61ju9pfs\" class=\"dslc-module-front dslc-module-DSLC_Info_Box dslc-in-viewport-check dslc-in-viewport-anim-none  dslc-col dslc-4-col dslc-last-col  dslc-module-handle-like-regular \" data-module-id=\"1pf61ju9pfs\" data-module=\"DSLC_Info_Box\" data-dslc-module-size=\"4\" data-dslc-anim=\"none\" data-dslc-anim-delay=\"0\" data-dslc-anim-duration=\"650\"  data-dslc-anim-easing=\"ease\" data-dslc-preset=\"none\" >\n<div class=\"dslc-info-box dslc-info-box-icon-pos-above dslc-info-box-image-pos-above\">\n<div class=\"dslc-info-box-wrapper\">\n<div class=\"dslc-info-box-main-wrap dslc-clearfix\">\n<div class=\"dslc-info-box-image\">\n<div class=\"dslc-info-box-image-inner\">\n\t\t\t\t\t\t\t\t\t\t\t\t\t\t\t\t\t\t\t<span class=\"dslc-icon dslc-icon-check-circle-o\"><\/span>\n\t\t\t\t\t\t\t\t\t\t\t\t\t\t\t\t\t\t\t\t\t\t\t\t\t\t<\/div>\n<p><!-- .dslc-info-box-image-inner -->\n\t\t\t\t\t\t\t<\/div>\n<p><!-- .dslc-info-box-image --><\/p>\n<div class=\"dslc-info-box-main\">\n<div class=\"dslc-info-box-title\">\n<h4 >Objetivo<\/h4>\n<\/p><\/div>\n<p><!-- .dslc-info-box-title --><\/p>\n<div class=\"dslc-info-box-content\">\n<p class=\"title-page\"><span style=\"font-size: 16px;\">Tornar-se uma entidade cada vez mais representativa na defesa dos interesses dos Not\u00e1rios e Registradores, sendo reconhecida como instrumento efetivo de justi\u00e7a, equidade e organiza\u00e7\u00e3o social. Para isso, busca integrar as a\u00e7\u00f5es em todos os estados e trazer os sindicatos filiados para a luta por uma categoria forte e moderna.<\/span><\/p>\n<\/p><\/div>\n<p><!-- .dslc-info-box-content --><\/p><\/div>\n<p><!-- .dslc-info-box-main --><\/p><\/div>\n<p><!-- .dslc-info-box-main-wrap --><\/p><\/div>\n<p><!-- .dslc-info-box-wrapper --><\/p><\/div>\n<p><!-- .dslc-info-box --><\/p><\/div>\n<p><!-- .dslc-module -->\n\t\t<\/div>\n<\/div>\n<\/div>\n<\/div>\n<\/div><\/div>","protected":false},"excerpt":{"rendered":"<p>INSTITUCIONAL - A CNR Mais do que uma entidade de representa\u00e7\u00e3o, a CNR \u00e9 a voz de quem sustenta a seguran\u00e7a jur\u00eddica do Brasil. Nascemos do compromisso com Not\u00e1rios e Registradores, e crescemos com a convic\u00e7\u00e3o de que uma categoria unida transforma realidades, e estrutura na\u00e7\u00f5es. Nossa ambi\u00e7\u00e3o \u00e9 clara: ser reconhecida como for\u00e7a viva [&hellip;]<\/p>\n","protected":false},"author":2,"featured_media":0,"parent":0,"menu_order":0,"comment_status":"closed","ping_status":"closed","template":"","meta":{"footnotes":"","_links_to":"","_links_to_target":""},"class_list":["post-88694","page","type-page","status-publish","hentry"],"yoast_head":"<!-- This site is optimized with the Yoast SEO plugin v27.4 - https:\/\/yoast.com\/product\/yoast-seo-wordpress\/ -->\n<title>A CNR - CNR<\/title>\n<meta name=\"robots\" content=\"index, follow, max-snippet:-1, max-image-preview:large, max-video-preview:-1\" \/>\n<link rel=\"canonical\" href=\"https:\/\/cnr.org.br\/novoportal\/a-cnr\/\" \/>\n<meta property=\"og:locale\" content=\"pt_BR\" \/>\n<meta property=\"og:type\" content=\"article\" \/>\n<meta property=\"og:title\" content=\"A CNR - CNR\" \/>\n<meta property=\"og:description\" content=\"INSTITUCIONAL - A CNR Mais do que uma entidade de representa\u00e7\u00e3o, a CNR \u00e9 a voz de quem sustenta a seguran\u00e7a jur\u00eddica do Brasil. Nascemos do compromisso com Not\u00e1rios e Registradores, e crescemos com a convic\u00e7\u00e3o de que uma categoria unida transforma realidades, e estrutura na\u00e7\u00f5es. Nossa ambi\u00e7\u00e3o \u00e9 clara: ser reconhecida como for\u00e7a viva [&hellip;]\" \/>\n<meta property=\"og:url\" content=\"https:\/\/cnr.org.br\/novoportal\/a-cnr\/\" \/>\n<meta property=\"og:site_name\" content=\"CNR\" \/>\n<meta property=\"article:modified_time\" content=\"2025-04-27T22:50:27+00:00\" \/>\n<meta name=\"twitter:card\" content=\"summary_large_image\" \/>\n<meta name=\"twitter:label1\" content=\"Est. tempo de leitura\" \/>\n\t<meta name=\"twitter:data1\" content=\"1 minuto\" \/>\n<script type=\"application\/ld+json\" class=\"yoast-schema-graph\">{\"@context\":\"https:\\\/\\\/schema.org\",\"@graph\":[{\"@type\":\"WebPage\",\"@id\":\"https:\\\/\\\/cnr.org.br\\\/novoportal\\\/a-cnr\\\/\",\"url\":\"https:\\\/\\\/cnr.org.br\\\/novoportal\\\/a-cnr\\\/\",\"name\":\"A CNR - CNR\",\"isPartOf\":{\"@id\":\"https:\\\/\\\/cnr.org.br\\\/novoportal\\\/#website\"},\"datePublished\":\"2025-04-27T21:34:26+00:00\",\"dateModified\":\"2025-04-27T22:50:27+00:00\",\"breadcrumb\":{\"@id\":\"https:\\\/\\\/cnr.org.br\\\/novoportal\\\/a-cnr\\\/#breadcrumb\"},\"inLanguage\":\"pt-BR\",\"potentialAction\":[{\"@type\":\"ReadAction\",\"target\":[\"https:\\\/\\\/cnr.org.br\\\/novoportal\\\/a-cnr\\\/\"]}]},{\"@type\":\"BreadcrumbList\",\"@id\":\"https:\\\/\\\/cnr.org.br\\\/novoportal\\\/a-cnr\\\/#breadcrumb\",\"itemListElement\":[{\"@type\":\"ListItem\",\"position\":1,\"name\":\"In\u00edcio\",\"item\":\"https:\\\/\\\/cnr.org.br\\\/novoportal\\\/\"},{\"@type\":\"ListItem\",\"position\":2,\"name\":\"A CNR\"}]},{\"@type\":\"WebSite\",\"@id\":\"https:\\\/\\\/cnr.org.br\\\/novoportal\\\/#website\",\"url\":\"https:\\\/\\\/cnr.org.br\\\/novoportal\\\/\",\"name\":\"CNR\",\"description\":\"Confedera\u00e7\u00e3o Nacional de Not\u00e1rios e Registradores\",\"potentialAction\":[{\"@type\":\"SearchAction\",\"target\":{\"@type\":\"EntryPoint\",\"urlTemplate\":\"https:\\\/\\\/cnr.org.br\\\/novoportal\\\/?s={search_term_string}\"},\"query-input\":{\"@type\":\"PropertyValueSpecification\",\"valueRequired\":true,\"valueName\":\"search_term_string\"}}],\"inLanguage\":\"pt-BR\"}]}<\/script>\n<!-- \/ Yoast SEO plugin. -->","yoast_head_json":{"title":"A CNR - CNR","robots":{"index":"index","follow":"follow","max-snippet":"max-snippet:-1","max-image-preview":"max-image-preview:large","max-video-preview":"max-video-preview:-1"},"canonical":"https:\/\/cnr.org.br\/novoportal\/a-cnr\/","og_locale":"pt_BR","og_type":"article","og_title":"A CNR - CNR","og_description":"INSTITUCIONAL - A CNR Mais do que uma entidade de representa\u00e7\u00e3o, a CNR \u00e9 a voz de quem sustenta a seguran\u00e7a jur\u00eddica do Brasil. Nascemos do compromisso com Not\u00e1rios e Registradores, e crescemos com a convic\u00e7\u00e3o de que uma categoria unida transforma realidades, e estrutura na\u00e7\u00f5es. Nossa ambi\u00e7\u00e3o \u00e9 clara: ser reconhecida como for\u00e7a viva [&hellip;]","og_url":"https:\/\/cnr.org.br\/novoportal\/a-cnr\/","og_site_name":"CNR","article_modified_time":"2025-04-27T22:50:27+00:00","twitter_card":"summary_large_image","twitter_misc":{"Est. tempo de leitura":"1 minuto"},"schema":{"@context":"https:\/\/schema.org","@graph":[{"@type":"WebPage","@id":"https:\/\/cnr.org.br\/novoportal\/a-cnr\/","url":"https:\/\/cnr.org.br\/novoportal\/a-cnr\/","name":"A CNR - CNR","isPartOf":{"@id":"https:\/\/cnr.org.br\/novoportal\/#website"},"datePublished":"2025-04-27T21:34:26+00:00","dateModified":"2025-04-27T22:50:27+00:00","breadcrumb":{"@id":"https:\/\/cnr.org.br\/novoportal\/a-cnr\/#breadcrumb"},"inLanguage":"pt-BR","potentialAction":[{"@type":"ReadAction","target":["https:\/\/cnr.org.br\/novoportal\/a-cnr\/"]}]},{"@type":"BreadcrumbList","@id":"https:\/\/cnr.org.br\/novoportal\/a-cnr\/#breadcrumb","itemListElement":[{"@type":"ListItem","position":1,"name":"In\u00edcio","item":"https:\/\/cnr.org.br\/novoportal\/"},{"@type":"ListItem","position":2,"name":"A CNR"}]},{"@type":"WebSite","@id":"https:\/\/cnr.org.br\/novoportal\/#website","url":"https:\/\/cnr.org.br\/novoportal\/","name":"CNR","description":"Confedera\u00e7\u00e3o Nacional de Not\u00e1rios e Registradores","potentialAction":[{"@type":"SearchAction","target":{"@type":"EntryPoint","urlTemplate":"https:\/\/cnr.org.br\/novoportal\/?s={search_term_string}"},"query-input":{"@type":"PropertyValueSpecification","valueRequired":true,"valueName":"search_term_string"}}],"inLanguage":"pt-BR"}]}},"_links":{"self":[{"href":"https:\/\/cnr.org.br\/novoportal\/wp-json\/wp\/v2\/pages\/88694","targetHints":{"allow":["GET"]}}],"collection":[{"href":"https:\/\/cnr.org.br\/novoportal\/wp-json\/wp\/v2\/pages"}],"about":[{"href":"https:\/\/cnr.org.br\/novoportal\/wp-json\/wp\/v2\/types\/page"}],"author":[{"embeddable":true,"href":"https:\/\/cnr.org.br\/novoportal\/wp-json\/wp\/v2\/users\/2"}],"replies":[{"embeddable":true,"href":"https:\/\/cnr.org.br\/novoportal\/wp-json\/wp\/v2\/comments?post=88694"}],"version-history":[{"count":0,"href":"https:\/\/cnr.org.br\/novoportal\/wp-json\/wp\/v2\/pages\/88694\/revisions"}],"wp:attachment":[{"href":"https:\/\/cnr.org.br\/novoportal\/wp-json\/wp\/v2\/media?parent=88694"}],"curies":[{"name":"wp","href":"https:\/\/api.w.org\/{rel}","templated":true}]}}