{"id":88722,"date":"2025-05-23T14:17:13","date_gmt":"2025-05-23T17:17:13","guid":{"rendered":"https:\/\/cnr.org.br\/novoportal\/?page_id=88722"},"modified":"2025-05-23T14:17:13","modified_gmt":"2025-05-23T17:17:13","slug":"assessorias","status":"publish","type":"page","link":"https:\/\/cnr.org.br\/novoportal\/assessorias\/","title":{"rendered":"Assessorias"},"content":{"rendered":"<div id=\"dslc-theme-content\"><div id=\"dslc-theme-content-inner\"><div id=\"dslc-main\">\n<div  class=\"dslc-modules-section \" style=\"padding-bottom:15px;padding-top:15px;background-color:#eef3f9;background-repeat:no-repeat;background-position:center center;background-size:cover;\" data-section-id=\"35b8e1ac81a\">\n<div class=\"dslc-modules-section-wrapper dslc-clearfix\">\n<style type=\"text\/css\" id=\"dslca-modules-area-\"><\/style>\n<div  class=\"dslc-modules-area dslc-col dslc-12-col dslc-last-col dslc-valign- \" data-size=\"12\" data-valign=\"\" data-modules-area-id=\"\" >\n<div id=\"dslc-module-fd6533f9246\" class=\"dslc-module-front dslc-module-DSLC_Separator dslc-in-viewport-check dslc-in-viewport-anim-none  dslc-col dslc-12-col dslc-last-col  dslc-module-handle-like-regular \" data-module-id=\"fd6533f9246\" data-module=\"DSLC_Separator\" data-dslc-module-size=\"12\" data-dslc-anim=\"none\" data-dslc-anim-delay=\"0\" data-dslc-anim-duration=\"650\"  data-dslc-anim-easing=\"ease\" data-dslc-preset=\"none\" >\n<div class=\"dslc-separator-wrapper\">\n<div class=\"dslc-separator dslc-separator-style-invisible\">\n\t\t\t\t\t\t\t\t\t<\/div>\n<div><\/div>\n<\/p><\/div>\n<p><!-- .dslc-separator-wrapper --><\/p><\/div>\n<p><!-- .dslc-module --><\/p>\n<div id=\"dslc-module-68279dc2b4d\" class=\"dslc-module-front dslc-module-DSLC_Text_Simple dslc-in-viewport-check dslc-in-viewport-anim-none  dslc-col dslc-12-col dslc-last-col  dslc-module-handle-like-regular \" data-module-id=\"68279dc2b4d\" data-module=\"DSLC_Text_Simple\" data-dslc-module-size=\"12\" data-dslc-anim=\"none\" data-dslc-anim-delay=\"0\" data-dslc-anim-duration=\"650\"  data-dslc-anim-easing=\"ease\" data-dslc-preset=\"none\" >\n<div class=\"dslc-text-module-content\">\n<p><span style=\"color: #000000;\">ASSESSORIAS<\/span> - A CNR<\/p>\n<\/p><\/div>\n<\/p><\/div>\n<p><!-- .dslc-module -->\n\t\t<\/div>\n<\/div>\n<\/div>\n<div  class=\"dslc-modules-section \" style=\"padding-bottom:75px;padding-top:75px;\" data-section-id=\"320f12dce1e\">\n<div class=\"dslc-modules-section-wrapper dslc-clearfix\">\n<style type=\"text\/css\" id=\"dslca-modules-area-\"><\/style>\n<div  class=\"dslc-modules-area dslc-col dslc-12-col dslc-last-col dslc-valign- \" data-size=\"12\" data-valign=\"\" data-modules-area-id=\"\" >\n<div id=\"dslc-module-75af5a4ff67\" class=\"dslc-module-front dslc-module-DSLC_Text_Simple dslc-in-viewport-check dslc-in-viewport-anim-none  dslc-col dslc-12-col dslc-last-col  dslc-module-handle-like-regular \" data-module-id=\"75af5a4ff67\" data-module=\"DSLC_Text_Simple\" data-dslc-module-size=\"12\" data-dslc-anim=\"none\" data-dslc-anim-delay=\"0\" data-dslc-anim-duration=\"650\"  data-dslc-anim-easing=\"ease\" data-dslc-preset=\"none\" >\n<div class=\"dslc-text-module-content\">\n<p>Oferece atendimento no que concerne acompanhamento processual de\u00a0<a href=\"https:\/\/sigmaessays.com\/\">do my essay<\/a>\u00a0interesse dos sindicatos e de outras quest\u00f5es relativas aos Not\u00e1rios e Registradores, junto aos Tribunais Superiores situados na capital Federal, e, tamb\u00e9m, das a\u00e7\u00f5es que estejam tramitando em primeira inst\u00e2ncia. Tamb\u00e9m realiza pesquisas jurisprudenciais e doutrin\u00e1rias, bem como o servi\u00e7o de c\u00f3pia de ac\u00f3rd\u00e3os publicados e de protocolo de a\u00e7\u00f5es e recursos junto aos Tribunais Superiores.<\/p>\n<p>Entre em contato conosco:\u00a0<a href=\"mailto:imprensa@febranor.org.br\">imprensa@febranor.org.br<\/a>.<\/p>\n<p>A Assessoria Parlamentar da CNR faz o acompanhamento de mat\u00e9rias legislativas e outros assuntos de interesse da atividade notarial e de registro junto ao Poder Legislativo Federal.<\/p>\n<p>A Assessoria Parlamentar monitora mais de quinhentos projetos de lei e analisa o cen\u00e1rio pol\u00edtico com o objetivo de direcionar as melhores estrat\u00e9gias de atua\u00e7\u00e3o para atender aos interesses da Classe.<\/p>\n<p>O acompanhamento de todas as mat\u00e9rias \u00e9 realizado por meio dos canais competentes,\u00a0<a href=\"https:\/\/top-copywriting.com\/xyz-homework-review\/\">xyz homework answer key<\/a>\u00a0inclusive atrav\u00e9s de acompanhamento e participa\u00e7\u00e3o nos debates das comiss\u00f5es permanentes, mistas e especiais da C\u00e2mara e do Senado.<\/p>\n<p>Al\u00e9m disso, a assessoria mant\u00e9m contato direto com os parlamentares buscando a defesa dos interesses da institui\u00e7\u00e3o.<\/p>\n<p>A CNR conta com assist\u00eancia jur\u00eddica especializada para a elabora\u00e7\u00e3o de notas t\u00e9cnicas e pareceres pelos advogados.<\/p>\n<p><b>As notas t\u00e9cnicas s\u00e3o entregues em audi\u00eancias com os autores das proposi\u00e7\u00f5es, relatores dos projetos e outros parlamentares, para explicar o posicionamento da Classe sobre o assunto.<\/b><\/p>\n<p><b>S\u00e3o exemplos de atua\u00e7\u00e3o da Assessoria Parlamentar da CNR os projetos de lei e de emenda \u00e0 Constitui\u00e7\u00e3o sobre a imposi\u00e7\u00e3o de teto remunerat\u00f3rio \u00e0 atividade notarial e de registro, projeto de lei sobre o Registro Civil \u00danico (TSE), discuss\u00f5es do novo C\u00f3digo Comercial na comiss\u00e3o de juristas do Senado, projetos de lei sobre a contribui\u00e7\u00e3o sindical, entre outros<\/b><\/p>\n<ul>\n<li class=\"p2\">Assessorar a Presid\u00eancia da CNR em decis\u00f5es estrat\u00e9gicas e administrativas espec\u00edficas, por meio da elabora\u00e7\u00e3o de estudos, da formula\u00e7\u00e3o de pareceres e do tratamento e an\u00e1lise de informa\u00e7\u00f5es;<\/li>\n<li class=\"p2\">Coordenar, apoiar e monitorar o processo de Planejamento Estrat\u00e9gico da CNR;<\/li>\n<li class=\"p2\">Coordenar as reuni\u00f5es de Planejamento Estrat\u00e9gico;<\/li>\n<li class=\"p2\">Monitorar e apoiar o desenvolvimento dos indicadores estrat\u00e9gicos da CNR orientando a\u00e7\u00f5es corretivas em rela\u00e7\u00e3o aos objetivos estabelecidos;<\/li>\n<li class=\"p2\">Apoiar e\/ou coordenar o desenvolvimento de projetos estrat\u00e9gicos contidos no Plano Estrat\u00e9gico da CNR.<\/li>\n<\/ul>\n<p class=\"p1\"><span class=\"s1\">A\u00a0<strong>Assessoria Sindical<\/strong>, uma estrutura desenvolvida para facilitar a intera\u00e7\u00e3o entre a dire\u00e7\u00e3o da CNR e a sua base sindical. Tem como miss\u00e3o promover a intera\u00e7\u00e3o das Federa\u00e7\u00f5es e Sindicatos filiados e associados aos setores afins da CNR garantindo a satisfa\u00e7\u00e3o das necessidades e expectativas de todos e disseminar informa\u00e7\u00f5es que evidenciem a import\u00e2ncia da estrutura sindical na defesa da categoria.<\/span><\/p>\n<p class=\"p1\"><span class=\"s1\">Entre seus servi\u00e7os est\u00e3o:<\/span><\/p>\n<ul class=\"ul1\">\n<li class=\"li2\"><span class=\"s1\">A presta\u00e7\u00e3o de assist\u00eancia e orienta\u00e7\u00e3o administrativa aos sindicatos da base;<\/span><\/li>\n<li class=\"li2\"><span class=\"s1\">Orienta\u00e7\u00e3o na cria\u00e7\u00e3o de novas entidades sindicais, acompanhar a elabora\u00e7\u00e3o dos processos e sua tramita\u00e7\u00e3o junto aos \u00f3rg\u00e3os competentes;<\/span><\/li>\n<li class=\"li2\"><span class=\"s1\">Zelar pela legitimidade da representa\u00e7\u00e3o das categorias promovendo impugna\u00e7\u00f5es e recursos junto a \u00f3rg\u00e3os executivos e fiscais, em defesa do princ\u00edpio da unicidade sindical;<\/span><\/li>\n<li class=\"li2\"><span class=\"s1\">Estabelecer contatos junto aos \u00f3rg\u00e3os p\u00fablicos, privados e outros organismos, objetivando facilitar os interesses das Federa\u00e7\u00f5es e Sindicatos da base;<\/span><\/li>\n<li class=\"li2\"><span class=\"s1\">Consultoria em Conven\u00e7\u00f5es Coletivas do Trabalho;<\/span><\/li>\n<li class=\"li2\"><span class=\"s1\">Divulga\u00e7\u00e3o de publica\u00e7\u00f5es do interesse das categorias;<\/span><\/li>\n<li class=\"li2\"><span class=\"s1\">Consultoria nos processos de elei\u00e7\u00e3o na base sindical;<\/span><\/li>\n<li class=\"li2\"><span class=\"s1\">Promo\u00e7\u00e3o de a\u00e7\u00f5es de fortalecimento da estrutura sindical tais como: Ciclo de Palestras; Benchmarking;<\/span><\/li>\n<li class=\"li2\"><span class=\"s1\">Forma\u00e7\u00e3o de lideran\u00e7as sindicais;<\/span><\/li>\n<li class=\"li2\"><span class=\"s1\">Consultoria organizacional;<\/span><\/li>\n<li class=\"li2\"><span class=\"s1\">A\u00e7\u00f5es junto ao empresariado sobre a import\u00e2ncia da participa\u00e7\u00e3o ativa nas entidades sindicais.<\/span><\/li>\n<\/ul>\n<p class=\"p1\"><span class=\"s1\">A\u00a0<strong>Assessoria Tribut\u00e1ria<\/strong>\u00a0tem como atribui\u00e7\u00e3o o acompanhamento das pol\u00edticas tribut\u00e1ria e fiscal, analisar os efeitos dessas pol\u00edticas sobre as atividades do com\u00e9rcio de bens, servi\u00e7os e turismo e gerar informa\u00e7\u00f5es para dar suporte \u00e0s a\u00e7\u00f5es institucionais necess\u00e1rias.<\/span><\/p>\n<ul class=\"ul1\">\n<li class=\"li2\"><span class=\"s1\">Estudar e propor pol\u00edticas de incentivos fiscais, de consolida\u00e7\u00e3o, adequa\u00e7\u00e3o e simplifica\u00e7\u00e3o da legisla\u00e7\u00e3o tribut\u00e1ria;<\/span><\/li>\n<li class=\"li2\"><span class=\"s1\">Propor e formular a\u00e7\u00f5es esclarecedoras aos empres\u00e1rios acerca dos procedimentos fiscais, mantendo-os atualizados quanto \u00e0 legisla\u00e7\u00e3o tribut\u00e1ria;<\/span><\/li>\n<li class=\"li2\"><span class=\"s1\">Assistir a Presid\u00eancia, nos assuntos de natureza tribut\u00e1ria e fiscal.<\/span><\/li>\n<\/ul>\n<p>Divulgar para os associados, parlamentares e entidades afins fatos do dia-a-dia da Confedera\u00e7\u00e3o e demais mat\u00e9rias de interesse da categoria dos Not\u00e1rios e Registradores. Entre as atividades desempenhadas, pode-se citar: edi\u00e7\u00e3o de jornal, confec\u00e7\u00e3o de boletim, informes di\u00e1rios e releases para a m\u00eddia, al\u00e9m de atendimento \u00e0 imprensa, realiza\u00e7\u00e3o de entrevistas, participa\u00e7\u00e3o em eventos, clipping, elabora\u00e7\u00e3o de relat\u00f3rios, textos para folders, revis\u00e3o de textos etc.<\/p>\n<p>Entre em contato conosco:\u00a0<a href=\"mailto:imprensa@febranor.org.br\">imprensa@febranor.org.br<\/a>.<\/p>\n<\/p><\/div>\n<\/p><\/div>\n<p><!-- .dslc-module -->\n\t\t<\/div>\n<\/div>\n<\/div>\n<\/div>\n<\/div><\/div>","protected":false},"excerpt":{"rendered":"<p>ASSESSORIAS - A CNR Oferece atendimento no que concerne acompanhamento processual de\u00a0do my essay\u00a0interesse dos sindicatos e de outras quest\u00f5es relativas aos Not\u00e1rios e Registradores, junto aos Tribunais Superiores situados na capital Federal, e, tamb\u00e9m, das a\u00e7\u00f5es que estejam tramitando em primeira inst\u00e2ncia. Tamb\u00e9m realiza pesquisas jurisprudenciais e doutrin\u00e1rias, bem como o servi\u00e7o de c\u00f3pia [&hellip;]<\/p>\n","protected":false},"author":8,"featured_media":0,"parent":0,"menu_order":0,"comment_status":"closed","ping_status":"closed","template":"","meta":{"footnotes":"","_links_to":"","_links_to_target":""},"class_list":["post-88722","page","type-page","status-publish","hentry"],"yoast_head":"<!-- This site is optimized with the Yoast SEO plugin v27.4 - https:\/\/yoast.com\/product\/yoast-seo-wordpress\/ -->\n<title>Assessorias - CNR<\/title>\n<meta name=\"robots\" content=\"index, follow, max-snippet:-1, max-image-preview:large, max-video-preview:-1\" \/>\n<link rel=\"canonical\" href=\"https:\/\/cnr.org.br\/novoportal\/assessorias\/\" \/>\n<meta property=\"og:locale\" content=\"pt_BR\" \/>\n<meta property=\"og:type\" content=\"article\" \/>\n<meta property=\"og:title\" content=\"Assessorias - CNR\" \/>\n<meta property=\"og:description\" content=\"ASSESSORIAS - A CNR Oferece atendimento no que concerne acompanhamento processual de\u00a0do my essay\u00a0interesse dos sindicatos e de outras quest\u00f5es relativas aos Not\u00e1rios e Registradores, junto aos Tribunais Superiores situados na capital Federal, e, tamb\u00e9m, das a\u00e7\u00f5es que estejam tramitando em primeira inst\u00e2ncia. Tamb\u00e9m realiza pesquisas jurisprudenciais e doutrin\u00e1rias, bem como o servi\u00e7o de c\u00f3pia [&hellip;]\" \/>\n<meta property=\"og:url\" content=\"https:\/\/cnr.org.br\/novoportal\/assessorias\/\" \/>\n<meta property=\"og:site_name\" content=\"CNR\" \/>\n<meta name=\"twitter:card\" content=\"summary_large_image\" \/>\n<script type=\"application\/ld+json\" class=\"yoast-schema-graph\">{\"@context\":\"https:\\\/\\\/schema.org\",\"@graph\":[{\"@type\":\"WebPage\",\"@id\":\"https:\\\/\\\/cnr.org.br\\\/novoportal\\\/assessorias\\\/\",\"url\":\"https:\\\/\\\/cnr.org.br\\\/novoportal\\\/assessorias\\\/\",\"name\":\"Assessorias - CNR\",\"isPartOf\":{\"@id\":\"https:\\\/\\\/cnr.org.br\\\/novoportal\\\/#website\"},\"datePublished\":\"2025-05-23T17:17:13+00:00\",\"breadcrumb\":{\"@id\":\"https:\\\/\\\/cnr.org.br\\\/novoportal\\\/assessorias\\\/#breadcrumb\"},\"inLanguage\":\"pt-BR\",\"potentialAction\":[{\"@type\":\"ReadAction\",\"target\":[\"https:\\\/\\\/cnr.org.br\\\/novoportal\\\/assessorias\\\/\"]}]},{\"@type\":\"BreadcrumbList\",\"@id\":\"https:\\\/\\\/cnr.org.br\\\/novoportal\\\/assessorias\\\/#breadcrumb\",\"itemListElement\":[{\"@type\":\"ListItem\",\"position\":1,\"name\":\"In\u00edcio\",\"item\":\"https:\\\/\\\/cnr.org.br\\\/novoportal\\\/\"},{\"@type\":\"ListItem\",\"position\":2,\"name\":\"Assessorias\"}]},{\"@type\":\"WebSite\",\"@id\":\"https:\\\/\\\/cnr.org.br\\\/novoportal\\\/#website\",\"url\":\"https:\\\/\\\/cnr.org.br\\\/novoportal\\\/\",\"name\":\"CNR\",\"description\":\"Confedera\u00e7\u00e3o Nacional de Not\u00e1rios e Registradores\",\"potentialAction\":[{\"@type\":\"SearchAction\",\"target\":{\"@type\":\"EntryPoint\",\"urlTemplate\":\"https:\\\/\\\/cnr.org.br\\\/novoportal\\\/?s={search_term_string}\"},\"query-input\":{\"@type\":\"PropertyValueSpecification\",\"valueRequired\":true,\"valueName\":\"search_term_string\"}}],\"inLanguage\":\"pt-BR\"}]}<\/script>\n<!-- \/ Yoast SEO plugin. -->","yoast_head_json":{"title":"Assessorias - CNR","robots":{"index":"index","follow":"follow","max-snippet":"max-snippet:-1","max-image-preview":"max-image-preview:large","max-video-preview":"max-video-preview:-1"},"canonical":"https:\/\/cnr.org.br\/novoportal\/assessorias\/","og_locale":"pt_BR","og_type":"article","og_title":"Assessorias - CNR","og_description":"ASSESSORIAS - A CNR Oferece atendimento no que concerne acompanhamento processual de\u00a0do my essay\u00a0interesse dos sindicatos e de outras quest\u00f5es relativas aos Not\u00e1rios e Registradores, junto aos Tribunais Superiores situados na capital Federal, e, tamb\u00e9m, das a\u00e7\u00f5es que estejam tramitando em primeira inst\u00e2ncia. Tamb\u00e9m realiza pesquisas jurisprudenciais e doutrin\u00e1rias, bem como o servi\u00e7o de c\u00f3pia [&hellip;]","og_url":"https:\/\/cnr.org.br\/novoportal\/assessorias\/","og_site_name":"CNR","twitter_card":"summary_large_image","schema":{"@context":"https:\/\/schema.org","@graph":[{"@type":"WebPage","@id":"https:\/\/cnr.org.br\/novoportal\/assessorias\/","url":"https:\/\/cnr.org.br\/novoportal\/assessorias\/","name":"Assessorias - CNR","isPartOf":{"@id":"https:\/\/cnr.org.br\/novoportal\/#website"},"datePublished":"2025-05-23T17:17:13+00:00","breadcrumb":{"@id":"https:\/\/cnr.org.br\/novoportal\/assessorias\/#breadcrumb"},"inLanguage":"pt-BR","potentialAction":[{"@type":"ReadAction","target":["https:\/\/cnr.org.br\/novoportal\/assessorias\/"]}]},{"@type":"BreadcrumbList","@id":"https:\/\/cnr.org.br\/novoportal\/assessorias\/#breadcrumb","itemListElement":[{"@type":"ListItem","position":1,"name":"In\u00edcio","item":"https:\/\/cnr.org.br\/novoportal\/"},{"@type":"ListItem","position":2,"name":"Assessorias"}]},{"@type":"WebSite","@id":"https:\/\/cnr.org.br\/novoportal\/#website","url":"https:\/\/cnr.org.br\/novoportal\/","name":"CNR","description":"Confedera\u00e7\u00e3o Nacional de Not\u00e1rios e Registradores","potentialAction":[{"@type":"SearchAction","target":{"@type":"EntryPoint","urlTemplate":"https:\/\/cnr.org.br\/novoportal\/?s={search_term_string}"},"query-input":{"@type":"PropertyValueSpecification","valueRequired":true,"valueName":"search_term_string"}}],"inLanguage":"pt-BR"}]}},"_links":{"self":[{"href":"https:\/\/cnr.org.br\/novoportal\/wp-json\/wp\/v2\/pages\/88722","targetHints":{"allow":["GET"]}}],"collection":[{"href":"https:\/\/cnr.org.br\/novoportal\/wp-json\/wp\/v2\/pages"}],"about":[{"href":"https:\/\/cnr.org.br\/novoportal\/wp-json\/wp\/v2\/types\/page"}],"author":[{"embeddable":true,"href":"https:\/\/cnr.org.br\/novoportal\/wp-json\/wp\/v2\/users\/8"}],"replies":[{"embeddable":true,"href":"https:\/\/cnr.org.br\/novoportal\/wp-json\/wp\/v2\/comments?post=88722"}],"version-history":[{"count":0,"href":"https:\/\/cnr.org.br\/novoportal\/wp-json\/wp\/v2\/pages\/88722\/revisions"}],"wp:attachment":[{"href":"https:\/\/cnr.org.br\/novoportal\/wp-json\/wp\/v2\/media?parent=88722"}],"curies":[{"name":"wp","href":"https:\/\/api.w.org\/{rel}","templated":true}]}}