{"id":88726,"date":"2025-05-23T14:25:36","date_gmt":"2025-05-23T17:25:36","guid":{"rendered":"https:\/\/cnr.org.br\/novoportal\/?page_id=88726"},"modified":"2025-05-23T14:25:36","modified_gmt":"2025-05-23T17:25:36","slug":"federacoes","status":"publish","type":"page","link":"https:\/\/cnr.org.br\/novoportal\/federacoes\/","title":{"rendered":"Federa\u00e7\u00f5es"},"content":{"rendered":"<div id=\"dslc-theme-content\"><div id=\"dslc-theme-content-inner\"><div id=\"dslc-main\">\n<div  class=\"dslc-modules-section \" style=\"padding-bottom:15px;padding-top:15px;background-color:#eef3f9;background-repeat:no-repeat;background-position:center center;background-size:cover;\" data-section-id=\"257d6c4d1e3\">\n<div class=\"dslc-modules-section-wrapper dslc-clearfix\">\n<style type=\"text\/css\" id=\"dslca-modules-area-\"><\/style>\n<div  class=\"dslc-modules-area dslc-col dslc-12-col dslc-last-col dslc-valign- \" data-size=\"12\" data-valign=\"\" data-modules-area-id=\"\" >\n<div id=\"dslc-module-491cbf224e2\" class=\"dslc-module-front dslc-module-DSLC_Separator dslc-in-viewport-check dslc-in-viewport-anim-none  dslc-col dslc-12-col dslc-last-col  dslc-module-handle-like-regular \" data-module-id=\"491cbf224e2\" data-module=\"DSLC_Separator\" data-dslc-module-size=\"12\" data-dslc-anim=\"none\" data-dslc-anim-delay=\"0\" data-dslc-anim-duration=\"650\"  data-dslc-anim-easing=\"ease\" data-dslc-preset=\"none\" >\n<div class=\"dslc-separator-wrapper\">\n<div class=\"dslc-separator dslc-separator-style-invisible\">\n\t\t\t\t\t\t\t\t\t<\/div>\n<div><\/div>\n<\/p><\/div>\n<p><!-- .dslc-separator-wrapper --><\/p><\/div>\n<p><!-- .dslc-module --><\/p>\n<div id=\"dslc-module-9b02e773bbf\" class=\"dslc-module-front dslc-module-DSLC_Text_Simple dslc-in-viewport-check dslc-in-viewport-anim-none  dslc-col dslc-12-col dslc-last-col  dslc-module-handle-like-regular \" data-module-id=\"9b02e773bbf\" data-module=\"DSLC_Text_Simple\" data-dslc-module-size=\"12\" data-dslc-anim=\"none\" data-dslc-anim-delay=\"0\" data-dslc-anim-duration=\"650\"  data-dslc-anim-easing=\"ease\" data-dslc-preset=\"none\" >\n<div class=\"dslc-text-module-content\">\n<p><span style=\"color: #000000;\">ENTIDADES FILIADAS<\/span>\u00a0- Federa\u00e7\u00f5es<\/p>\n<\/p><\/div>\n<\/p><\/div>\n<p><!-- .dslc-module -->\n\t\t<\/div>\n<\/div>\n<\/div>\n<div  class=\"dslc-modules-section \" style=\"padding-bottom:75px;padding-top:75px;\" data-section-id=\"d8854460ed0\">\n<div class=\"dslc-modules-section-wrapper dslc-clearfix\">\n<style type=\"text\/css\" id=\"dslca-modules-area-\"><\/style>\n<div  class=\"dslc-modules-area dslc-col dslc-12-col dslc-last-col dslc-valign- \" data-size=\"12\" data-valign=\"\" data-modules-area-id=\"\" >\n<div id=\"dslc-module-71d12d16939\" class=\"dslc-module-front dslc-module-DSLC_Text_Simple dslc-in-viewport-check dslc-in-viewport-anim-none  dslc-col dslc-12-col dslc-last-col  dslc-module-handle-like-regular \" data-module-id=\"71d12d16939\" data-module=\"DSLC_Text_Simple\" data-dslc-module-size=\"12\" data-dslc-anim=\"none\" data-dslc-anim-delay=\"0\" data-dslc-anim-duration=\"650\"  data-dslc-anim-easing=\"ease\" data-dslc-preset=\"none\" >\n<div class=\"dslc-text-module-content\">\n<p><strong>FEBRANOR \u2013 FEDERA\u00c7\u00c3O BRASILEIRA DE NOT\u00c1RIOS E REGISTRADORES<\/strong><br \/>Presidente: ROG\u00c9RIO PORTUGAL BACELLAR<br \/>Telefone: (61) 3201-1172 \/ (61) 3963-1555<\/p>\n<p><strong>FINNOTAR \u2013 FEDERA\u00c7\u00c3O INTERESTADUAL DOS NOT\u00c1RIOS E REGISTRADORES DOS ESTADOS DE ALAGOAS, AMAZONAS, CEAR\u00c1, MATO<\/strong>\u00a0<strong>GROSSO E MATO GROSSO DO SUL<\/strong><br \/>Presidente: JOSE MARCELO DE CASTRO LIMA FILHO<br \/>Telefone: (61) 3201-1172<\/p>\n<p><strong>FINORSC \u2013 FEDERA\u00c7\u00c3O INTERESTADUAL DOS NOT\u00c1RIOS E REGISTRADORES DO SUDESTE E CENTRO OESTE<\/strong><br \/>Presidente: Renaldo Andrade\u00a0Bussi\u00e8re<br \/>Telefone: (61) 3201-1172<\/p>\n<\/p><\/div>\n<\/p><\/div>\n<p><!-- .dslc-module -->\n\t\t<\/div>\n<\/div>\n<\/div>\n<\/div>\n<\/div><\/div>","protected":false},"excerpt":{"rendered":"<p>ENTIDADES FILIADAS\u00a0- Federa\u00e7\u00f5es FEBRANOR \u2013 FEDERA\u00c7\u00c3O BRASILEIRA DE NOT\u00c1RIOS E REGISTRADORESPresidente: ROG\u00c9RIO PORTUGAL BACELLARTelefone: (61) 3201-1172 \/ (61) 3963-1555 FINNOTAR \u2013 FEDERA\u00c7\u00c3O INTERESTADUAL DOS NOT\u00c1RIOS E REGISTRADORES DOS ESTADOS DE ALAGOAS, AMAZONAS, CEAR\u00c1, MATO\u00a0GROSSO E MATO GROSSO DO SULPresidente: JOSE MARCELO DE CASTRO LIMA FILHOTelefone: (61) 3201-1172 FINORSC \u2013 FEDERA\u00c7\u00c3O INTERESTADUAL DOS NOT\u00c1RIOS E REGISTRADORES [&hellip;]<\/p>\n","protected":false},"author":8,"featured_media":0,"parent":0,"menu_order":0,"comment_status":"closed","ping_status":"closed","template":"","meta":{"footnotes":"","_links_to":"","_links_to_target":""},"class_list":["post-88726","page","type-page","status-publish","hentry"],"yoast_head":"<!-- This site is optimized with the Yoast SEO plugin v27.4 - https:\/\/yoast.com\/product\/yoast-seo-wordpress\/ -->\n<title>Federa\u00e7\u00f5es - CNR<\/title>\n<meta name=\"robots\" content=\"index, follow, max-snippet:-1, max-image-preview:large, max-video-preview:-1\" \/>\n<link rel=\"canonical\" href=\"https:\/\/cnr.org.br\/novoportal\/federacoes\/\" \/>\n<meta property=\"og:locale\" content=\"pt_BR\" \/>\n<meta property=\"og:type\" content=\"article\" \/>\n<meta property=\"og:title\" content=\"Federa\u00e7\u00f5es - CNR\" \/>\n<meta property=\"og:description\" content=\"ENTIDADES FILIADAS\u00a0- Federa\u00e7\u00f5es FEBRANOR \u2013 FEDERA\u00c7\u00c3O BRASILEIRA DE NOT\u00c1RIOS E REGISTRADORESPresidente: ROG\u00c9RIO PORTUGAL BACELLARTelefone: (61) 3201-1172 \/ (61) 3963-1555 FINNOTAR \u2013 FEDERA\u00c7\u00c3O INTERESTADUAL DOS NOT\u00c1RIOS E REGISTRADORES DOS ESTADOS DE ALAGOAS, AMAZONAS, CEAR\u00c1, MATO\u00a0GROSSO E MATO GROSSO DO SULPresidente: JOSE MARCELO DE CASTRO LIMA FILHOTelefone: (61) 3201-1172 FINORSC \u2013 FEDERA\u00c7\u00c3O INTERESTADUAL DOS NOT\u00c1RIOS E REGISTRADORES [&hellip;]\" \/>\n<meta property=\"og:url\" content=\"https:\/\/cnr.org.br\/novoportal\/federacoes\/\" \/>\n<meta property=\"og:site_name\" content=\"CNR\" \/>\n<meta name=\"twitter:card\" content=\"summary_large_image\" \/>\n<script type=\"application\/ld+json\" class=\"yoast-schema-graph\">{\"@context\":\"https:\\\/\\\/schema.org\",\"@graph\":[{\"@type\":\"WebPage\",\"@id\":\"https:\\\/\\\/cnr.org.br\\\/novoportal\\\/federacoes\\\/\",\"url\":\"https:\\\/\\\/cnr.org.br\\\/novoportal\\\/federacoes\\\/\",\"name\":\"Federa\u00e7\u00f5es - CNR\",\"isPartOf\":{\"@id\":\"https:\\\/\\\/cnr.org.br\\\/novoportal\\\/#website\"},\"datePublished\":\"2025-05-23T17:25:36+00:00\",\"breadcrumb\":{\"@id\":\"https:\\\/\\\/cnr.org.br\\\/novoportal\\\/federacoes\\\/#breadcrumb\"},\"inLanguage\":\"pt-BR\",\"potentialAction\":[{\"@type\":\"ReadAction\",\"target\":[\"https:\\\/\\\/cnr.org.br\\\/novoportal\\\/federacoes\\\/\"]}]},{\"@type\":\"BreadcrumbList\",\"@id\":\"https:\\\/\\\/cnr.org.br\\\/novoportal\\\/federacoes\\\/#breadcrumb\",\"itemListElement\":[{\"@type\":\"ListItem\",\"position\":1,\"name\":\"In\u00edcio\",\"item\":\"https:\\\/\\\/cnr.org.br\\\/novoportal\\\/\"},{\"@type\":\"ListItem\",\"position\":2,\"name\":\"Federa\u00e7\u00f5es\"}]},{\"@type\":\"WebSite\",\"@id\":\"https:\\\/\\\/cnr.org.br\\\/novoportal\\\/#website\",\"url\":\"https:\\\/\\\/cnr.org.br\\\/novoportal\\\/\",\"name\":\"CNR\",\"description\":\"Confedera\u00e7\u00e3o Nacional de Not\u00e1rios e Registradores\",\"potentialAction\":[{\"@type\":\"SearchAction\",\"target\":{\"@type\":\"EntryPoint\",\"urlTemplate\":\"https:\\\/\\\/cnr.org.br\\\/novoportal\\\/?s={search_term_string}\"},\"query-input\":{\"@type\":\"PropertyValueSpecification\",\"valueRequired\":true,\"valueName\":\"search_term_string\"}}],\"inLanguage\":\"pt-BR\"}]}<\/script>\n<!-- \/ Yoast SEO plugin. -->","yoast_head_json":{"title":"Federa\u00e7\u00f5es - CNR","robots":{"index":"index","follow":"follow","max-snippet":"max-snippet:-1","max-image-preview":"max-image-preview:large","max-video-preview":"max-video-preview:-1"},"canonical":"https:\/\/cnr.org.br\/novoportal\/federacoes\/","og_locale":"pt_BR","og_type":"article","og_title":"Federa\u00e7\u00f5es - CNR","og_description":"ENTIDADES FILIADAS\u00a0- Federa\u00e7\u00f5es FEBRANOR \u2013 FEDERA\u00c7\u00c3O BRASILEIRA DE NOT\u00c1RIOS E REGISTRADORESPresidente: ROG\u00c9RIO PORTUGAL BACELLARTelefone: (61) 3201-1172 \/ (61) 3963-1555 FINNOTAR \u2013 FEDERA\u00c7\u00c3O INTERESTADUAL DOS NOT\u00c1RIOS E REGISTRADORES DOS ESTADOS DE ALAGOAS, AMAZONAS, CEAR\u00c1, MATO\u00a0GROSSO E MATO GROSSO DO SULPresidente: JOSE MARCELO DE CASTRO LIMA FILHOTelefone: (61) 3201-1172 FINORSC \u2013 FEDERA\u00c7\u00c3O INTERESTADUAL DOS NOT\u00c1RIOS E REGISTRADORES [&hellip;]","og_url":"https:\/\/cnr.org.br\/novoportal\/federacoes\/","og_site_name":"CNR","twitter_card":"summary_large_image","schema":{"@context":"https:\/\/schema.org","@graph":[{"@type":"WebPage","@id":"https:\/\/cnr.org.br\/novoportal\/federacoes\/","url":"https:\/\/cnr.org.br\/novoportal\/federacoes\/","name":"Federa\u00e7\u00f5es - CNR","isPartOf":{"@id":"https:\/\/cnr.org.br\/novoportal\/#website"},"datePublished":"2025-05-23T17:25:36+00:00","breadcrumb":{"@id":"https:\/\/cnr.org.br\/novoportal\/federacoes\/#breadcrumb"},"inLanguage":"pt-BR","potentialAction":[{"@type":"ReadAction","target":["https:\/\/cnr.org.br\/novoportal\/federacoes\/"]}]},{"@type":"BreadcrumbList","@id":"https:\/\/cnr.org.br\/novoportal\/federacoes\/#breadcrumb","itemListElement":[{"@type":"ListItem","position":1,"name":"In\u00edcio","item":"https:\/\/cnr.org.br\/novoportal\/"},{"@type":"ListItem","position":2,"name":"Federa\u00e7\u00f5es"}]},{"@type":"WebSite","@id":"https:\/\/cnr.org.br\/novoportal\/#website","url":"https:\/\/cnr.org.br\/novoportal\/","name":"CNR","description":"Confedera\u00e7\u00e3o Nacional de Not\u00e1rios e Registradores","potentialAction":[{"@type":"SearchAction","target":{"@type":"EntryPoint","urlTemplate":"https:\/\/cnr.org.br\/novoportal\/?s={search_term_string}"},"query-input":{"@type":"PropertyValueSpecification","valueRequired":true,"valueName":"search_term_string"}}],"inLanguage":"pt-BR"}]}},"_links":{"self":[{"href":"https:\/\/cnr.org.br\/novoportal\/wp-json\/wp\/v2\/pages\/88726","targetHints":{"allow":["GET"]}}],"collection":[{"href":"https:\/\/cnr.org.br\/novoportal\/wp-json\/wp\/v2\/pages"}],"about":[{"href":"https:\/\/cnr.org.br\/novoportal\/wp-json\/wp\/v2\/types\/page"}],"author":[{"embeddable":true,"href":"https:\/\/cnr.org.br\/novoportal\/wp-json\/wp\/v2\/users\/8"}],"replies":[{"embeddable":true,"href":"https:\/\/cnr.org.br\/novoportal\/wp-json\/wp\/v2\/comments?post=88726"}],"version-history":[{"count":0,"href":"https:\/\/cnr.org.br\/novoportal\/wp-json\/wp\/v2\/pages\/88726\/revisions"}],"wp:attachment":[{"href":"https:\/\/cnr.org.br\/novoportal\/wp-json\/wp\/v2\/media?parent=88726"}],"curies":[{"name":"wp","href":"https:\/\/api.w.org\/{rel}","templated":true}]}}