{"id":88728,"date":"2025-05-23T14:29:03","date_gmt":"2025-05-23T17:29:03","guid":{"rendered":"https:\/\/cnr.org.br\/novoportal\/?page_id=88728"},"modified":"2025-05-23T14:29:03","modified_gmt":"2025-05-23T17:29:03","slug":"sindicatos","status":"publish","type":"page","link":"https:\/\/cnr.org.br\/novoportal\/sindicatos\/","title":{"rendered":"Sindicatos"},"content":{"rendered":"<div id=\"dslc-theme-content\"><div id=\"dslc-theme-content-inner\"><div id=\"dslc-main\">\n<div  class=\"dslc-modules-section  dslc-valign-  dslc-halign- \" style=\"padding-bottom:15px;padding-top:15px;background-color:#eef3f9;background-repeat:no-repeat;background-position:center center;background-size:cover;\" data-section-id=\"0f5a4b2b51e\">\n<div class=\"dslc-modules-section-wrapper dslc-clearfix\">\n<style type=\"text\/css\" id=\"dslca-modules-area-e55007d1436\">.dslc-modules-area[data-modules-area-id=\"e55007d1436\"] {:px;margin-bottom:0px;:px;border-width:0px;border-style:solid;border-top-style: hidden; border-right-style: hidden; border-bottom-style: hidden; border-left-style: hidden; }<\/style>\n<div  class=\"dslc-modules-area dslc-col dslc-12-col dslc-last-col dslc-valign-  dslc-halign- \" data-size=\"12\" data-valign=\"\" data-modules-area-id=\"e55007d1436\" >\n<div id=\"dslc-module-de3557708ed\" class=\"dslc-module-front dslc-module-DSLC_Separator dslc-in-viewport-check dslc-in-viewport-anim-none  dslc-col dslc-12-col dslc-last-col  dslc-module-handle-like-regular \" data-module-id=\"de3557708ed\" data-module=\"DSLC_Separator\" data-dslc-module-size=\"12\" data-dslc-anim=\"none\" data-dslc-anim-delay=\"0\" data-dslc-anim-duration=\"650\"  data-dslc-anim-easing=\"ease\" data-dslc-preset=\"none\" >\n<div class=\"dslc-separator-wrapper\">\n<div class=\"dslc-separator dslc-separator-style-invisible\">\n\t\t\t\t\t\t\t\t\t<\/div>\n<div><\/div>\n<\/p><\/div>\n<p><!-- .dslc-separator-wrapper --><\/p><\/div>\n<p><!-- .dslc-module --><\/p>\n<div id=\"dslc-module-f5ffdfa5f87\" class=\"dslc-module-front dslc-module-DSLC_Text_Simple dslc-in-viewport-check dslc-in-viewport-anim-none  dslc-col dslc-12-col dslc-last-col  dslc-module-handle-like-regular \" data-module-id=\"f5ffdfa5f87\" data-module=\"DSLC_Text_Simple\" data-dslc-module-size=\"12\" data-dslc-anim=\"none\" data-dslc-anim-delay=\"0\" data-dslc-anim-duration=\"650\"  data-dslc-anim-easing=\"ease\" data-dslc-preset=\"none\" >\n<div class=\"dslc-text-module-content\">\n<p><span style=\"color: #000000;\">ENTIDADES FILIADAS<\/span> - Sindicatos<\/p>\n<\/p><\/div>\n<\/p><\/div>\n<p><!-- .dslc-module -->\n\t\t<\/div>\n<\/div>\n<\/div>\n<div  class=\"dslc-modules-section  dslc-valign-  dslc-halign- \" style=\"padding-bottom:75px;padding-top:75px;\" data-section-id=\"14c9025c3ed\">\n<div class=\"dslc-modules-section-wrapper dslc-clearfix\">\n<style type=\"text\/css\" id=\"dslca-modules-area-c684989ae8e\">.dslc-modules-area[data-modules-area-id=\"c684989ae8e\"] {:px;margin-bottom:0px;:px;border-width:0px;border-style:solid;border-top-style: hidden; border-right-style: hidden; border-bottom-style: hidden; border-left-style: hidden; }<\/style>\n<div  class=\"dslc-modules-area dslc-col dslc-12-col dslc-last-col dslc-valign-  dslc-halign- \" data-size=\"12\" data-valign=\"\" data-modules-area-id=\"c684989ae8e\" >\n<div id=\"dslc-module-d8275e3395e\" class=\"dslc-module-front dslc-module-DSLC_Text_Simple dslc-in-viewport-check dslc-in-viewport-anim-none  dslc-col dslc-12-col dslc-last-col  dslc-module-handle-like-regular \" data-module-id=\"d8275e3395e\" data-module=\"DSLC_Text_Simple\" data-dslc-module-size=\"12\" data-dslc-anim=\"none\" data-dslc-anim-delay=\"0\" data-dslc-anim-duration=\"650\"  data-dslc-anim-easing=\"ease\" data-dslc-preset=\"none\" >\n<div class=\"dslc-text-module-content\">\n<table id=\"customers\">\n<tbody>\n<tr>\n<th width=\"138\">Sindicatos<\/th>\n<th width=\"299\">Presidente<\/th>\n<th width=\"227\">e-mail<\/th>\n<th>ENDERE\u00c7O<\/th>\n<th width=\"277\">CONTATO<\/th>\n<\/tr>\n<tr>\n<td>SINOREG \u2013 AL<\/td>\n<td>RAINEY BARBOSA ALVES MARINHO<\/td>\n<td><a href=\"mailto:secretaria@anoreg-al.org.br;\">secretaria@anoreg-al.org.br;\u00a0<\/a><\/td>\n<td>Rua Cel. Vieira Peixoto, n\u00ba 17, 1\u00ba andar, Sala 1 Centro,\u00a0Macei\u00f3-AL57038-360\u00a0<\/td>\n<td>(82) 3221-1373\u00a0<\/td>\n<\/tr>\n<tr>\n<td>SINOREG \u2013 AM<\/td>\n<td>JOS\u00c9 MARCELO LIMA FILHO<\/td>\n<td><a href=\"mailto:atendimento@cartoriomanaus.com.br\">atendimento@cartoriomanaus.com.br<\/a><\/td>\n<td>Av. Djalma Batista, 2010 - Chapada,Manaus \u2013 AM69050-010<\/td>\n<td>(92)3199-0606<\/td>\n<\/tr>\n<tr>\n<td>SINOREDI \u2013 CE<\/td>\n<td>DENIS ANDERSON DA ROCHA BEZERRA<\/td>\n<td><a href=\"mailto:contato@sinoredice.org.br\">contato@sinoredice.org.br<\/a><\/td>\n<td>Rua Walter Bezerra de S\u00e1, n\u00ba 55, Bairro Dion\u00edsio TorresFortaleza \u2013 CE60135-225<\/td>\n<td>(85) 3038-9500\u00a0<\/td>\n<\/tr>\n<tr>\n<td>SINOREG \u2013 DF<\/td>\n<td>PAULO HENRIQUE DE ARAUJO<\/td>\n<td><a href=\"mailto:sinoregdf@gmail.com;\">sinoregdf@gmail.com;\u00a0<\/a><\/td>\n<td>SCS Quadra 08 \u2013 Bl. B 60 \u2013 Salas 247\/248 Ed. Ven\u00e2ncio 2000Bras\u00edlia \u2013 DF70333-900<\/td>\n<td>\u00a0(61) 3321-5539\u00a0<\/td>\n<\/tr>\n<tr>\n<td>SINOREG \u2013 ES<\/td>\n<td>M\u00c1RCIO OLIVA ROMAGUERA<\/td>\n<td><a href=\"mailto:sinoreg@sinoreg-es.org.br\">sinoreg@sinoreg-es.org.br<\/a><\/td>\n<td>Av. Carlos Moreira Lima, 81, Bento FerreiraVit\u00f3ria \u2013 ES29050-653<\/td>\n<td>(27) 3314-5111<\/td>\n<\/tr>\n<tr>\n<td>SINOREG \u2013 GO<\/td>\n<td>IGOR FRAN\u00c7A GUEDES<\/td>\n<td><a href=\"mailto:sinoreggoias@gmail.com;\">sinoreggoias@gmail.com;\u00a0<\/a><\/td>\n<td>Rua 72 com a rua 14, N\u00famero 48, Quadra C16, Lote 12, Edif\u00edcio    QS Tower, Sala 1112 Jardim Goi\u00e1sGoi\u00e2nia \u2013 GO74805-480<\/td>\n<td>(62) 3926-1432<\/td>\n<\/tr>\n<tr>\n<td>SINOREG \u2013 MG<\/td>\n<td>WALQU\u00cdRIA MARA GRACIANO MACHADO RABELO<\/td>\n<td><a href=\"mailto:contato@sinoregmg.org.br;\">contato@sinoregmg.org.br;<\/a><\/td>\n<td>Av. Brasil, 1479 \u2013 sala 701 \u2013 SavassiBelo Horizonte \u2013 MG30140-005<\/td>\n<td>(31)3284-7500<\/td>\n<\/tr>\n<tr>\n<td>SINOREG \u2013 MS<\/td>\n<td>MARCUS VINICIUS MACHADO ROZA<\/td>\n<td><a href=\"mailto:ms.sinoreg@gmail.com;\">ms.sinoreg@gmail.com;<\/a><\/td>\n<td>Travessa Tabeli\u00e3o Nelson Pereira Seba n\u00ba 50 \u2013 Ch\u00e1cara    CachoeiraCampo Grande \u2013 MS79040-030<\/td>\n<td>(67) 3326-7468\u00a0<\/td>\n<\/tr>\n<tr>\n<td>SINOREG-MT<\/td>\n<td>ELM\u00daCIO JACCINTO MOREIRA<\/td>\n<td><a href=\"mailto:sinoregmatogrosso@gmail.com\">sinoregmatogrosso@gmail.com<\/a><\/td>\n<td>Rua Holanda, 47 \u2013 Santa RosaCuiab\u00e1 \u2013 MT78040-225<\/td>\n<td>(65) 3644-8373<\/td>\n<\/tr>\n<tr>\n<td>SINOREG \u2013 PE<\/td>\n<td>ANDR\u00c9 VILA VERDE<\/td>\n<td><a href=\"mailto:sinoregpe@hotmail.com\">sinoregpe@hotmail.com\u00a0<\/a><\/td>\n<td>Av. Governador Agamenon Magalh\u00e3es, n.\u00ba 153 \u2013 Santo AmaroRecife \u2013 PE52031-330<\/td>\n<td>(81) 4141-7990<\/td>\n<\/tr>\n<tr>\n<td>SINOREG \u2013 PR<\/td>\n<td>HAROLDO CORREA CAVALCANTI NETO<\/td>\n<td><a href=\"mailto:administrativo@sinoregpr.org.br\">administrativo@sinoregpr.org.br<\/a><\/td>\n<td>Rua Marechal Deodoro, n\u00b0 51 \u2013 18\u00ba andar \u2013 conjs 1805 \u2013 1810 \u2013    Galeria Ritz \u2013 Centro-\u00a0Curitiba \/ PR80020-320<\/td>\n<td>(41) 3221-1000<\/td>\n<\/tr>\n<tr>\n<td>SINOREG \u2013 RJ<\/td>\n<td>ALAN JOS\u00c9 DOS SANTOS BORGES<\/td>\n<td><a href=\"mailto:sinoregrj@sinoregrj.com.br\">sinoregrj@sinoregrj.com.br<\/a><\/td>\n<td>Rua da Ajuda n\u00ba. 35 \u2013 4\u00ba Andar, CentroRio de Janeiro \u2013 RJ20040-000<\/td>\n<td>(21) 3553-0777\/ 32621200 \/ 2524-4682<\/td>\n<\/tr>\n<tr>\n<td>SINDIREGIS\u2013 RS<\/td>\n<td>EDSON FERRREIRA ESPINDOLA<\/td>\n<td><a href=\"mailto:contato@sindiregis.com.br\">contato@sindiregis.com.br<\/a><\/td>\n<td>Rua Coronel Genu\u00edno, 421\/302 \u2013 Centro Hist\u00f3rico\u00a0Porto Alegre \u2013 RS90010-350<\/td>\n<td>(51)3029-9393<\/td>\n<\/tr>\n<tr>\n<td>SINDINOTARS<\/td>\n<td>JOSE CARLOS GUIZOLFI ESPIG<\/td>\n<td><a href=\"mailto:sindinotars@terra.com.br;\">sindinotars@terra.com.br;<\/a><\/td>\n<td>Av. Borges de Medeiros n\u00ba. 2105 \u2013 Conj. 1308, Bairro Praia de    Belas\u00a0Porto Alegre \u2013 RS90110-150<\/td>\n<td>(51)3028-3790<\/td>\n<\/tr>\n<tr>\n<td>SINOREG \u2013 SC<\/td>\n<td>WOLFGANG OTAVIO DE OLIVEIRA    DUARTE STUHR<\/td>\n<td><a href=\"mailto:sinoregsc@sinoregsc.org.br;\">sinoregsc@sinoregsc.org.br;<\/a><\/td>\n<td>Rua Dr. F\u00falvio Aducci, n\u00b0 1360 Sala 1103-1104 \u2013 Centro    Executivo Beira Mar Continental EstreitoFlorian\u00f3polis \u2013 SC88075-000<\/td>\n<td>(48)3024-0995<\/td>\n<\/tr>\n<tr>\n<td>SINOREG \u2013 SE<\/td>\n<td>SERGIO ABI SABER RODRIGUES PEDROSA<\/td>\n<td><a href=\"mailto:contato@anoregse.org.br\">contato@anoregse.org.br<\/a><\/td>\n<td>Rua Rio Branco, 186, Ed. Oviedo Teixeira, Sala 1212 \u2013 Centro\u00a0Aracaj\u00fa \u2013 SE49010-910<\/td>\n<td>(79)3021-6074<\/td>\n<\/tr>\n<tr>\n<td>SINOREG \u2013 SP<\/td>\n<td>CL\u00c1UDIO MAR\u00c7AL FREIRE<\/td>\n<td><a href=\"mailto:sinoregsp@sinoregsp.org.br;\">sinoregsp@sinoregsp.org.br;<\/a><\/td>\n<td>Largo S\u00e3o Francisco n \u00ba 34 \u2013 8\u00ba AndarS\u00e3o Paulo \u2013 SP01005-010<\/td>\n<td>(11)3106-6946 \/ (16)32043565<\/td>\n<\/tr>\n<tr>\n<td>RECIVIL<\/td>\n<td>GENILSON SOCORRO GOMES DE OLIVEIRA<\/td>\n<td><a href=\"mailto:sindicato@recivil.com.br\">sindicato@recivil.com.br<\/a><\/td>\n<td>Rua Timbiras, n.\u00ba 2318, 8\u00ba andar, Lourdes.Belo Horizonte \u2013 MG30140-069<\/td>\n<td>(31) 2129-6000<\/td>\n<\/tr>\n<\/tbody>\n<\/table><\/div>\n<\/p><\/div>\n<p><!-- .dslc-module -->\n\t\t<\/div>\n<\/div>\n<\/div>\n<\/div>\n<\/div><\/div>","protected":false},"excerpt":{"rendered":"<p>ENTIDADES FILIADAS - Sindicatos Sindicatos Presidente e-mail ENDERE\u00c7O CONTATO SINOREG \u2013 AL RAINEY BARBOSA ALVES MARINHO secretaria@anoreg-al.org.br;\u00a0 Rua Cel. Vieira Peixoto, n\u00ba 17, 1\u00ba andar, Sala 1 Centro,\u00a0Macei\u00f3-AL57038-360\u00a0 (82) 3221-1373\u00a0 SINOREG \u2013 AM JOS\u00c9 MARCELO LIMA FILHO atendimento@cartoriomanaus.com.br Av. Djalma Batista, 2010 - Chapada,Manaus \u2013 AM69050-010 (92)3199-0606 SINOREDI \u2013 CE DENIS ANDERSON DA ROCHA BEZERRA [&hellip;]<\/p>\n","protected":false},"author":8,"featured_media":0,"parent":0,"menu_order":0,"comment_status":"closed","ping_status":"closed","template":"","meta":{"footnotes":"","_links_to":"","_links_to_target":""},"class_list":["post-88728","page","type-page","status-publish","hentry"],"yoast_head":"<!-- This site is optimized with the Yoast SEO plugin v27.4 - https:\/\/yoast.com\/product\/yoast-seo-wordpress\/ -->\n<title>Sindicatos - CNR<\/title>\n<meta name=\"robots\" content=\"index, follow, max-snippet:-1, max-image-preview:large, max-video-preview:-1\" \/>\n<link rel=\"canonical\" href=\"https:\/\/cnr.org.br\/novoportal\/sindicatos\/\" \/>\n<meta property=\"og:locale\" content=\"pt_BR\" \/>\n<meta property=\"og:type\" content=\"article\" \/>\n<meta property=\"og:title\" content=\"Sindicatos - CNR\" \/>\n<meta property=\"og:description\" content=\"ENTIDADES FILIADAS - Sindicatos Sindicatos Presidente e-mail ENDERE\u00c7O CONTATO SINOREG \u2013 AL RAINEY BARBOSA ALVES MARINHO secretaria@anoreg-al.org.br;\u00a0 Rua Cel. Vieira Peixoto, n\u00ba 17, 1\u00ba andar, Sala 1 Centro,\u00a0Macei\u00f3-AL57038-360\u00a0 (82) 3221-1373\u00a0 SINOREG \u2013 AM JOS\u00c9 MARCELO LIMA FILHO atendimento@cartoriomanaus.com.br Av. Djalma Batista, 2010 - Chapada,Manaus \u2013 AM69050-010 (92)3199-0606 SINOREDI \u2013 CE DENIS ANDERSON DA ROCHA BEZERRA [&hellip;]\" \/>\n<meta property=\"og:url\" content=\"https:\/\/cnr.org.br\/novoportal\/sindicatos\/\" \/>\n<meta property=\"og:site_name\" content=\"CNR\" \/>\n<meta name=\"twitter:card\" content=\"summary_large_image\" \/>\n<script type=\"application\/ld+json\" class=\"yoast-schema-graph\">{\"@context\":\"https:\\\/\\\/schema.org\",\"@graph\":[{\"@type\":\"WebPage\",\"@id\":\"https:\\\/\\\/cnr.org.br\\\/novoportal\\\/sindicatos\\\/\",\"url\":\"https:\\\/\\\/cnr.org.br\\\/novoportal\\\/sindicatos\\\/\",\"name\":\"Sindicatos - CNR\",\"isPartOf\":{\"@id\":\"https:\\\/\\\/cnr.org.br\\\/novoportal\\\/#website\"},\"datePublished\":\"2025-05-23T17:29:03+00:00\",\"breadcrumb\":{\"@id\":\"https:\\\/\\\/cnr.org.br\\\/novoportal\\\/sindicatos\\\/#breadcrumb\"},\"inLanguage\":\"pt-BR\",\"potentialAction\":[{\"@type\":\"ReadAction\",\"target\":[\"https:\\\/\\\/cnr.org.br\\\/novoportal\\\/sindicatos\\\/\"]}]},{\"@type\":\"BreadcrumbList\",\"@id\":\"https:\\\/\\\/cnr.org.br\\\/novoportal\\\/sindicatos\\\/#breadcrumb\",\"itemListElement\":[{\"@type\":\"ListItem\",\"position\":1,\"name\":\"In\u00edcio\",\"item\":\"https:\\\/\\\/cnr.org.br\\\/novoportal\\\/\"},{\"@type\":\"ListItem\",\"position\":2,\"name\":\"Sindicatos\"}]},{\"@type\":\"WebSite\",\"@id\":\"https:\\\/\\\/cnr.org.br\\\/novoportal\\\/#website\",\"url\":\"https:\\\/\\\/cnr.org.br\\\/novoportal\\\/\",\"name\":\"CNR\",\"description\":\"Confedera\u00e7\u00e3o Nacional de Not\u00e1rios e Registradores\",\"potentialAction\":[{\"@type\":\"SearchAction\",\"target\":{\"@type\":\"EntryPoint\",\"urlTemplate\":\"https:\\\/\\\/cnr.org.br\\\/novoportal\\\/?s={search_term_string}\"},\"query-input\":{\"@type\":\"PropertyValueSpecification\",\"valueRequired\":true,\"valueName\":\"search_term_string\"}}],\"inLanguage\":\"pt-BR\"}]}<\/script>\n<!-- \/ Yoast SEO plugin. -->","yoast_head_json":{"title":"Sindicatos - CNR","robots":{"index":"index","follow":"follow","max-snippet":"max-snippet:-1","max-image-preview":"max-image-preview:large","max-video-preview":"max-video-preview:-1"},"canonical":"https:\/\/cnr.org.br\/novoportal\/sindicatos\/","og_locale":"pt_BR","og_type":"article","og_title":"Sindicatos - CNR","og_description":"ENTIDADES FILIADAS - Sindicatos Sindicatos Presidente e-mail ENDERE\u00c7O CONTATO SINOREG \u2013 AL RAINEY BARBOSA ALVES MARINHO secretaria@anoreg-al.org.br;\u00a0 Rua Cel. Vieira Peixoto, n\u00ba 17, 1\u00ba andar, Sala 1 Centro,\u00a0Macei\u00f3-AL57038-360\u00a0 (82) 3221-1373\u00a0 SINOREG \u2013 AM JOS\u00c9 MARCELO LIMA FILHO atendimento@cartoriomanaus.com.br Av. Djalma Batista, 2010 - Chapada,Manaus \u2013 AM69050-010 (92)3199-0606 SINOREDI \u2013 CE DENIS ANDERSON DA ROCHA BEZERRA [&hellip;]","og_url":"https:\/\/cnr.org.br\/novoportal\/sindicatos\/","og_site_name":"CNR","twitter_card":"summary_large_image","schema":{"@context":"https:\/\/schema.org","@graph":[{"@type":"WebPage","@id":"https:\/\/cnr.org.br\/novoportal\/sindicatos\/","url":"https:\/\/cnr.org.br\/novoportal\/sindicatos\/","name":"Sindicatos - CNR","isPartOf":{"@id":"https:\/\/cnr.org.br\/novoportal\/#website"},"datePublished":"2025-05-23T17:29:03+00:00","breadcrumb":{"@id":"https:\/\/cnr.org.br\/novoportal\/sindicatos\/#breadcrumb"},"inLanguage":"pt-BR","potentialAction":[{"@type":"ReadAction","target":["https:\/\/cnr.org.br\/novoportal\/sindicatos\/"]}]},{"@type":"BreadcrumbList","@id":"https:\/\/cnr.org.br\/novoportal\/sindicatos\/#breadcrumb","itemListElement":[{"@type":"ListItem","position":1,"name":"In\u00edcio","item":"https:\/\/cnr.org.br\/novoportal\/"},{"@type":"ListItem","position":2,"name":"Sindicatos"}]},{"@type":"WebSite","@id":"https:\/\/cnr.org.br\/novoportal\/#website","url":"https:\/\/cnr.org.br\/novoportal\/","name":"CNR","description":"Confedera\u00e7\u00e3o Nacional de Not\u00e1rios e Registradores","potentialAction":[{"@type":"SearchAction","target":{"@type":"EntryPoint","urlTemplate":"https:\/\/cnr.org.br\/novoportal\/?s={search_term_string}"},"query-input":{"@type":"PropertyValueSpecification","valueRequired":true,"valueName":"search_term_string"}}],"inLanguage":"pt-BR"}]}},"_links":{"self":[{"href":"https:\/\/cnr.org.br\/novoportal\/wp-json\/wp\/v2\/pages\/88728","targetHints":{"allow":["GET"]}}],"collection":[{"href":"https:\/\/cnr.org.br\/novoportal\/wp-json\/wp\/v2\/pages"}],"about":[{"href":"https:\/\/cnr.org.br\/novoportal\/wp-json\/wp\/v2\/types\/page"}],"author":[{"embeddable":true,"href":"https:\/\/cnr.org.br\/novoportal\/wp-json\/wp\/v2\/users\/8"}],"replies":[{"embeddable":true,"href":"https:\/\/cnr.org.br\/novoportal\/wp-json\/wp\/v2\/comments?post=88728"}],"version-history":[{"count":0,"href":"https:\/\/cnr.org.br\/novoportal\/wp-json\/wp\/v2\/pages\/88728\/revisions"}],"wp:attachment":[{"href":"https:\/\/cnr.org.br\/novoportal\/wp-json\/wp\/v2\/media?parent=88728"}],"curies":[{"name":"wp","href":"https:\/\/api.w.org\/{rel}","templated":true}]}}