{"id":88734,"date":"2025-05-23T14:32:30","date_gmt":"2025-05-23T17:32:30","guid":{"rendered":"https:\/\/cnr.org.br\/novoportal\/?page_id=88734"},"modified":"2025-05-23T14:32:30","modified_gmt":"2025-05-23T17:32:30","slug":"palavra-do-presidente","status":"publish","type":"page","link":"https:\/\/cnr.org.br\/novoportal\/palavra-do-presidente\/","title":{"rendered":"Palavra do presidente"},"content":{"rendered":"<div id=\"dslc-theme-content\"><div id=\"dslc-theme-content-inner\"><div id=\"dslc-main\">\n<div  class=\"dslc-modules-section \" style=\"padding-bottom:15px;padding-top:15px;background-color:#eef3f9;background-repeat:no-repeat;background-position:center center;background-size:cover;\" data-section-id=\"5b0b8bb3726\">\n<div class=\"dslc-modules-section-wrapper dslc-clearfix\">\n<style type=\"text\/css\" id=\"dslca-modules-area-\"><\/style>\n<div  class=\"dslc-modules-area dslc-col dslc-12-col dslc-last-col dslc-valign- \" data-size=\"12\" data-valign=\"\" data-modules-area-id=\"\" >\n<div id=\"dslc-module-c8c9018e911\" class=\"dslc-module-front dslc-module-DSLC_Separator dslc-in-viewport-check dslc-in-viewport-anim-none  dslc-col dslc-12-col dslc-last-col  dslc-module-handle-like-regular \" data-module-id=\"c8c9018e911\" data-module=\"DSLC_Separator\" data-dslc-module-size=\"12\" data-dslc-anim=\"none\" data-dslc-anim-delay=\"0\" data-dslc-anim-duration=\"650\"  data-dslc-anim-easing=\"ease\" data-dslc-preset=\"none\" >\n<div class=\"dslc-separator-wrapper\">\n<div class=\"dslc-separator dslc-separator-style-invisible\">\n\t\t\t\t\t\t\t\t\t<\/div>\n<div><\/div>\n<\/p><\/div>\n<p><!-- .dslc-separator-wrapper --><\/p><\/div>\n<p><!-- .dslc-module --><\/p>\n<div id=\"dslc-module-3a23b0ceca5\" class=\"dslc-module-front dslc-module-DSLC_Text_Simple dslc-in-viewport-check dslc-in-viewport-anim-none  dslc-col dslc-12-col dslc-last-col  dslc-module-handle-like-regular \" data-module-id=\"3a23b0ceca5\" data-module=\"DSLC_Text_Simple\" data-dslc-module-size=\"12\" data-dslc-anim=\"none\" data-dslc-anim-delay=\"0\" data-dslc-anim-duration=\"650\"  data-dslc-anim-easing=\"ease\" data-dslc-preset=\"none\" >\n<div class=\"dslc-text-module-content\">\n<p><span style=\"color: #000000;\">PALAVRA DO PRESIDENTE<\/span>\u00a0- A CNR<\/p>\n<\/p><\/div>\n<\/p><\/div>\n<p><!-- .dslc-module -->\n\t\t<\/div>\n<\/div>\n<\/div>\n<div  class=\"dslc-modules-section \" style=\"padding-bottom:37px;padding-top:37px;\" data-section-id=\"e7b2de7ffd4\">\n<div class=\"dslc-modules-section-wrapper dslc-clearfix\">\n<style type=\"text\/css\" id=\"dslca-modules-area-\"><\/style>\n<div  class=\"dslc-modules-area dslc-col dslc-12-col dslc-last-col dslc-valign- \" data-size=\"12\" data-valign=\"\" data-modules-area-id=\"\" >\n<div id=\"dslc-module-a4dbfef2e30\" class=\"dslc-module-front dslc-module-DSLC_Text_Simple dslc-in-viewport-check dslc-in-viewport-anim-none  dslc-col dslc-12-col dslc-last-col  dslc-module-handle-like-regular \" data-module-id=\"a4dbfef2e30\" data-module=\"DSLC_Text_Simple\" data-dslc-module-size=\"12\" data-dslc-anim=\"none\" data-dslc-anim-delay=\"0\" data-dslc-anim-duration=\"650\"  data-dslc-anim-easing=\"ease\" data-dslc-preset=\"none\" >\n<div class=\"dslc-text-module-content\">\n<p class=\"title-page\"><span style=\"font-size: 16px;\">A atua\u00e7\u00e3o da Confedera\u00e7\u00e3o Nacional de Not\u00e1rios e Registradores<\/span><\/p>\n<div class=\"page-container clearfix\">\n<p>Como presidente da CNR, sinto-me na obriga\u00e7\u00e3o de escrever algumas palavras para que as ideias e ideais da nossa organiza\u00e7\u00e3o sindical pr\u00f3pria alcancem n\u00e3o somente nossos filiados, Not\u00e1rios e Registradores, mas tamb\u00e9m todos os demais setores da sociedade.<\/p>\n<p>Uma estrutura complexa, com sindicatos, federa\u00e7\u00f5es e confedera\u00e7\u00e3o, traz for\u00e7a institucional e pol\u00edtica a quem representa.<br \/>A CNR \u00e9 uma conquista de todos os Not\u00e1rios e Registradores, e vem, depois de muito esfor\u00e7o, oferecer mais um mecanismo de atua\u00e7\u00e3o. Haver\u00e1 sempre obst\u00e1culos; agora a atividade conta com uma institui\u00e7\u00e3o sindical de grau superior para represent\u00e1-la junto aos Poderes constitu\u00eddos.<\/p>\n<p>Ter voz \u00e9 ter poder de convencimento. Mas a defesa da atividade notarial e de registro n\u00e3o passa apenas pelo enfrentamento pol\u00edtico e pela batalha de argumentos. O que vemos hoje \u00e9 a urgente necessidade da valoriza\u00e7\u00e3o da profiss\u00e3o e dos servi\u00e7os prestados \u00e0 sociedade.<\/p>\n<p>Somente um segmento eficiente, consciente e \u00e9tico re\u00fane todas as qualidades para colaborar com o desenvolvimento sustent\u00e1vel social e econ\u00f4mico do Brasil.<br \/>Fa\u00e7a-nos uma visita e conhe\u00e7a mais da CNR.<\/p>\n<p><strong>Rog\u00e9rio Portugal Bacellar<\/strong><br \/><em>Presidente<\/em><\/p>\n<\/div><\/div>\n<\/p><\/div>\n<p><!-- .dslc-module -->\n\t\t<\/div>\n<\/div>\n<\/div>\n<\/div>\n<\/div><\/div>","protected":false},"excerpt":{"rendered":"<p>PALAVRA DO PRESIDENTE\u00a0- A CNR A atua\u00e7\u00e3o da Confedera\u00e7\u00e3o Nacional de Not\u00e1rios e Registradores Como presidente da CNR, sinto-me na obriga\u00e7\u00e3o de escrever algumas palavras para que as ideias e ideais da nossa organiza\u00e7\u00e3o sindical pr\u00f3pria alcancem n\u00e3o somente nossos filiados, Not\u00e1rios e Registradores, mas tamb\u00e9m todos os demais setores da sociedade. Uma estrutura complexa, [&hellip;]<\/p>\n","protected":false},"author":8,"featured_media":0,"parent":0,"menu_order":0,"comment_status":"closed","ping_status":"closed","template":"","meta":{"footnotes":"","_links_to":"","_links_to_target":""},"class_list":["post-88734","page","type-page","status-publish","hentry"],"yoast_head":"<!-- This site is optimized with the Yoast SEO plugin v27.4 - https:\/\/yoast.com\/product\/yoast-seo-wordpress\/ -->\n<title>Palavra do presidente - CNR<\/title>\n<meta name=\"robots\" content=\"index, follow, max-snippet:-1, max-image-preview:large, max-video-preview:-1\" \/>\n<link rel=\"canonical\" href=\"https:\/\/cnr.org.br\/novoportal\/palavra-do-presidente\/\" \/>\n<meta property=\"og:locale\" content=\"pt_BR\" \/>\n<meta property=\"og:type\" content=\"article\" \/>\n<meta property=\"og:title\" content=\"Palavra do presidente - CNR\" \/>\n<meta property=\"og:description\" content=\"PALAVRA DO PRESIDENTE\u00a0- A CNR A atua\u00e7\u00e3o da Confedera\u00e7\u00e3o Nacional de Not\u00e1rios e Registradores Como presidente da CNR, sinto-me na obriga\u00e7\u00e3o de escrever algumas palavras para que as ideias e ideais da nossa organiza\u00e7\u00e3o sindical pr\u00f3pria alcancem n\u00e3o somente nossos filiados, Not\u00e1rios e Registradores, mas tamb\u00e9m todos os demais setores da sociedade. Uma estrutura complexa, [&hellip;]\" \/>\n<meta property=\"og:url\" content=\"https:\/\/cnr.org.br\/novoportal\/palavra-do-presidente\/\" \/>\n<meta property=\"og:site_name\" content=\"CNR\" \/>\n<meta name=\"twitter:card\" content=\"summary_large_image\" \/>\n<script type=\"application\/ld+json\" class=\"yoast-schema-graph\">{\"@context\":\"https:\\\/\\\/schema.org\",\"@graph\":[{\"@type\":\"WebPage\",\"@id\":\"https:\\\/\\\/cnr.org.br\\\/novoportal\\\/palavra-do-presidente\\\/\",\"url\":\"https:\\\/\\\/cnr.org.br\\\/novoportal\\\/palavra-do-presidente\\\/\",\"name\":\"Palavra do presidente - CNR\",\"isPartOf\":{\"@id\":\"https:\\\/\\\/cnr.org.br\\\/novoportal\\\/#website\"},\"datePublished\":\"2025-05-23T17:32:30+00:00\",\"breadcrumb\":{\"@id\":\"https:\\\/\\\/cnr.org.br\\\/novoportal\\\/palavra-do-presidente\\\/#breadcrumb\"},\"inLanguage\":\"pt-BR\",\"potentialAction\":[{\"@type\":\"ReadAction\",\"target\":[\"https:\\\/\\\/cnr.org.br\\\/novoportal\\\/palavra-do-presidente\\\/\"]}]},{\"@type\":\"BreadcrumbList\",\"@id\":\"https:\\\/\\\/cnr.org.br\\\/novoportal\\\/palavra-do-presidente\\\/#breadcrumb\",\"itemListElement\":[{\"@type\":\"ListItem\",\"position\":1,\"name\":\"In\u00edcio\",\"item\":\"https:\\\/\\\/cnr.org.br\\\/novoportal\\\/\"},{\"@type\":\"ListItem\",\"position\":2,\"name\":\"Palavra do presidente\"}]},{\"@type\":\"WebSite\",\"@id\":\"https:\\\/\\\/cnr.org.br\\\/novoportal\\\/#website\",\"url\":\"https:\\\/\\\/cnr.org.br\\\/novoportal\\\/\",\"name\":\"CNR\",\"description\":\"Confedera\u00e7\u00e3o Nacional de Not\u00e1rios e Registradores\",\"potentialAction\":[{\"@type\":\"SearchAction\",\"target\":{\"@type\":\"EntryPoint\",\"urlTemplate\":\"https:\\\/\\\/cnr.org.br\\\/novoportal\\\/?s={search_term_string}\"},\"query-input\":{\"@type\":\"PropertyValueSpecification\",\"valueRequired\":true,\"valueName\":\"search_term_string\"}}],\"inLanguage\":\"pt-BR\"}]}<\/script>\n<!-- \/ Yoast SEO plugin. -->","yoast_head_json":{"title":"Palavra do presidente - CNR","robots":{"index":"index","follow":"follow","max-snippet":"max-snippet:-1","max-image-preview":"max-image-preview:large","max-video-preview":"max-video-preview:-1"},"canonical":"https:\/\/cnr.org.br\/novoportal\/palavra-do-presidente\/","og_locale":"pt_BR","og_type":"article","og_title":"Palavra do presidente - CNR","og_description":"PALAVRA DO PRESIDENTE\u00a0- A CNR A atua\u00e7\u00e3o da Confedera\u00e7\u00e3o Nacional de Not\u00e1rios e Registradores Como presidente da CNR, sinto-me na obriga\u00e7\u00e3o de escrever algumas palavras para que as ideias e ideais da nossa organiza\u00e7\u00e3o sindical pr\u00f3pria alcancem n\u00e3o somente nossos filiados, Not\u00e1rios e Registradores, mas tamb\u00e9m todos os demais setores da sociedade. Uma estrutura complexa, [&hellip;]","og_url":"https:\/\/cnr.org.br\/novoportal\/palavra-do-presidente\/","og_site_name":"CNR","twitter_card":"summary_large_image","schema":{"@context":"https:\/\/schema.org","@graph":[{"@type":"WebPage","@id":"https:\/\/cnr.org.br\/novoportal\/palavra-do-presidente\/","url":"https:\/\/cnr.org.br\/novoportal\/palavra-do-presidente\/","name":"Palavra do presidente - CNR","isPartOf":{"@id":"https:\/\/cnr.org.br\/novoportal\/#website"},"datePublished":"2025-05-23T17:32:30+00:00","breadcrumb":{"@id":"https:\/\/cnr.org.br\/novoportal\/palavra-do-presidente\/#breadcrumb"},"inLanguage":"pt-BR","potentialAction":[{"@type":"ReadAction","target":["https:\/\/cnr.org.br\/novoportal\/palavra-do-presidente\/"]}]},{"@type":"BreadcrumbList","@id":"https:\/\/cnr.org.br\/novoportal\/palavra-do-presidente\/#breadcrumb","itemListElement":[{"@type":"ListItem","position":1,"name":"In\u00edcio","item":"https:\/\/cnr.org.br\/novoportal\/"},{"@type":"ListItem","position":2,"name":"Palavra do presidente"}]},{"@type":"WebSite","@id":"https:\/\/cnr.org.br\/novoportal\/#website","url":"https:\/\/cnr.org.br\/novoportal\/","name":"CNR","description":"Confedera\u00e7\u00e3o Nacional de Not\u00e1rios e Registradores","potentialAction":[{"@type":"SearchAction","target":{"@type":"EntryPoint","urlTemplate":"https:\/\/cnr.org.br\/novoportal\/?s={search_term_string}"},"query-input":{"@type":"PropertyValueSpecification","valueRequired":true,"valueName":"search_term_string"}}],"inLanguage":"pt-BR"}]}},"_links":{"self":[{"href":"https:\/\/cnr.org.br\/novoportal\/wp-json\/wp\/v2\/pages\/88734","targetHints":{"allow":["GET"]}}],"collection":[{"href":"https:\/\/cnr.org.br\/novoportal\/wp-json\/wp\/v2\/pages"}],"about":[{"href":"https:\/\/cnr.org.br\/novoportal\/wp-json\/wp\/v2\/types\/page"}],"author":[{"embeddable":true,"href":"https:\/\/cnr.org.br\/novoportal\/wp-json\/wp\/v2\/users\/8"}],"replies":[{"embeddable":true,"href":"https:\/\/cnr.org.br\/novoportal\/wp-json\/wp\/v2\/comments?post=88734"}],"version-history":[{"count":0,"href":"https:\/\/cnr.org.br\/novoportal\/wp-json\/wp\/v2\/pages\/88734\/revisions"}],"wp:attachment":[{"href":"https:\/\/cnr.org.br\/novoportal\/wp-json\/wp\/v2\/media?parent=88734"}],"curies":[{"name":"wp","href":"https:\/\/api.w.org\/{rel}","templated":true}]}}