{"id":88764,"date":"2025-05-23T16:15:12","date_gmt":"2025-05-23T19:15:12","guid":{"rendered":"https:\/\/cnr.org.br\/novoportal\/?page_id=88764"},"modified":"2026-03-15T20:40:58","modified_gmt":"2026-03-15T23:40:58","slug":"anuidade-2026","status":"publish","type":"page","link":"https:\/\/cnr.org.br\/novoportal\/anuidade-2026\/","title":{"rendered":"Anuidade 2026"},"content":{"rendered":"<div id=\"dslc-theme-content\"><div id=\"dslc-theme-content-inner\"><div id=\"dslc-main\">\n<div  class=\"dslc-modules-section  dslc-valign-  dslc-halign- \" style=\"padding-bottom:15px;padding-top:15px;background-color:#eef3f9;background-repeat:no-repeat;background-position:center center;background-size:cover;\" data-section-id=\"bcf9a5c3d30\">\n<div class=\"dslc-modules-section-wrapper dslc-clearfix\">\n<style type=\"text\/css\" id=\"dslca-modules-area-810c3db8286\">.dslc-modules-area[data-modules-area-id=\"810c3db8286\"] {:px;margin-bottom:0px;:px;border-width:0px;border-style:solid;border-top-style: hidden; border-right-style: hidden; border-bottom-style: hidden; border-left-style: hidden; }<\/style>\n<div  class=\"dslc-modules-area dslc-col dslc-12-col dslc-last-col dslc-valign-  dslc-halign- \" data-size=\"12\" data-valign=\"\" data-modules-area-id=\"810c3db8286\" >\n<div id=\"dslc-module-aee2df56844\" class=\"dslc-module-front dslc-module-DSLC_Separator dslc-in-viewport-check dslc-in-viewport-anim-none  dslc-col dslc-12-col dslc-last-col  dslc-module-handle-like-regular \" data-module-id=\"aee2df56844\" data-module=\"DSLC_Separator\" data-dslc-module-size=\"12\" data-dslc-anim=\"none\" data-dslc-anim-delay=\"0\" data-dslc-anim-duration=\"650\"  data-dslc-anim-easing=\"ease\" data-dslc-preset=\"none\" >\n<div class=\"dslc-separator-wrapper\">\n<div class=\"dslc-separator dslc-separator-style-invisible\">\n\t\t\t\t\t\t\t\t\t<\/div>\n<div><\/div>\n<\/p><\/div>\n<p><!-- .dslc-separator-wrapper --><\/p><\/div>\n<p><!-- .dslc-module --><\/p>\n<div id=\"dslc-module-cda91f281b6\" class=\"dslc-module-front dslc-module-DSLC_Text_Simple dslc-in-viewport-check dslc-in-viewport-anim-none  dslc-col dslc-12-col dslc-last-col  dslc-module-handle-like-regular \" data-module-id=\"cda91f281b6\" data-module=\"DSLC_Text_Simple\" data-dslc-module-size=\"12\" data-dslc-anim=\"none\" data-dslc-anim-delay=\"0\" data-dslc-anim-duration=\"650\"  data-dslc-anim-easing=\"ease\" data-dslc-preset=\"none\" >\n<div class=\"dslc-text-module-content\">\n\t\t\t<span style=\"color: #000000;\">ANUIDADE<\/span> - 2026\t\t<\/div>\n<\/p><\/div>\n<p><!-- .dslc-module -->\n\t\t<\/div>\n<\/div>\n<\/div>\n<div  class=\"dslc-modules-section  dslc-valign-  dslc-halign- \" style=\"padding-bottom:75px;padding-top:75px;\" data-section-id=\"2d2ddd44bdf\">\n<div class=\"dslc-modules-section-wrapper dslc-clearfix\">\n<style type=\"text\/css\" id=\"dslca-modules-area-c25a17de08f\">.dslc-modules-area[data-modules-area-id=\"c25a17de08f\"] {:px;margin-bottom:0px;:px;border-width:0px;border-style:solid;border-top-style: hidden; border-right-style: hidden; border-bottom-style: hidden; border-left-style: hidden; }<\/style>\n<div  class=\"dslc-modules-area dslc-col dslc-12-col dslc-last-col dslc-valign-  dslc-halign- \" data-size=\"12\" data-valign=\"\" data-modules-area-id=\"c25a17de08f\" >\n<div id=\"dslc-module-2579c368217\" class=\"dslc-module-front dslc-module-DSLC_Text_Simple dslc-in-viewport-check dslc-in-viewport-anim-none  dslc-col dslc-12-col dslc-last-col  dslc-module-handle-like-regular \" data-module-id=\"2579c368217\" data-module=\"DSLC_Text_Simple\" data-dslc-module-size=\"12\" data-dslc-anim=\"none\" data-dslc-anim-delay=\"0\" data-dslc-anim-duration=\"650\"  data-dslc-anim-easing=\"ease\" data-dslc-preset=\"none\" >\n<div class=\"dslc-text-module-content\">\n<h2><strong>ANUIDADE SINDICAL GARANTE AMPARO AO DESENVOLVIMENTO DA ATIVIDADE NOTARIAL E REGISTRAL<\/strong><\/h2>\n<p>Caro(a) Colega,<\/p>\n<p>A<strong> Confedera\u00e7\u00e3o Nacional de Not\u00e1rios e Registradores <\/strong>\u2013 <strong>CNR, as Federa\u00e7\u00f5es <\/strong><strong>e os Sindicatos <\/strong>est\u00e3o na linha de frente para defender e fortalecer a nossa atividade diante de desafios decisivos: a Reforma Tribut\u00e1ria, o Sal\u00e1rio-Educa\u00e7\u00e3o, a Reforma do C\u00f3digo Civil, a Interinidade, a Sucess\u00e3o Trabalhista e as recentes mudan\u00e7as normativas da Receita Federal. O momento exige uni\u00e3o!<\/p>\n<p>Estamos atuando diariamente junto aos \u00f3rg\u00e3os de governo, levando argumentos t\u00e9cnicos e solu\u00e7\u00f5es concretas para proteger os interesses da nossa classe e garantir a seguran\u00e7a jur\u00eddica dos servi\u00e7os notariais e de registro. Mas, para sermos ouvidos e conquistarmos resultados reais, precisamos sustentar um <strong>corpo jur\u00eddico forte, \u00e1gil e estrat\u00e9gico<\/strong>.<\/p>\n<p>Cada avan\u00e7o que alcan\u00e7amos \u00e9 fruto da soma dos esfor\u00e7os de todos n\u00f3s. \u00c9 por isso que, precisamos da sua <strong>contribui\u00e7\u00e3o com o pagamento da Anuidade Sindical<\/strong>: um gesto que refor\u00e7a a nossa capacidade de atua\u00e7\u00e3o e assegura que possamos:<\/p>\n<ul>\n<li>Defender nossos direitos com base s\u00f3lida e t\u00e9cnica;<\/li>\n<li>Ampliar o di\u00e1logo com autoridades e legisladores;<\/li>\n<li>Melhorar continuamente a presta\u00e7\u00e3o de servi\u00e7os \u00e0 sociedade;<\/li>\n<li>Fortalecer a imagem e o valor do nosso trabalho.<\/li>\n<\/ul>\n<p>O boleto referente \u00e0 Anuidade Sindical foi encaminhado diretamente pela Confedera\u00e7\u00e3o, que realizar\u00e1 os repasses \u00e0s respectivas entidades nos percentuais estabelecidos: 20% destinados \u00e0 CNR, 20% \u00e0 Federa\u00e7\u00e3o e 60% ao Sindicato.<\/p>\n<p>Ao efetuar o pagamento do boleto, voc\u00ea estar\u00e1 investindo diretamente na prote\u00e7\u00e3o e no futuro da nossa profiss\u00e3o.<\/p>\n<p><strong>Juntos, temos mais voz, mais for\u00e7a e mais resultados.<\/strong><\/p>\n<p>Contamos com sua colabora\u00e7\u00e3o e seu apoio!<\/p>\n<p>Que 2026 seja um ano pr\u00f3spero e repleto de sucesso.<\/p>\n<p>Um abra\u00e7o,<\/p>\n<p><strong>Rogerio Portugal Bacellar\u00a0\u00a0\u00a0\u00a0\u00a0\u00a0\u00a0\u00a0\u00a0\u00a0\u00a0\u00a0\u00a0\u00a0\u00a0\u00a0\u00a0\u00a0\u00a0\u00a0\u00a0\u00a0\u00a0\u00a0\u00a0\u00a0\u00a0\u00a0\u00a0\u00a0\u00a0\u00a0\u00a0 <\/strong><\/p>\n<p>Presidente da CNR\u00a0 \u00a0 \u00a0 \u00a0 \u00a0 \u00a0 \u00a0 \u00a0 \u00a0 \u00a0 \u00a0 \u00a0 \u00a0 \u00a0 \u00a0 \u00a0 \u00a0 \u00a0\u00a0<\/p>\n<h5><em>Entre em contato pelo telefone (61) 3963-1555, e-mail <\/em><a href=\"mailto:contato@cnr.org.br\"><em>contato@cnr.org.br<\/em><\/a><em> ou acesse o site <\/em><a href=\"http:\/\/www.cnr.org.br\"><em>www.cnr.org.br<\/em><\/a><em> para verificar mais detalhes ou associar-se.<br \/><\/em><strong>SE AINDA N\u00c3O RECEBEU O BOLETO DA ANUIDADE SINDICAL, PODER\u00c1 GERAR SUA GUIA <\/strong><a href=\"http:\/\/cnr.consir.com.br\/index.php\"><strong>AQUI.<\/strong><\/a><br \/><strong>(Com exce\u00e7\u00e3o dos Estados do Cear\u00e1, Minas Gerais e Santa Catarina)<\/strong><strong>\u00a0<br \/><\/strong><strong>CASO QUEIRA APENAS ATUALIZAR A DATA DE VENCIMENTO CLIQUE <\/strong><a href=\"https:\/\/www.ib2.bradesco.com.br\/ibpfsegundaviaboleto\/segundaViaBoletoPesquisarLinhaDigitavel.do\"><strong>AQUI<\/strong><\/a><strong><u>.<\/u><\/strong><\/h5>\n<p>\u00a0<\/p>\n<\/p><\/div>\n<\/p><\/div>\n<p><!-- .dslc-module -->\n\t\t<\/div>\n<\/div>\n<\/div>\n<\/div>\n<\/div><\/div>","protected":false},"excerpt":{"rendered":"<p>ANUIDADE - 2026 ANUIDADE SINDICAL GARANTE AMPARO AO DESENVOLVIMENTO DA ATIVIDADE NOTARIAL E REGISTRAL Caro(a) Colega, A Confedera\u00e7\u00e3o Nacional de Not\u00e1rios e Registradores \u2013 CNR, as Federa\u00e7\u00f5es e os Sindicatos est\u00e3o na linha de frente para defender e fortalecer a nossa atividade diante de desafios decisivos: a Reforma Tribut\u00e1ria, o Sal\u00e1rio-Educa\u00e7\u00e3o, a Reforma do C\u00f3digo [&hellip;]<\/p>\n","protected":false},"author":8,"featured_media":0,"parent":0,"menu_order":0,"comment_status":"closed","ping_status":"closed","template":"","meta":{"footnotes":"","_links_to":"","_links_to_target":""},"class_list":["post-88764","page","type-page","status-publish","hentry"],"yoast_head":"<!-- This site is optimized with the Yoast SEO plugin v27.3 - https:\/\/yoast.com\/product\/yoast-seo-wordpress\/ -->\n<title>Anuidade 2026 - CNR<\/title>\n<meta name=\"robots\" content=\"index, follow, max-snippet:-1, max-image-preview:large, max-video-preview:-1\" \/>\n<link rel=\"canonical\" href=\"https:\/\/cnr.org.br\/novoportal\/anuidade-2026\/\" \/>\n<meta property=\"og:locale\" content=\"pt_BR\" \/>\n<meta property=\"og:type\" content=\"article\" \/>\n<meta property=\"og:title\" content=\"Anuidade 2026 - CNR\" \/>\n<meta property=\"og:description\" content=\"ANUIDADE - 2026 ANUIDADE SINDICAL GARANTE AMPARO AO DESENVOLVIMENTO DA ATIVIDADE NOTARIAL E REGISTRAL Caro(a) Colega, A Confedera\u00e7\u00e3o Nacional de Not\u00e1rios e Registradores \u2013 CNR, as Federa\u00e7\u00f5es e os Sindicatos est\u00e3o na linha de frente para defender e fortalecer a nossa atividade diante de desafios decisivos: a Reforma Tribut\u00e1ria, o Sal\u00e1rio-Educa\u00e7\u00e3o, a Reforma do C\u00f3digo [&hellip;]\" \/>\n<meta property=\"og:url\" content=\"https:\/\/cnr.org.br\/novoportal\/anuidade-2026\/\" \/>\n<meta property=\"og:site_name\" content=\"CNR\" \/>\n<meta property=\"article:modified_time\" content=\"2026-03-15T23:40:58+00:00\" \/>\n<meta name=\"twitter:card\" content=\"summary_large_image\" \/>\n<meta name=\"twitter:label1\" content=\"Est. tempo de leitura\" \/>\n\t<meta name=\"twitter:data1\" content=\"4 minutos\" \/>\n<script type=\"application\/ld+json\" class=\"yoast-schema-graph\">{\"@context\":\"https:\\\/\\\/schema.org\",\"@graph\":[{\"@type\":\"WebPage\",\"@id\":\"https:\\\/\\\/cnr.org.br\\\/novoportal\\\/anuidade-2026\\\/\",\"url\":\"https:\\\/\\\/cnr.org.br\\\/novoportal\\\/anuidade-2026\\\/\",\"name\":\"Anuidade 2026 - CNR\",\"isPartOf\":{\"@id\":\"https:\\\/\\\/cnr.org.br\\\/novoportal\\\/#website\"},\"datePublished\":\"2025-05-23T19:15:12+00:00\",\"dateModified\":\"2026-03-15T23:40:58+00:00\",\"breadcrumb\":{\"@id\":\"https:\\\/\\\/cnr.org.br\\\/novoportal\\\/anuidade-2026\\\/#breadcrumb\"},\"inLanguage\":\"pt-BR\",\"potentialAction\":[{\"@type\":\"ReadAction\",\"target\":[\"https:\\\/\\\/cnr.org.br\\\/novoportal\\\/anuidade-2026\\\/\"]}]},{\"@type\":\"BreadcrumbList\",\"@id\":\"https:\\\/\\\/cnr.org.br\\\/novoportal\\\/anuidade-2026\\\/#breadcrumb\",\"itemListElement\":[{\"@type\":\"ListItem\",\"position\":1,\"name\":\"In\u00edcio\",\"item\":\"https:\\\/\\\/cnr.org.br\\\/novoportal\\\/\"},{\"@type\":\"ListItem\",\"position\":2,\"name\":\"Anuidade 2026\"}]},{\"@type\":\"WebSite\",\"@id\":\"https:\\\/\\\/cnr.org.br\\\/novoportal\\\/#website\",\"url\":\"https:\\\/\\\/cnr.org.br\\\/novoportal\\\/\",\"name\":\"CNR\",\"description\":\"Confedera\u00e7\u00e3o Nacional de Not\u00e1rios e Registradores\",\"potentialAction\":[{\"@type\":\"SearchAction\",\"target\":{\"@type\":\"EntryPoint\",\"urlTemplate\":\"https:\\\/\\\/cnr.org.br\\\/novoportal\\\/?s={search_term_string}\"},\"query-input\":{\"@type\":\"PropertyValueSpecification\",\"valueRequired\":true,\"valueName\":\"search_term_string\"}}],\"inLanguage\":\"pt-BR\"}]}<\/script>\n<!-- \/ Yoast SEO plugin. -->","yoast_head_json":{"title":"Anuidade 2026 - CNR","robots":{"index":"index","follow":"follow","max-snippet":"max-snippet:-1","max-image-preview":"max-image-preview:large","max-video-preview":"max-video-preview:-1"},"canonical":"https:\/\/cnr.org.br\/novoportal\/anuidade-2026\/","og_locale":"pt_BR","og_type":"article","og_title":"Anuidade 2026 - CNR","og_description":"ANUIDADE - 2026 ANUIDADE SINDICAL GARANTE AMPARO AO DESENVOLVIMENTO DA ATIVIDADE NOTARIAL E REGISTRAL Caro(a) Colega, A Confedera\u00e7\u00e3o Nacional de Not\u00e1rios e Registradores \u2013 CNR, as Federa\u00e7\u00f5es e os Sindicatos est\u00e3o na linha de frente para defender e fortalecer a nossa atividade diante de desafios decisivos: a Reforma Tribut\u00e1ria, o Sal\u00e1rio-Educa\u00e7\u00e3o, a Reforma do C\u00f3digo [&hellip;]","og_url":"https:\/\/cnr.org.br\/novoportal\/anuidade-2026\/","og_site_name":"CNR","article_modified_time":"2026-03-15T23:40:58+00:00","twitter_card":"summary_large_image","twitter_misc":{"Est. tempo de leitura":"4 minutos"},"schema":{"@context":"https:\/\/schema.org","@graph":[{"@type":"WebPage","@id":"https:\/\/cnr.org.br\/novoportal\/anuidade-2026\/","url":"https:\/\/cnr.org.br\/novoportal\/anuidade-2026\/","name":"Anuidade 2026 - CNR","isPartOf":{"@id":"https:\/\/cnr.org.br\/novoportal\/#website"},"datePublished":"2025-05-23T19:15:12+00:00","dateModified":"2026-03-15T23:40:58+00:00","breadcrumb":{"@id":"https:\/\/cnr.org.br\/novoportal\/anuidade-2026\/#breadcrumb"},"inLanguage":"pt-BR","potentialAction":[{"@type":"ReadAction","target":["https:\/\/cnr.org.br\/novoportal\/anuidade-2026\/"]}]},{"@type":"BreadcrumbList","@id":"https:\/\/cnr.org.br\/novoportal\/anuidade-2026\/#breadcrumb","itemListElement":[{"@type":"ListItem","position":1,"name":"In\u00edcio","item":"https:\/\/cnr.org.br\/novoportal\/"},{"@type":"ListItem","position":2,"name":"Anuidade 2026"}]},{"@type":"WebSite","@id":"https:\/\/cnr.org.br\/novoportal\/#website","url":"https:\/\/cnr.org.br\/novoportal\/","name":"CNR","description":"Confedera\u00e7\u00e3o Nacional de Not\u00e1rios e Registradores","potentialAction":[{"@type":"SearchAction","target":{"@type":"EntryPoint","urlTemplate":"https:\/\/cnr.org.br\/novoportal\/?s={search_term_string}"},"query-input":{"@type":"PropertyValueSpecification","valueRequired":true,"valueName":"search_term_string"}}],"inLanguage":"pt-BR"}]}},"_links":{"self":[{"href":"https:\/\/cnr.org.br\/novoportal\/wp-json\/wp\/v2\/pages\/88764","targetHints":{"allow":["GET"]}}],"collection":[{"href":"https:\/\/cnr.org.br\/novoportal\/wp-json\/wp\/v2\/pages"}],"about":[{"href":"https:\/\/cnr.org.br\/novoportal\/wp-json\/wp\/v2\/types\/page"}],"author":[{"embeddable":true,"href":"https:\/\/cnr.org.br\/novoportal\/wp-json\/wp\/v2\/users\/8"}],"replies":[{"embeddable":true,"href":"https:\/\/cnr.org.br\/novoportal\/wp-json\/wp\/v2\/comments?post=88764"}],"version-history":[{"count":1,"href":"https:\/\/cnr.org.br\/novoportal\/wp-json\/wp\/v2\/pages\/88764\/revisions"}],"predecessor-version":[{"id":89949,"href":"https:\/\/cnr.org.br\/novoportal\/wp-json\/wp\/v2\/pages\/88764\/revisions\/89949"}],"wp:attachment":[{"href":"https:\/\/cnr.org.br\/novoportal\/wp-json\/wp\/v2\/media?parent=88764"}],"curies":[{"name":"wp","href":"https:\/\/api.w.org\/{rel}","templated":true}]}}