{"id":88769,"date":"2025-05-23T16:19:25","date_gmt":"2025-05-23T19:19:25","guid":{"rendered":"https:\/\/cnr.org.br\/novoportal\/?page_id=88769"},"modified":"2025-05-23T16:19:25","modified_gmt":"2025-05-23T19:19:25","slug":"seja-um-parceiro-da-cnr","status":"publish","type":"page","link":"https:\/\/cnr.org.br\/novoportal\/seja-um-parceiro-da-cnr\/","title":{"rendered":"Seja um Parceiro da CNR"},"content":{"rendered":"<div id=\"dslc-theme-content\"><div id=\"dslc-theme-content-inner\"><div id=\"dslc-main\">\n<div  class=\"dslc-modules-section \" style=\"padding-bottom:15px;padding-top:15px;background-color:#eef3f9;background-repeat:no-repeat;background-position:center center;background-size:cover;\" data-section-id=\"6fc0fb3589b\">\n<div class=\"dslc-modules-section-wrapper dslc-clearfix\">\n<style type=\"text\/css\" id=\"dslca-modules-area-\"><\/style>\n<div  class=\"dslc-modules-area dslc-col dslc-12-col dslc-last-col dslc-valign- \" data-size=\"12\" data-valign=\"\" data-modules-area-id=\"\" >\n<div id=\"dslc-module-13ad03c3215\" class=\"dslc-module-front dslc-module-DSLC_Separator dslc-in-viewport-check dslc-in-viewport-anim-none  dslc-col dslc-12-col dslc-last-col  dslc-module-handle-like-regular \" data-module-id=\"13ad03c3215\" data-module=\"DSLC_Separator\" data-dslc-module-size=\"12\" data-dslc-anim=\"none\" data-dslc-anim-delay=\"0\" data-dslc-anim-duration=\"650\"  data-dslc-anim-easing=\"ease\" data-dslc-preset=\"none\" >\n<div class=\"dslc-separator-wrapper\">\n<div class=\"dslc-separator dslc-separator-style-invisible\">\n\t\t\t\t\t\t\t\t\t<\/div>\n<div><\/div>\n<\/p><\/div>\n<p><!-- .dslc-separator-wrapper --><\/p><\/div>\n<p><!-- .dslc-module --><\/p>\n<div id=\"dslc-module-4d9b7f5d938\" class=\"dslc-module-front dslc-module-DSLC_Text_Simple dslc-in-viewport-check dslc-in-viewport-anim-none  dslc-col dslc-12-col dslc-last-col  dslc-module-handle-like-regular \" data-module-id=\"4d9b7f5d938\" data-module=\"DSLC_Text_Simple\" data-dslc-module-size=\"12\" data-dslc-anim=\"none\" data-dslc-anim-delay=\"0\" data-dslc-anim-duration=\"650\"  data-dslc-anim-easing=\"ease\" data-dslc-preset=\"none\" >\n<div class=\"dslc-text-module-content\">\n<p><span style=\"color: #000000;\">SEJA UM PARCEIRO<\/span> - DA CNR<\/p>\n<\/p><\/div>\n<\/p><\/div>\n<p><!-- .dslc-module -->\n\t\t<\/div>\n<\/div>\n<\/div>\n<div  class=\"dslc-modules-section \" style=\"padding-bottom:75px;padding-top:75px;\" data-section-id=\"ee9902c991a\">\n<div class=\"dslc-modules-section-wrapper dslc-clearfix\">\n<style type=\"text\/css\" id=\"dslca-modules-area-\"><\/style>\n<div  class=\"dslc-modules-area dslc-col dslc-12-col dslc-last-col dslc-valign- \" data-size=\"12\" data-valign=\"\" data-modules-area-id=\"\" >\n<div id=\"dslc-module-8d7ba83e67e\" class=\"dslc-module-front dslc-module-DSLC_Text_Simple dslc-in-viewport-check dslc-in-viewport-anim-none  dslc-col dslc-12-col dslc-last-col  dslc-module-handle-like-regular \" data-module-id=\"8d7ba83e67e\" data-module=\"DSLC_Text_Simple\" data-dslc-module-size=\"12\" data-dslc-anim=\"none\" data-dslc-anim-delay=\"0\" data-dslc-anim-duration=\"650\"  data-dslc-anim-easing=\"ease\" data-dslc-preset=\"none\" >\n<div class=\"dslc-text-module-content\">\n<p>Seja parceiro de\u00a0<b>15.000<\/b>\u00a0Not\u00e1rios e Registradores!<\/p>\n<p>O Clube de Vantagens da CNR representa o canal mais eficiente de apresenta\u00e7\u00e3o direta dos produtos de sua empresa aos Cart\u00f3rios brasileiros.<\/p>\n<p>Com in\u00fameros acessos di\u00e1rios, a p\u00e1gina eletr\u00f4nica desta Entidade inaugura este espa\u00e7o de visualiza\u00e7\u00e3o de empresas conveniadas para o oferecimento de promo\u00e7\u00f5es de mercado dirigidas \u00e0 categoria profissional dos Not\u00e1rios e Registradores! em todos os Estados do Brasil.<\/p>\n<p>Preencha o formul\u00e1rio abaixo e envie para o e-mail: contato@cnr.org.br<\/p>\n<\/p><\/div>\n<\/p><\/div>\n<p><!-- .dslc-module -->\n\t\t<\/div>\n<\/div>\n<\/div>\n<\/div>\n<\/div><\/div>","protected":false},"excerpt":{"rendered":"<p>SEJA UM PARCEIRO - DA CNR Seja parceiro de\u00a015.000\u00a0Not\u00e1rios e Registradores! O Clube de Vantagens da CNR representa o canal mais eficiente de apresenta\u00e7\u00e3o direta dos produtos de sua empresa aos Cart\u00f3rios brasileiros. Com in\u00fameros acessos di\u00e1rios, a p\u00e1gina eletr\u00f4nica desta Entidade inaugura este espa\u00e7o de visualiza\u00e7\u00e3o de empresas conveniadas para o oferecimento de promo\u00e7\u00f5es [&hellip;]<\/p>\n","protected":false},"author":8,"featured_media":0,"parent":0,"menu_order":0,"comment_status":"closed","ping_status":"closed","template":"","meta":{"footnotes":"","_links_to":"","_links_to_target":""},"class_list":["post-88769","page","type-page","status-publish","hentry"],"yoast_head":"<!-- This site is optimized with the Yoast SEO plugin v27.4 - https:\/\/yoast.com\/product\/yoast-seo-wordpress\/ -->\n<title>Seja um Parceiro da CNR - CNR<\/title>\n<meta name=\"robots\" content=\"index, follow, max-snippet:-1, max-image-preview:large, max-video-preview:-1\" \/>\n<link rel=\"canonical\" href=\"https:\/\/cnr.org.br\/novoportal\/seja-um-parceiro-da-cnr\/\" \/>\n<meta property=\"og:locale\" content=\"pt_BR\" \/>\n<meta property=\"og:type\" content=\"article\" \/>\n<meta property=\"og:title\" content=\"Seja um Parceiro da CNR - CNR\" \/>\n<meta property=\"og:description\" content=\"SEJA UM PARCEIRO - DA CNR Seja parceiro de\u00a015.000\u00a0Not\u00e1rios e Registradores! O Clube de Vantagens da CNR representa o canal mais eficiente de apresenta\u00e7\u00e3o direta dos produtos de sua empresa aos Cart\u00f3rios brasileiros. Com in\u00fameros acessos di\u00e1rios, a p\u00e1gina eletr\u00f4nica desta Entidade inaugura este espa\u00e7o de visualiza\u00e7\u00e3o de empresas conveniadas para o oferecimento de promo\u00e7\u00f5es [&hellip;]\" \/>\n<meta property=\"og:url\" content=\"https:\/\/cnr.org.br\/novoportal\/seja-um-parceiro-da-cnr\/\" \/>\n<meta property=\"og:site_name\" content=\"CNR\" \/>\n<meta name=\"twitter:card\" content=\"summary_large_image\" \/>\n<script type=\"application\/ld+json\" class=\"yoast-schema-graph\">{\"@context\":\"https:\\\/\\\/schema.org\",\"@graph\":[{\"@type\":\"WebPage\",\"@id\":\"https:\\\/\\\/cnr.org.br\\\/novoportal\\\/seja-um-parceiro-da-cnr\\\/\",\"url\":\"https:\\\/\\\/cnr.org.br\\\/novoportal\\\/seja-um-parceiro-da-cnr\\\/\",\"name\":\"Seja um Parceiro da CNR - CNR\",\"isPartOf\":{\"@id\":\"https:\\\/\\\/cnr.org.br\\\/novoportal\\\/#website\"},\"datePublished\":\"2025-05-23T19:19:25+00:00\",\"breadcrumb\":{\"@id\":\"https:\\\/\\\/cnr.org.br\\\/novoportal\\\/seja-um-parceiro-da-cnr\\\/#breadcrumb\"},\"inLanguage\":\"pt-BR\",\"potentialAction\":[{\"@type\":\"ReadAction\",\"target\":[\"https:\\\/\\\/cnr.org.br\\\/novoportal\\\/seja-um-parceiro-da-cnr\\\/\"]}]},{\"@type\":\"BreadcrumbList\",\"@id\":\"https:\\\/\\\/cnr.org.br\\\/novoportal\\\/seja-um-parceiro-da-cnr\\\/#breadcrumb\",\"itemListElement\":[{\"@type\":\"ListItem\",\"position\":1,\"name\":\"In\u00edcio\",\"item\":\"https:\\\/\\\/cnr.org.br\\\/novoportal\\\/\"},{\"@type\":\"ListItem\",\"position\":2,\"name\":\"Seja um Parceiro da CNR\"}]},{\"@type\":\"WebSite\",\"@id\":\"https:\\\/\\\/cnr.org.br\\\/novoportal\\\/#website\",\"url\":\"https:\\\/\\\/cnr.org.br\\\/novoportal\\\/\",\"name\":\"CNR\",\"description\":\"Confedera\u00e7\u00e3o Nacional de Not\u00e1rios e Registradores\",\"potentialAction\":[{\"@type\":\"SearchAction\",\"target\":{\"@type\":\"EntryPoint\",\"urlTemplate\":\"https:\\\/\\\/cnr.org.br\\\/novoportal\\\/?s={search_term_string}\"},\"query-input\":{\"@type\":\"PropertyValueSpecification\",\"valueRequired\":true,\"valueName\":\"search_term_string\"}}],\"inLanguage\":\"pt-BR\"}]}<\/script>\n<!-- \/ Yoast SEO plugin. -->","yoast_head_json":{"title":"Seja um Parceiro da CNR - CNR","robots":{"index":"index","follow":"follow","max-snippet":"max-snippet:-1","max-image-preview":"max-image-preview:large","max-video-preview":"max-video-preview:-1"},"canonical":"https:\/\/cnr.org.br\/novoportal\/seja-um-parceiro-da-cnr\/","og_locale":"pt_BR","og_type":"article","og_title":"Seja um Parceiro da CNR - CNR","og_description":"SEJA UM PARCEIRO - DA CNR Seja parceiro de\u00a015.000\u00a0Not\u00e1rios e Registradores! O Clube de Vantagens da CNR representa o canal mais eficiente de apresenta\u00e7\u00e3o direta dos produtos de sua empresa aos Cart\u00f3rios brasileiros. Com in\u00fameros acessos di\u00e1rios, a p\u00e1gina eletr\u00f4nica desta Entidade inaugura este espa\u00e7o de visualiza\u00e7\u00e3o de empresas conveniadas para o oferecimento de promo\u00e7\u00f5es [&hellip;]","og_url":"https:\/\/cnr.org.br\/novoportal\/seja-um-parceiro-da-cnr\/","og_site_name":"CNR","twitter_card":"summary_large_image","schema":{"@context":"https:\/\/schema.org","@graph":[{"@type":"WebPage","@id":"https:\/\/cnr.org.br\/novoportal\/seja-um-parceiro-da-cnr\/","url":"https:\/\/cnr.org.br\/novoportal\/seja-um-parceiro-da-cnr\/","name":"Seja um Parceiro da CNR - CNR","isPartOf":{"@id":"https:\/\/cnr.org.br\/novoportal\/#website"},"datePublished":"2025-05-23T19:19:25+00:00","breadcrumb":{"@id":"https:\/\/cnr.org.br\/novoportal\/seja-um-parceiro-da-cnr\/#breadcrumb"},"inLanguage":"pt-BR","potentialAction":[{"@type":"ReadAction","target":["https:\/\/cnr.org.br\/novoportal\/seja-um-parceiro-da-cnr\/"]}]},{"@type":"BreadcrumbList","@id":"https:\/\/cnr.org.br\/novoportal\/seja-um-parceiro-da-cnr\/#breadcrumb","itemListElement":[{"@type":"ListItem","position":1,"name":"In\u00edcio","item":"https:\/\/cnr.org.br\/novoportal\/"},{"@type":"ListItem","position":2,"name":"Seja um Parceiro da CNR"}]},{"@type":"WebSite","@id":"https:\/\/cnr.org.br\/novoportal\/#website","url":"https:\/\/cnr.org.br\/novoportal\/","name":"CNR","description":"Confedera\u00e7\u00e3o Nacional de Not\u00e1rios e Registradores","potentialAction":[{"@type":"SearchAction","target":{"@type":"EntryPoint","urlTemplate":"https:\/\/cnr.org.br\/novoportal\/?s={search_term_string}"},"query-input":{"@type":"PropertyValueSpecification","valueRequired":true,"valueName":"search_term_string"}}],"inLanguage":"pt-BR"}]}},"_links":{"self":[{"href":"https:\/\/cnr.org.br\/novoportal\/wp-json\/wp\/v2\/pages\/88769","targetHints":{"allow":["GET"]}}],"collection":[{"href":"https:\/\/cnr.org.br\/novoportal\/wp-json\/wp\/v2\/pages"}],"about":[{"href":"https:\/\/cnr.org.br\/novoportal\/wp-json\/wp\/v2\/types\/page"}],"author":[{"embeddable":true,"href":"https:\/\/cnr.org.br\/novoportal\/wp-json\/wp\/v2\/users\/8"}],"replies":[{"embeddable":true,"href":"https:\/\/cnr.org.br\/novoportal\/wp-json\/wp\/v2\/comments?post=88769"}],"version-history":[{"count":0,"href":"https:\/\/cnr.org.br\/novoportal\/wp-json\/wp\/v2\/pages\/88769\/revisions"}],"wp:attachment":[{"href":"https:\/\/cnr.org.br\/novoportal\/wp-json\/wp\/v2\/media?parent=88769"}],"curies":[{"name":"wp","href":"https:\/\/api.w.org\/{rel}","templated":true}]}}