{"id":90066,"date":"2026-03-15T22:12:32","date_gmt":"2026-03-16T01:12:32","guid":{"rendered":"https:\/\/cnr.org.br\/novoportal\/?page_id=90066"},"modified":"2026-03-15T22:12:32","modified_gmt":"2026-03-16T01:12:32","slug":"cartilhas-e-periodicos","status":"publish","type":"page","link":"https:\/\/cnr.org.br\/novoportal\/cartilhas-e-periodicos\/","title":{"rendered":"Cartilhas e Peri\u00f3dicos"},"content":{"rendered":"<div id=\"dslc-theme-content\"><div id=\"dslc-theme-content-inner\"><div id=\"dslc-main\">\n<div  class=\"dslc-modules-section  dslc-valign-  dslc-halign- \" style=\"padding-bottom:15px;padding-top:15px;background-color:#eef3f9;background-repeat:no-repeat;background-position:center center;background-size:cover;\" data-section-id=\"3846a1c6d4e\">\n<div class=\"dslc-modules-section-wrapper dslc-clearfix\">\n<style type=\"text\/css\" id=\"dslca-modules-area-a49d2251153\">.dslc-modules-area[data-modules-area-id=\"a49d2251153\"] {:px;margin-bottom:0px;:px;border-width:0px;border-style:solid;border-top-style: hidden; border-right-style: hidden; border-bottom-style: hidden; border-left-style: hidden; }<\/style>\n<div  class=\"dslc-modules-area dslc-col dslc-12-col dslc-last-col dslc-valign-  dslc-halign- \" data-size=\"12\" data-valign=\"\" data-modules-area-id=\"a49d2251153\" >\n<div id=\"dslc-module-10bc1e842cc\" class=\"dslc-module-front dslc-module-DSLC_Separator dslc-in-viewport-check dslc-in-viewport-anim-none  dslc-col dslc-12-col dslc-last-col  dslc-module-handle-like-regular \" data-module-id=\"10bc1e842cc\" data-module=\"DSLC_Separator\" data-dslc-module-size=\"12\" data-dslc-anim=\"none\" data-dslc-anim-delay=\"0\" data-dslc-anim-duration=\"650\"  data-dslc-anim-easing=\"ease\" data-dslc-preset=\"none\" >\n<div class=\"dslc-separator-wrapper\">\n<div class=\"dslc-separator dslc-separator-style-invisible\">\n\t\t\t\t\t\t\t\t\t<\/div>\n<div><\/div>\n<\/p><\/div>\n<p><!-- .dslc-separator-wrapper --><\/p><\/div>\n<p><!-- .dslc-module --><\/p>\n<div id=\"dslc-module-1b9cd45c635\" class=\"dslc-module-front dslc-module-DSLC_Text_Simple dslc-in-viewport-check dslc-in-viewport-anim-none  dslc-col dslc-12-col dslc-last-col  dslc-module-handle-like-regular \" data-module-id=\"1b9cd45c635\" data-module=\"DSLC_Text_Simple\" data-dslc-module-size=\"12\" data-dslc-anim=\"none\" data-dslc-anim-delay=\"0\" data-dslc-anim-duration=\"650\"  data-dslc-anim-easing=\"ease\" data-dslc-preset=\"none\" >\n<div class=\"dslc-text-module-content\">\n\t\t\t<span style=\"color: #000000;\">CARTILHAS E PERI\u00d3DICOS<\/span> - CNR\t\t<\/div>\n<\/p><\/div>\n<p><!-- .dslc-module -->\n\t\t<\/div>\n<\/div>\n<\/div>\n<div  class=\"dslc-modules-section  dslc-valign-  dslc-halign- \" style=\"padding-bottom:75px;padding-top:75px;\" data-section-id=\"3f7dd25c29f\">\n<div class=\"dslc-modules-section-wrapper dslc-clearfix\">\n<style type=\"text\/css\" id=\"dslca-modules-area-da715c47f9b\">.dslc-modules-area[data-modules-area-id=\"da715c47f9b\"] {:px;margin-bottom:0px;:px;border-width:0px;border-style:solid;border-top-style: hidden; border-right-style: hidden; border-bottom-style: hidden; border-left-style: hidden; }<\/style>\n<div  class=\"dslc-modules-area dslc-col dslc-12-col dslc-last-col dslc-valign-  dslc-halign- \" data-size=\"12\" data-valign=\"\" data-modules-area-id=\"da715c47f9b\" >\n<div id=\"dslc-module-249a1d3c489\" class=\"dslc-module-front dslc-module-DSLC_Blog dslc-in-viewport-check dslc-in-viewport-anim-none  dslc-col dslc-12-col dslc-last-col  dslc-module-handle-like-regular \" data-module-id=\"249a1d3c489\" data-module=\"DSLC_Blog\" data-dslc-module-size=\"12\" data-dslc-anim=\"none\" data-dslc-anim-delay=\"0\" data-dslc-anim-duration=\"650\"  data-dslc-anim-easing=\"ease\" data-dslc-preset=\"none\" >\n<div class=\"dslc-posts dslc-blog-posts dslc-clearfix dslc-blog-posts-type-grid dslc-posts-orientation-horizontal dslc-init-grid \">\r\n\t\t\t\r\n\t\t\t\r\n\t\t<div class=\"dslc-posts-inner\">\r\n\t<div class=\"dslc-post dslc-blog-post dslc-col dslc-12-col  dslc-last-col dslc-post-no-thumb dslc-post-format-standard\" data-cats=\"cartilhas-e-periodicos \">\r\n\r\n\t\r\n\t\t\t\t\t\t\t\t\r\n\t\t\t\t\t\t\t\r\n\t\t\t\t\t\t\t\r\n\t\t\t\t\t\t\t\t<div class=\"dslc-post-main dslc-blog-post-main\">\r\n\r\n\t\t\t\t\t\t\t\t\t\r\n\t\t\t\t\t\t\t\t\t\r\n\t\t\t\t\t\t\t\t\t\t<div class=\"dslc-blog-post-title\">\r\n\t\t\t\t\t\t\t\t\t\t\t<h2><a href=\"https:\/\/cnr.org.br\/novoportal\/wp-content\/uploads\/2026\/03\/Atualizacoe-da-NR5-nova-mudanca-na-NR-5-aborda-assedio.pdf\">Atualiza\u00e7\u00f5es da NR5 - Dr\u00aa Jackeline Barreto<\/a><\/h2>\r\n\t\t\t\t\t\t\t\t\t\t<\/div><!-- .dslc-blog-post-title -->\r\n\r\n\t\t\t\t\t\t\t\t\t\r\n\t\t\t\t\t\t\t\t\t\r\n\t\t\t\t\t\t\t\t\t\r\n\t\t\t\t\t\t\t\t\t\t<div class=\"dslc-blog-post-excerpt\">\r\n\t\t\t\t\t\t\t\t\t\t\t\t\t\t\t\t\t\t\t\t\t\t\tAtualiza\u00e7\u00f5es da NR5 nova mudan\u00e7a na NR-5 aborda assedio\t\t\t\t\t\t\t\t\t\t\t\t\t\t\t\t\t\t\t\t\t<\/div><!-- .dslc-blog-post-excerpt -->\r\n\r\n\t\t\t\t\t\t\t\t\t\r\n\t\t\t\t\t\t\t\t\t\r\n\t\t\t\t\t\t\t\t\t\t<div class=\"dslc-blog-post-read-more\">\r\n\t\t\t\t\t\t\t\t\t\t\t<a href=\"https:\/\/cnr.org.br\/novoportal\/wp-content\/uploads\/2026\/03\/Atualizacoe-da-NR5-nova-mudanca-na-NR-5-aborda-assedio.pdf\">\r\n\t\t\t\t\t\t\t\t\t\t\t\t\t\t\t\t\t\t\t\t\t\t\t\t\t<span class=\"dslc-icon dslc-icon-caret-down\"><\/span>\t\r\n\t\t\t\t\t\t\t\t\t\t\t\t\t\t\t\t\t\t\t\t\t\t\t\tBaixar arquivo\t\t\t\t\t\t\t\t\t\t\t<\/a>\r\n\t\t\t\t\t\t\t\t\t\t<\/div><!-- .dslc-blog-post-read-more -->\r\n\r\n\t\t\t\t\t\t\t\t\t\r\n\t\t\t\t\t\t\t\t<\/div><!-- .blog-post-main -->\r\n\r\n\t\t\t\t\t\t\t\t\r\n\t\t\t\t\t\t\t\t\r\n\t\t\t\t\t\t\t\r\n\t\t\t\t\t\t<\/div><!-- .dslc-blog-post -->\r\n\r\n\t\t\t\t\t\t\r\n\t\t\t\t\t\t<div class=\"dslc-post-separator\"><\/div>\r\n\t<div class=\"dslc-post dslc-blog-post dslc-col dslc-12-col  dslc-last-col dslc-post-no-thumb dslc-post-format-standard\" data-cats=\"cartilhas-e-periodicos \">\r\n\r\n\t\r\n\t\t\t\t\t\t\t\t\r\n\t\t\t\t\t\t\t\r\n\t\t\t\t\t\t\t\r\n\t\t\t\t\t\t\t\t<div class=\"dslc-post-main dslc-blog-post-main\">\r\n\r\n\t\t\t\t\t\t\t\t\t\r\n\t\t\t\t\t\t\t\t\t\r\n\t\t\t\t\t\t\t\t\t\t<div class=\"dslc-blog-post-title\">\r\n\t\t\t\t\t\t\t\t\t\t\t<h2><a href=\"https:\/\/cnr.org.br\/novoportal\/wp-content\/uploads\/2026\/03\/Apresentacao-Dra-Jackeline-Barreto-Riscos-Psicossociais-e-a-Nova-Redacao-da-NR1-Desafios-para-gestores.pdf\">Apresenta\u00e7\u00e3o Dr\u00aa Jackeline Barreto<\/a><\/h2>\r\n\t\t\t\t\t\t\t\t\t\t<\/div><!-- .dslc-blog-post-title -->\r\n\r\n\t\t\t\t\t\t\t\t\t\r\n\t\t\t\t\t\t\t\t\t\r\n\t\t\t\t\t\t\t\t\t\r\n\t\t\t\t\t\t\t\t\t\t<div class=\"dslc-blog-post-excerpt\">\r\n\t\t\t\t\t\t\t\t\t\t\t\t\t\t\t\t\t\t\t\t\t\t\tRISCOS PSICOSSOCIAIS E A NOVA REDA\u00c7\u00c3O DA NR1: DESAFIOS PARA NOT\u00c1RIOS E REGISTRADORES\t\t\t\t\t\t\t\t\t\t\t\t\t\t\t\t\t\t\t\t\t<\/div><!-- .dslc-blog-post-excerpt -->\r\n\r\n\t\t\t\t\t\t\t\t\t\r\n\t\t\t\t\t\t\t\t\t\r\n\t\t\t\t\t\t\t\t\t\t<div class=\"dslc-blog-post-read-more\">\r\n\t\t\t\t\t\t\t\t\t\t\t<a href=\"https:\/\/cnr.org.br\/novoportal\/wp-content\/uploads\/2026\/03\/Apresentacao-Dra-Jackeline-Barreto-Riscos-Psicossociais-e-a-Nova-Redacao-da-NR1-Desafios-para-gestores.pdf\">\r\n\t\t\t\t\t\t\t\t\t\t\t\t\t\t\t\t\t\t\t\t\t\t\t\t\t<span class=\"dslc-icon dslc-icon-caret-down\"><\/span>\t\r\n\t\t\t\t\t\t\t\t\t\t\t\t\t\t\t\t\t\t\t\t\t\t\t\tBaixar arquivo\t\t\t\t\t\t\t\t\t\t\t<\/a>\r\n\t\t\t\t\t\t\t\t\t\t<\/div><!-- .dslc-blog-post-read-more -->\r\n\r\n\t\t\t\t\t\t\t\t\t\r\n\t\t\t\t\t\t\t\t<\/div><!-- .blog-post-main -->\r\n\r\n\t\t\t\t\t\t\t\t\r\n\t\t\t\t\t\t\t\t\r\n\t\t\t\t\t\t\t\r\n\t\t\t\t\t\t<\/div><!-- .dslc-blog-post -->\r\n\r\n\t\t\t\t\t\t\r\n\t\t\t\t\t\t<div class=\"dslc-post-separator\"><\/div>\r\n\t<div class=\"dslc-post dslc-blog-post dslc-col dslc-12-col  dslc-last-col dslc-post-no-thumb dslc-post-format-standard\" data-cats=\"cartilhas-e-periodicos \">\r\n\r\n\t\r\n\t\t\t\t\t\t\t\t\r\n\t\t\t\t\t\t\t\r\n\t\t\t\t\t\t\t\r\n\t\t\t\t\t\t\t\t<div class=\"dslc-post-main dslc-blog-post-main\">\r\n\r\n\t\t\t\t\t\t\t\t\t\r\n\t\t\t\t\t\t\t\t\t\r\n\t\t\t\t\t\t\t\t\t\t<div class=\"dslc-blog-post-title\">\r\n\t\t\t\t\t\t\t\t\t\t\t<h2><a href=\"https:\/\/cnr.org.br\/novoportal\/wp-content\/uploads\/2026\/03\/Cartilha-assedio-moral-e-sexual-v-NR-2025.pdf\">Cartilha - NR 2025<\/a><\/h2>\r\n\t\t\t\t\t\t\t\t\t\t<\/div><!-- .dslc-blog-post-title -->\r\n\r\n\t\t\t\t\t\t\t\t\t\r\n\t\t\t\t\t\t\t\t\t\r\n\t\t\t\t\t\t\t\t\t\r\n\t\t\t\t\t\t\t\t\t\t<div class=\"dslc-blog-post-excerpt\">\r\n\t\t\t\t\t\t\t\t\t\t\t\t\t\t\t\t\t\t\t\t\t\t\tCartilha Ass\u00e9dio Moral e Sexual - NR 2025\t\t\t\t\t\t\t\t\t\t\t\t\t\t\t\t\t\t\t\t\t<\/div><!-- .dslc-blog-post-excerpt -->\r\n\r\n\t\t\t\t\t\t\t\t\t\r\n\t\t\t\t\t\t\t\t\t\r\n\t\t\t\t\t\t\t\t\t\t<div class=\"dslc-blog-post-read-more\">\r\n\t\t\t\t\t\t\t\t\t\t\t<a href=\"https:\/\/cnr.org.br\/novoportal\/wp-content\/uploads\/2026\/03\/Cartilha-assedio-moral-e-sexual-v-NR-2025.pdf\">\r\n\t\t\t\t\t\t\t\t\t\t\t\t\t\t\t\t\t\t\t\t\t\t\t\t\t<span class=\"dslc-icon dslc-icon-caret-down\"><\/span>\t\r\n\t\t\t\t\t\t\t\t\t\t\t\t\t\t\t\t\t\t\t\t\t\t\t\tBaixar arquivo\t\t\t\t\t\t\t\t\t\t\t<\/a>\r\n\t\t\t\t\t\t\t\t\t\t<\/div><!-- .dslc-blog-post-read-more -->\r\n\r\n\t\t\t\t\t\t\t\t\t\r\n\t\t\t\t\t\t\t\t<\/div><!-- .blog-post-main -->\r\n\r\n\t\t\t\t\t\t\t\t\r\n\t\t\t\t\t\t\t\t\r\n\t\t\t\t\t\t\t\r\n\t\t\t\t\t\t<\/div><!-- .dslc-blog-post -->\r\n\r\n\t\t\t\t\t\t\r\n\t\t\t\t\t\t<div class=\"dslc-post-separator\"><\/div>\r\n\t<div class=\"dslc-post dslc-blog-post dslc-col dslc-12-col  dslc-last-col dslc-post-no-thumb dslc-post-format-standard\" data-cats=\"cartilhas-e-periodicos \">\r\n\r\n\t\r\n\t\t\t\t\t\t\t\t\r\n\t\t\t\t\t\t\t\r\n\t\t\t\t\t\t\t\r\n\t\t\t\t\t\t\t\t<div class=\"dslc-post-main dslc-blog-post-main\">\r\n\r\n\t\t\t\t\t\t\t\t\t\r\n\t\t\t\t\t\t\t\t\t\r\n\t\t\t\t\t\t\t\t\t\t<div class=\"dslc-blog-post-title\">\r\n\t\t\t\t\t\t\t\t\t\t\t<h2><a href=\"https:\/\/cnr.org.br\/novoportal\/wp-content\/uploads\/2026\/03\/NR05-Combate-ao-Assedio-Moral-e-Sexual-no-Trabalho-Prof-Tarcilio.pdf\">NR 05 MTE - Professor Tarc\u00edlio Dias<\/a><\/h2>\r\n\t\t\t\t\t\t\t\t\t\t<\/div><!-- .dslc-blog-post-title -->\r\n\r\n\t\t\t\t\t\t\t\t\t\r\n\t\t\t\t\t\t\t\t\t\r\n\t\t\t\t\t\t\t\t\t\r\n\t\t\t\t\t\t\t\t\t\t<div class=\"dslc-blog-post-excerpt\">\r\n\t\t\t\t\t\t\t\t\t\t\t\t\t\t\t\t\t\t\t\t\t\t\tCombate ao Ass\u00e9dio Moral e Sexual no Trabalho\t\t\t\t\t\t\t\t\t\t\t\t\t\t\t\t\t\t\t\t\t<\/div><!-- .dslc-blog-post-excerpt -->\r\n\r\n\t\t\t\t\t\t\t\t\t\r\n\t\t\t\t\t\t\t\t\t\r\n\t\t\t\t\t\t\t\t\t\t<div class=\"dslc-blog-post-read-more\">\r\n\t\t\t\t\t\t\t\t\t\t\t<a href=\"https:\/\/cnr.org.br\/novoportal\/wp-content\/uploads\/2026\/03\/NR05-Combate-ao-Assedio-Moral-e-Sexual-no-Trabalho-Prof-Tarcilio.pdf\">\r\n\t\t\t\t\t\t\t\t\t\t\t\t\t\t\t\t\t\t\t\t\t\t\t\t\t<span class=\"dslc-icon dslc-icon-caret-down\"><\/span>\t\r\n\t\t\t\t\t\t\t\t\t\t\t\t\t\t\t\t\t\t\t\t\t\t\t\tBaixar arquivo\t\t\t\t\t\t\t\t\t\t\t<\/a>\r\n\t\t\t\t\t\t\t\t\t\t<\/div><!-- .dslc-blog-post-read-more -->\r\n\r\n\t\t\t\t\t\t\t\t\t\r\n\t\t\t\t\t\t\t\t<\/div><!-- .blog-post-main -->\r\n\r\n\t\t\t\t\t\t\t\t\r\n\t\t\t\t\t\t\t\t\r\n\t\t\t\t\t\t\t\r\n\t\t\t\t\t\t<\/div><!-- .dslc-blog-post -->\r\n\r\n\t\t\t\t\t\t\r\n\t\t\t\t\t\t<div class=\"dslc-post-separator\"><\/div>\r\n\t<div class=\"dslc-post dslc-blog-post dslc-col dslc-12-col  dslc-last-col dslc-post-no-thumb dslc-post-format-standard\" data-cats=\"cartilhas-e-periodicos \">\r\n\r\n\t\r\n\t\t\t\t\t\t\t\t\r\n\t\t\t\t\t\t\t\r\n\t\t\t\t\t\t\t\r\n\t\t\t\t\t\t\t\t<div class=\"dslc-post-main dslc-blog-post-main\">\r\n\r\n\t\t\t\t\t\t\t\t\t\r\n\t\t\t\t\t\t\t\t\t\r\n\t\t\t\t\t\t\t\t\t\t<div class=\"dslc-blog-post-title\">\r\n\t\t\t\t\t\t\t\t\t\t\t<h2><a href=\"https:\/\/cnr.org.br\/novoportal\/wp-content\/uploads\/2026\/03\/Prevencao-e-Enfrentamento-das-Violencias-Assedios-e-Discriminacoes-Dr-Isaias.pdf\">Preven\u00e7\u00e3o e Enfrentamento das Viol\u00eancias, Ass\u00e9dios e Discrimina\u00e7\u00f5es<\/a><\/h2>\r\n\t\t\t\t\t\t\t\t\t\t<\/div><!-- .dslc-blog-post-title -->\r\n\r\n\t\t\t\t\t\t\t\t\t\r\n\t\t\t\t\t\t\t\t\t\r\n\t\t\t\t\t\t\t\t\t\r\n\t\t\t\t\t\t\t\t\t\t<div class=\"dslc-blog-post-excerpt\">\r\n\t\t\t\t\t\t\t\t\t\t\t\t\t\t\t\t\t\t\t\t\t\t\tUma institui\u00e7\u00e3o deve prezar por um ambiente de trabalho saud\u00e1vel, digno e seguro para todas as pessoas. Este guia busca conscientizar sobre viol\u00eancia, ass\u00e9dio e discrimina\u00e7\u00e3o no ambiente laboral.\t\t\t\t\t\t\t\t\t\t\t\t\t\t\t\t\t\t\t\t\t<\/div><!-- .dslc-blog-post-excerpt -->\r\n\r\n\t\t\t\t\t\t\t\t\t\r\n\t\t\t\t\t\t\t\t\t\r\n\t\t\t\t\t\t\t\t\t\t<div class=\"dslc-blog-post-read-more\">\r\n\t\t\t\t\t\t\t\t\t\t\t<a href=\"https:\/\/cnr.org.br\/novoportal\/wp-content\/uploads\/2026\/03\/Prevencao-e-Enfrentamento-das-Violencias-Assedios-e-Discriminacoes-Dr-Isaias.pdf\">\r\n\t\t\t\t\t\t\t\t\t\t\t\t\t\t\t\t\t\t\t\t\t\t\t\t\t<span class=\"dslc-icon dslc-icon-caret-down\"><\/span>\t\r\n\t\t\t\t\t\t\t\t\t\t\t\t\t\t\t\t\t\t\t\t\t\t\t\tBaixar arquivo\t\t\t\t\t\t\t\t\t\t\t<\/a>\r\n\t\t\t\t\t\t\t\t\t\t<\/div><!-- .dslc-blog-post-read-more -->\r\n\r\n\t\t\t\t\t\t\t\t\t\r\n\t\t\t\t\t\t\t\t<\/div><!-- .blog-post-main -->\r\n\r\n\t\t\t\t\t\t\t\t\r\n\t\t\t\t\t\t\t\t\r\n\t\t\t\t\t\t\t\r\n\t\t\t\t\t\t<\/div><!-- .dslc-blog-post -->\r\n\r\n\t\t\t\t\t\t\r\n\t\t\t\t\t\t<\/div><!-- .dslc-posts-inner -->\r\n\t\t\t\r\n\t\t\t\r\n\t<\/div><!-- .dslc-blog-posts --><\/div>\n<p><!-- .dslc-module -->\n\t\t<\/div>\n<\/div>\n<\/div>\n<\/div>\n<\/div><\/div>","protected":false},"excerpt":{"rendered":"<p>CARTILHAS E PERI\u00d3DICOS - CNR<\/p>\n","protected":false},"author":8,"featured_media":0,"parent":0,"menu_order":0,"comment_status":"closed","ping_status":"closed","template":"","meta":{"footnotes":"","_links_to":"","_links_to_target":""},"class_list":["post-90066","page","type-page","status-publish","hentry"],"yoast_head":"<!-- This site is optimized with the Yoast SEO plugin v27.4 - https:\/\/yoast.com\/product\/yoast-seo-wordpress\/ -->\n<title>Cartilhas e Peri\u00f3dicos - CNR<\/title>\n<meta name=\"robots\" content=\"index, follow, max-snippet:-1, max-image-preview:large, max-video-preview:-1\" \/>\n<link rel=\"canonical\" href=\"https:\/\/cnr.org.br\/novoportal\/cartilhas-e-periodicos\/\" \/>\n<meta property=\"og:locale\" content=\"pt_BR\" \/>\n<meta property=\"og:type\" content=\"article\" \/>\n<meta property=\"og:title\" content=\"Cartilhas e Peri\u00f3dicos - CNR\" \/>\n<meta property=\"og:description\" content=\"CARTILHAS E PERI\u00d3DICOS - CNR\" \/>\n<meta property=\"og:url\" content=\"https:\/\/cnr.org.br\/novoportal\/cartilhas-e-periodicos\/\" \/>\n<meta property=\"og:site_name\" content=\"CNR\" \/>\n<meta name=\"twitter:card\" content=\"summary_large_image\" \/>\n<script type=\"application\/ld+json\" class=\"yoast-schema-graph\">{\"@context\":\"https:\\\/\\\/schema.org\",\"@graph\":[{\"@type\":\"WebPage\",\"@id\":\"https:\\\/\\\/cnr.org.br\\\/novoportal\\\/cartilhas-e-periodicos\\\/\",\"url\":\"https:\\\/\\\/cnr.org.br\\\/novoportal\\\/cartilhas-e-periodicos\\\/\",\"name\":\"Cartilhas e Peri\u00f3dicos - CNR\",\"isPartOf\":{\"@id\":\"https:\\\/\\\/cnr.org.br\\\/novoportal\\\/#website\"},\"datePublished\":\"2026-03-16T01:12:32+00:00\",\"breadcrumb\":{\"@id\":\"https:\\\/\\\/cnr.org.br\\\/novoportal\\\/cartilhas-e-periodicos\\\/#breadcrumb\"},\"inLanguage\":\"pt-BR\",\"potentialAction\":[{\"@type\":\"ReadAction\",\"target\":[\"https:\\\/\\\/cnr.org.br\\\/novoportal\\\/cartilhas-e-periodicos\\\/\"]}]},{\"@type\":\"BreadcrumbList\",\"@id\":\"https:\\\/\\\/cnr.org.br\\\/novoportal\\\/cartilhas-e-periodicos\\\/#breadcrumb\",\"itemListElement\":[{\"@type\":\"ListItem\",\"position\":1,\"name\":\"In\u00edcio\",\"item\":\"https:\\\/\\\/cnr.org.br\\\/novoportal\\\/\"},{\"@type\":\"ListItem\",\"position\":2,\"name\":\"Cartilhas e Peri\u00f3dicos\"}]},{\"@type\":\"WebSite\",\"@id\":\"https:\\\/\\\/cnr.org.br\\\/novoportal\\\/#website\",\"url\":\"https:\\\/\\\/cnr.org.br\\\/novoportal\\\/\",\"name\":\"CNR\",\"description\":\"Confedera\u00e7\u00e3o Nacional de Not\u00e1rios e Registradores\",\"potentialAction\":[{\"@type\":\"SearchAction\",\"target\":{\"@type\":\"EntryPoint\",\"urlTemplate\":\"https:\\\/\\\/cnr.org.br\\\/novoportal\\\/?s={search_term_string}\"},\"query-input\":{\"@type\":\"PropertyValueSpecification\",\"valueRequired\":true,\"valueName\":\"search_term_string\"}}],\"inLanguage\":\"pt-BR\"}]}<\/script>\n<!-- \/ Yoast SEO plugin. -->","yoast_head_json":{"title":"Cartilhas e Peri\u00f3dicos - CNR","robots":{"index":"index","follow":"follow","max-snippet":"max-snippet:-1","max-image-preview":"max-image-preview:large","max-video-preview":"max-video-preview:-1"},"canonical":"https:\/\/cnr.org.br\/novoportal\/cartilhas-e-periodicos\/","og_locale":"pt_BR","og_type":"article","og_title":"Cartilhas e Peri\u00f3dicos - CNR","og_description":"CARTILHAS E PERI\u00d3DICOS - CNR","og_url":"https:\/\/cnr.org.br\/novoportal\/cartilhas-e-periodicos\/","og_site_name":"CNR","twitter_card":"summary_large_image","schema":{"@context":"https:\/\/schema.org","@graph":[{"@type":"WebPage","@id":"https:\/\/cnr.org.br\/novoportal\/cartilhas-e-periodicos\/","url":"https:\/\/cnr.org.br\/novoportal\/cartilhas-e-periodicos\/","name":"Cartilhas e Peri\u00f3dicos - CNR","isPartOf":{"@id":"https:\/\/cnr.org.br\/novoportal\/#website"},"datePublished":"2026-03-16T01:12:32+00:00","breadcrumb":{"@id":"https:\/\/cnr.org.br\/novoportal\/cartilhas-e-periodicos\/#breadcrumb"},"inLanguage":"pt-BR","potentialAction":[{"@type":"ReadAction","target":["https:\/\/cnr.org.br\/novoportal\/cartilhas-e-periodicos\/"]}]},{"@type":"BreadcrumbList","@id":"https:\/\/cnr.org.br\/novoportal\/cartilhas-e-periodicos\/#breadcrumb","itemListElement":[{"@type":"ListItem","position":1,"name":"In\u00edcio","item":"https:\/\/cnr.org.br\/novoportal\/"},{"@type":"ListItem","position":2,"name":"Cartilhas e Peri\u00f3dicos"}]},{"@type":"WebSite","@id":"https:\/\/cnr.org.br\/novoportal\/#website","url":"https:\/\/cnr.org.br\/novoportal\/","name":"CNR","description":"Confedera\u00e7\u00e3o Nacional de Not\u00e1rios e Registradores","potentialAction":[{"@type":"SearchAction","target":{"@type":"EntryPoint","urlTemplate":"https:\/\/cnr.org.br\/novoportal\/?s={search_term_string}"},"query-input":{"@type":"PropertyValueSpecification","valueRequired":true,"valueName":"search_term_string"}}],"inLanguage":"pt-BR"}]}},"_links":{"self":[{"href":"https:\/\/cnr.org.br\/novoportal\/wp-json\/wp\/v2\/pages\/90066","targetHints":{"allow":["GET"]}}],"collection":[{"href":"https:\/\/cnr.org.br\/novoportal\/wp-json\/wp\/v2\/pages"}],"about":[{"href":"https:\/\/cnr.org.br\/novoportal\/wp-json\/wp\/v2\/types\/page"}],"author":[{"embeddable":true,"href":"https:\/\/cnr.org.br\/novoportal\/wp-json\/wp\/v2\/users\/8"}],"replies":[{"embeddable":true,"href":"https:\/\/cnr.org.br\/novoportal\/wp-json\/wp\/v2\/comments?post=90066"}],"version-history":[{"count":1,"href":"https:\/\/cnr.org.br\/novoportal\/wp-json\/wp\/v2\/pages\/90066\/revisions"}],"predecessor-version":[{"id":90067,"href":"https:\/\/cnr.org.br\/novoportal\/wp-json\/wp\/v2\/pages\/90066\/revisions\/90067"}],"wp:attachment":[{"href":"https:\/\/cnr.org.br\/novoportal\/wp-json\/wp\/v2\/media?parent=90066"}],"curies":[{"name":"wp","href":"https:\/\/api.w.org\/{rel}","templated":true}]}}