{"id":10049,"date":"2019-01-16T13:35:58","date_gmt":"2019-01-16T15:35:58","guid":{"rendered":"https:\/\/cnr.org.br\/site\/?page_id=10049"},"modified":"2020-01-16T19:41:23","modified_gmt":"2020-01-16T21:41:23","slug":"anuidade-garante-amparo-ao-desenvolvimento-da-atividade-notarial-e-registral","status":"publish","type":"page","link":"https:\/\/cnr.org.br\/site\/anuidade-garante-amparo-ao-desenvolvimento-da-atividade-notarial-e-registral\/","title":{"rendered":"Anuidade garante amparo ao desenvolvimento da atividade notarial e registral"},"content":{"rendered":"<p>[vc_row][vc_column][vc_column_text]<\/p>\n<p style=\"text-align: justify;\"><strong>Anuidade garante amparo ao desenvolvimento da atividade notarial e registral<\/strong><\/p>\n<p style=\"text-align: justify;\"><em>CNR amplia representatividade e garante direitos dos titulares de cart\u00f3rios; anuidade sindical \u00e9 fundamental para desenvolvimento das a\u00e7\u00f5es<\/em><\/p>\n<p style=\"text-align: justify;\">A Confedera\u00e7\u00e3o Nacional de Not\u00e1rios e Registradores (CNR), as Federa\u00e7\u00f5es e os Sindicatos atuam decisivamente na defesa dos interesses dos Not\u00e1rios e Registradores brasileiros e tem se mobilizado em busca do reconhecimento da categoria perante o Poder P\u00fablico e a sociedade.<\/p>\n<p style=\"text-align: justify;\">A CNR, sempre comprometida com o aprimoramento da atividade, seja na capacita\u00e7\u00e3o cont\u00ednua dos Not\u00e1rios e Registradores, e de seus auxiliares, ou no desenvolvimento de novos projetos.<\/p>\n<p style=\"text-align: justify;\">Para que a entidade continue desempenhando fortemente este papel, a CNR reitera a import\u00e2ncia dos associados contribu\u00edrem, por meio dos seus sindicatos, com a taxa de anuidade da entidade. Entre as vantagens e benef\u00edcios que os associados usufruem ao longo do ano em decorr\u00eancia desta contribui\u00e7\u00e3o est\u00e3o:<\/p>\n<p style=\"text-align: justify;\">Atua\u00e7\u00e3o nas negocia\u00e7\u00f5es de conven\u00e7\u00f5es e acordos coletivos com os sindicatos dos trabalhadores. Disponibiliza, ainda, apoio jur\u00eddico aos associados, em especial diante da reforma trabalhista. Representatividade pol\u00edtica; Assessoria parlamentar, sindical ou de imprensa; Descontos para adquirir certificado digital; Desconto em congressos e encontros nacionais e internacionais da CNR; Acesso \u00e0 revista eletr\u00f4nica da CNR \u201cCart\u00f3rio Contempor\u00e2neo\u201d; Clube de Vantagens com empresas parceiras em todo o territ\u00f3rio nacional, oferece descontos em produtos e servi\u00e7os para not\u00e1rios e registradores associados aos Sindicatos.<\/p>\n<p style=\"text-align: justify;\">Saiba que sem a sua colabora\u00e7\u00e3o n\u00e3o ter\u00edamos chegado at\u00e9 aqui, com a entidade fortalecida e conhecida em todo o pa\u00eds.<\/p>\n<p style=\"text-align: justify;\">Que 2019 seja um ano pr\u00f3spero e repleto de sucesso.<\/p>\n<p style=\"text-align: justify;\">Um abra\u00e7o amigo do<\/p>\n<p style=\"text-align: justify;\">Rog\u00e9rio Portugal Bacellar<\/p>\n<p style=\"text-align: justify;\">Presidente<\/p>\n<p style=\"text-align: justify;\"><strong>SE AINDA N\u00c3O RECEBEU O BOLETO DA ANUIDADE SINDICAL, PODER\u00c1 GERAR SUA GUIA <u><a href=\"http:\/\/cnr.consir.com.br\/index.php\">AQUI<\/a>.<\/u><\/strong><\/p>\n<p style=\"text-align: justify;\"><strong>CASO QUEIRA APENAS ATUALIZAR A DATA DE VENCIMENTO CLIQUE <u><a href=\"https:\/\/www.ib2.bradesco.com.br\/ibpfsegundaviaboleto\/segundaViaBoletoPesquisarLinhaDigitavel.do\">AQUI<\/a>.<\/u><\/strong><\/p>\n<p style=\"text-align: justify;\">Entre em contato pelo telefone (61) 3963-1555 para verificar mais detalhes ou associar-se.<\/p>\n<p style=\"text-align: justify;\"><strong><u><a href=\"https:\/\/cnr.org.br\/site\/tabela-da-anuidade-sindical-exercicio-2019\/\">LINK APENAS COM A TABELA<\/a> <\/u><\/strong><\/p>\n<p>[\/vc_column_text][\/vc_column][\/vc_row]<\/p>\n","protected":false},"excerpt":{"rendered":"<p>[vc_row][vc_column][vc_column_text] Anuidade garante amparo ao desenvolvimento da atividade notarial e registral CNR amplia representatividade e garante direitos dos titulares de cart\u00f3rios; anuidade sindical \u00e9 fundamental para desenvolvimento das a\u00e7\u00f5es A Confedera\u00e7\u00e3o Nacional de Not\u00e1rios e Registradores (CNR), as Federa\u00e7\u00f5es e os Sindicatos atuam decisivamente na defesa dos interesses dos Not\u00e1rios e Registradores brasileiros e tem&#8230;<\/p>\n","protected":false},"author":1,"featured_media":0,"parent":0,"menu_order":0,"comment_status":"closed","ping_status":"closed","template":"","meta":{"_exactmetrics_skip_tracking":false,"_exactmetrics_sitenote_active":false,"_exactmetrics_sitenote_note":"","_exactmetrics_sitenote_category":0,"footnotes":""},"class_list":["post-10049","page","type-page","status-publish","hentry"],"_links":{"self":[{"href":"https:\/\/cnr.org.br\/site\/wp-json\/wp\/v2\/pages\/10049"}],"collection":[{"href":"https:\/\/cnr.org.br\/site\/wp-json\/wp\/v2\/pages"}],"about":[{"href":"https:\/\/cnr.org.br\/site\/wp-json\/wp\/v2\/types\/page"}],"author":[{"embeddable":true,"href":"https:\/\/cnr.org.br\/site\/wp-json\/wp\/v2\/users\/1"}],"replies":[{"embeddable":true,"href":"https:\/\/cnr.org.br\/site\/wp-json\/wp\/v2\/comments?post=10049"}],"version-history":[{"count":11,"href":"https:\/\/cnr.org.br\/site\/wp-json\/wp\/v2\/pages\/10049\/revisions"}],"predecessor-version":[{"id":17170,"href":"https:\/\/cnr.org.br\/site\/wp-json\/wp\/v2\/pages\/10049\/revisions\/17170"}],"wp:attachment":[{"href":"https:\/\/cnr.org.br\/site\/wp-json\/wp\/v2\/media?parent=10049"}],"curies":[{"name":"wp","href":"https:\/\/api.w.org\/{rel}","templated":true}]}}