{"id":10189,"date":"2019-01-22T13:43:26","date_gmt":"2019-01-22T15:43:26","guid":{"rendered":"https:\/\/cnr.org.br\/site\/?page_id=10189"},"modified":"2019-12-20T15:59:57","modified_gmt":"2019-12-20T17:59:57","slug":"tabela-da-anuidade-sindical-exercicio-2019","status":"publish","type":"page","link":"https:\/\/cnr.org.br\/site\/tabela-da-anuidade-sindical-exercicio-2019\/","title":{"rendered":"TABELA DA ANUIDADE SINDICAL \u2013 EXERC\u00cdCIO 2020"},"content":{"rendered":"<h4 style=\"text-align: center;\"><strong><u>Tabela da Anuidade Sindical para o exerc\u00edcio do ano de 2020<\/u><\/strong><\/h4>\n<p>&nbsp;<\/p>\n<table>\n<tbody>\n<tr>\n<td width=\"130\">\n<p style=\"text-align: center;\"><strong>GRUPO<\/strong><\/p>\n<\/td>\n<td style=\"text-align: center;\" width=\"254\"><strong>FATURAMENTO MENSAL (R$)<\/strong><\/td>\n<td style=\"text-align: center;\" width=\"143\"><strong>Valor (R$)<\/strong><\/td>\n<\/tr>\n<tr>\n<td width=\"130\">\n<p style=\"text-align: center;\"><strong>1<\/strong><\/p>\n<\/td>\n<td width=\"254\">\n<p style=\"text-align: center;\"><strong>At\u00e9 5.000,00<\/strong><\/p>\n<\/td>\n<td width=\"143\">\n<p style=\"text-align: center;\"><strong>100,00<\/strong><\/p>\n<\/td>\n<\/tr>\n<tr>\n<td width=\"130\">\n<p style=\"text-align: center;\"><strong>2<\/strong><\/p>\n<\/td>\n<td width=\"254\">\n<p style=\"text-align: center;\"><strong>At\u00e9 10.000,00<\/strong><\/p>\n<\/td>\n<td width=\"143\">\n<p style=\"text-align: center;\"><strong>175,00<\/strong><\/p>\n<\/td>\n<\/tr>\n<tr>\n<td width=\"130\">\n<p style=\"text-align: center;\"><strong>3<\/strong><\/p>\n<\/td>\n<td width=\"254\">\n<p style=\"text-align: center;\"><strong>At\u00e9 20.000,00<\/strong><\/p>\n<\/td>\n<td width=\"143\">\n<p style=\"text-align: center;\"><strong>325,00<\/strong><\/p>\n<\/td>\n<\/tr>\n<tr>\n<td width=\"130\">\n<p style=\"text-align: center;\"><strong>4<\/strong><\/p>\n<\/td>\n<td width=\"254\">\n<p style=\"text-align: center;\"><strong>At\u00e9 30.000,00<\/strong><\/p>\n<\/td>\n<td width=\"143\">\n<p style=\"text-align: center;\"><strong>425,00<\/strong><\/p>\n<\/td>\n<\/tr>\n<tr>\n<td width=\"130\">\n<p style=\"text-align: center;\"><strong>5<\/strong><\/p>\n<\/td>\n<td width=\"254\">\n<p style=\"text-align: center;\"><strong>At\u00e9 40.000,00<\/strong><\/p>\n<\/td>\n<td width=\"143\">\n<p style=\"text-align: center;\"><strong>525,00<\/strong><\/p>\n<\/td>\n<\/tr>\n<tr>\n<td width=\"130\">\n<p style=\"text-align: center;\"><strong>6<\/strong><\/p>\n<\/td>\n<td width=\"254\">\n<p style=\"text-align: center;\"><strong>At\u00e9 50.000,00<\/strong><\/p>\n<\/td>\n<td width=\"143\">\n<p style=\"text-align: center;\"><strong>625,00<\/strong><\/p>\n<\/td>\n<\/tr>\n<tr>\n<td width=\"130\">\n<p style=\"text-align: center;\"><strong>7<\/strong><\/p>\n<\/td>\n<td width=\"254\">\n<p style=\"text-align: center;\"><strong>At\u00e9 100.000,00<\/strong><\/p>\n<\/td>\n<td width=\"143\">\n<p style=\"text-align: center;\"><strong>825,00<\/strong><\/p>\n<\/td>\n<\/tr>\n<tr>\n<td width=\"130\">\n<p style=\"text-align: center;\"><strong>8<\/strong><\/p>\n<\/td>\n<td width=\"254\">\n<p style=\"text-align: center;\"><strong>At\u00e9 150.000,00<\/strong><\/p>\n<\/td>\n<td width=\"143\">\n<p style=\"text-align: center;\"><strong>1.025,00<\/strong><\/p>\n<\/td>\n<\/tr>\n<tr>\n<td width=\"130\">\n<p style=\"text-align: center;\"><strong>9<\/strong><\/p>\n<\/td>\n<td width=\"254\">\n<p style=\"text-align: center;\"><strong>At\u00e9 175.000,00<\/strong><\/p>\n<\/td>\n<td width=\"143\">\n<p style=\"text-align: center;\"><strong>1.125,00<\/strong><\/p>\n<\/td>\n<\/tr>\n<tr>\n<td width=\"130\">\n<p style=\"text-align: center;\"><strong>10<\/strong><\/p>\n<\/td>\n<td width=\"254\">\n<p style=\"text-align: center;\"><strong>At\u00e9 200.000,00<\/strong><\/p>\n<\/td>\n<td width=\"143\">\n<p style=\"text-align: center;\"><strong>1.225,00<\/strong><\/p>\n<\/td>\n<\/tr>\n<tr>\n<td width=\"130\">\n<p style=\"text-align: center;\"><strong>11<\/strong><\/p>\n<\/td>\n<td width=\"254\">\n<p style=\"text-align: center;\"><strong>At\u00e9 225.000,00<\/strong><\/p>\n<\/td>\n<td width=\"143\">\n<p style=\"text-align: center;\"><strong>1.325,00<\/strong><\/p>\n<\/td>\n<\/tr>\n<tr>\n<td width=\"130\">\n<p style=\"text-align: center;\"><strong>12<\/strong><\/p>\n<\/td>\n<td width=\"254\">\n<p style=\"text-align: center;\"><strong>At\u00e9 250.000,00<\/strong><\/p>\n<\/td>\n<td width=\"143\">\n<p style=\"text-align: center;\"><strong>1.525,00<\/strong><\/p>\n<\/td>\n<\/tr>\n<tr>\n<td width=\"130\">\n<p style=\"text-align: center;\"><strong>13<\/strong><\/p>\n<\/td>\n<td width=\"254\">\n<p style=\"text-align: center;\"><strong>At\u00e9 275.000,00<\/strong><\/p>\n<\/td>\n<td width=\"143\">\n<p style=\"text-align: center;\"><strong>2.025,00<\/strong><\/p>\n<\/td>\n<\/tr>\n<tr>\n<td width=\"130\">\n<p style=\"text-align: center;\"><strong>14<\/strong><\/p>\n<\/td>\n<td width=\"254\">\n<p style=\"text-align: center;\"><strong>At\u00e9 300.000,00<\/strong><\/p>\n<\/td>\n<td width=\"143\">\n<p style=\"text-align: center;\"><strong>2.325,00<\/strong><\/p>\n<\/td>\n<\/tr>\n<tr>\n<td width=\"130\">\n<p style=\"text-align: center;\"><strong>15<\/strong><\/p>\n<\/td>\n<td width=\"254\">\n<p style=\"text-align: center;\"><strong>At\u00e9 325.000,00<\/strong><\/p>\n<\/td>\n<td width=\"143\">\n<p style=\"text-align: center;\"><strong>2.525,00<\/strong><\/p>\n<\/td>\n<\/tr>\n<tr>\n<td width=\"130\">\n<p style=\"text-align: center;\"><strong>16<\/strong><\/p>\n<\/td>\n<td width=\"254\">\n<p style=\"text-align: center;\"><strong>At\u00e9 350.000,00<\/strong><\/p>\n<\/td>\n<td width=\"143\">\n<p style=\"text-align: center;\"><strong>3.175,00<\/strong><\/p>\n<\/td>\n<\/tr>\n<tr>\n<td style=\"text-align: center;\" width=\"130\"><strong>17<\/strong><\/td>\n<td style=\"text-align: center;\" width=\"254\"><strong>Acima de 375.000,00<\/strong><\/td>\n<td width=\"143\">\n<p style=\"text-align: center;\"><strong>3.500,00<\/strong><\/p>\n<\/td>\n<\/tr>\n<\/tbody>\n<\/table>\n<p>&nbsp;<\/p>\n<ol>\n<li style=\"text-align: justify;\">Anuidade sindical, amparada na legisla\u00e7\u00e3o vigente, permite \u00e0s entidades sindicais preservar sua autonomia, assegurando que possam defender os interesses da categoria, representando-a perante autoridades, \u00f3rg\u00e3os governamentais e f\u00f3runs de delibera\u00e7\u00e3o, al\u00e9m de firmar conv\u00eanios e parcerias.<\/li>\n<li style=\"text-align: justify;\">Tabela aprovada por unanimidade pela Assembleia Geral Extraordin\u00e1ria da Confedera\u00e7\u00e3o Nacional de Not\u00e1rios e Registradores &#8211; CNR, realizada em 20\/11\/2019.<\/li>\n<li style=\"text-align: justify;\">Os Sindicatos dos Estados de Alagoas, Amazonas, Distrito Federal, Esp\u00edrito Santo, Goi\u00e1s, Mato Grosso, Mato Grosso do Sul, Minas Gerais, Paran\u00e1, Rio de Janeiro e Rio Grande do Sul autorizaram a emiss\u00e3o deste boleto diretamente pela CNR, com os devidos repasses \u00e0s respectivas entidades.<\/li>\n<li style=\"text-align: justify;\">O valor a ser aplicado na tabela \u00e9 a m\u00e9dia mensal, ou seja, soma-se o resultado bruto de todos os meses do ano de 2019 e divide-se o valor por 12 obtendo-se, desta forma, um valor m\u00e9dio mensal.<\/li>\n<li style=\"text-align: justify;\"><strong><u>Vencimento dia 30\/01\/2020.<\/u><\/strong> Com a nova forma de cobran\u00e7a registrada, o <strong><u>Banco Bradesco<\/u><\/strong> ser\u00e1 a institui\u00e7\u00e3o banc\u00e1ria respons\u00e1vel pelos boletos da CNR, cujo valor de cobran\u00e7a foi o menor apresentado pelas Institui\u00e7\u00f5es Financeiras. At\u00e9 o final de fevereiro, novo boleto tamb\u00e9m poder\u00e1 ser adquirido no site da Confedera\u00e7\u00e3o.<\/li>\n<\/ol>\n<p><strong><u>Informa\u00e7\u00f5es e d\u00favidas: <a href=\"mailto:contato@cnr.org.br\">contato@cnr.org.br<\/a> ou (61) 3963-1555<\/u><\/strong><\/p>\n","protected":false},"excerpt":{"rendered":"<p>Tabela da Anuidade Sindical para o exerc\u00edcio do ano de 2020 &nbsp; GRUPO FATURAMENTO MENSAL (R$) Valor (R$) 1 At\u00e9 5.000,00 100,00 2 At\u00e9 10.000,00 175,00 3 At\u00e9 20.000,00 325,00 4 At\u00e9 30.000,00 425,00 5 At\u00e9 40.000,00 525,00 6 At\u00e9 50.000,00 625,00 7 At\u00e9 100.000,00 825,00 8 At\u00e9 150.000,00 1.025,00 9 At\u00e9 175.000,00 1.125,00 10&#8230;<\/p>\n","protected":false},"author":1,"featured_media":0,"parent":0,"menu_order":0,"comment_status":"closed","ping_status":"closed","template":"","meta":{"_exactmetrics_skip_tracking":false,"_exactmetrics_sitenote_active":false,"_exactmetrics_sitenote_note":"","_exactmetrics_sitenote_category":0,"footnotes":""},"class_list":["post-10189","page","type-page","status-publish","hentry"],"_links":{"self":[{"href":"https:\/\/cnr.org.br\/site\/wp-json\/wp\/v2\/pages\/10189"}],"collection":[{"href":"https:\/\/cnr.org.br\/site\/wp-json\/wp\/v2\/pages"}],"about":[{"href":"https:\/\/cnr.org.br\/site\/wp-json\/wp\/v2\/types\/page"}],"author":[{"embeddable":true,"href":"https:\/\/cnr.org.br\/site\/wp-json\/wp\/v2\/users\/1"}],"replies":[{"embeddable":true,"href":"https:\/\/cnr.org.br\/site\/wp-json\/wp\/v2\/comments?post=10189"}],"version-history":[{"count":3,"href":"https:\/\/cnr.org.br\/site\/wp-json\/wp\/v2\/pages\/10189\/revisions"}],"predecessor-version":[{"id":16853,"href":"https:\/\/cnr.org.br\/site\/wp-json\/wp\/v2\/pages\/10189\/revisions\/16853"}],"wp:attachment":[{"href":"https:\/\/cnr.org.br\/site\/wp-json\/wp\/v2\/media?parent=10189"}],"curies":[{"name":"wp","href":"https:\/\/api.w.org\/{rel}","templated":true}]}}