{"id":1288,"date":"2017-05-26T19:14:21","date_gmt":"2017-05-26T22:14:21","guid":{"rendered":"https:\/\/cnr.org.br\/site\/?page_id=1288"},"modified":"2024-04-15T10:22:35","modified_gmt":"2024-04-15T13:22:35","slug":"sindicatos","status":"publish","type":"page","link":"https:\/\/cnr.org.br\/site\/sindicatos\/","title":{"rendered":"Sindicatos"},"content":{"rendered":"<p>[vc_row][vc_column][vc_column_text]<\/p>\n<h2 style=\"text-align: center;\">Sindicatos<\/h2>\n<p>[\/vc_column_text][\/vc_column][\/vc_row][vc_row][vc_column][vc_separator][\/vc_column][\/vc_row][vc_row][vc_column][vc_tta_tour][vc_tta_section title=&#8221;SINOREG \u2013 AL&#8221; tab_id=&#8221;1687441747354-56224100-d0f2&#8243;][vc_column_text]Presidente<\/p>\n<p>RAINEY BARBOSA ALVES MARINHO<\/p>\n<p>Telefone: (82) 3221-1373<\/p>\n<p>E-mail:\u00a0<a href=\"mailto:secretaria@anoreg-al.org.br\">secretaria@anoreg-al.org.br<\/a> <a href=\"mailto:millena@anoreg-al.org.br\">millena@anoreg-al.org.br<\/a><\/p>\n<p>Site:\u00a0<a href=\"http:\/\/www.anoreg-al.org.br\/\">www.anoreg-al.org.br<\/a><\/p>\n<p>Endere\u00e7o: Rua Cel. Vieira Peixoto, n\u00ba 17, 1\u00ba andar, Sala 1 Centro, Macei\u00f3\/AL.<\/p>\n<p>CEP: 57038-360[\/vc_column_text][\/vc_tta_section][vc_tta_section title=&#8221;SINOREG \u2013 AM&#8221; tab_id=&#8221;1687441747354-dee9da90-7602&#8243;][vc_column_text]Presidente<\/p>\n<p>MARCELO LIMA FILHO<\/p>\n<p>Telefone: (92) 3663-3215\/ (92)3611-4013<\/p>\n<p>E-mail:\u00a0<a href=\"mailto:presidencia@anoregam.org.br\">presidencia@anoregam.org.br<\/a><\/p>\n<p>Site:\u00a0<a href=\"http:\/\/anoregam.org.br\/\">www.anoregam.org.br<\/a><\/p>\n<p>Endere\u00e7o: Av. M\u00e1rio Ypiranga, n\u00ba 315 \u2013 conjunto 1401 \u2013 14\u00ba andar \u2013 Adrian\u00f3polis Edif\u00edcio The Office<br \/>\nCEP:\u00a0 69057-000<\/p>\n<p>Cidade: Manaus \u2013 AM[\/vc_column_text][\/vc_tta_section][vc_tta_section title=&#8221;SINOREDI \u2013 CE&#8221; tab_id=&#8221;1687441933860-1cbf84b1-cf3c&#8221;][vc_column_text]Presidente<\/p>\n<p>DENIS ANDERSON DA ROCHA BEZERRA<\/p>\n<p>Telefone: (85) 3038-9500<\/p>\n<p>E-mail:\u00a0<a href=\"mailto:financeiro@sinoredice.org.br\">financeiro@sinoredice.org.br<\/a><\/p>\n<p>Site:\u00a0<a href=\"http:\/\/www.sinoredice.org.br\/\">www.sinoredice.org.br<\/a><\/p>\n<p>Endere\u00e7o: Rua Walter Bezerra de S\u00e1, n\u00ba 55, Bairro Dion\u00edsio Torres<br \/>\nCEP:\u00a060135-225<\/p>\n<p>Cidade: Fortaleza \u2013 CE[\/vc_column_text][\/vc_tta_section][vc_tta_section title=&#8221;SINOREG \u2013 DF&#8221; tab_id=&#8221;1687442135078-6e17fb7c-4fd2&#8243;][vc_column_text]Presidente<\/p>\n<p>PAULO HENRIQUE DE ARAUJO<\/p>\n<p>Telefone: (61) 3321-5539<\/p>\n<p>Email:\u00a0<a href=\"mailto:sinoregdf@ig.com.br\">sinoregdf@ig.com.br<\/a> sinoregdf@gmail.com<\/p>\n<p>Site:\u00a0<a href=\"http:\/\/www.anoregdf.com.br\/\">www.anoregdf.com.br<\/a><\/p>\n<p>Endere\u00e7o: SCS Quadra 08 \u2013 Bl. B 60 \u2013 Salas 247\/248 Ed. Ven\u00e2ncio 2000<br \/>\nCEP:\u00a070333-900<\/p>\n<p>Cidade: Bras\u00edlia \u2013 DF[\/vc_column_text][\/vc_tta_section][vc_tta_section title=&#8221;SINOREG \u2013 ES&#8221; tab_id=&#8221;1687442345277-5169e1ea-eeec&#8221;][vc_column_text]Presidente<\/p>\n<p>M\u00c1RCIO OLIVA ROMAGUERA<\/p>\n<p>Telefone: (27) 3314-5111 WhatsApp (27)99686-8140<\/p>\n<p>E-mail: <a href=\"mailto:sinoreg@sinoreg-es.org.br\">sinoreg@sinoreg-es.org.br<\/a><\/p>\n<p>Site: <a href=\"http:\/\/www.sinoreg-es.org.br\">www.sinoreg-es.org.br<\/a><\/p>\n<p>Endere\u00e7o: Av. Carlos Moreira Lima, 81, Bento Ferreira<\/p>\n<p>CEP: 29050-653<\/p>\n<p>Cidade:\u00a0Vit\u00f3ria\u00a0\u2013\u00a0ES[\/vc_column_text][\/vc_tta_section][vc_tta_section title=&#8221;SINOREG \u2013 GO&#8221; tab_id=&#8221;1687442374934-06f0ccc4-fbcf&#8221;][vc_column_text]Presidente<\/p>\n<p>IGOR FRAN\u00c7A GUEDES<\/p>\n<p>Telefone: (62)\u00a03926-1432<\/p>\n<p>E-mail: <a href=\"mailto:sinoreggoias@gmail.com\">sinoreggoias@gmail.com<\/a><\/p>\n<p>Site:\u00a0<a href=\"http:\/\/www.sinoreggoias.com.br\">www.sinoreggoias.com.br<\/a><\/p>\n<p>Endere\u00e7o: Rua 72 com a rua 14, N\u00famero 48, Quadra C16, Lote 12, Edif\u00edcio QS Tower, Sala 1112 Jardim Goi\u00e1s \u2013 Goi\u00e2nia<br \/>\nCEP:74.805-480<\/p>\n<p>Cidade: Goi\u00e2nia \u2013 GO[\/vc_column_text][\/vc_tta_section][vc_tta_section title=&#8221;SINOREG \u2013 MG&#8221; tab_id=&#8221;1687442410453-987f6083-d9dd&#8221;][vc_column_text]Presidente<\/p>\n<p>WALQU\u00cdRIA MARA GRACIANO MACHADO RABELO<\/p>\n<p>Telefone: (31) 3284-7500<\/p>\n<p>E-mail: <a href=\"mailto:contato@sinoregmg.org.br\">contato@sinoregmg.org.br<\/a><\/p>\n<p>Site:\u00a0<a href=\"http:\/\/www.sinoregmg.org.br\">www.sinoregmg.org.br<\/a><\/p>\n<p>Endere\u00e7o: Av. Brasil, 1479 \u2013 sala 701 \u2013 Savassi<br \/>\nCEP: 30140-005<\/p>\n<p>Cidade: Belo Horizonte \u2013 MG[\/vc_column_text][\/vc_tta_section][vc_tta_section title=&#8221;RECIVIL &#8211; MG&#8221; tab_id=&#8221;1687442445349-da28430c-7b5d&#8221;][vc_column_text]Presidente<\/p>\n<p>GENILSON SOCORRO GOMES DE OLIVEIRA<\/p>\n<p>Telefone: (31) 2129-6000<\/p>\n<p>E-mail: <a href=\"mailto:sindicato@recivil.com.br\">sindicato@recivil.com.br<\/a><\/p>\n<p>Site: <a href=\"http:\/\/www.recivil.com.br\">www.recivil.com.br<\/a><\/p>\n<p>Endere\u00e7o: Rua Timbiras, n.\u00ba 2318, 8\u00ba andar, Lourdes.<br \/>\nCEP: 30140-069<\/p>\n<p>Cidade: Belo Horizonte \u2013 MG[\/vc_column_text][\/vc_tta_section][vc_tta_section title=&#8221;SINOREG \u2013 MS&#8221; tab_id=&#8221;1687443033107-6546484b-a53d&#8221;][vc_column_text]Presidente<\/p>\n<p>MARCUS VINICIUS MACHADO ROZA<\/p>\n<p>Telefone: (67) 3326-7468<\/p>\n<p>E-mail:\u00a0<a href=\"mailto:ms.sinoreg@gmail.com\">ms.sinoreg@gmail.com<\/a><\/p>\n<p>Site:\u00a0<a href=\"http:\/\/www.anoregms.org.br\">www.anoregms.org.br<\/a><\/p>\n<p>Endere\u00e7o: Travessa Tabeli\u00e3o Nelson Pereira Seba n\u00ba 50 \u2013 Ch\u00e1cara Cachoeira<br \/>\nCEP: 79040-030<\/p>\n<p>Cidade: Campo Grande \u2013 MS[\/vc_column_text][\/vc_tta_section][vc_tta_section title=&#8221;SINOREG \u2013 MT&#8221; tab_id=&#8221;1687443070595-4d7dfc67-8e2b&#8221;][vc_column_text]Presidente<\/p>\n<p>MARIA APARECIDA BIANCHIN<\/p>\n<p>Telefone: (65) 3644-8373<\/p>\n<p>E-mail:\u00a0<a href=\"mailto:anoregmt@anoregmt.org.br\">anoregmt@anoregmt.org.br<\/a><\/p>\n<p>suportecei1@anoregmt.org.br<\/p>\n<p>Site:\u00a0<a href=\"http:\/\/www.anoregmt.org.br\/portal\/\">www.anoregmt.org.br<\/a><\/p>\n<p>Endere\u00e7o: Rua Holanda, 47 \u2013 Santa Rosa<br \/>\nCEP:\u00a078040-225<\/p>\n<p>Cidade: Cuiab\u00e1 \u2013 MT[\/vc_column_text][\/vc_tta_section][vc_tta_section title=&#8221;SINOREG \u2013 PE&#8221; tab_id=&#8221;1687443186136-0f506a5c-d86e&#8221;][vc_column_text]Presidente<\/p>\n<p>ROSEANA ANDRADE PORTO<\/p>\n<p>Telefone: (81) 4141-7990<\/p>\n<p>E-mail:\u00a0<a href=\"mailto:sinoregpe@hotmail.com\">sinoregpe@hotmail.com<\/a><\/p>\n<p>Endere\u00e7o:<\/p>\n<p>Av. Governador Agamenon Magalh\u00e3es, n.\u00ba 153 &#8211; Santo Amaro, Recife &#8211; PE, 52031-330<\/p>\n<p>CEP: 50010-310[\/vc_column_text][\/vc_tta_section][vc_tta_section title=&#8221;SINOREG \u2013 PR&#8221; tab_id=&#8221;1687443498040-82ed716c-4d6c&#8221;][vc_column_text]Presidente<\/p>\n<p>NARA DARLIANE DORS<\/p>\n<p>Telefone: (41) 3221-1000 \/ (41) 99179-0063<\/p>\n<p>E-mail:\u00a0<a href=\"mailto:administrativo@sinoregpr.org.br\">administrativo@sinoregpr.org.br<\/a><\/p>\n<p>Site:\u00a0<a href=\"http:\/\/www.sinoregpr.org.br\">www.sinoregpr.org.br<\/a><\/p>\n<p>Endere\u00e7o: Rua Marechal Deodoro, n\u00b0 51 &#8211; 18\u00ba andar \u2013 conjs 1805 &#8211; 1810 &#8211; Galeria Ritz \u2013 Centro- Curitiba \/ PR<\/p>\n<p>CEP 80020-320[\/vc_column_text][\/vc_tta_section][vc_tta_section title=&#8221;SINOREG \u2013 PR&#8221; tab_id=&#8221;1687458723470-5dcb83c4-1669&#8243;][vc_column_text]<strong><u>Sindicato dos Not\u00e1rios, Registradores e Escriv\u00e3es de Londrina e Regi\u00e3o \u2013 PR<\/u><\/strong><\/p>\n<p>Presidente<\/p>\n<p>ANDR\u00c9 ARRABAL<\/p>\n<p>E-mail:\u00a0<a href=\"mailto:sinort@bol.com.br\">sinort@bol.com.br<\/a><\/p>\n<p>Endere\u00e7o: Rua Santos \u2013 de 663\/664, n.\u00ba 1019, Centro<\/p>\n<p>CEP \u2013 86020-041<\/p>\n<p>Cidade: Londrina \u2013 PR[\/vc_column_text][\/vc_tta_section][vc_tta_section title=&#8221;SINOREG \u2013 RJ&#8221; tab_id=&#8221;1687443632157-24c3d338-ee34&#8243;][vc_column_text]Presidente<\/p>\n<p>ALAN JOS\u00c9 DOS SANTOS BORGES<\/p>\n<p>Telefone: (21) 3553-0777<\/p>\n<p>E-mail:\u00a0<a href=\"mailto:sinoregrj@sinoregrj.com.br\">sinoregrj@sinoregrj.com.br<\/a><\/p>\n<p>Site:\u00a0<a href=\"http:\/\/www.sinoregrj.com.br\/\">www.sinoregrj.com.br<\/a><\/p>\n<p>Endere\u00e7o: Rua da Ajuda n\u00ba. 35 \u2013 4\u00ba Andar, Centro<\/p>\n<p>CEP: 20040-000<\/p>\n<p>Cidade: Rio de Janeiro \u2013 RJ[\/vc_column_text][\/vc_tta_section][vc_tta_section title=&#8221;SINDIREGIS\u2013 RS&#8221; tab_id=&#8221;1687443658030-ba12b09c-f993&#8243;][vc_column_text]Presidente<\/p>\n<p>V\u00c2NIA\u00a0MARIA DE BERNARDES<\/p>\n<p>Telefone: (51) 3029-9393<\/p>\n<p>E-mail: <a href=\"mailto:contato@sindiregis.com.br\">contato@sindiregis.com.br<\/a><\/p>\n<p>Site:\u00a0<a href=\"http:\/\/www.sindiregis.com.br\">www.sindiregis.com.br<\/a><\/p>\n<p>Endere\u00e7o: Rua Coronel Genu\u00edno, 421\/302 \u2013 Centro Hist\u00f3rico<br \/>\nCEP:\u00a0 90010-350<\/p>\n<p>Cidade:\u00a0Porto Alegre \u2013 RS[\/vc_column_text][\/vc_tta_section][vc_tta_section title=&#8221;SINDIREGIS\u2013 RS&#8221; tab_id=&#8221;1687443712487-b232aa69-249e&#8221;][vc_column_text]Presidente<\/p>\n<p>JOSE CARLOS GUIZOLFI ESPIG<\/p>\n<p>Telefone: (51) 99574-9374 \/ (51) 3028-3790<\/p>\n<p>E-mail: <a href=\"mailto:sindinotars@terra.com.br\">sindinotars@terra.com.br<\/a><\/p>\n<p>Site:\u00a0<a href=\"http:\/\/www.sindinotars.org\">www.sindinotars.org<\/a><\/p>\n<p>Endere\u00e7o: Av. Borges de Medeiros n\u00ba. 2105 \u2013 Conj. 1308, Bairro Praia de Belas<\/p>\n<p>CEP: 90.110-150<\/p>\n<p>Cidade:\u00a0Porto Alegre \u2013 RS[\/vc_column_text][\/vc_tta_section][vc_tta_section title=&#8221;SINOREG \u2013 SC&#8221; tab_id=&#8221;1687443898973-27bff6c0-3709&#8243;][vc_column_text]Presidente<\/p>\n<p>OT\u00c1VIO MARGARIDA<\/p>\n<p>Telefone: (48) 3024-0995<\/p>\n<p>E-mail: <a href=\"mailto:sinoregsc@sinoregsc.org.br\">sinoregsc@sinoregsc.org.br<\/a><\/p>\n<p>Site:\u00a0<a href=\"http:\/\/sinoregsc.org.br\/\">www.sinoregsc.org.br<\/a><\/p>\n<p>Endere\u00e7o:\u00a0Rua Dr. F\u00falvio Aducci, n\u00b0 1360 Sala 1103-1104 \u2013 Centro Executivo Beira Mar Continental Estreito<br \/>\nCEP: 88075-000<\/p>\n<p>Cidade:\u00a0Florian\u00f3polis \u2013 SC[\/vc_column_text][\/vc_tta_section][vc_tta_section title=&#8221;SINOREG \u2013 SE&#8221; tab_id=&#8221;1687443921357-1d59115b-76ad&#8221;][vc_column_text]Presidente<\/p>\n<p>SERGIO ABI SABER RODRIGUES PEDROSA<\/p>\n<p>Telefone: (79) 9 98827813 \/ (79) 3021-6074<\/p>\n<p>E-mail:\u00a0<a href=\"mailto:contato@anoregse.org.br\">contato@anoregse.org.br<\/a><\/p>\n<p>Site:\u00a0<a href=\"https:\/\/anoregse.org.br\/\">www.anoregse.org.br<\/a><\/p>\n<p>Endere\u00e7o: Rua Rio Branco, 186, Ed. Oviedo Teixeira, Sala 1212 \u2013 Centro<br \/>\nCEP: 49010-910<\/p>\n<p>Cidade: Aracaj\u00fa \u2013 SE[\/vc_column_text][\/vc_tta_section][vc_tta_section title=&#8221;SINOREG \u2013 SP&#8221; tab_id=&#8221;1687443948527-82579b03-3fd3&#8243;][vc_column_text]Presidente<\/p>\n<p>CL\u00c1UDIO MAR\u00c7AL FREIRE<\/p>\n<p>Telefone: (11) 3106-6946<\/p>\n<p>E-mail: <a href=\"mailto:sinoregsp@sinoregsp.org.br\">sinoregsp@sinoregsp.org.br<\/a><\/p>\n<p>Site:\u00a0<a href=\"https:\/\/www.sinoregsp.org.br\/\">www.sinoregsp.org.br<\/a><\/p>\n<p>Endere\u00e7o: Largo S\u00e3o Francisco n \u00ba 34 \u2013 8\u00ba Andar<\/p>\n<p>CEP. 01005-010<\/p>\n<p>Cidade: S\u00e3o Paulo \u2013 SP[\/vc_column_text][\/vc_tta_section][\/vc_tta_tour][\/vc_column][\/vc_row]<\/p>\n","protected":false},"excerpt":{"rendered":"<p>[vc_row][vc_column][vc_column_text] Sindicatos [\/vc_column_text][\/vc_column][\/vc_row][vc_row][vc_column][vc_separator][\/vc_column][\/vc_row][vc_row][vc_column][vc_tta_tour][vc_tta_section title=&#8221;SINOREG \u2013 AL&#8221; tab_id=&#8221;1687441747354-56224100-d0f2&#8243;][vc_column_text]Presidente RAINEY BARBOSA ALVES MARINHO Telefone: (82) 3221-1373 E-mail:\u00a0secretaria@anoreg-al.org.br millena@anoreg-al.org.br Site:\u00a0www.anoreg-al.org.br Endere\u00e7o: Rua Cel. Vieira Peixoto, n\u00ba 17, 1\u00ba andar, Sala 1 Centro, Macei\u00f3\/AL. CEP: 57038-360[\/vc_column_text][\/vc_tta_section][vc_tta_section title=&#8221;SINOREG \u2013 AM&#8221; tab_id=&#8221;1687441747354-dee9da90-7602&#8243;][vc_column_text]Presidente MARCELO LIMA FILHO Telefone: (92) 3663-3215\/ (92)3611-4013 E-mail:\u00a0presidencia@anoregam.org.br Site:\u00a0www.anoregam.org.br Endere\u00e7o: Av. M\u00e1rio Ypiranga, n\u00ba 315 \u2013 conjunto 1401 \u2013&#8230;<\/p>\n","protected":false},"author":3,"featured_media":0,"parent":0,"menu_order":0,"comment_status":"closed","ping_status":"closed","template":"","meta":{"_exactmetrics_skip_tracking":false,"_exactmetrics_sitenote_active":false,"_exactmetrics_sitenote_note":"","_exactmetrics_sitenote_category":0,"footnotes":""},"class_list":["post-1288","page","type-page","status-publish","hentry"],"_links":{"self":[{"href":"https:\/\/cnr.org.br\/site\/wp-json\/wp\/v2\/pages\/1288"}],"collection":[{"href":"https:\/\/cnr.org.br\/site\/wp-json\/wp\/v2\/pages"}],"about":[{"href":"https:\/\/cnr.org.br\/site\/wp-json\/wp\/v2\/types\/page"}],"author":[{"embeddable":true,"href":"https:\/\/cnr.org.br\/site\/wp-json\/wp\/v2\/users\/3"}],"replies":[{"embeddable":true,"href":"https:\/\/cnr.org.br\/site\/wp-json\/wp\/v2\/comments?post=1288"}],"version-history":[{"count":16,"href":"https:\/\/cnr.org.br\/site\/wp-json\/wp\/v2\/pages\/1288\/revisions"}],"predecessor-version":[{"id":87223,"href":"https:\/\/cnr.org.br\/site\/wp-json\/wp\/v2\/pages\/1288\/revisions\/87223"}],"wp:attachment":[{"href":"https:\/\/cnr.org.br\/site\/wp-json\/wp\/v2\/media?parent=1288"}],"curies":[{"name":"wp","href":"https:\/\/api.w.org\/{rel}","templated":true}]}}