{"id":1461,"date":"2017-08-17T14:49:28","date_gmt":"2017-08-17T14:49:28","guid":{"rendered":"https:\/\/cnr.org.br\/site\/?page_id=1461"},"modified":"2024-04-15T10:25:36","modified_gmt":"2024-04-15T13:25:36","slug":"associados","status":"publish","type":"page","link":"https:\/\/cnr.org.br\/site\/associados\/","title":{"rendered":"Associe-se"},"content":{"rendered":"<p>[vc_row][vc_column][vc_column_text]<\/p>\n<h3 style=\"text-align: center;\"><strong>Not\u00e1rios e Registradores que se associam t\u00eam direito a uma s\u00e9rie de benef\u00edcios e servi\u00e7os exclusivos.<\/strong><\/h3>\n<h4 style=\"text-align: center;\"><strong>Seja um associado da CNR e nos ajude a fortalecer a categoria<\/strong><\/h4>\n<p style=\"text-align: justify;\">Fa\u00e7a parte da rede de associados da\u00a0<strong>Confedera\u00e7\u00e3o Nacional de Not\u00e1rios e Registradores<\/strong>, entidade sindical de grau superior que representa todos os not\u00e1rios e registradores do pa\u00eds.<\/p>\n<p style=\"text-align: justify;\">Atualmente, a CNR tem uma forte representatividade pol\u00edtica, lutando pelos interesses do setor junto a parlamentares no Congresso Nacional e a representantes do Governo Federal.<\/p>\n<p>&nbsp;<\/p>\n<h4 style=\"text-align: left;\"><strong>Motivos para se tornar um associado<\/strong><\/h4>\n<p style=\"text-align: justify;\">\u00a0O associado da\u00a0<strong>CNR<\/strong>\u00a0recebe v\u00e1rios benef\u00edcios, al\u00e9m de servi\u00e7os e produtos importantes:<\/p>\n<ul>\n<li>Clube de Vantagens\u00a0<a href=\"https:\/\/clubedevantagenscnr.convenia.com.br\/entrar\"><strong>confira<\/strong><\/a><\/li>\n<li>Newsletter ou Boletim Eletr\u00f4nico \u2013 BE CNR<\/li>\n<li>Cart\u00e3o Profissional\u00a0<a href=\"https:\/\/cnr.org.br\/carteiraidentidade\/consulta\/home.html\"><strong>adquira aqui<\/strong><\/a><\/li>\n<li>Revista de Direito Notarial e de Registro (eletr\u00f4nica)<\/li>\n<li>Descontos em <strong>Conferencias <\/strong>\u00a0e Encontros Nacionais e Internacionais da CNR<\/li>\n<li>Assessoria jur\u00eddica, parlamentar, sindical ou de imprensa<\/li>\n<li>Descontos para adquirir Certificado Digital Soluti <a href=\"https:\/\/cnr.org.br\/site\/certificado-digital-2\/\"><strong>adquira aqui<\/strong><\/a><\/li>\n<\/ul>\n<p>&nbsp;<\/p>\n<h4 style=\"text-align: left;\"><strong>CLUBE DE VANTAGENS\u00a0<\/strong><\/h4>\n<p style=\"text-align: justify;\">Em parceria com diversas empresas, a CNR oportunizar\u00e1 descontos especiais para not\u00e1rios e registradores associados. Entre os segmentos est\u00e3o companhias \u00e1reas, hotelaria, restaurantes, autom\u00f3veis,\u00a0salas vips dos aeroportos, sa\u00fade, seguros, educa\u00e7\u00e3o, vestu\u00e1rio, entre muitos outros.<\/p>\n<h4 style=\"text-align: left;\"><strong>JUR\u00cdDICO<\/strong><\/h4>\n<p style=\"text-align: justify;\">Oferece atendimento no que concerne acompanhamento processual de interesse dos sindicatos e de outras quest\u00f5es relativas aos Not\u00e1rios e Registradores, junto aos Tribunais Superiores situados na capital Federal, e, tamb\u00e9m, das a\u00e7\u00f5es que estejam tramitando em primeira inst\u00e2ncia. Tamb\u00e9m realiza pesquisas jurisprudenciais e doutrin\u00e1rias, bem como o servi\u00e7o de c\u00f3pia de ac\u00f3rd\u00e3os publicados e de protocolo de a\u00e7\u00f5es e recursos junto aos Tribunais Superiores.<\/p>\n<h4 style=\"text-align: left;\"><strong>ASSESSORIA PARLAMENTAR<\/strong><\/h4>\n<p style=\"text-align: justify;\">Fornece informa\u00e7\u00f5es sobre tramita\u00e7\u00e3o de projetos e demais assuntos legislativos de interesse da Categoria.<\/p>\n<h4><strong>CAPACITA\u00c7\u00c3O<\/strong><\/h4>\n<p style=\"text-align: justify;\">Cursos, palestras e eventos para os profissionais relacionados ao Direito Notarial e de Registro. Os cursos s\u00e3o oferecidos a diversos outros setores que atuam com o segmento. Nos cursos pagos, associados ganham desconto.<\/p>\n<h4><strong>PERI\u00d3DICOS<\/strong><\/h4>\n<p style=\"text-align: justify;\">Revista e Newsletter da CNR. Recebimento peri\u00f3dico de informa\u00e7\u00f5es de seu interesse relacionadas a classe.<\/p>\n<hr \/>\n<p>&nbsp;<\/p>\n<p>&nbsp;<\/p>\n<p>Associe-se a\u00a0<strong>CNR<\/strong>, preencha abaixo<\/p>\n<p>Apenas Not\u00e1rio e Registrador.<\/p>\n<p>Envie sua pergunta pelo site ou pelo e-mail <a href=\"mailto:contato@cnr.org.br\">contato@cnr.org.br<\/a> e receba a resposta com rapidez e seguran\u00e7a.<\/p>\n<p>Para ter acesso a todas estas vantagens oferecidas pela\u00a0<strong>CNR,<\/strong>\u00a0\u00e9 necess\u00e1rio que os dados cadastrais sejam atualizados constantemente, enviaremos um boleto mensal de contribui\u00e7\u00e3o espont\u00e2nea, por e-mail e\/ou pelo correio.<\/p>\n<p>Se preferir, fa\u00e7a contato pelos telefones: (61) 3963-1555 ou (61) 3201-1172[\/vc_column_text][vc_row_inner][vc_column_inner width=&#8221;1\/2&#8243;]<div role=\"form\" class=\"wpcf7\" id=\"wpcf7-f14765-o1\" lang=\"pt-BR\" dir=\"ltr\">\n<div class=\"screen-reader-response\"><p role=\"status\" aria-live=\"polite\" aria-atomic=\"true\"><\/p> <ul><\/ul><\/div>\n<form action=\"\/site\/wp-json\/wp\/v2\/pages\/1461#wpcf7-f14765-o1\" method=\"post\" class=\"wpcf7-form init\" novalidate=\"novalidate\" data-status=\"init\">\n<div style=\"display: none;\">\n<input type=\"hidden\" name=\"_wpcf7\" value=\"14765\" \/>\n<input type=\"hidden\" name=\"_wpcf7_version\" value=\"5.5.6\" \/>\n<input type=\"hidden\" name=\"_wpcf7_locale\" value=\"pt_BR\" \/>\n<input type=\"hidden\" name=\"_wpcf7_unit_tag\" value=\"wpcf7-f14765-o1\" \/>\n<input type=\"hidden\" name=\"_wpcf7_container_post\" value=\"0\" \/>\n<input type=\"hidden\" name=\"_wpcf7_posted_data_hash\" value=\"\" \/>\n<\/div>\n<div class=\"column one-second\">\n    <span class=\"wpcf7-form-control-wrap nome-cartorio\"><input type=\"text\" name=\"nome-cartorio\" value=\"\" size=\"40\" class=\"wpcf7-form-control wpcf7-text wpcf7-validates-as-required\" aria-required=\"true\" aria-invalid=\"false\" placeholder=\"Nome da empresa (obrigat\u00f3rio)\" \/><\/span> <\/label>\n<\/div>\n<div class=\"column one-second\">\n    <span class=\"wpcf7-form-control-wrap cnpj-cartorio\"><input type=\"text\" name=\"cnpj-cartorio\" value=\"\" size=\"40\" class=\"wpcf7-form-control wpcf7-text wpcf7-validates-as-required\" aria-required=\"true\" aria-invalid=\"false\" placeholder=\"CNPJ (obrigat\u00f3rio)\" \/><\/span> <\/label>\n<\/div>\n<div class=\"column one-second\">\n    <span class=\"wpcf7-form-control-wrap nome-responsavel\"><input type=\"text\" name=\"nome-responsavel\" value=\"\" size=\"40\" class=\"wpcf7-form-control wpcf7-text wpcf7-validates-as-required\" aria-required=\"true\" aria-invalid=\"false\" placeholder=\"Nome do respons\u00e1vel (obrigat\u00f3rio)\" \/><\/span> <\/label>\n<\/div>\n<div class=\"column one-second\">\n    <span class=\"wpcf7-form-control-wrap cpf-responsavel\"><input type=\"text\" name=\"cpf-responsavel\" value=\"\" size=\"40\" class=\"wpcf7-form-control wpcf7-text wpcf7-validates-as-required\" aria-required=\"true\" aria-invalid=\"false\" placeholder=\"CPF (Obrigat\u00f3rio)\" \/><\/span> <\/label>\n<\/div>\n<div class=\"column one-second\">\n    <span class=\"wpcf7-form-control-wrap email-responsavel\"><input type=\"email\" name=\"email-responsavel\" value=\"\" size=\"40\" class=\"wpcf7-form-control wpcf7-text wpcf7-email wpcf7-validates-as-required wpcf7-validates-as-email\" aria-required=\"true\" aria-invalid=\"false\" placeholder=\"E-mail (Obrigat\u00f3rio)\" \/><\/span> <\/label>\n<\/div>\n<div class=\"column one-second\">\n    <span class=\"wpcf7-form-control-wrap endereco\"><input type=\"text\" name=\"endereco\" value=\"\" size=\"40\" class=\"wpcf7-form-control wpcf7-text wpcf7-validates-as-required\" aria-required=\"true\" aria-invalid=\"false\" placeholder=\"Endere\u00e7o (Obrigat\u00f3rio)\" \/><\/span> <\/label>\n<\/div>\n<div class=\"column one-third\">\n    <span class=\"wpcf7-form-control-wrap cidade\"><input type=\"text\" name=\"cidade\" value=\"\" size=\"40\" class=\"wpcf7-form-control wpcf7-text wpcf7-validates-as-required\" aria-required=\"true\" aria-invalid=\"false\" placeholder=\"Cidade (Obrigat\u00f3rio)\" \/><\/span> <\/label>\n<\/div>\n<div class=\"column one-third\">\n    <span class=\"wpcf7-form-control-wrap estado\"><input type=\"text\" name=\"estado\" value=\"\" size=\"40\" class=\"wpcf7-form-control wpcf7-text wpcf7-validates-as-required\" aria-required=\"true\" aria-invalid=\"false\" placeholder=\"Estado (Obrigat\u00f3rio)\" \/><\/span> <\/label>\n<\/div>\n<div class=\"column one-third\">\n    <span class=\"wpcf7-form-control-wrap telefone\"><input type=\"text\" name=\"telefone\" value=\"\" size=\"40\" class=\"wpcf7-form-control wpcf7-text wpcf7-validates-as-required\" aria-required=\"true\" aria-invalid=\"false\" placeholder=\"Telefone (Obrigat\u00f3rio)\" \/><\/span> <\/label>\n<\/div>\n<div class=\"column one\">\n<input type=\"submit\" value=\"Enviar\" class=\"wpcf7-form-control has-spinner wpcf7-submit\" \/>\n<\/div>\n<div class=\"wpcf7-response-output\" aria-hidden=\"true\"><\/div><\/form><\/div>[\/vc_column_inner][vc_column_inner width=&#8221;1\/2&#8243;][\/vc_column_inner][\/vc_row_inner][\/vc_column][\/vc_row]<\/p>\n","protected":false},"excerpt":{"rendered":"<p>[vc_row][vc_column][vc_column_text] Not\u00e1rios e Registradores que se associam t\u00eam direito a uma s\u00e9rie de benef\u00edcios e servi\u00e7os exclusivos. Seja um associado da CNR e nos ajude a fortalecer a categoria Fa\u00e7a parte da rede de associados da\u00a0Confedera\u00e7\u00e3o Nacional de Not\u00e1rios e Registradores, entidade sindical de grau superior que representa todos os not\u00e1rios e registradores do pa\u00eds&#8230;.<\/p>\n","protected":false},"author":1,"featured_media":0,"parent":0,"menu_order":0,"comment_status":"closed","ping_status":"closed","template":"","meta":{"_exactmetrics_skip_tracking":false,"_exactmetrics_sitenote_active":false,"_exactmetrics_sitenote_note":"","_exactmetrics_sitenote_category":0,"footnotes":""},"class_list":["post-1461","page","type-page","status-publish","hentry"],"_links":{"self":[{"href":"https:\/\/cnr.org.br\/site\/wp-json\/wp\/v2\/pages\/1461"}],"collection":[{"href":"https:\/\/cnr.org.br\/site\/wp-json\/wp\/v2\/pages"}],"about":[{"href":"https:\/\/cnr.org.br\/site\/wp-json\/wp\/v2\/types\/page"}],"author":[{"embeddable":true,"href":"https:\/\/cnr.org.br\/site\/wp-json\/wp\/v2\/users\/1"}],"replies":[{"embeddable":true,"href":"https:\/\/cnr.org.br\/site\/wp-json\/wp\/v2\/comments?post=1461"}],"version-history":[{"count":29,"href":"https:\/\/cnr.org.br\/site\/wp-json\/wp\/v2\/pages\/1461\/revisions"}],"predecessor-version":[{"id":87224,"href":"https:\/\/cnr.org.br\/site\/wp-json\/wp\/v2\/pages\/1461\/revisions\/87224"}],"wp:attachment":[{"href":"https:\/\/cnr.org.br\/site\/wp-json\/wp\/v2\/media?parent=1461"}],"curies":[{"name":"wp","href":"https:\/\/api.w.org\/{rel}","templated":true}]}}