{"id":1479,"date":"2017-08-17T19:42:39","date_gmt":"2017-08-17T19:42:39","guid":{"rendered":"https:\/\/cnr.org.br\/site\/?page_id=1479"},"modified":"2017-08-17T19:44:25","modified_gmt":"2017-08-17T19:44:25","slug":"palavra-do-presidente","status":"publish","type":"page","link":"https:\/\/cnr.org.br\/site\/palavra-do-presidente\/","title":{"rendered":"Palavra do presidente"},"content":{"rendered":"<p style=\"text-align: left;\">\n<p style=\"text-align: left;\">\nA atua\u00e7\u00e3o da Confedera\u00e7\u00e3o Nacional de Not\u00e1rios e Registradores<\/p>\n<p style=\"text-align: justify;\">Como presidente da CNR, sinto-me na obriga\u00e7\u00e3o de escrever algumas palavras para que as ideias e ideais da nossa organiza\u00e7\u00e3o sindical pr\u00f3pria alcancem n\u00e3o somente nossos filiados, Not\u00e1rios e Registradores, mas tamb\u00e9m todos os demais setores da sociedade.<\/p>\n<p style=\"text-align: justify;\">Uma estrutura complexa, com sindicatos, federa\u00e7\u00f5es e confedera\u00e7\u00e3o, traz for\u00e7a institucional e pol\u00edtica a quem representa.<br \/>\nA CNR \u00e9 uma conquista de todos os Not\u00e1rios e Registradores, e vem, depois de muito esfor\u00e7o, oferecer mais um mecanismo de atua\u00e7\u00e3o. Haver\u00e1 sempre obst\u00e1culos; agora a atividade conta com uma institui\u00e7\u00e3o sindical de grau superior para represent\u00e1-la junto aos Poderes constitu\u00eddos.<\/p>\n<p style=\"text-align: justify;\">Ter voz \u00e9 ter poder de convencimento. Mas a defesa da atividade notarial e de registro n\u00e3o passa apenas pelo enfrentamento pol\u00edtico e pela batalha de argumentos. O que vemos hoje \u00e9 a urgente necessidade da valoriza\u00e7\u00e3o da profiss\u00e3o e dos servi\u00e7os prestados \u00e0 sociedade.<\/p>\n<p style=\"text-align: justify;\">Somente um segmento eficiente, consciente e \u00e9tico re\u00fane todas as qualidades para colaborar com o desenvolvimento sustent\u00e1vel social e econ\u00f4mico do Brasil.<br \/>\nFa\u00e7a-nos uma visita e conhe\u00e7a mais da CNR.<\/p>\n<p style=\"text-align: left;\">Rog\u00e9rio Portugal Bacellar<br \/>\nPresidente<\/p>\n","protected":false},"excerpt":{"rendered":"<p>A atua\u00e7\u00e3o da Confedera\u00e7\u00e3o Nacional de Not\u00e1rios e Registradores Como presidente da CNR, sinto-me na obriga\u00e7\u00e3o de escrever algumas palavras para que as ideias e ideais da nossa organiza\u00e7\u00e3o sindical pr\u00f3pria alcancem n\u00e3o somente nossos filiados, Not\u00e1rios e Registradores, mas tamb\u00e9m todos os demais setores da sociedade. Uma estrutura complexa, com sindicatos, federa\u00e7\u00f5es e confedera\u00e7\u00e3o,&#8230;<\/p>\n","protected":false},"author":5,"featured_media":0,"parent":0,"menu_order":0,"comment_status":"closed","ping_status":"closed","template":"","meta":{"_exactmetrics_skip_tracking":false,"_exactmetrics_sitenote_active":false,"_exactmetrics_sitenote_note":"","_exactmetrics_sitenote_category":0,"footnotes":""},"class_list":["post-1479","page","type-page","status-publish","hentry"],"_links":{"self":[{"href":"https:\/\/cnr.org.br\/site\/wp-json\/wp\/v2\/pages\/1479"}],"collection":[{"href":"https:\/\/cnr.org.br\/site\/wp-json\/wp\/v2\/pages"}],"about":[{"href":"https:\/\/cnr.org.br\/site\/wp-json\/wp\/v2\/types\/page"}],"author":[{"embeddable":true,"href":"https:\/\/cnr.org.br\/site\/wp-json\/wp\/v2\/users\/5"}],"replies":[{"embeddable":true,"href":"https:\/\/cnr.org.br\/site\/wp-json\/wp\/v2\/comments?post=1479"}],"version-history":[{"count":3,"href":"https:\/\/cnr.org.br\/site\/wp-json\/wp\/v2\/pages\/1479\/revisions"}],"predecessor-version":[{"id":1483,"href":"https:\/\/cnr.org.br\/site\/wp-json\/wp\/v2\/pages\/1479\/revisions\/1483"}],"wp:attachment":[{"href":"https:\/\/cnr.org.br\/site\/wp-json\/wp\/v2\/media?parent=1479"}],"curies":[{"name":"wp","href":"https:\/\/api.w.org\/{rel}","templated":true}]}}