{"id":15420,"date":"2019-07-23T11:28:59","date_gmt":"2019-07-23T14:28:59","guid":{"rendered":"https:\/\/cnr.org.br\/site\/?page_id=15420"},"modified":"2019-07-23T11:28:59","modified_gmt":"2019-07-23T14:28:59","slug":"palavra-do-presidente-2","status":"publish","type":"page","link":"https:\/\/cnr.org.br\/site\/palavra-do-presidente-2\/","title":{"rendered":"Constribui\u00e7\u00e3o"},"content":{"rendered":"<p>[vc_row][vc_column][vc_column_text]<\/p>\n<h3>ANUIDADE SINDICAL<\/h3>\n<p>A Confedera\u00e7\u00e3o Nacional de Not\u00e1rios e Registradores (CNR) amplia representatividade e garante direitos dos titulares de cart\u00f3rios; anuidade sindical \u00e9 fundamental para desenvolvimento das a\u00e7\u00f5es.<\/p>\n<p>A representatividade dos not\u00e1rios e registradores conta com o amparo da CNR, que tem se mobilizado em busca do reconhecimento da categoria perante o Poder P\u00fablico e a sociedade.<\/p>\n<p>Para que a entidade continue desempenhando fortemente este papel, a CNR reitera a import\u00e2ncia dos associados contribu\u00edrem, por meio dos seus sindicatos, com a taxa de anuidade da entidade. Entre as vantagens e benef\u00edcios que os associados usufruem ao longo do ano em decorr\u00eancia desta contribui\u00e7\u00e3o est\u00e3o:<\/p>\n<p>Representatividade pol\u00edtica; Assessoria jur\u00eddica, parlamentar, sindical ou de imprensa; Descontos para adquirir certificado digital; Desconto em congressos e encontros nacionais e internacionais da CNR; Acesso \u00e0 revista eletr\u00f4nica da CNR \u201cCart\u00f3rio Contempor\u00e2neo\u201d; Clube de Vantagens com mais de 260 empresas parceiras em todo o territ\u00f3rio nacional, oferece descontos em produtos e servi\u00e7os para not\u00e1rios e registradores associados aos Sindicatos.<\/p>\n<p>Saiba que sem a sua colabora\u00e7\u00e3o n\u00e3o ter\u00edamos chegado at\u00e9 aqui, com a entidade fortalecida e conhecida em todo o pa\u00eds.<\/p>\n<p style=\"text-align: left;\">Rog\u00e9rio Portugal Bacellar<br \/>\nPresidente<\/p>\n<h3>CONTRIBUI\u00c7\u00c3O CONFEDERATIVA<\/h3>\n<p>A Contribui\u00e7\u00e3o Confederativa destina-se ao custeio da interliga\u00e7\u00e3o do Sistema Confederativo de Representa\u00e7\u00e3o Sindical, ou seja, de a\u00e7\u00f5es conjuntas e constante comunica\u00e7\u00e3o entre a Confedera\u00e7\u00e3o, Federa\u00e7\u00e3o e respectivos Sindicatos, a fim de garantir a defesa dos interesses da categoria em mais de um n\u00edvel de representa\u00e7\u00e3o (local, regional, e nacional).<\/p>\n<p>Uma vez institu\u00edda, por competente e espec\u00edfica assembleia, a contribui\u00e7\u00e3o confederativa torna-se obrigat\u00f3ria a todos os integrantes da categoria de acordo art. 548, \u201cb\u201d da CLT e art. 8\u00ba, IV da Constitui\u00e7\u00e3o Federal.<\/p>\n<h3>CONTRIBUI\u00c7\u00c3O ASSISTENCIAL<\/h3>\n<p>A Contribui\u00e7\u00e3o Assistencial encontra previs\u00e3o constitucional e destina-se, principalmente, a custear os gastos com as Negocia\u00e7\u00f5es Coletivas ou participa\u00e7\u00e3o em Diss\u00eddios Coletivos. Por ter essa finalidade, tamb\u00e9m \u00e9 prevista na Conven\u00e7\u00e3o Coletiva de Trabalho, que \u00e9 aprovada pelas assembleias entre os sindicatos das categorias profissionais e patronais.<\/p>\n<p>De acordo com os art. 548, al\u00ednea \u201ca)\u201d e art. 578, ambos da CLT e art. 8\u00ba, IV da Constitui\u00e7\u00e3o Federal, \u00e9 impositiva a todos os integrantes da categoria, filiados ou n\u00e3o, empres\u00e1rios com ou sem empregados, uma vez que todas as empresas da categoria, independentemente de filia\u00e7\u00e3o, s\u00e3o beneficiadas pelas atividades dos sindicatos patronais, principalmente aquelas relativas \u00e0s negocia\u00e7\u00f5es coletivas.<\/p>\n<h3>CONTRIBUI\u00c7\u00c3O ASSOCIATIVA<\/h3>\n<p>A Contribui\u00e7\u00e3o Associativa \u00e9 uma esp\u00e9cie de mensalidade cobrada pelos sindicatos apenas de associados ou a CNR com o Clube de Vantagens, que obt\u00eam benef\u00edcios especiais decorrentes da associa\u00e7\u00e3o. \u00c9 obrigat\u00f3ria para os associados de acordo com o art. 548, \u201cb\u201d da CLT.<\/p>\n<h3>DA IMPORT\u00c2NCIA DO RECOLHIMENTO DAS CONTRIBUI\u00c7\u00d5ES<\/h3>\n<p>O sistema sindical brasileiro segue a unicidade sindical e n\u00e3o a pluralidade sindical. Isto significa que existe apenas um representante por categoria econ\u00f4mica.<\/p>\n<p>O sindicato patronal, para bem representar um setor, precisa arcar com despesas de administra\u00e7\u00e3o, assessoria jur\u00eddica, tribut\u00e1ria, fiscal e para tal, precisa de recursos. Estes recursos s\u00e3o provenientes basicamente da contribui\u00e7\u00e3o sindical, importante mola propulsora do sistema.<\/p>\n<p>As decis\u00f5es do sistema patronal interferem em todas as empresas do setor (pagantes ou n\u00e3o) e s\u00f3 existe empresa forte se existir um sindicato forte que a represente.<\/p>\n<p>Pagar a contribui\u00e7\u00e3o sindical, mais que uma obriga\u00e7\u00e3o, \u00e9 um dever de cidadania empresarial.[\/vc_column_text][\/vc_column][\/vc_row]<\/p>\n","protected":false},"excerpt":{"rendered":"<p>[vc_row][vc_column][vc_column_text] ANUIDADE SINDICAL A Confedera\u00e7\u00e3o Nacional de Not\u00e1rios e Registradores (CNR) amplia representatividade e garante direitos dos titulares de cart\u00f3rios; anuidade sindical \u00e9 fundamental para desenvolvimento das a\u00e7\u00f5es. A representatividade dos not\u00e1rios e registradores conta com o amparo da CNR, que tem se mobilizado em busca do reconhecimento da categoria perante o Poder P\u00fablico e&#8230;<\/p>\n","protected":false},"author":6,"featured_media":0,"parent":0,"menu_order":0,"comment_status":"closed","ping_status":"closed","template":"","meta":{"_exactmetrics_skip_tracking":false,"_exactmetrics_sitenote_active":false,"_exactmetrics_sitenote_note":"","_exactmetrics_sitenote_category":0,"footnotes":""},"class_list":["post-15420","page","type-page","status-publish","hentry"],"_links":{"self":[{"href":"https:\/\/cnr.org.br\/site\/wp-json\/wp\/v2\/pages\/15420"}],"collection":[{"href":"https:\/\/cnr.org.br\/site\/wp-json\/wp\/v2\/pages"}],"about":[{"href":"https:\/\/cnr.org.br\/site\/wp-json\/wp\/v2\/types\/page"}],"author":[{"embeddable":true,"href":"https:\/\/cnr.org.br\/site\/wp-json\/wp\/v2\/users\/6"}],"replies":[{"embeddable":true,"href":"https:\/\/cnr.org.br\/site\/wp-json\/wp\/v2\/comments?post=15420"}],"version-history":[{"count":1,"href":"https:\/\/cnr.org.br\/site\/wp-json\/wp\/v2\/pages\/15420\/revisions"}],"predecessor-version":[{"id":15421,"href":"https:\/\/cnr.org.br\/site\/wp-json\/wp\/v2\/pages\/15420\/revisions\/15421"}],"wp:attachment":[{"href":"https:\/\/cnr.org.br\/site\/wp-json\/wp\/v2\/media?parent=15420"}],"curies":[{"name":"wp","href":"https:\/\/api.w.org\/{rel}","templated":true}]}}