{"id":1578,"date":"2017-08-23T14:11:19","date_gmt":"2017-08-23T14:11:19","guid":{"rendered":"https:\/\/cnr.org.br\/site\/?page_id=1578"},"modified":"2017-10-19T17:08:38","modified_gmt":"2017-10-19T17:08:38","slug":"britanica-2","status":"publish","type":"page","link":"https:\/\/cnr.org.br\/site\/britanica-2\/","title":{"rendered":"Brit\u00e2nica"},"content":{"rendered":"<div class=\"container-fluid\">\n<div class=\"row\">\n<div class=\"col-md-7\">\n<div class=\"container-fluid\">\n<div class=\"row\">\n<div class=\"col-md-12 text-center\"><img decoding=\"async\" src=\"https:\/\/cnr.org.br\/site\/wp-content\/uploads\/2017\/08\/britanica.jpg\" width=\"350px\" \/><\/div>\n<div class=\"col-md-12\">\n<h3 class=\"text-center\">A Empresa<\/h3>\n<\/div>\n<div class=\"col-md-8\">\n<blockquote class=\"bg-info\"><p>A Brit\u00e2nica \u00e9 uma operadora de turismo e ag\u00eancia de viagens, com mais de 25 anos de atividade prestando servi\u00e7os de agenciamento, de viagens de turismo e neg\u00f3cios.<\/p><\/blockquote>\n<\/div>\n<div class=\"col-md-4\"><\/div>\n<\/div>\n<div class=\"row\">\n<div class=\"col-md-6\"><span class=\"text-justify\">Incluindo a idealiza\u00e7\u00e3o da programa\u00e7\u00e3o de viagens por ela organizada, a contrata\u00e7\u00e3o de servi\u00e7os de transportes, hospedagem, atendimento receptivo no local de destino das excurs\u00f5es ou viagens e\/ou escalas previstas no itiner\u00e1rio, entre outros servi\u00e7os prestados por terceiros contratados.<br \/>\n<\/span><\/div>\n<div class=\"col-md-6\"><span class=\"text-justify\"><br \/>\nCuja escolha \u00e9 sempre feita dentro dos mais r\u00edgidos crit\u00e9rios de qualidade, excel\u00eancia, reconhecida idoneidade pessoal e profissional dos mesmos e da qualidade dos equipamentos utilizados na execu\u00e7\u00e3o dos servi\u00e7os, visando sempre o bom atendimento e a satisfa\u00e7\u00e3o plena de seus clientes.<br \/>\n<\/span><\/div>\n<\/div>\n<div class=\"row\">\n<div class=\"col-md-12\">\n<h3 class=\"text-center\">Objetivo<\/h3>\n<\/div>\n<\/div>\n<div class=\"row\">\n<div class=\"col-md-6\"><strong class=\"text-justify\">O maior objetivo de nossa empresa, \u00e9 atender as expectativas de nossos clientes com seguran\u00e7a e confiabilidade.<\/strong><\/div>\n<div class=\"col-md-6\">\n<div class=\"row\">\n<div class=\"col-md-12\"><span class=\"text-justify\">1- Agilidade na reserva sem interfer\u00eancia de terceiros (60 a 80% de redu\u00e7\u00e3o de tempo)<\/span><\/div>\n<\/div>\n<div class=\"row\">\n<div class=\"col-md-12\"><span class=\"text-justify\">2- Aprova\u00e7\u00e3o da viagem com vis\u00e3o corporativa (hor\u00e1rios e Cias)<\/span><\/div>\n<\/div>\n<div class=\"row\">\n<div class=\"col-md-12\"><span class=\"text-justify\">3- Transpar\u00eancia nos processos<\/span><\/div>\n<\/div>\n<div class=\"row\">\n<div class=\"col-md-12\"><span class=\"text-justify\">4- exclusivo a executivos de todos os n\u00edveis<\/span><\/div>\n<\/div>\n<\/div>\n<\/div>\n<div class=\"row\">\n<div class=\"col-md-12\">\n<h3 class=\"text-center\">Vantagens<\/h3>\n<p><span class=\"text-justify\"> Nosso atendimento \u00e9 personalizado para atender clientes de qualquer n\u00edvel de exig\u00eancia e contamos com o diferencial, de apresentar a melhor op\u00e7\u00e3o para realizar suas viagens, seja lazer ou de neg\u00f3cios<br \/>\n<\/span><\/p>\n<\/div>\n<\/div>\n<p>&nbsp;<\/p>\n<div class=\"row\">\n<div class=\"col-md-4\"><i class=\"glyphicon glyphicon-ok\"><\/i>Acesso \u00e0 dashboards e relat\u00f3rios sem necessidade de solicitar \u00e0 agencia<\/div>\n<div class=\"col-md-4\"><i class=\"glyphicon glyphicon-ok\"><\/i>Estrutura organizacional adequada<\/div>\n<div class=\"col-md-4\"><i class=\"glyphicon glyphicon-ok\"><\/i>Especializada em atendimento Corporativbo<\/div>\n<\/div>\n<div class=\"row\">\n<div class=\"col-md-4\"><i class=\"glyphicon glyphicon-ok\"><\/i>Acordos com Cias A\u00e9reas e repasse dos descontos<\/div>\n<div class=\"col-md-4\"><i class=\"glyphicon glyphicon-ok\"><\/i>Organiza\u00e7\u00e3o completa de Congressos, Semin\u00e1rios, Foruns.<\/div>\n<div class=\"col-md-4\"><i class=\"glyphicon glyphicon-ok\"><\/i>Fluxogramas de aprova\u00e7\u00e3o<\/div>\n<\/div>\n<div class=\"row\">\n<div class=\"col-md-4\"><i class=\"glyphicon glyphicon-ok\"><\/i>Acordo com a Rede Hoteleira<\/div>\n<div class=\"col-md-4\"><i class=\"glyphicon glyphicon-ok\"><\/i>Atendimento 24 horas, 7 dias por semana<\/div>\n<div class=\"col-md-4\"><i class=\"glyphicon glyphicon-ok\"><\/i>Relat\u00f3rios Gerenciais<\/div>\n<\/div>\n<div class=\"row\">\n<div class=\"col-md-12\">\n<h3 class=\"text-center\">Sistema de Gest\u00e3o<\/h3>\n<p><span class=\"text-justify\">Um sistema de gest\u00e3o de viagens que \u00e9 um software web de self-booking e self-ticketing, poderosa fam\u00edlia de software com objetivo no gerenciamento de viagens, presta\u00e7\u00e3o de contas, eventos corporativos nacionais e internacionais, atrav\u00e9s de fluxos e pol\u00edticas de viagens de sua empresa, com solu\u00e7\u00e3o inovadora que permite que nossos clientes mantenham foco em seu pr\u00f3prio neg\u00f3cio.<br \/>\n<\/span><\/p>\n<p>Respons\u00e1vel: Moema Rodrigues<\/p>\n<p>Contatos:<br \/>\nPabx: 55 61 3032-7662<br \/>\nFax: 55 61 3045-5574<br \/>\nCelular: 55 61 9 8353-9346 24 horas<br \/>\nE-mail: moema@britanicaturismo.com.br<br \/>\nwww.britanicaturismo.com.br<\/p>\n<\/div>\n<\/div>\n<\/div>\n<\/div>\n<div class=\"col-md-5\">\n<h3>Valores e Descontos<\/h3>\n<\/div>\n<hr \/>\n<p>De 10 a 30% de descontos para Associados da CNR.<\/p>\n<\/div>\n<\/div>\n","protected":false},"excerpt":{"rendered":"<p>A Empresa A Brit\u00e2nica \u00e9 uma operadora de turismo e ag\u00eancia de viagens, com mais de 25 anos de atividade prestando servi\u00e7os de agenciamento, de viagens de turismo e neg\u00f3cios. Incluindo a idealiza\u00e7\u00e3o da programa\u00e7\u00e3o de viagens por ela organizada, a contrata\u00e7\u00e3o de servi\u00e7os de transportes, hospedagem, atendimento receptivo no local de destino das excurs\u00f5es&#8230;<\/p>\n","protected":false},"author":1,"featured_media":0,"parent":0,"menu_order":0,"comment_status":"closed","ping_status":"closed","template":"","meta":{"_exactmetrics_skip_tracking":false,"_exactmetrics_sitenote_active":false,"_exactmetrics_sitenote_note":"","_exactmetrics_sitenote_category":0,"footnotes":""},"class_list":["post-1578","page","type-page","status-publish","hentry"],"_links":{"self":[{"href":"https:\/\/cnr.org.br\/site\/wp-json\/wp\/v2\/pages\/1578"}],"collection":[{"href":"https:\/\/cnr.org.br\/site\/wp-json\/wp\/v2\/pages"}],"about":[{"href":"https:\/\/cnr.org.br\/site\/wp-json\/wp\/v2\/types\/page"}],"author":[{"embeddable":true,"href":"https:\/\/cnr.org.br\/site\/wp-json\/wp\/v2\/users\/1"}],"replies":[{"embeddable":true,"href":"https:\/\/cnr.org.br\/site\/wp-json\/wp\/v2\/comments?post=1578"}],"version-history":[{"count":5,"href":"https:\/\/cnr.org.br\/site\/wp-json\/wp\/v2\/pages\/1578\/revisions"}],"predecessor-version":[{"id":2110,"href":"https:\/\/cnr.org.br\/site\/wp-json\/wp\/v2\/pages\/1578\/revisions\/2110"}],"wp:attachment":[{"href":"https:\/\/cnr.org.br\/site\/wp-json\/wp\/v2\/media?parent=1578"}],"curies":[{"name":"wp","href":"https:\/\/api.w.org\/{rel}","templated":true}]}}