{"id":1750,"date":"2017-09-04T13:15:54","date_gmt":"2017-09-04T13:15:54","guid":{"rendered":"https:\/\/cnr.org.br\/site\/?page_id=1750"},"modified":"2017-09-13T13:13:25","modified_gmt":"2017-09-13T13:13:25","slug":"windsor-brasilia","status":"publish","type":"page","link":"https:\/\/cnr.org.br\/site\/windsor-brasilia\/","title":{"rendered":"Windsor Bras\u00edlia"},"content":{"rendered":"<div class=\"container-fluid\">\n<div class=\"row\">\n<div class=\"col-md-7\">\n<h3>Windsor Bras\u00edlia<\/h3>\n<p style=\"text-align: justify;\">O Windsor Bras\u00edlia \u00e9 a mais nova aquisi\u00e7\u00e3o da Rede Windsor Hoteis no maior sitio urbano tombado no mundo.<br \/>\nVerdadeiro museu a c\u00e9u aberto, a capital brasileira de ruas organizadas e curvas inovadoras abriga no setor hoteleiro norte, o Windsor Brasilia, disponibilizando room service 24 horas, renomada culin\u00e1ria, fitness center, sauna a vapor e piscina coberta. Al\u00e9m de apartamentos com vistas privilegiada, que proporcionam uma estada inesquec\u00edvel para quem visita o Distrito Federal a lazer ou a neg\u00f3cios. S\u00e3o cento e cinquenta apartamentos impec\u00e1veis, decorados com muito bom gosto, oferecendo conforto e praticidade.<\/p>\n<p><strong>Localiza\u00e7\u00e3o<\/strong><\/p>\n<p>WINDSOR BRASILIA<br \/>\nBRAS\u00cdLIA &#8211; Setor Hoteleiro Norte &#8211; Asa NorteTel.: 55(21)2195-1600<\/p>\n<p>WINDSOR ASTURIAS<br \/>\nRIO DE JANEIRO &#8211; Rua Senador Dantas, 14 &#8211; Centro<br \/>\nTel.: 55(21)2195-1500<\/p>\n<p>WINDSOR ATLANTICA<br \/>\nRIO DE JANEIRO &#8211; Avenida Atl\u00e2ntica &#8211; Copacabana<br \/>\nTel.: 55(21)2195-7800<\/p>\n<p>WINDSOR BARRA<br \/>\nRIO DE JANEIRO &#8211; Avenida L\u00facio Costa &#8211; Barra da Tijuca<br \/>\nTel.: 55(21)2195-5000<\/p>\n<p>WINDSOR PLAZA BRASILIA<br \/>\nBRAS\u00cdLIA &#8211; Quadra SHS 6 &#8211; Asa Sul<br \/>\nTel.: 55(21)2195-1600<\/p>\n<p>WINDSOR EXCELSIOR<br \/>\nRIO DE JANEIRO &#8211; Avenida Atl\u00e2ntica &#8211; Copacabana<br \/>\nTel.: 55(21)2195-5800<\/p>\n<p>WINDSOR LEME<br \/>\nRIO DE JANEIRO &#8211; Avenida Atl\u00e2ntica &#8211; Copacabana<br \/>\nTel.: 55(21)2195-5400<\/p>\n<p>MIRAMAR BY WINDSOR<br \/>\nRIO DE JANEIRO &#8211; Avenida Atl\u00e2ntica &#8211; Copacabana<br \/>\nTel.: 55(21)2195-6200<\/p>\n<p>WINDSOR PLAZA<br \/>\nRIO DE JANEIRO &#8211; Avenida Princesa Isabel &#8211; Copacabana<br \/>\nTel.: 55(21)2195-5500<\/p>\n<p>WINDSOR PALACE<br \/>\nRIO DE JANEIRO &#8211; Rua Domingos Ferreira, 6 Copacabana &#8211; Copacabana<br \/>\nTel.: 55(21)2195-6600<\/p>\n<p>WINDSOR MARTINIQUE<br \/>\nRIO DE JANEIRO &#8211; Rua S\u00e1 Ferreira &#8211; Copacabana<br \/>\nTel.: 55(21)2195-5200<\/p>\n<p>WINDSOR COPA<br \/>\nRIO DE JANEIRO &#8211; Avenida Nossa Senhora de Copacabana &#8211; Copacabana<br \/>\nTel.: 55(21)2195-5300<\/p>\n<p>WINDSOR FLORIDA<br \/>\nRIO DE JANEIRO &#8211; Rua Ferreira Viana &#8211; Flamengo<br \/>\nTel.: 55(21)2195-6800<\/p>\n<p>WINDSOR GUANABARA<br \/>\nRIO DE JANEIRO &#8211; Rua Miguel Lemos &#8211; Copacabana<br \/>\nTel.: 55(21)2195-6000<\/p>\n<p>Entre em contato com a Brit\u00e2nica Viagens e Turismo, Contato direto: Moema Rodrigues, Pabx: 55 61 3032-7662, Fax: 55 61 3045-5574, Cel: 55 61 9 8353-9346. E-mail: moema@britanicaturismo.com.br, site: www.britanicaturismo.com.br. Para garantir o desconto o associado dever\u00e1 apresentar sua identifica\u00e7\u00e3o da CNR.<\/p>\n<\/div>\n<div class=\"col-md-5\">\n<h3>Valores e Descontos<\/h3>\n<hr \/>\n<p>As tarifas, tem validade at\u00e9 29\/12\/17.<\/p>\n<p style=\"text-align: center;\">Tarifa Refer\u00eancia<\/p>\n<table class=\"table table-hover\">\n<thead>\n<tr>\n<th><\/th>\n<th style=\"text-align: center;\">Windsor Plaza Bras\u00edlia<br \/>\nTarifa Balc\u00e3o<\/th>\n<th style=\"text-align: center;\">Windsor Plaza<br \/>\nBras\u00edlia<br \/>\nTarifa Ag\u00eancia<\/th>\n<th style=\"text-align: center;\">Windsor Plaza Bras\u00edlia<br \/>\nTarifa CNR<\/th>\n<\/tr>\n<\/thead>\n<tbody>\n<tr>\n<td align=\"left\">Superior<\/p>\n<p>Single<\/td>\n<td align=\"center\">608,00<\/p>\n<p>669,00<\/td>\n<td align=\"center\">418,00<\/p>\n<p>460,00<\/td>\n<td align=\"center\">361,00<\/p>\n<p>397,00<\/td>\n<\/tr>\n<tr>\n<td align=\"left\">Superior Single<\/p>\n<p>Executivo Double<\/td>\n<td align=\"center\">642,00<\/p>\n<p>707,00<\/td>\n<td align=\"center\">442,00<\/p>\n<p>486,00<\/td>\n<td align=\"center\">381,00<\/p>\n<p>420,00<\/td>\n<\/tr>\n<tr>\n<td align=\"left\">Superior Single<\/p>\n<p>Executivo Double<\/td>\n<td align=\"center\">824,00<\/p>\n<p>907,00<\/td>\n<td align=\"center\">567,00<\/p>\n<p>623,00<\/td>\n<td align=\"center\">489,00<\/p>\n<p>538,00<\/td>\n<\/tr>\n<tr>\n<td align=\"left\">Su\u00edte Single<\/p>\n<p>Executiva Double<\/td>\n<td align=\"center\">1.108,00<\/p>\n<p>1.218,00<\/td>\n<td align=\"center\">761,00<\/p>\n<p>838,00<\/td>\n<td align=\"center\">658,00<\/p>\n<p>723,00<\/td>\n<\/tr>\n<\/tbody>\n<\/table>\n<\/div>\n<\/div>\n<\/div>\n","protected":false},"excerpt":{"rendered":"<p>Windsor Bras\u00edlia O Windsor Bras\u00edlia \u00e9 a mais nova aquisi\u00e7\u00e3o da Rede Windsor Hoteis no maior sitio urbano tombado no mundo. Verdadeiro museu a c\u00e9u aberto, a capital brasileira de ruas organizadas e curvas inovadoras abriga no setor hoteleiro norte, o Windsor Brasilia, disponibilizando room service 24 horas, renomada culin\u00e1ria, fitness center, sauna a vapor&#8230;<\/p>\n","protected":false},"author":1,"featured_media":0,"parent":0,"menu_order":0,"comment_status":"closed","ping_status":"closed","template":"","meta":{"_exactmetrics_skip_tracking":false,"_exactmetrics_sitenote_active":false,"_exactmetrics_sitenote_note":"","_exactmetrics_sitenote_category":0,"footnotes":""},"class_list":["post-1750","page","type-page","status-publish","hentry"],"_links":{"self":[{"href":"https:\/\/cnr.org.br\/site\/wp-json\/wp\/v2\/pages\/1750"}],"collection":[{"href":"https:\/\/cnr.org.br\/site\/wp-json\/wp\/v2\/pages"}],"about":[{"href":"https:\/\/cnr.org.br\/site\/wp-json\/wp\/v2\/types\/page"}],"author":[{"embeddable":true,"href":"https:\/\/cnr.org.br\/site\/wp-json\/wp\/v2\/users\/1"}],"replies":[{"embeddable":true,"href":"https:\/\/cnr.org.br\/site\/wp-json\/wp\/v2\/comments?post=1750"}],"version-history":[{"count":5,"href":"https:\/\/cnr.org.br\/site\/wp-json\/wp\/v2\/pages\/1750\/revisions"}],"predecessor-version":[{"id":1843,"href":"https:\/\/cnr.org.br\/site\/wp-json\/wp\/v2\/pages\/1750\/revisions\/1843"}],"wp:attachment":[{"href":"https:\/\/cnr.org.br\/site\/wp-json\/wp\/v2\/media?parent=1750"}],"curies":[{"name":"wp","href":"https:\/\/api.w.org\/{rel}","templated":true}]}}