{"id":1768,"date":"2017-09-04T14:57:09","date_gmt":"2017-09-04T14:57:09","guid":{"rendered":"https:\/\/cnr.org.br\/site\/?page_id=1768"},"modified":"2017-09-04T14:57:09","modified_gmt":"2017-09-04T14:57:09","slug":"consir","status":"publish","type":"page","link":"https:\/\/cnr.org.br\/site\/consir\/","title":{"rendered":"CONSIR"},"content":{"rendered":"<div class=\"container-fluid\">\n<div class=\"row\">\n<div class=\"col-md-7\">\n<p style=\"text-align: justify;\">A Consir possui profissionais especializados para a elabora\u00e7\u00e3o e cria\u00e7\u00e3o de sistemas sob medida, visando sempre atender as necessidades de seus clientes de maneira eficiente e r\u00e1pida, minimizando custos e problemas operacionais. Uma das grandes vantagens de se trabalhar com um sistema feito sob medida \u00e9 justamente o pouco tempo necess\u00e1rio de treinamento para que ele comece a dar resultados pr\u00e1ticos. Na maioria dos casos, esse tipo de sistema parte diretamente da necessidade do cliente e n\u00e3o o contr\u00e1rio exigindo do cliente uma adapta\u00e7\u00e3o ao sistema.<\/p>\n<p style=\"text-align: justify;\">Al\u00e9m disso, oferecemos um servi\u00e7o de hospedagem de sites, fazendo assim, com que possamos apresentar para nossos clientes uma solu\u00e7\u00e3o completa, desde a cria\u00e7\u00e3o e \/ ou manuten\u00e7\u00e3o at\u00e9 a hospedagem do site.<\/p>\n<h3>Sistemas de Gest\u00e3o para Sindicatos e Federa\u00e7\u00f5es<\/h3>\n<p>A solu\u00e7\u00e3o ideal para um gerenciamento completo e eficiente!<\/p>\n<p style=\"text-align: center;\">A solu\u00e7\u00e3o ideal para um gerenciamento completo e eficiente do seu Sindicato<\/p>\n<p style=\"text-align: center;\">Cadastros<\/p>\n<ul>\n<li>Empresas e contribui\u00e7\u00f5es<\/li>\n<li>Entidades \/ Escrit\u00f3rios de Contabilidade<\/li>\n<li>Associados (com foto e biometria)<\/li>\n<li>Dependentes (com foto e biometria)<\/li>\n<li>Emiss\u00e3o de Carteirinhas personalizadas<\/li>\n<li>Acordos salariais<\/li>\n<\/ul>\n<p style=\"text-align: center;\">Controles<\/p>\n<ul>\n<li>Emiss\u00e3o de todas as Contribui\u00e7\u00f5es SINDICAL e outras homologadas pelo Banco<\/li>\n<li>Baixa integrada das Contribui\u00e7\u00f5es recebidas<\/li>\n<li>Atendimentos prestados<\/li>\n<li>Conv\u00eanios<\/li>\n<\/ul>\n<p style=\"text-align: center;\">Relat\u00f3rios<\/p>\n<ul>\n<li>Associados \/ Dependentes<\/li>\n<li>Empresas \/ Entidades \/ Escrit\u00f3rios Cont\u00e1beis<\/li>\n<li>Mensalidades dos Associados<\/li>\n<li>Contribui\u00e7\u00f5es Recebidas, em Atraso, \u00e1 Vencer<\/li>\n<li>Contas a Pagar e a Receber<\/li>\n<li>Mala direta &#8211; emiss\u00e3o de etiquetas<\/li>\n<li>Diversos relat\u00f3rios para controle<\/li>\n<\/ul>\n<p style=\"text-align: center;\">Financeiro<\/p>\n<ul>\n<li>Fluxo de Caixa<\/li>\n<li>Contas a Pagar e a Receber<\/li>\n<li>Controle de Caixa e Bancos<\/li>\n<li>Contabilidade<\/li>\n<li>Comprovantes de Pagamentos<\/li>\n<li>Controle Or\u00e7ament\u00e1rio Previsto x Realizado<\/li>\n<\/ul>\n<p style=\"text-align: center;\">Vantagens<\/p>\n<ul>\n<li><strong>Gerenciador de Aplica\u00e7\u00e3o<\/strong><br \/>\nO gerenciamento de aplica\u00e7\u00e3o fica residente no servidor, e \u00e9 atrav\u00e9s dele que o sistema se mant\u00e9m atualizado em cada computador da rede. Dessa forma, a atualiza\u00e7\u00e3o do sistema para os usu\u00e1rios \u00e9 transparente. O sistema evolui sem a necessidade de reconfigurar cada computador na arquitetura cliente \/ servidor<\/li>\n<li style=\"text-align: justify;\"><strong>Atualiza\u00e7\u00e3o de Vers\u00f5es pela Internet<\/strong><br \/>\nTodas as atualiza\u00e7\u00f5es do sistema poder\u00e3o ser feitas atrav\u00e9s da internet , facilitando e agilizando esse procedimento<\/li>\n<li style=\"text-align: justify;\"><strong>Requisitos <\/strong><br \/>\nCompat\u00edvel com Windows 95 \/ 98 \/ ME \/ 2000 \/ XP \/ 2003 \/ Vista \/ 7<\/li>\n<li style=\"text-align: justify;\"><strong>Arquitetura<\/strong><br \/>\nBanco de dados com arquitetura cliente\/servidor \u2013 Multiusu\u00e1rio<\/li>\n<li style=\"text-align: justify;\"><strong>Interface gr\u00e1fica de f\u00e1cil aprendizado<\/strong><br \/>\nTodos os aplicativos seguem um \u00fanico padr\u00e3o de apresenta\u00e7\u00e3o de telas, menus e relat\u00f3rios, facilitando a navega\u00e7\u00e3o ao usu\u00e1rio, al\u00e9m de simplicidade na utiliza\u00e7\u00e3o<\/li>\n<li style=\"text-align: justify;\"><strong>Localiza\u00e7\u00e3o Pesquisa din\u00e2mica<\/strong><br \/>\nDisponibiliza uma rotina para consulta dos cadastros b\u00e1sicos e lan\u00e7amentos definidas pelo usu\u00e1rio, atrav\u00e9s de teclas de atalho e localiza\u00e7\u00e3o<\/li>\n<li style=\"text-align: justify;\"><strong>Restri\u00e7\u00e3o de acesso<\/strong><br \/>\nO acesso ao sistema \u00e9 gerenciado por meio de senhas individuais e de privil\u00e9gios, atribu\u00eddos aos usu\u00e1rios ou grupo de usu\u00e1rios, por m\u00f3dulo e por item de menu<\/li>\n<\/ul>\n<p style=\"text-align: center;\">Seguran\u00e7a e Auditoria<\/p>\n<ul>\n<li style=\"text-align: justify;\">O m\u00f3dulo Seguran\u00e7a e Auditoria surgiu de uma necessidade de controlar de forma minuciosa o acesso de v\u00e1rias pessoas aos m\u00f3dulos do sistema. Atrav\u00e9s dele s\u00e3o definidas as regras de acesso, podendo-se restringir o acesso a um ou mais m\u00f3dulos<\/li>\n<\/ul>\n<p style=\"text-align: center;\">Gerenciador do Sistema<\/p>\n<ul>\n<li style=\"text-align: justify;\">O gerenciador do sistema manter\u00e1 atualizado em cada computador da rede os m\u00f3dulos do sistema, sendo assim os usu\u00e1rios n\u00e3o ter\u00e3o que reconfigurar o seu computador a cada atualiza\u00e7\u00e3o, isto ser\u00e1 feito automaticamente atrav\u00e9s deste m\u00f3dulo.<\/li>\n<\/ul>\n<\/div>\n<div class=\"col-md-5\">\n<h3>Valores e Descontos<\/h3>\n<hr \/>\n<p>Desconto de 20%.<br \/>\nCondi\u00e7\u00f5es exclusivas para os associados e colaboradores da CNR.<br \/>\nPara garantir o desconto o associado dever\u00e1 apresentar sua identifica\u00e7\u00e3o da CNR.<\/p>\n<\/div>\n<\/div>\n<\/div>\n","protected":false},"excerpt":{"rendered":"<p>A Consir possui profissionais especializados para a elabora\u00e7\u00e3o e cria\u00e7\u00e3o de sistemas sob medida, visando sempre atender as necessidades de seus clientes de maneira eficiente e r\u00e1pida, minimizando custos e problemas operacionais. Uma das grandes vantagens de se trabalhar com um sistema feito sob medida \u00e9 justamente o pouco tempo necess\u00e1rio de treinamento para que&#8230;<\/p>\n","protected":false},"author":1,"featured_media":0,"parent":0,"menu_order":0,"comment_status":"closed","ping_status":"closed","template":"","meta":{"_exactmetrics_skip_tracking":false,"_exactmetrics_sitenote_active":false,"_exactmetrics_sitenote_note":"","_exactmetrics_sitenote_category":0,"footnotes":""},"class_list":["post-1768","page","type-page","status-publish","hentry"],"_links":{"self":[{"href":"https:\/\/cnr.org.br\/site\/wp-json\/wp\/v2\/pages\/1768"}],"collection":[{"href":"https:\/\/cnr.org.br\/site\/wp-json\/wp\/v2\/pages"}],"about":[{"href":"https:\/\/cnr.org.br\/site\/wp-json\/wp\/v2\/types\/page"}],"author":[{"embeddable":true,"href":"https:\/\/cnr.org.br\/site\/wp-json\/wp\/v2\/users\/1"}],"replies":[{"embeddable":true,"href":"https:\/\/cnr.org.br\/site\/wp-json\/wp\/v2\/comments?post=1768"}],"version-history":[{"count":1,"href":"https:\/\/cnr.org.br\/site\/wp-json\/wp\/v2\/pages\/1768\/revisions"}],"predecessor-version":[{"id":1770,"href":"https:\/\/cnr.org.br\/site\/wp-json\/wp\/v2\/pages\/1768\/revisions\/1770"}],"wp:attachment":[{"href":"https:\/\/cnr.org.br\/site\/wp-json\/wp\/v2\/media?parent=1768"}],"curies":[{"name":"wp","href":"https:\/\/api.w.org\/{rel}","templated":true}]}}