{"id":1809,"date":"2017-09-11T14:17:39","date_gmt":"2017-09-11T14:17:39","guid":{"rendered":"https:\/\/cnr.org.br\/site\/?page_id=1809"},"modified":"2017-09-11T14:21:49","modified_gmt":"2017-09-11T14:21:49","slug":"postos-disbrave","status":"publish","type":"page","link":"https:\/\/cnr.org.br\/site\/postos-disbrave\/","title":{"rendered":"Postos Disbrave"},"content":{"rendered":"<div class=\"container-fluid\">\n<div class=\"row\">\n<div class=\"col-md-7\">\n<h3><strong>Postos Disbrave<\/strong><\/h3>\n<p><strong>Lista de Postos da Rede Disbrave:<\/strong><\/p>\n<p>        1) Posto Disbrave W3 \u2013 Bandeira Shell \u2013 SEP\/Norte, Quadra 503, Conjunto A;<\/p>\n<p>        2) Posto S\u00e3o Marcos \u2013 Bandeira Shell \u2013 SMPS Rodovia Bras\u00edlia An\u00e1polis Lote 2;<\/p>\n<p>        3) Posto Disbrave Sobradinho \u2013 Bandeira Shell \u2013 \u00c1rea Especial 1, Quadra 11, Setor de Expans\u00e3o Econ\u00f4mica.<\/p>\n<p>        4) Posto Disbrave da Via Estrutural \u2013 Bandeira BR \u2013 SCIA, Quadra 10, Conjunto 2, Lote 8 ,<\/p>\n<p>        5) Posto Imperial \u2013 Bandeira Esso \u2013 Quadra 2, Bloco F, PLL, Asa Sul e<\/p>\n<p>        6) Posto L.R.I \u2013 BR 040, KM 12 Quadra 01 Lote 1 Gleba F, Valpara\u00edso\/GO (em frente ao Shopping Sul).<\/p>\n<p>        7) Ivan Jos\u00e9 Pires (Posto Disbrave Guar\u00e1) \u2013 Guar\u00e1 QE 20 Lote I (em frente ao Banco Bradesco).<\/p>\n<p>        8) Posto Disbrave 314 Sul \u2013 SHCS 314 Asa Sul<\/p>\n<p>        9) Posto Orca (Disbrave Lago Norte \u2013 SHIN\/EPPN Proje\u00e7\u00e3o 4 Canteiro Central \u2013 Lago Norte.<\/p>\n<p><strong>Importante:<\/strong><\/p>\n<p class=\"text-justify\">Para aproveitar os descontos basta apresentar a sua carteira de associado OU uma carta de filia\u00e7\u00e3o da CNR em um dos Postos DISBRAVE.<\/p>\n<\/p><\/div>\n<div class=\"col-md-5\">\n<h3>Valores e Descontos<\/h3>\n<hr \/>\n<ul>\n<li>Desconto de R$ 0,10 (dez centavos) no valor do litro de combust\u00edvel \u2013 \u00e1lcool, gasolina ou diesel \u2013 aditivados ou n\u00e3o. <\/li>\n<p><\/p>\n<li>O valor considerado para o desconto ser\u00e1 sempre aquele que estiver registrado na bomba de combust\u00edvel do respectivo produto, exceto as promo\u00e7\u00e3o pagas com d\u00e9bito no cart\u00e3o.<\/li>\n<p><\/p>\n<li>Desconto de 10% (dez por cento) em todos os \u00f3leos lubrificantes ou aditivos adquiridos e utilizados diretamente nos ve\u00edculos.<\/li>\n<p><\/p>\n<li>Gratuidade nos servi\u00e7os de m\u00e3o de obra necess\u00e1rios \u00e0 troca de \u00f3leo ou reposi\u00e7\u00e3o de lubrificantes e aditivos. <\/li>\n<p>\n            <\/ul>\n<\/p><\/div><\/div>\n<\/div>\n","protected":false},"excerpt":{"rendered":"<p>Postos Disbrave Lista de Postos da Rede Disbrave: 1) Posto Disbrave W3 \u2013 Bandeira Shell \u2013 SEP\/Norte, Quadra 503, Conjunto A; 2) Posto S\u00e3o Marcos \u2013 Bandeira Shell \u2013 SMPS Rodovia Bras\u00edlia An\u00e1polis Lote 2; 3) Posto Disbrave Sobradinho \u2013 Bandeira Shell \u2013 \u00c1rea Especial 1, Quadra 11, Setor de Expans\u00e3o Econ\u00f4mica. 4) Posto Disbrave&#8230;<\/p>\n","protected":false},"author":1,"featured_media":0,"parent":0,"menu_order":0,"comment_status":"closed","ping_status":"closed","template":"","meta":{"_exactmetrics_skip_tracking":false,"_exactmetrics_sitenote_active":false,"_exactmetrics_sitenote_note":"","_exactmetrics_sitenote_category":0,"footnotes":""},"class_list":["post-1809","page","type-page","status-publish","hentry"],"_links":{"self":[{"href":"https:\/\/cnr.org.br\/site\/wp-json\/wp\/v2\/pages\/1809"}],"collection":[{"href":"https:\/\/cnr.org.br\/site\/wp-json\/wp\/v2\/pages"}],"about":[{"href":"https:\/\/cnr.org.br\/site\/wp-json\/wp\/v2\/types\/page"}],"author":[{"embeddable":true,"href":"https:\/\/cnr.org.br\/site\/wp-json\/wp\/v2\/users\/1"}],"replies":[{"embeddable":true,"href":"https:\/\/cnr.org.br\/site\/wp-json\/wp\/v2\/comments?post=1809"}],"version-history":[{"count":5,"href":"https:\/\/cnr.org.br\/site\/wp-json\/wp\/v2\/pages\/1809\/revisions"}],"predecessor-version":[{"id":1815,"href":"https:\/\/cnr.org.br\/site\/wp-json\/wp\/v2\/pages\/1809\/revisions\/1815"}],"wp:attachment":[{"href":"https:\/\/cnr.org.br\/site\/wp-json\/wp\/v2\/media?parent=1809"}],"curies":[{"name":"wp","href":"https:\/\/api.w.org\/{rel}","templated":true}]}}