{"id":2150,"date":"2017-10-24T17:00:25","date_gmt":"2017-10-24T17:00:25","guid":{"rendered":"https:\/\/cnr.org.br\/site\/?page_id=2150"},"modified":"2017-10-24T17:12:36","modified_gmt":"2017-10-24T17:12:36","slug":"melia-hotels","status":"publish","type":"page","link":"https:\/\/cnr.org.br\/site\/melia-hotels\/","title":{"rendered":"Meli\u00e1 Hotels"},"content":{"rendered":"<div class=\"container-fluid\">\n<div class=\"row\">\n<div class=\"col-md-7\">\n<h3><strong>Meli\u00e1 Hotels International<\/strong><\/h3>\n<p><span class=\"text-justify\"><br \/>\nFundada em 1956 em Palma Maiorca na Espanha, a Meli\u00e1 Hotels International hoje \u00e9 uma das maiores redes hoteleiras do mundo, al\u00e9m de l\u00edder absoluto na Espanha. Atualmente, possui mais de 370 hot\u00e9is localizados em 43 pa\u00edses em 4 continentes. <\/span><\/p>\n<p>Seja associado da CNR e acumule benef\u00edcios e some descontos a outros servi\u00e7os;<br \/>\n<strong>Condi\u00e7\u00f5es Gerais:<\/strong><\/p>\n<ul>\n<li>Valores expressos em Reais;<\/li>\n<li>Caf\u00e9 da manh\u00e3 estilo Buffet servido no restaurante, inclu\u00eddo nas di\u00e1rias;<\/li>\n<li>As tarifas n\u00e3o s\u00e3o v\u00e1lidas para per\u00edodos de grandes eventos, congressos e outros eventos a serem informados posteriormente;<\/li>\n<li>Tarifas sujeitas a reajuste sem pr\u00e9vio aviso.<\/li>\n<li>Tarifas Comissionadas em 10%.<\/li>\n<li>Para reservar entre em contato com a Brit\u00e2nica Viagens e Turismo, Contato direto: Moema Rodrigues, Pabx: 55 61 3032-7662, Fax: 55 61 3045-5574, Cel: 55 61 9 8353-9346. Para garantir o desconto o associado dever\u00e1 apresentar sua identifica\u00e7\u00e3o da CNR.<\/li>\n<li>As confirma\u00e7\u00f5es ser\u00e3o feitas de acordo com disponibilidade no per\u00edodo;<\/li>\n<li>Site para mais informa\u00e7\u00f5es sobre o Hotel: <a href=\"https:\/\/www1.melia.com\/pt\/businesstravel\/home.htm\">www1.melia.com<\/a><\/li>\n<\/ul>\n<\/div>\n<div class=\"col-md-5\">\n<h3>Valores e Descontos<\/h3>\n<hr \/>\n<p><span class=\"text-justify\">20%, 10% e 7% de descontos em n\u00edvel mundial aos associados da CNR;<br \/>\n7% de desconto GARANTIDO em hot\u00e9is urbanos;<br \/>\n<\/span><\/p>\n<\/div>\n<\/div>\n<\/div>\n","protected":false},"excerpt":{"rendered":"<p>Meli\u00e1 Hotels International Fundada em 1956 em Palma Maiorca na Espanha, a Meli\u00e1 Hotels International hoje \u00e9 uma das maiores redes hoteleiras do mundo, al\u00e9m de l\u00edder absoluto na Espanha. Atualmente, possui mais de 370 hot\u00e9is localizados em 43 pa\u00edses em 4 continentes. Seja associado da CNR e acumule benef\u00edcios e some descontos a outros&#8230;<\/p>\n","protected":false},"author":1,"featured_media":0,"parent":0,"menu_order":0,"comment_status":"closed","ping_status":"closed","template":"","meta":{"_exactmetrics_skip_tracking":false,"_exactmetrics_sitenote_active":false,"_exactmetrics_sitenote_note":"","_exactmetrics_sitenote_category":0,"footnotes":""},"class_list":["post-2150","page","type-page","status-publish","hentry"],"_links":{"self":[{"href":"https:\/\/cnr.org.br\/site\/wp-json\/wp\/v2\/pages\/2150"}],"collection":[{"href":"https:\/\/cnr.org.br\/site\/wp-json\/wp\/v2\/pages"}],"about":[{"href":"https:\/\/cnr.org.br\/site\/wp-json\/wp\/v2\/types\/page"}],"author":[{"embeddable":true,"href":"https:\/\/cnr.org.br\/site\/wp-json\/wp\/v2\/users\/1"}],"replies":[{"embeddable":true,"href":"https:\/\/cnr.org.br\/site\/wp-json\/wp\/v2\/comments?post=2150"}],"version-history":[{"count":4,"href":"https:\/\/cnr.org.br\/site\/wp-json\/wp\/v2\/pages\/2150\/revisions"}],"predecessor-version":[{"id":2155,"href":"https:\/\/cnr.org.br\/site\/wp-json\/wp\/v2\/pages\/2150\/revisions\/2155"}],"wp:attachment":[{"href":"https:\/\/cnr.org.br\/site\/wp-json\/wp\/v2\/media?parent=2150"}],"curies":[{"name":"wp","href":"https:\/\/api.w.org\/{rel}","templated":true}]}}