{"id":2202,"date":"2017-10-31T12:48:26","date_gmt":"2017-10-31T12:48:26","guid":{"rendered":"https:\/\/cnr.org.br\/site\/?page_id=2202"},"modified":"2017-10-31T12:52:30","modified_gmt":"2017-10-31T12:52:30","slug":"fiat-2","status":"publish","type":"page","link":"https:\/\/cnr.org.br\/site\/fiat-2\/","title":{"rendered":"Fiat"},"content":{"rendered":"<p>&nbsp;<\/p>\n<div class=\"container-fluid\">\n<div class=\"row\">\n<div class=\"col-md-7\">\n<h3 class=\"text-center\"><strong>Not\u00e1rio e Registrador, compre o seu carro com desconto especial para associado da CNR.<\/strong><\/h3>\n<p>&nbsp;<\/p>\n<p class=\"text-justify\">A Fiat Autom\u00f3veis tamb\u00e9m investe no desenvolvimento de novos produtos, novas tecnologias, qualidade e capacita\u00e7\u00e3o da engenharia para executar projetos cada vez mais ousados e inovadores. Tudo em sintonia com os desejos e as aspira\u00e7\u00f5es dos clientes.<\/p>\n<p>A Fiat \u00e9 uma marca global da Fiat Chrysler Automobiles (FCA), o s\u00e9timo maior fabricante mundial de autom\u00f3veis. O Grupo tem unidades produtivas em 40 pa\u00edses e presen\u00e7a comercial em aproximadamente 150 pa\u00edses. A FCA \u00e9 l\u00edder em vendas no mercado de autom\u00f3veis e ve\u00edculos comerciais leves no Brasil.<\/p>\n<p><strong class=\"text-center\">N\u00e3o perca tempo e aproveite mais este mega benef\u00edcio assegurado pela CNR!<\/strong><\/p>\n<p><strong>CONDI\u00c7\u00d5ES DE PRE\u00c7O: <\/strong><br \/>\n<strong>*Pre\u00e7os est\u00e3o sujeitos a altera\u00e7\u00e3o, conforme tabela de pre\u00e7os \u00e0 data de faturamento do(s) ve\u00edculo(s).<\/strong><br \/>\n<strong>J\u00e1 deduzido os descontos, conforme tabela de pre\u00e7os vigentes \u00e0 data de faturamento do(s) ve\u00edculo(s); ano 2017 modelo 2018 \u2013 TABELA VIGENTE AT\u00c9 31\/10\/2017<\/strong><\/p>\n<p><strong>FATURAMENTO:<\/strong> Direto pela FCA FIAT CHRYSLER AUTOM\u00d3VEIS BRASIL LTDA, CNPJ: 16.701.716\/0001-56;<\/p>\n<p><strong>PRAZO DE ENTREGA:<\/strong> At\u00e9 45 dias uteis ap\u00f3s pedido formalizado no sistema fiat<\/p>\n<p><strong>LOCAL DE ENTREGA:<\/strong> Concession\u00e1ria mais pr\u00f3xima do associado CNR \u2013 Caso seja em Bras\u00edlia, a Concession\u00e1ria de entrega ser\u00e1 a CPV Fiat.<\/p>\n<p><strong>CONDI\u00c7\u00d5ES DE PAGAMENTO:<\/strong> No prazo de at\u00e9 09 (nove) dias corridos a contar da data de faturamento do ve\u00edculo.<\/p>\n<p><strong>A FIAT AUTOM\u00d3VEIS S\/A reserva-se o direito de modificar as especifica\u00e7\u00f5es e desenhos de seus produtos sem aviso pr\u00e9vio.<\/strong><\/p>\n<p>Para reservar entre em contato com<strong>KLINGER PINHEIRO, COMERCAL FIAT, VENDAS DIRETAS pelo telefone (61) 3451-2006.<\/strong> Para garantir o desconto o associado dever\u00e1 apresentar sua identifica\u00e7\u00e3o da CNR.<\/p>\n<\/div>\n<div class=\"col-md-5\">\n<h3>Valores e Descontos<\/h3>\n<hr \/>\n<ul>\n<li>UNO DRIVE 1.0 FLEX 2017\/2018 4P \u2013 Desconto de 11%<\/li>\n<li>MOBI LIKE 1.0 FLEX 2017\/2018 4P \u2013 Desconto de 15%<\/li>\n<li>ARGO DRIVE 1.0 FLEX 2017\/2018 4P \u2013 Desconto de 8%<\/li>\n<li>PALIO ESSENCE 1.6 2017\/2017 4 PORTAS \u2013 DESCONTO DE 20% (ultimas unidades)<\/li>\n<li>STRADA WORKING 1.4 CABINE SIMPLES \u2013 DESCONTO DE 23%<\/li>\n<li>STRADA HARD WORKING 1.4 CABINE DUPLA \u2013 DESCONTO DE 22%<\/li>\n<li>STRADA ADVENTURE 1.8 CABINE DUPLA \u2013 DESCONTO DE 17%<\/li>\n<li>TORO FREEDOM 2.4 FLEX AUTOMATICA AT 9 MARCHAS 2017\/2018 \u2013 DESCONTO DE 20%<\/li>\n<li>FIORINO FURGAO 1.4 2017\/2018 \u2013 DESCONTO DE 14%<\/li>\n<\/ul>\n<\/div>\n<\/div>\n<\/div>\n","protected":false},"excerpt":{"rendered":"<p>&nbsp; Not\u00e1rio e Registrador, compre o seu carro com desconto especial para associado da CNR. &nbsp; A Fiat Autom\u00f3veis tamb\u00e9m investe no desenvolvimento de novos produtos, novas tecnologias, qualidade e capacita\u00e7\u00e3o da engenharia para executar projetos cada vez mais ousados e inovadores. Tudo em sintonia com os desejos e as aspira\u00e7\u00f5es dos clientes. A Fiat&#8230;<\/p>\n","protected":false},"author":1,"featured_media":0,"parent":0,"menu_order":0,"comment_status":"closed","ping_status":"closed","template":"","meta":{"_exactmetrics_skip_tracking":false,"_exactmetrics_sitenote_active":false,"_exactmetrics_sitenote_note":"","_exactmetrics_sitenote_category":0,"footnotes":""},"class_list":["post-2202","page","type-page","status-publish","hentry"],"_links":{"self":[{"href":"https:\/\/cnr.org.br\/site\/wp-json\/wp\/v2\/pages\/2202"}],"collection":[{"href":"https:\/\/cnr.org.br\/site\/wp-json\/wp\/v2\/pages"}],"about":[{"href":"https:\/\/cnr.org.br\/site\/wp-json\/wp\/v2\/types\/page"}],"author":[{"embeddable":true,"href":"https:\/\/cnr.org.br\/site\/wp-json\/wp\/v2\/users\/1"}],"replies":[{"embeddable":true,"href":"https:\/\/cnr.org.br\/site\/wp-json\/wp\/v2\/comments?post=2202"}],"version-history":[{"count":1,"href":"https:\/\/cnr.org.br\/site\/wp-json\/wp\/v2\/pages\/2202\/revisions"}],"predecessor-version":[{"id":2204,"href":"https:\/\/cnr.org.br\/site\/wp-json\/wp\/v2\/pages\/2202\/revisions\/2204"}],"wp:attachment":[{"href":"https:\/\/cnr.org.br\/site\/wp-json\/wp\/v2\/media?parent=2202"}],"curies":[{"name":"wp","href":"https:\/\/api.w.org\/{rel}","templated":true}]}}