{"id":2280,"date":"2017-11-10T17:37:08","date_gmt":"2017-11-10T17:37:08","guid":{"rendered":"https:\/\/cnr.org.br\/site\/?page_id=2280"},"modified":"2017-11-29T18:49:54","modified_gmt":"2017-11-29T18:49:54","slug":"sony-2","status":"publish","type":"page","link":"https:\/\/cnr.org.br\/site\/sony-2\/","title":{"rendered":"Sony"},"content":{"rendered":"<p>&nbsp;<\/p>\n<div class=\"container-fluid\">\n<div class=\"row\">\n<div class=\"col-md-7\">\n<p class=\"text-justify\">Aproveite toda a tecnologia Sony com at\u00e9 20% de desconto.<\/p>\n<p class=\"text-justify\">Para a Sony, os sonhos podem se tornar realidade. Seja uma can\u00e7\u00e3o na mente de um m\u00fasico, uma vis\u00e3o de um diretor de filme, uma ideia para um jogo ou uma grande imagem que voc\u00ea queira capturar. A Sony cria e desenvolve as ferramentas do futuro para transformar suas ideias uma realidade.<\/p>\n<p class=\"text-justify\">A Sony \u00e9 uma multinacional japonesa atuante no segmento de entretenimento. Uma das l\u00edderes mundiais no setor de consumo e profissional com produtos de \u00e1udio, v\u00eddeo, comunica\u00e7\u00e3o e tecnologia de informa\u00e7\u00e3o.<\/p>\n<p class=\"text-justify\">Al\u00e9m dos produtos eletr\u00f4nicos, a Sony est\u00e1 presente tamb\u00e9m no setor de filmes, canais de televis\u00e3o e m\u00fasica, tornando-se assim umas das principais empresas em entretenimento e tecnologia no mundo.<\/p>\n<p class=\"text-justify\">Sempre \u00e0 frente, investindo em pesquisas, desenvolvendo novas tecnologias e buscando a vanguarda em seus produtos.<\/p>\n<p class=\"text-justify\">Utilize o c\u00f3digo do parceiro para fazer seu login na \u00e1rea exclusiva: CNR.<\/p>\n<\/div>\n<div class=\"col-md-5\">\n<h3>Valores e Descontos<\/h3>\n<p class=\"text-justify\">Acesse o site especial da Sony: <a href=\"http:\/\/www.sony.com.br\/parceiros\">www.sony.com.br<\/a>\u00a0utilizando o c\u00f3digo CNR.<\/p>\n<p class=\"text-justify\">Todos produtos est\u00e3o com no m\u00ednimo 15% de desconto (No cart\u00e3o em 10x. No boleto temos mais 5%).<\/p>\n<\/div>\n<\/div>\n<\/div>\n","protected":false},"excerpt":{"rendered":"<p>&nbsp; Aproveite toda a tecnologia Sony com at\u00e9 20% de desconto. Para a Sony, os sonhos podem se tornar realidade. Seja uma can\u00e7\u00e3o na mente de um m\u00fasico, uma vis\u00e3o de um diretor de filme, uma ideia para um jogo ou uma grande imagem que voc\u00ea queira capturar. A Sony cria e desenvolve as ferramentas&#8230;<\/p>\n","protected":false},"author":1,"featured_media":0,"parent":0,"menu_order":0,"comment_status":"closed","ping_status":"closed","template":"","meta":{"_exactmetrics_skip_tracking":false,"_exactmetrics_sitenote_active":false,"_exactmetrics_sitenote_note":"","_exactmetrics_sitenote_category":0,"footnotes":""},"class_list":["post-2280","page","type-page","status-publish","hentry"],"_links":{"self":[{"href":"https:\/\/cnr.org.br\/site\/wp-json\/wp\/v2\/pages\/2280"}],"collection":[{"href":"https:\/\/cnr.org.br\/site\/wp-json\/wp\/v2\/pages"}],"about":[{"href":"https:\/\/cnr.org.br\/site\/wp-json\/wp\/v2\/types\/page"}],"author":[{"embeddable":true,"href":"https:\/\/cnr.org.br\/site\/wp-json\/wp\/v2\/users\/1"}],"replies":[{"embeddable":true,"href":"https:\/\/cnr.org.br\/site\/wp-json\/wp\/v2\/comments?post=2280"}],"version-history":[{"count":3,"href":"https:\/\/cnr.org.br\/site\/wp-json\/wp\/v2\/pages\/2280\/revisions"}],"predecessor-version":[{"id":2411,"href":"https:\/\/cnr.org.br\/site\/wp-json\/wp\/v2\/pages\/2280\/revisions\/2411"}],"wp:attachment":[{"href":"https:\/\/cnr.org.br\/site\/wp-json\/wp\/v2\/media?parent=2280"}],"curies":[{"name":"wp","href":"https:\/\/api.w.org\/{rel}","templated":true}]}}