{"id":2722,"date":"2018-01-05T19:42:45","date_gmt":"2018-01-05T19:42:45","guid":{"rendered":"https:\/\/cnr.org.br\/site\/?page_id=2722"},"modified":"2018-02-14T17:41:11","modified_gmt":"2018-02-14T17:41:11","slug":"nuvdoc","status":"publish","type":"page","link":"https:\/\/cnr.org.br\/site\/nuvdoc\/","title":{"rendered":"NUVDOC"},"content":{"rendered":"<div>A NUVDOC oferece solu\u00e7\u00e3o de comunica\u00e7\u00e3o em multicanais para os seus neg\u00f3cios.<\/div>\n<p>&nbsp;<\/p>\n<div><\/div>\n<div><\/div>\n<div>Nossa plataforma integra v\u00e1rias tecnologias para melhorar o envio de sua comunica\u00e7\u00e3o com acompanhamento dos status dos seus E-MAIL(s), SMS(s), PushNotication.<br \/>\nSeu Cart\u00f3rio n\u00e3o tem site\/email pr\u00f3prio?<\/div>\n<p>&nbsp;<\/p>\n<div><\/div>\n<div><\/div>\n<div>Agora voc\u00ea pode ter seu site com seguran\u00e7a e padroniza\u00e7\u00e3o.<\/div>\n<p>&nbsp;<\/p>\n<div><\/div>\n<div><\/div>\n<div>Adquira hoje nossos planos de inclus\u00e3o digital.<\/div>\n<p>&nbsp;<\/p>\n<div><\/div>\n<div><\/div>\n<div>\u00c9 muito importante que o seu Cart\u00f3rio possua um site com Dom\u00ednio e Emails pr\u00f3prios, destacando-se nos servi\u00e7os em todo o Brasil e no Mundo.<br \/>\nVeja um de nossos associados: cartoriomurucupiconde.com.br<\/div>\n<p>&nbsp;<\/p>\n<div><\/div>\n<div><\/div>\n<div>Invista hoje em um dos Planos abaixo para o seu SUCESSO ser naturalmente, demonstrado aos seus Clientes. Seguran\u00e7a com Padroniza\u00e7\u00e3o Garantida!<br \/>\nFa\u00e7a parte das ades\u00f5es apoiada pelo CNR.<\/div>\n<p>&nbsp;<\/p>\n<div><\/div>\n<div><\/div>\n<div>\n<div><strong>Os pacotes ofertados s\u00e3o:<\/strong><\/div>\n<p>&nbsp;<\/p>\n<div><\/div>\n<div><em><strong>\uf0d8\u00a0Plano Alpha: R$ 58,00 mensais<\/strong><\/em><\/div>\n<p>&nbsp;<\/p>\n<div>* Webmail com 02 (duas) contas de<br \/>\nemail.<\/div>\n<div>* P\u00e1ginas Web 03 (tr\u00eas) para cada<br \/>\nAssociado (Servi\u00e7os\/Local\/Contato).<\/div>\n<div>* 03 (tr\u00eas) banner\u00b4s (slide show<br \/>\nna p\u00e1gina) com fotos do Cart\u00f3rio<br \/>\ne\/ou propagandas dos Patrocinadores.<\/div>\n<div><\/div>\n<div><\/div>\n<div>\uf0d8\u00a0<em><strong>Plano Beta: R$ 99,00 mensais<\/strong><\/em><\/div>\n<p>&nbsp;<\/p>\n<div>* Webmail com 04 (quatro) contas de email.<\/div>\n<div>* P\u00e1ginas Web 03 (tr\u00eas) para cada<br \/>\nAssociado (Servi\u00e7os\/Local\/Contato).<\/div>\n<div>* Direito de 01 (uma) mala direta<br \/>\npara at\u00e9 3.000 clientes com relat\u00f3rio<br \/>\nde acompanhamento.<\/div>\n<div>* 03 (tr\u00eas) banner\u00b4s (slide show na<br \/>\np\u00e1gina) com fotos do Cart\u00f3rio e\/ou<br \/>\npropagandas dos Patrocinadores.<\/div>\n<div><\/div>\n<div><\/div>\n<div>\uf0d8<em><strong>\u00a0Plano Gama: R$ 132,00 mensais<\/strong><\/em><\/div>\n<p>&nbsp;<\/p>\n<div>* Webmail com 06 (seis) contas de email.<\/div>\n<div>* P\u00e1ginas Web 05 (cinco) para cada<br \/>\nAssociado (Servi\u00e7os\/Local\/Contato).<\/div>\n<div>* Direito de 01 (uma) mala direta<br \/>\npara at\u00e9 5.000 clientes com relat\u00f3rio<br \/>\nde acompanhamento.<\/div>\n<div>* 03 (tr\u00eas) banner\u00b4s (slide show na<br \/>\np\u00e1gina) com fotos do Cart\u00f3rio e\/ou<br \/>\npropagandas dos Patrocinadores.<\/div>\n<div><\/div>\n<div><\/div>\n<div>FA\u00c7A PARTE DA PLATAFORMA DA NUVDOC!<\/div>\n<p>&nbsp;<\/p>\n<div><\/div>\n<div><strong>\u00a0<\/strong><\/div>\n<div><strong>Entre em contato!<\/strong><\/div>\n<div><strong>Fone: (47) 3019 0955 (Nuvdoc)<\/strong><\/div>\n<div><strong>Cel.: (47) 99653 4948 (Agnaldo) WhatsApp<\/strong><\/div>\n<div><strong>Cel.: (11) 95358 3972 (Paulo) WhatsApp<\/strong><\/div>\n<div><strong>Ades\u00e3o: <a href=\"https:\/\/www.nuvdoc.com.br\/planos\">https:\/\/www.nuvdoc.com.br\/planos<\/a>\u00a0<\/strong><br \/>\n<strong> site: www.nuvdoc.com<\/strong><\/div>\n<\/div>\n","protected":false},"excerpt":{"rendered":"<p>A NUVDOC oferece solu\u00e7\u00e3o de comunica\u00e7\u00e3o em multicanais para os seus neg\u00f3cios. &nbsp; Nossa plataforma integra v\u00e1rias tecnologias para melhorar o envio de sua comunica\u00e7\u00e3o com acompanhamento dos status dos seus E-MAIL(s), SMS(s), PushNotication. Seu Cart\u00f3rio n\u00e3o tem site\/email pr\u00f3prio? &nbsp; Agora voc\u00ea pode ter seu site com seguran\u00e7a e padroniza\u00e7\u00e3o. &nbsp; Adquira hoje nossos&#8230;<\/p>\n","protected":false},"author":1,"featured_media":0,"parent":0,"menu_order":0,"comment_status":"closed","ping_status":"closed","template":"","meta":{"_exactmetrics_skip_tracking":false,"_exactmetrics_sitenote_active":false,"_exactmetrics_sitenote_note":"","_exactmetrics_sitenote_category":0,"footnotes":""},"class_list":["post-2722","page","type-page","status-publish","hentry"],"_links":{"self":[{"href":"https:\/\/cnr.org.br\/site\/wp-json\/wp\/v2\/pages\/2722"}],"collection":[{"href":"https:\/\/cnr.org.br\/site\/wp-json\/wp\/v2\/pages"}],"about":[{"href":"https:\/\/cnr.org.br\/site\/wp-json\/wp\/v2\/types\/page"}],"author":[{"embeddable":true,"href":"https:\/\/cnr.org.br\/site\/wp-json\/wp\/v2\/users\/1"}],"replies":[{"embeddable":true,"href":"https:\/\/cnr.org.br\/site\/wp-json\/wp\/v2\/comments?post=2722"}],"version-history":[{"count":8,"href":"https:\/\/cnr.org.br\/site\/wp-json\/wp\/v2\/pages\/2722\/revisions"}],"predecessor-version":[{"id":3180,"href":"https:\/\/cnr.org.br\/site\/wp-json\/wp\/v2\/pages\/2722\/revisions\/3180"}],"wp:attachment":[{"href":"https:\/\/cnr.org.br\/site\/wp-json\/wp\/v2\/media?parent=2722"}],"curies":[{"name":"wp","href":"https:\/\/api.w.org\/{rel}","templated":true}]}}