{"id":3134,"date":"2018-02-09T16:57:57","date_gmt":"2018-02-09T16:57:57","guid":{"rendered":"https:\/\/cnr.org.br\/site\/?page_id=3134"},"modified":"2018-02-14T18:25:43","modified_gmt":"2018-02-14T18:25:43","slug":"grafica-parceira","status":"publish","type":"page","link":"https:\/\/cnr.org.br\/site\/grafica-parceira\/","title":{"rendered":"GR\u00c1FICA PARCEIRA"},"content":{"rendered":"<p>GR\u00c1FICA PARCEIRA<br \/>\nEmpresa especializada em E-commerce, voltada ao fornecimento de solu\u00e7\u00f5es gr\u00e1ficas, atendendo o segmento de Cart\u00f3rios e Empresas Privadas dos diversos setores brasileiros.<br \/>\nUsamos tecnologia em cloud computing para que a rapidez e a qualidade fa\u00e7a parte do atendimento aos nossos Clientes.<\/p>\n<p>Pre\u00e7o justo, prazos reduzidos e qualidade garantida em nossos produtos e servi\u00e7os.<\/p>\n<p>Localizada em Blumenau-SC, possui parceiros homologados para quaisquer necessidades dos nossos Parceiros em S\u00e3o Paulo e Goi\u00e1s.<\/p>\n<p>Seja bem vindo ao mundo gr\u00e1fico.<br \/>\nEndere\u00e7o do site:\u00a0 <a href=\"http:\/\/www.graficaparceira.com.br\">www.graficaparceira.com.br<\/a><\/p>\n<p><strong>Antes de finalizar a compra, preencha no campo &#8220;Cupom Promocional&#8221; o c\u00f3digo\u00a0CNR992018 e ganhe 10% de desconto.<\/strong><\/p>\n<p>&nbsp;<\/p>\n","protected":false},"excerpt":{"rendered":"<p>GR\u00c1FICA PARCEIRA Empresa especializada em E-commerce, voltada ao fornecimento de solu\u00e7\u00f5es gr\u00e1ficas, atendendo o segmento de Cart\u00f3rios e Empresas Privadas dos diversos setores brasileiros. Usamos tecnologia em cloud computing para que a rapidez e a qualidade fa\u00e7a parte do atendimento aos nossos Clientes. Pre\u00e7o justo, prazos reduzidos e qualidade garantida em nossos produtos e servi\u00e7os&#8230;.<\/p>\n","protected":false},"author":1,"featured_media":0,"parent":0,"menu_order":0,"comment_status":"closed","ping_status":"closed","template":"","meta":{"_exactmetrics_skip_tracking":false,"_exactmetrics_sitenote_active":false,"_exactmetrics_sitenote_note":"","_exactmetrics_sitenote_category":0,"footnotes":""},"class_list":["post-3134","page","type-page","status-publish","hentry"],"_links":{"self":[{"href":"https:\/\/cnr.org.br\/site\/wp-json\/wp\/v2\/pages\/3134"}],"collection":[{"href":"https:\/\/cnr.org.br\/site\/wp-json\/wp\/v2\/pages"}],"about":[{"href":"https:\/\/cnr.org.br\/site\/wp-json\/wp\/v2\/types\/page"}],"author":[{"embeddable":true,"href":"https:\/\/cnr.org.br\/site\/wp-json\/wp\/v2\/users\/1"}],"replies":[{"embeddable":true,"href":"https:\/\/cnr.org.br\/site\/wp-json\/wp\/v2\/comments?post=3134"}],"version-history":[{"count":7,"href":"https:\/\/cnr.org.br\/site\/wp-json\/wp\/v2\/pages\/3134\/revisions"}],"predecessor-version":[{"id":3187,"href":"https:\/\/cnr.org.br\/site\/wp-json\/wp\/v2\/pages\/3134\/revisions\/3187"}],"wp:attachment":[{"href":"https:\/\/cnr.org.br\/site\/wp-json\/wp\/v2\/media?parent=3134"}],"curies":[{"name":"wp","href":"https:\/\/api.w.org\/{rel}","templated":true}]}}