{"id":3181,"date":"2018-02-14T18:16:45","date_gmt":"2018-02-14T18:16:45","guid":{"rendered":"https:\/\/cnr.org.br\/site\/?page_id=3181"},"modified":"2018-02-14T18:16:45","modified_gmt":"2018-02-14T18:16:45","slug":"philco","status":"publish","type":"page","link":"https:\/\/cnr.org.br\/site\/philco\/","title":{"rendered":"Philco"},"content":{"rendered":"<p><strong>Philco<\/strong><\/p>\n<p>Compre eletrodom\u00e9sticos com at\u00e9 30% de desconto! Utilize a senha<\/p>\n<p>Falar da Philco \u00e9 falar de mais de um s\u00e9culo de hist\u00f3ria ao redor do mundo. Famosa pela qualidade de seus televisores e por ser pioneira no lan\u00e7amento de produtos como a TV com videocassete.<\/p>\n<p>A Philco, reconhecida pela alta durabilidade de seus eletroeletr\u00f4nicos, oferece descontos em todos os seus 150 produtos nas linha \u00e1udio e v\u00eddeo, casa, climatiza\u00e7\u00e3o, cozinha, cuidados pessoais, linha branca, tablets e notebooks. Conhe\u00e7a o novo canal de venda direto da f\u00e1brica, um benef\u00edcio exclusivo que at\u00e9 ent\u00e3o s\u00f3 os funcion\u00e1rios da Philco tinham acesso.<\/p>\n<p>Um portf\u00f3lio completo de produtos com tecnologia, qualidade e design sem igual. Tem coisas que s\u00f3 a Philco faz pra voc\u00ea.<\/p>\n<p>&nbsp;<\/p>\n<p><strong>Valores e Descontos<\/strong><\/p>\n<p>Para ter acesso ao desconto, acesse o site: <a href=\"http:\/\/www.philcoparcerias.com.br\/cnr\"><strong>www.philcoparcerias.com.br\/cnr<\/strong><\/a>, digite seu e-mail e o c\u00f3digo de parceria\u00a0<strong>vipCNR<\/strong>.<\/p>\n<p>S\u00f3 \u00e9 necess\u00e1rio inserir o c\u00f3digo em seu primeiro acesso.<\/p>\n","protected":false},"excerpt":{"rendered":"<p>Philco Compre eletrodom\u00e9sticos com at\u00e9 30% de desconto! Utilize a senha Falar da Philco \u00e9 falar de mais de um s\u00e9culo de hist\u00f3ria ao redor do mundo. Famosa pela qualidade de seus televisores e por ser pioneira no lan\u00e7amento de produtos como a TV com videocassete. A Philco, reconhecida pela alta durabilidade de seus eletroeletr\u00f4nicos,&#8230;<\/p>\n","protected":false},"author":1,"featured_media":0,"parent":0,"menu_order":0,"comment_status":"closed","ping_status":"closed","template":"","meta":{"_exactmetrics_skip_tracking":false,"_exactmetrics_sitenote_active":false,"_exactmetrics_sitenote_note":"","_exactmetrics_sitenote_category":0,"footnotes":""},"class_list":["post-3181","page","type-page","status-publish","hentry"],"_links":{"self":[{"href":"https:\/\/cnr.org.br\/site\/wp-json\/wp\/v2\/pages\/3181"}],"collection":[{"href":"https:\/\/cnr.org.br\/site\/wp-json\/wp\/v2\/pages"}],"about":[{"href":"https:\/\/cnr.org.br\/site\/wp-json\/wp\/v2\/types\/page"}],"author":[{"embeddable":true,"href":"https:\/\/cnr.org.br\/site\/wp-json\/wp\/v2\/users\/1"}],"replies":[{"embeddable":true,"href":"https:\/\/cnr.org.br\/site\/wp-json\/wp\/v2\/comments?post=3181"}],"version-history":[{"count":1,"href":"https:\/\/cnr.org.br\/site\/wp-json\/wp\/v2\/pages\/3181\/revisions"}],"predecessor-version":[{"id":3182,"href":"https:\/\/cnr.org.br\/site\/wp-json\/wp\/v2\/pages\/3181\/revisions\/3182"}],"wp:attachment":[{"href":"https:\/\/cnr.org.br\/site\/wp-json\/wp\/v2\/media?parent=3181"}],"curies":[{"name":"wp","href":"https:\/\/api.w.org\/{rel}","templated":true}]}}