{"id":3183,"date":"2018-02-14T18:18:59","date_gmt":"2018-02-14T18:18:59","guid":{"rendered":"https:\/\/cnr.org.br\/site\/?page_id=3183"},"modified":"2018-02-14T18:18:59","modified_gmt":"2018-02-14T18:18:59","slug":"britania","status":"publish","type":"page","link":"https:\/\/cnr.org.br\/site\/britania\/","title":{"rendered":"Brit\u00e2nia"},"content":{"rendered":"<p><strong>Brit\u00e2nia<\/strong><\/p>\n<p>Eletroport\u00e1teis com at\u00e9 30% de desconto!<\/p>\n<p>Com mais de 50 anos de atua\u00e7\u00e3o no Brasil e uma das principais marcas de eletroport\u00e1teis do pa\u00eds, a Brit\u00e2nia oferece um mix de 230 produtos em sua loja online. Conhe\u00e7a o novo canal de venda direto da f\u00e1brica, com at\u00e9 30% de desconto, um benef\u00edcio exclusivo que at\u00e9 ent\u00e3o s\u00f3 os funcion\u00e1rios da Brit\u00e2nia tinham acesso.<\/p>\n<p>&nbsp;<\/p>\n<p>Para ter acesso ao desconto, acesse o site: <a href=\"http:\/\/www.britaniaparcerias.com.br\/cnr\"><strong>www.britaniaparcerias.com.br\/cnr<\/strong><\/a>, digite seu e-mail e o c\u00f3digo de parceria\u00a0<strong>vipCNR<\/strong>.<\/p>\n<p>S\u00f3 \u00e9 necess\u00e1rio inserir o c\u00f3digo em seu primeiro acesso.<\/p>\n<p><strong>\u00a0<\/strong><\/p>\n<p><strong>Valores e Descontos<\/strong><\/p>\n<p>Compre eletrodom\u00e9sticos com at\u00e9 30% de desconto! Utilize a senha<\/p>\n","protected":false},"excerpt":{"rendered":"<p>Brit\u00e2nia Eletroport\u00e1teis com at\u00e9 30% de desconto! Com mais de 50 anos de atua\u00e7\u00e3o no Brasil e uma das principais marcas de eletroport\u00e1teis do pa\u00eds, a Brit\u00e2nia oferece um mix de 230 produtos em sua loja online. Conhe\u00e7a o novo canal de venda direto da f\u00e1brica, com at\u00e9 30% de desconto, um benef\u00edcio exclusivo que&#8230;<\/p>\n","protected":false},"author":1,"featured_media":0,"parent":0,"menu_order":0,"comment_status":"closed","ping_status":"closed","template":"","meta":{"_exactmetrics_skip_tracking":false,"_exactmetrics_sitenote_active":false,"_exactmetrics_sitenote_note":"","_exactmetrics_sitenote_category":0,"footnotes":""},"class_list":["post-3183","page","type-page","status-publish","hentry"],"_links":{"self":[{"href":"https:\/\/cnr.org.br\/site\/wp-json\/wp\/v2\/pages\/3183"}],"collection":[{"href":"https:\/\/cnr.org.br\/site\/wp-json\/wp\/v2\/pages"}],"about":[{"href":"https:\/\/cnr.org.br\/site\/wp-json\/wp\/v2\/types\/page"}],"author":[{"embeddable":true,"href":"https:\/\/cnr.org.br\/site\/wp-json\/wp\/v2\/users\/1"}],"replies":[{"embeddable":true,"href":"https:\/\/cnr.org.br\/site\/wp-json\/wp\/v2\/comments?post=3183"}],"version-history":[{"count":1,"href":"https:\/\/cnr.org.br\/site\/wp-json\/wp\/v2\/pages\/3183\/revisions"}],"predecessor-version":[{"id":3185,"href":"https:\/\/cnr.org.br\/site\/wp-json\/wp\/v2\/pages\/3183\/revisions\/3185"}],"wp:attachment":[{"href":"https:\/\/cnr.org.br\/site\/wp-json\/wp\/v2\/media?parent=3183"}],"curies":[{"name":"wp","href":"https:\/\/api.w.org\/{rel}","templated":true}]}}