{"id":629,"date":"2014-09-27T15:15:03","date_gmt":"2014-09-27T15:15:03","guid":{"rendered":"http:\/\/demo.betterstudio.com\/better-mag-demo-content\/?page_id=629"},"modified":"2019-07-17T13:44:17","modified_gmt":"2019-07-17T16:44:17","slug":"contato","status":"publish","type":"page","link":"https:\/\/cnr.org.br\/site\/contato\/","title":{"rendered":"Contato"},"content":{"rendered":"<p><iframe loading=\"lazy\" style=\"border: 0;\" src=\"https:\/\/www.google.com\/maps\/embed?pb=!1m18!1m12!1m3!1d7678.378487620629!2d-47.88746827780537!3d-15.793972356205904!2m3!1f0!2f0!3f0!3m2!1i1024!2i768!4f13.1!3m3!1m2!1s0x935a3ae74fb03dab%3A0x3ae8a2ce825793cc!2sAssocia%C3%A7%C3%A3o+dos+Notarios+Regionais+Brasil-ANOREG!5e0!3m2!1spt-BR!2sus!4v1484283125506\" width=\"800\" height=\"200\" frameborder=\"0\" allowfullscreen=\"allowfullscreen\"><\/iframe><\/p>\n<p><strong>CNR &#8211; Confedera\u00e7\u00e3o Nacional de Notariados e Registradores<\/strong><\/p>\n<p><strong>Endere\u00e7o:\u00a0<\/strong><span class=\"s1\">SRTVS Quadra 701, Lote 05, Bloco A, Sala 222\/228 &#8211;\u00a0<\/span><span class=\"s2\">Centro Empresarial Bras\u00edlia<\/span><\/p>\n<p><span class=\"s2\">CEP: 70340-907 \u2013 Bras\u00edlia\/DF<\/span><\/p>\n<p><strong>Tel.:<\/strong>\u00a0(61) 3963-1555<\/p>\n","protected":false},"excerpt":{"rendered":"<p>CNR &#8211; Confedera\u00e7\u00e3o Nacional de Notariados e Registradores Endere\u00e7o:\u00a0SRTVS Quadra 701, Lote 05, Bloco A, Sala 222\/228 &#8211;\u00a0Centro Empresarial Bras\u00edlia CEP: 70340-907 \u2013 Bras\u00edlia\/DF Tel.:\u00a0(61) 3963-1555<\/p>\n","protected":false},"author":1,"featured_media":0,"parent":0,"menu_order":0,"comment_status":"closed","ping_status":"open","template":"","meta":{"_exactmetrics_skip_tracking":false,"_exactmetrics_sitenote_active":false,"_exactmetrics_sitenote_note":"","_exactmetrics_sitenote_category":0,"footnotes":""},"class_list":["post-629","page","type-page","status-publish","hentry"],"_links":{"self":[{"href":"https:\/\/cnr.org.br\/site\/wp-json\/wp\/v2\/pages\/629"}],"collection":[{"href":"https:\/\/cnr.org.br\/site\/wp-json\/wp\/v2\/pages"}],"about":[{"href":"https:\/\/cnr.org.br\/site\/wp-json\/wp\/v2\/types\/page"}],"author":[{"embeddable":true,"href":"https:\/\/cnr.org.br\/site\/wp-json\/wp\/v2\/users\/1"}],"replies":[{"embeddable":true,"href":"https:\/\/cnr.org.br\/site\/wp-json\/wp\/v2\/comments?post=629"}],"version-history":[{"count":12,"href":"https:\/\/cnr.org.br\/site\/wp-json\/wp\/v2\/pages\/629\/revisions"}],"predecessor-version":[{"id":9105,"href":"https:\/\/cnr.org.br\/site\/wp-json\/wp\/v2\/pages\/629\/revisions\/9105"}],"wp:attachment":[{"href":"https:\/\/cnr.org.br\/site\/wp-json\/wp\/v2\/media?parent=629"}],"curies":[{"name":"wp","href":"https:\/\/api.w.org\/{rel}","templated":true}]}}