{"id":697,"date":"2016-11-14T05:13:02","date_gmt":"2016-11-14T05:13:02","guid":{"rendered":"http:\/\/192.99.62.26\/~luuwnjbx\/cnr\/?p=697"},"modified":"2023-06-16T11:31:19","modified_gmt":"2023-06-16T14:31:19","slug":"diretoria","status":"publish","type":"page","link":"https:\/\/cnr.org.br\/site\/diretoria\/","title":{"rendered":"Diretoria"},"content":{"rendered":"<p>[vc_row][vc_column][vc_tta_tour][vc_tta_section title=&#8221;PRESIDENTE&#8221; tab_id=&#8221;1658423802545-638e2552-1654&#8243;][vc_column_text]<\/p>\n<p style=\"text-align: center;\"><strong>Rog\u00e9rio Portugal Bacellar<\/strong><\/p>\n<p>[\/vc_column_text][\/vc_tta_section][vc_tta_section title=&#8221;VICES PRESIDENTES EXECUTIVOS&#8221; tab_id=&#8221;1658423802545-465fd41f-a8e6&#8243;][vc_column_text]<\/p>\n<p class=\"v1v1MsoNormal\" style=\"text-align: center;\"><strong>Cl\u00e1udio Mar\u00e7al Freire \/ SP<\/strong><\/p>\n<p class=\"v1v1MsoNormal\" style=\"text-align: center;\"><strong>Jos\u00e9 Marcelo de Castro Lima Filho \/ AM<\/strong><\/p>\n<p class=\"v1v1MsoNormal\" style=\"text-align: center;\"><strong>Maur\u00edcio Leonardo \/ MG<\/strong><\/p>\n<p>[\/vc_column_text][\/vc_tta_section][vc_tta_section title=&#8221;VICES PRESIDENTES&#8221; tab_id=&#8221;1658423978910-e0a1d04a-e857&#8243;][vc_column_text]<\/p>\n<p style=\"text-align: center;\"><strong>Germano Carvalho Toscano de Brito \/ PB<\/strong><\/p>\n<p style=\"text-align: center;\">\n<strong>Gl\u00f3ria Alice Ferreira Bertoli \/ MT<\/strong><\/p>\n<p style=\"text-align: center;\">\n<strong>Hamilton Lima Barros \/ RJ<\/strong><\/p>\n<p style=\"text-align: center;\">\n<strong>Igor Fran\u00e7a Guedes \/ GO<\/strong><\/p>\n<p style=\"text-align: center;\">\n<strong>Jordan Fabricio Martins \/ SC<\/strong><\/p>\n<p style=\"text-align: center;\">\n<strong>Rainey Alves Marinho \/ AL<\/strong><\/p>\n<p style=\"text-align: center;\">\n<strong>Renaldo Andrade Bussi\u00e8re \/ RJ<\/strong><\/p>\n<p style=\"text-align: center;\">\n<strong>Ricardo de Vasconcelos Martins \/ AC<\/strong><\/p>\n<p style=\"text-align: center;\">\n<strong>S\u00e9rgio Afonso\u00a0Manica\u00a0\/\u00a0RS<\/strong><\/p>\n<p>[\/vc_column_text][\/vc_tta_section][vc_tta_section title=&#8221;SECRET\u00c1RIO GERAL&#8221; tab_id=&#8221;1658424102046-db051505-2565&#8243;][vc_column_text]<\/p>\n<p class=\"v1v1MsoNormal\" style=\"text-align: center;\"><strong>Emival Moreira Ara\u00fajo \/ DF<\/strong><\/p>\n<p>[\/vc_column_text][\/vc_tta_section][vc_tta_section title=&#8221;SECRET\u00c1RIO ADJUNTO&#8221; tab_id=&#8221;1658424166931-f7660cb3-6555&#8243;][vc_column_text]<\/p>\n<p class=\"v1v1MsoNormal\" style=\"text-align: center;\"><strong>Jo\u00e3o Norberto Fran\u00e7a Gomes \/PR<\/strong><\/p>\n<p class=\"v1v1MsoNormal\" style=\"text-align: center;\">\n<p>[\/vc_column_text][\/vc_tta_section][vc_tta_section title=&#8221;TESOUREIRO&#8221; tab_id=&#8221;1658424275427-118f3e6d-dac0&#8243;][vc_column_text]<\/p>\n<p class=\"v1v1MsoNormal\" style=\"text-align: center;\"><strong>Mc Arthur Di Andrade Camargo \/ DF<\/strong><\/p>\n<p>[\/vc_column_text][\/vc_tta_section][vc_tta_section title=&#8221;TESOUREIRO ADJUNTO&#8221; tab_id=&#8221;1658424345318-f8385f3a-2c3a&#8221;][vc_column_text]<\/p>\n<p class=\"v1v1MsoNormal\" style=\"text-align: center;\"><strong>Jos\u00e9 Augusto Alves Pinto \/ PR<\/strong><\/p>\n<p>[\/vc_column_text][\/vc_tta_section][vc_tta_section title=&#8221;CONSELHO FISCAL&#8221; tab_id=&#8221;1658424392680-88ed7aac-8a4e&#8221;][vc_column_text]<\/p>\n<p style=\"text-align: center;\">\n<p style=\"text-align: center;\">\n<p class=\"v1v1MsoNormal\" style=\"text-align: center;\"><strong>Luiz Gustavo Le\u00e3o Ribeiro \/ DF<\/strong><\/p>\n<p class=\"v1v1MsoNormal\" style=\"text-align: center;\"><strong>Oscar Paes de Almeida Filho \/ SP<\/strong><\/p>\n<p class=\"v1v1MsoNormal\" style=\"text-align: center;\"><strong>Ricardo Augusto Le\u00e3o \/ PR<\/strong><\/p>\n<p class=\"v1v1MsoNormal\" style=\"text-align: center;\"><strong>\u00a0<\/strong><\/p>\n<p>[\/vc_column_text][\/vc_tta_section][vc_tta_section title=&#8221;CONSELHO FISCAL SUPLENTE&#8221; tab_id=&#8221;1658424435081-82cd767d-b3be&#8221;][vc_column_text]<\/p>\n<p class=\"v1v1MsoNormal\" style=\"text-align: center;\"><strong>Gustavo Sebasti\u00e3o Lessa Rafare \/ RJ<\/strong><\/p>\n<p class=\"v1v1MsoNormal\" style=\"text-align: center;\"><strong>Carlos Fernando Reis \/ RS<\/strong><\/p>\n<p class=\"v1v1MsoNormal\" style=\"text-align: center;\"><strong>Robert Jonczyk \/ PR<\/strong><\/p>\n<p>[\/vc_column_text][\/vc_tta_section][vc_tta_section title=&#8221;DIRETORES&#8221; tab_id=&#8221;1658424477965-ca0ba9cc-bbf2&#8243;][vc_column_text]<\/p>\n<p class=\"v1v1MsoNormal\" style=\"text-align: center;\"><strong>Acre\u00a0(AC) VAGO<\/strong><\/p>\n<p class=\"v1v1MsoNormal\" style=\"text-align: center;\"><strong>Alagoas (AL) Manoel Iran Vilar Malta\u00a0<\/strong><\/p>\n<p class=\"v1v1MsoNormal\" style=\"text-align: center;\"><strong>Amap\u00e1 (AP) Nino Jesus Aranha\u00a0Nunes<\/strong><\/p>\n<p class=\"v1v1MsoNormal\" style=\"text-align: center;\"><strong>Amazonas\u00a0(AM) Cloves Barbosa de Siqueira<\/strong><\/p>\n<p class=\"v1v1MsoNormal\" style=\"text-align: center;\"><strong>Bahia\u00a0(BA) Marli Pinto Trindade<\/strong><\/p>\n<p class=\"v1v1MsoNormal\" style=\"text-align: center;\"><strong>Cear\u00e1\u00a0(CE) D\u00eanis Anderson da Rocha Bezerra<\/strong><\/p>\n<p class=\"v1v1MsoNormal\" style=\"text-align: center;\"><strong>Distrito Federal (DF) Allan Nunes Guerra<\/strong><\/p>\n<p class=\"v1v1MsoNormal\" style=\"text-align: center;\"><strong>Esp\u00edrito Santo\u00a0(ES) Fernando Brand\u00e3o Coelho Vieira<\/strong><\/p>\n<p class=\"v1v1MsoNormal\" style=\"text-align: center;\"><strong>Goi\u00e1s\u00a0(GO) Marconi de Faria Castro<\/strong><\/p>\n<p class=\"v1v1MsoNormal\" style=\"text-align: center;\"><strong>Maranh\u00e3o\u00a0(MA) Jose Tadeu Cantu\u00e1ria de Azevedo<\/strong><\/p>\n<p class=\"v1v1MsoNormal\" style=\"text-align: center;\"><strong>Mato Grosso (MT) Maria Aparecida Bianchin Pacheco<\/strong><\/p>\n<p class=\"v1v1MsoNormal\" style=\"text-align: center;\"><strong>Mato Grosso do Sul\u00a0(MS) Juan Pablo\u00a0Correa Gossweiler<\/strong><\/p>\n<p class=\"v1v1MsoNormal\" style=\"text-align: center;\"><strong>Minas Gerais (MG) Francisco Jos\u00e9 Resende dos Santos<\/strong><\/p>\n<p class=\"v1v1MsoNormal\" style=\"text-align: center;\"><strong>Par\u00e1\u00a0(PA)\u00a0Nelcy Maranh\u00e3o Campos<\/strong><\/p>\n<p class=\"v1v1MsoNormal\" style=\"text-align: center;\"><strong>Para\u00edba (PB) Valber Azevedo de Miranda Cavalcanti<\/strong><\/p>\n<p class=\"v1v1MsoNormal\" style=\"text-align: center;\"><strong>Paran\u00e1\u00a0(PR) Ricardo Basto da Costa Coelho\u00a0<\/strong><\/p>\n<p class=\"v1v1MsoNormal\" style=\"text-align: center;\"><strong>Pernambuco (PE) Eva Ten\u00f3rio de Brito<\/strong><\/p>\n<p class=\"v1v1MsoNormal\" style=\"text-align: center;\"><strong>Piau\u00ed\u00a0(PI) Fernanda Maria Ribeiro Gon\u00e7alves de Sampaio<\/strong><\/p>\n<p class=\"v1v1MsoNormal\" style=\"text-align: center;\"><strong>Rio de Janeiro\u00a0(RJ) L\u00e9o Barros Almada<\/strong><\/p>\n<p class=\"v1v1MsoNormal\" style=\"text-align: center;\"><strong>Rio Grande do Norte\u00a0(RN) Airene Jos\u00e9 Amaral de Paiva<\/strong><\/p>\n<p class=\"v1v1MsoNormal\" style=\"text-align: center;\"><strong>Rio Grande do Sul\u00a0(RS) Edison Ferreira Espindola<\/strong><\/p>\n<p class=\"v1v1MsoNormal\" style=\"text-align: center;\"><strong>Rond\u00f4nia\u00a0(RO) Patr\u00edcia de F\u00e1tima Assis Barros<\/strong><\/p>\n<p class=\"v1v1MsoNormal\" style=\"text-align: center;\"><strong>Roraima\u00a0(RR) Daniel\u00a0Ant\u00f4nio de Aquino Neto<\/strong><\/p>\n<p class=\"v1v1MsoNormal\" style=\"text-align: center;\"><strong>Santa Catarina\u00a0(SC) Ot\u00e1vio Margarida<\/strong><\/p>\n<p class=\"v1v1MsoNormal\" style=\"text-align: center;\"><strong>S\u00e3o Paulo\u00a0(SP) Jos\u00e9 Emygdio de Carvalho Filho<\/strong><\/p>\n<p class=\"v1v1MsoNormal\" style=\"text-align: center;\"><strong>Sergipe\u00a0(SE) S\u00e9rgio Abi Saber Pedrosa por Estelita Nunes de Oliveira<\/strong><\/p>\n<p class=\"v1v1MsoNormal\" style=\"text-align: center;\"><strong>Tocantins (TO) Emanuel Acaiaba Reis de Sousa<\/strong><\/p>\n<p>[\/vc_column_text][\/vc_tta_section][vc_tta_section title=&#8221;DIRETORIA \u2013 ESPECIALIDADES&#8221; tab_id=&#8221;1658424526765-c68e5d8a-beeb&#8221;][vc_column_text]<\/p>\n<p class=\"v1v1MsoNormal\" style=\"text-align: center;\"><strong>Diretor de Notas: Giselle Dias Rodrigues Oliveira de Barros<\/strong><\/p>\n<p class=\"v1v1MsoNormal\" style=\"text-align: center;\"><strong>Diretor de Protestos de T\u00edtulos:\u00a0 Renaldo\u00a0Andrade\u00a0Bussi\u00e8re<\/strong><\/p>\n<p class=\"v1v1MsoNormal\" style=\"text-align: center;\"><strong>Diretor de Registro de Im\u00f3veis: Patr\u00edcia Andr\u00e9 de Camargo Ferraz<\/strong><\/p>\n<p class=\"v1v1MsoNormal\" style=\"text-align: center;\"><strong>Diretor de RTD e Reg. Civil de Pessoas Jur\u00eddicas: Carlos Alberto Chermont<\/strong><\/p>\n<p class=\"v1v1MsoNormal\" style=\"text-align: center;\"><strong>Diretor de Reg. Civil de Pes. Naturais, de Interdi\u00e7\u00f5es e Tutelas: Devanir Garcia<\/strong><\/p>\n<p class=\"v1v1MsoNormal\" style=\"text-align: center;\"><strong>Diretor de Distribui\u00e7\u00e3o: Jos\u00e9 Borges da Cruz<\/strong><\/p>\n<p class=\"v1v1MsoNormal\" style=\"text-align: center;\"><strong>Diretor de Preserva\u00e7\u00e3o Hist\u00f3rica: Gilson Santana<\/strong><\/p>\n<p>[\/vc_column_text][\/vc_tta_section][vc_tta_section title=&#8221;DIRETORES INSTITUCIONAIS&#8221; tab_id=&#8221;1658424572955-5356aa2c-6d55&#8243;][vc_column_text]<\/p>\n<p class=\"v1v1MsoNormal\" style=\"text-align: center;\"><strong>Adla Maria Nacli<\/strong><\/p>\n<p class=\"v1v1MsoNormal\" style=\"text-align: center;\"><strong>Alex Silveira Canziani<\/strong><\/p>\n<p class=\"v1v1MsoNormal\" style=\"text-align: center;\"><strong>Carlos Pomagerski<\/strong><\/p>\n<p class=\"v1v1MsoNormal\" style=\"text-align: center;\"><strong>Christiano Cassettari<\/strong><\/p>\n<p class=\"v1v1MsoNormal\" style=\"text-align: center;\"><strong>Cristiana Carlos Do Amaral Cant\u00eddio<\/strong><\/p>\n<p class=\"v1v1MsoNormal\" style=\"text-align: center;\"><strong>Gisselau Rog\u00e9rio Fernandes<\/strong><\/p>\n<p class=\"v1v1MsoNormal\" style=\"text-align: center;\"><strong>Jordan Fabricio Martins<\/strong><\/p>\n<p style=\"text-align: center;\"><strong>Moema Locatelli Belluzzo<\/strong><\/p>\n<p>[\/vc_column_text][\/vc_tta_section][\/vc_tta_tour][\/vc_column][\/vc_row]<\/p>\n","protected":false},"excerpt":{"rendered":"<p>[vc_row][vc_column][vc_tta_tour][vc_tta_section title=&#8221;PRESIDENTE&#8221; tab_id=&#8221;1658423802545-638e2552-1654&#8243;][vc_column_text] Rog\u00e9rio Portugal Bacellar [\/vc_column_text][\/vc_tta_section][vc_tta_section title=&#8221;VICES PRESIDENTES EXECUTIVOS&#8221; tab_id=&#8221;1658423802545-465fd41f-a8e6&#8243;][vc_column_text] Cl\u00e1udio Mar\u00e7al Freire \/ SP Jos\u00e9 Marcelo de Castro Lima Filho \/ AM Maur\u00edcio Leonardo \/ MG [\/vc_column_text][\/vc_tta_section][vc_tta_section title=&#8221;VICES PRESIDENTES&#8221; tab_id=&#8221;1658423978910-e0a1d04a-e857&#8243;][vc_column_text] Germano Carvalho Toscano de Brito \/ PB Gl\u00f3ria Alice Ferreira Bertoli \/ MT Hamilton Lima Barros \/ RJ Igor Fran\u00e7a Guedes \/ GO&#8230;<\/p>\n","protected":false},"author":1,"featured_media":0,"parent":0,"menu_order":0,"comment_status":"closed","ping_status":"open","template":"","meta":{"_exactmetrics_skip_tracking":false,"_exactmetrics_sitenote_active":false,"_exactmetrics_sitenote_note":"","_exactmetrics_sitenote_category":0,"footnotes":""},"class_list":["post-697","page","type-page","status-publish","hentry"],"_links":{"self":[{"href":"https:\/\/cnr.org.br\/site\/wp-json\/wp\/v2\/pages\/697"}],"collection":[{"href":"https:\/\/cnr.org.br\/site\/wp-json\/wp\/v2\/pages"}],"about":[{"href":"https:\/\/cnr.org.br\/site\/wp-json\/wp\/v2\/types\/page"}],"author":[{"embeddable":true,"href":"https:\/\/cnr.org.br\/site\/wp-json\/wp\/v2\/users\/1"}],"replies":[{"embeddable":true,"href":"https:\/\/cnr.org.br\/site\/wp-json\/wp\/v2\/comments?post=697"}],"version-history":[{"count":9,"href":"https:\/\/cnr.org.br\/site\/wp-json\/wp\/v2\/pages\/697\/revisions"}],"predecessor-version":[{"id":85799,"href":"https:\/\/cnr.org.br\/site\/wp-json\/wp\/v2\/pages\/697\/revisions\/85799"}],"wp:attachment":[{"href":"https:\/\/cnr.org.br\/site\/wp-json\/wp\/v2\/media?parent=697"}],"curies":[{"name":"wp","href":"https:\/\/api.w.org\/{rel}","templated":true}]}}