{"id":705,"date":"2016-11-14T05:16:18","date_gmt":"2016-11-14T05:16:18","guid":{"rendered":"http:\/\/192.99.62.26\/~luuwnjbx\/cnr\/?p=705"},"modified":"2023-06-22T10:46:25","modified_gmt":"2023-06-22T13:46:25","slug":"entidades-filiadas","status":"publish","type":"page","link":"https:\/\/cnr.org.br\/site\/entidades-filiadas\/","title":{"rendered":"Entidades Filiadas"},"content":{"rendered":"<p>[vc_row][vc_column][vc_column_text]<strong>FEBRANOR \u2013 FEDERA\u00c7\u00c3O BRASILEIRA DE NOT\u00c1RIOS E REGISTRADORES<\/strong><br \/>\nPresidente: ROG\u00c9RIO PORTUGAL BACELLAR<br \/>\nTelefone: (61) 3201-1172 \/ (61) 3963-1555<\/p>\n<p><strong>FINNOTAR \u2013 FEDERA\u00c7\u00c3O INTERESTADUAL DOS NOT\u00c1RIOS E REGISTRADORES DOS ESTADOS DE ALAGOAS, AMAZONAS, CEAR\u00c1, MATO<\/strong> <strong>GROSSO E MATO GROSSO DO SUL<\/strong><br \/>\nPresidente: JOSE MARCELO DE CASTRO LIMA FILHO<br \/>\nTelefone: (61) 3201-1172<\/p>\n<p><strong>FINORSC &#8211; FEDERA\u00c7\u00c3O INTERESTADUAL DOS NOT\u00c1RIOS E REGISTRADORES DO SUDESTE E CENTRO OESTE<\/strong><br \/>\nPresidente: Renaldo Andrade\u00a0Bussi\u00e8re<br \/>\nTelefone: (61) 3201-1172[\/vc_column_text][\/vc_column][\/vc_row]<\/p>\n","protected":false},"excerpt":{"rendered":"<p>[vc_row][vc_column][vc_column_text]FEBRANOR \u2013 FEDERA\u00c7\u00c3O BRASILEIRA DE NOT\u00c1RIOS E REGISTRADORES Presidente: ROG\u00c9RIO PORTUGAL BACELLAR Telefone: (61) 3201-1172 \/ (61) 3963-1555 FINNOTAR \u2013 FEDERA\u00c7\u00c3O INTERESTADUAL DOS NOT\u00c1RIOS E REGISTRADORES DOS ESTADOS DE ALAGOAS, AMAZONAS, CEAR\u00c1, MATO GROSSO E MATO GROSSO DO SUL Presidente: JOSE MARCELO DE CASTRO LIMA FILHO Telefone: (61) 3201-1172 FINORSC &#8211; FEDERA\u00c7\u00c3O INTERESTADUAL DOS NOT\u00c1RIOS&#8230;<\/p>\n","protected":false},"author":1,"featured_media":0,"parent":0,"menu_order":0,"comment_status":"open","ping_status":"open","template":"","meta":{"_exactmetrics_skip_tracking":false,"_exactmetrics_sitenote_active":false,"_exactmetrics_sitenote_note":"","_exactmetrics_sitenote_category":0,"footnotes":""},"class_list":["post-705","page","type-page","status-publish","hentry"],"_links":{"self":[{"href":"https:\/\/cnr.org.br\/site\/wp-json\/wp\/v2\/pages\/705"}],"collection":[{"href":"https:\/\/cnr.org.br\/site\/wp-json\/wp\/v2\/pages"}],"about":[{"href":"https:\/\/cnr.org.br\/site\/wp-json\/wp\/v2\/types\/page"}],"author":[{"embeddable":true,"href":"https:\/\/cnr.org.br\/site\/wp-json\/wp\/v2\/users\/1"}],"replies":[{"embeddable":true,"href":"https:\/\/cnr.org.br\/site\/wp-json\/wp\/v2\/comments?post=705"}],"version-history":[{"count":8,"href":"https:\/\/cnr.org.br\/site\/wp-json\/wp\/v2\/pages\/705\/revisions"}],"predecessor-version":[{"id":85824,"href":"https:\/\/cnr.org.br\/site\/wp-json\/wp\/v2\/pages\/705\/revisions\/85824"}],"wp:attachment":[{"href":"https:\/\/cnr.org.br\/site\/wp-json\/wp\/v2\/media?parent=705"}],"curies":[{"name":"wp","href":"https:\/\/api.w.org\/{rel}","templated":true}]}}