{"id":9475,"date":"2018-12-18T10:08:57","date_gmt":"2018-12-18T12:08:57","guid":{"rendered":"https:\/\/cnr.org.br\/site\/?page_id=9475"},"modified":"2024-04-15T10:48:38","modified_gmt":"2024-04-15T13:48:38","slug":"certificado-digital-2","status":"publish","type":"page","link":"https:\/\/cnr.org.br\/site\/certificado-digital-2\/","title":{"rendered":"Certificado Digital"},"content":{"rendered":"<p>[vc_row][vc_column][vc_column_text]<\/p>\n<h3 style=\"text-align: center;\">Certificados<\/h3>\n<p>[\/vc_column_text][vc_column_text]<\/p>\n<p style=\"text-align: justify;\">Somos Autoridade de Registro da Certificadora Certisign, l\u00edder da Am\u00e9rica Latina e\u00a0especialista em Identifica\u00e7\u00e3o Digital. Com mais de 1.800 Locais de Atendimento por todo o Brasil, ao longo dos seus 21 anos, j\u00e1 emitiu mais de\u00a010 milh\u00f5es de Certificados Digitais, possui em seu portf\u00f3lio de clientes as companhias mais representativas do Pa\u00eds e\u00a0est\u00e1 entre as empresas mais inovadoras do Brasil, de acordo com as pesquisas\u00a0&#8220;Inova\u00e7\u00e3o Brasil 2016&#8221;, da Strategy &amp; Consultoria Estrat\u00e9gica do Network PwC-, e\u00a0&#8220;50 Empresas Mais Inovadoras do Pa\u00eds&#8221;, da DOM StrategyPartners.<\/p>\n<h4 style=\"text-align: justify;\">O QUE \u00c9 O CERTIFICADO DIGITAL<\/h4>\n<p style=\"text-align: justify;\">O\u00a0Certificado Digital\u00a0\u00e9 a identidade digital da pessoa f\u00edsica e jur\u00eddica no meio eletr\u00f4nico. Ele garante\u00a0autenticidade, confidencialidade, integridade\u00a0e\u00a0n\u00e3o rep\u00fadio\u00a0nas opera\u00e7\u00f5es que s\u00e3o realizadas por meio dele, atribuindo validade jur\u00eddica.<\/p>\n<h4 style=\"text-align: justify;\">QUAIS S\u00c3O OS BENEF\u00cdCIOS DO CERTIFICADO DIGITAL?<\/h4>\n<p style=\"text-align: justify;\">Por identificar no meio eletr\u00f4nico, ele permite que diversos\u00a0servi\u00e7os\u00a0sejam\u00a0realizados sem a necessidade da presen\u00e7a f\u00edsica, o que significa:\u00a0agilidade\u00a0nos processos,\u00a0sustentabilidade\u00a0e\u00a0redu\u00e7\u00e3o de custos.<\/p>\n<p style=\"text-align: justify;\">ONDE EU POSSO ARMAZENAR O CERTIFICADO DIGITAL?<\/p>\n<h4 style=\"text-align: justify;\">EXISTEM 2 TIPOS DE CERTIFICADO DIGITAL:<\/h4>\n<p>[\/vc_column_text][vc_row_inner][vc_column_inner width=&#8221;1\/2&#8243;][vc_column_text]<strong>Certificado A1<\/strong>\u00a0&#8211; \u00e9 emitido e armazenado no\u00a0computador\u00a0ou no\u00a0dispositivo m\u00f3vel\u00a0(smartphone ou tablet). Tem validade de 1 ano.<\/p>\n<p><img loading=\"lazy\" decoding=\"async\" class=\"size-full wp-image-9476 aligncenter\" src=\"https:\/\/cnr.org.br\/site\/wp-content\/uploads\/2018\/12\/image001.png\" alt=\"\" width=\"143\" height=\"77\" \/>[\/vc_column_text][\/vc_column_inner][vc_column_inner width=&#8221;1\/2&#8243;][vc_column_text]<strong>Certificado A3<\/strong>\u00a0&#8211; \u00e9 emitido e armazenado na m\u00eddia criptogr\u00e1fica (Cart\u00e3o\u00a0ou\u00a0Token). Tem validade de 1 a 3 anos.<\/p>\n<p><img loading=\"lazy\" decoding=\"async\" class=\"size-full wp-image-9477 aligncenter\" src=\"https:\/\/cnr.org.br\/site\/wp-content\/uploads\/2018\/12\/image002.png\" alt=\"\" width=\"112\" height=\"71\" srcset=\"https:\/\/cnr.org.br\/site\/wp-content\/uploads\/2018\/12\/image002.png 112w, https:\/\/cnr.org.br\/site\/wp-content\/uploads\/2018\/12\/image002-110x71.png 110w\" sizes=\"(max-width: 112px) 100vw, 112px\" \/>[\/vc_column_text][\/vc_column_inner][\/vc_row_inner][vc_column_text]<\/p>\n<p style=\"text-align: justify;\"><strong>Aten\u00e7\u00e3o<\/strong>: No momento estamos atendendo apenas em Bras\u00edlia, em breve estaremos com postos de atendimento em outros estados.<\/p>\n<p>Para mais informa\u00e7\u00f5es entre em contato com o Agente de Registro da AR CNR:<br \/>\nAgente: Maykon Sullivan<br \/>\nTelefone: (61) 3963-1555<br \/>\nE-mail: arcnr@cnr.org.br<br \/>\nEndere\u00e7o: SRTVS Qd. 701 Lote 05, Bloco A, Sala 222, Centro Empresarial Bras\u00edlia<br \/>\nAsa Sul, Bras\u00edlia-DF, CEP 70.340-907[\/vc_column_text][vc_btn title=&#8221;Adquira j\u00e1 seu Certificado Digital!&#8221; align=&#8221;left&#8221; link=&#8221;url:https%3A%2F%2Fapi.whatsapp.com%2Fsend%2F%3Fphone%3D5561981010003||target:%20_blank|&#8221;][\/vc_column][\/vc_row][vc_row][vc_column][vc_column_text]<\/p>\n<p>[\/vc_column_text][\/vc_column][\/vc_row]<\/p>\n","protected":false},"excerpt":{"rendered":"<p>[vc_row][vc_column][vc_column_text] Certificados [\/vc_column_text][vc_column_text] Somos Autoridade de Registro da Certificadora Certisign, l\u00edder da Am\u00e9rica Latina e\u00a0especialista em Identifica\u00e7\u00e3o Digital. Com mais de 1.800 Locais de Atendimento por todo o Brasil, ao longo dos seus 21 anos, j\u00e1 emitiu mais de\u00a010 milh\u00f5es de Certificados Digitais, possui em seu portf\u00f3lio de clientes as companhias mais representativas do Pa\u00eds&#8230;<\/p>\n","protected":false},"author":1,"featured_media":0,"parent":0,"menu_order":0,"comment_status":"closed","ping_status":"closed","template":"","meta":{"_exactmetrics_skip_tracking":false,"_exactmetrics_sitenote_active":false,"_exactmetrics_sitenote_note":"","_exactmetrics_sitenote_category":0,"footnotes":""},"class_list":["post-9475","page","type-page","status-publish","hentry"],"_links":{"self":[{"href":"https:\/\/cnr.org.br\/site\/wp-json\/wp\/v2\/pages\/9475"}],"collection":[{"href":"https:\/\/cnr.org.br\/site\/wp-json\/wp\/v2\/pages"}],"about":[{"href":"https:\/\/cnr.org.br\/site\/wp-json\/wp\/v2\/types\/page"}],"author":[{"embeddable":true,"href":"https:\/\/cnr.org.br\/site\/wp-json\/wp\/v2\/users\/1"}],"replies":[{"embeddable":true,"href":"https:\/\/cnr.org.br\/site\/wp-json\/wp\/v2\/comments?post=9475"}],"version-history":[{"count":24,"href":"https:\/\/cnr.org.br\/site\/wp-json\/wp\/v2\/pages\/9475\/revisions"}],"predecessor-version":[{"id":87231,"href":"https:\/\/cnr.org.br\/site\/wp-json\/wp\/v2\/pages\/9475\/revisions\/87231"}],"wp:attachment":[{"href":"https:\/\/cnr.org.br\/site\/wp-json\/wp\/v2\/media?parent=9475"}],"curies":[{"name":"wp","href":"https:\/\/api.w.org\/{rel}","templated":true}]}}