{"id":948,"date":"2017-01-17T01:53:25","date_gmt":"2017-01-17T01:53:25","guid":{"rendered":"http:\/\/www.bsmtecnologia.tk\/cnr\/?page_id=948"},"modified":"2017-01-17T01:53:25","modified_gmt":"2017-01-17T01:53:25","slug":"objetivo","status":"publish","type":"page","link":"https:\/\/cnr.org.br\/site\/objetivo\/","title":{"rendered":"Objetivo"},"content":{"rendered":"<p>Tornar-se uma entidade cada vez mais representativa na defesa dos interesses dos Not\u00e1rios e Registradores, sendo reconhecida como instrumento efetivo de justi\u00e7a, equidade e organiza\u00e7\u00e3o social. Para isso, busca integrar as a\u00e7\u00f5es em todos os estados e trazer os sindicatos filiados para a luta por uma categoria forte e moderna.<\/p>\n","protected":false},"excerpt":{"rendered":"<p>Tornar-se uma entidade cada vez mais representativa na defesa dos interesses dos Not\u00e1rios e Registradores, sendo reconhecida como instrumento efetivo de justi\u00e7a, equidade e organiza\u00e7\u00e3o social. Para isso, busca integrar as a\u00e7\u00f5es em todos os estados e trazer os sindicatos filiados para a luta por uma categoria forte e moderna.<\/p>\n","protected":false},"author":1,"featured_media":0,"parent":0,"menu_order":0,"comment_status":"closed","ping_status":"closed","template":"","meta":{"_exactmetrics_skip_tracking":false,"_exactmetrics_sitenote_active":false,"_exactmetrics_sitenote_note":"","_exactmetrics_sitenote_category":0,"footnotes":""},"class_list":["post-948","page","type-page","status-publish","hentry"],"_links":{"self":[{"href":"https:\/\/cnr.org.br\/site\/wp-json\/wp\/v2\/pages\/948"}],"collection":[{"href":"https:\/\/cnr.org.br\/site\/wp-json\/wp\/v2\/pages"}],"about":[{"href":"https:\/\/cnr.org.br\/site\/wp-json\/wp\/v2\/types\/page"}],"author":[{"embeddable":true,"href":"https:\/\/cnr.org.br\/site\/wp-json\/wp\/v2\/users\/1"}],"replies":[{"embeddable":true,"href":"https:\/\/cnr.org.br\/site\/wp-json\/wp\/v2\/comments?post=948"}],"version-history":[{"count":1,"href":"https:\/\/cnr.org.br\/site\/wp-json\/wp\/v2\/pages\/948\/revisions"}],"predecessor-version":[{"id":949,"href":"https:\/\/cnr.org.br\/site\/wp-json\/wp\/v2\/pages\/948\/revisions\/949"}],"wp:attachment":[{"href":"https:\/\/cnr.org.br\/site\/wp-json\/wp\/v2\/media?parent=948"}],"curies":[{"name":"wp","href":"https:\/\/api.w.org\/{rel}","templated":true}]}}